{"id":36,"date":"2019-05-14T16:20:28","date_gmt":"2019-05-14T16:20:28","guid":{"rendered":"https:\/\/blogsaverroes.juntadeandalucia.es\/electroblog\/?page_id=36"},"modified":"2019-05-14T16:20:28","modified_gmt":"2019-05-14T16:20:28","slug":"glosario","status":"publish","type":"page","link":"https:\/\/blogsaverroes.juntadeandalucia.es\/electroblog\/glosario\/","title":{"rendered":"Glosario"},"content":{"rendered":"<p style=\"text-align: justify\">Esta secci\u00f3n muestra un glosario de t\u00e9rminos electr\u00f3nicos usados en el blog:<\/p>\n<ul>\n<li style=\"text-align: justify\"><strong>Amper\u00edmetro:<\/strong> Instrumento de medici\u00f3n utilizado para medir la corriente que atraviesa un dispositivo.<\/li>\n<li style=\"text-align: justify\"><strong>Amplificador operacional:<\/strong> Dispositivo que amplifica la se\u00f1al de entrada a la salida. Este dispositivo se caracteriza por su alta ganancia. Tiene dos entradas y una salida.<\/li>\n<li style=\"text-align: justify\"><strong>Amplitud:<\/strong> Valor pico de una onda. En ondas sim\u00e9tricas es el valor de la mitad del valor pico a pico.<\/li>\n<li style=\"text-align: justify\"><strong>Condensador o capacitor:<\/strong> Dispositivo capaz de almacenar energ\u00eda a trav\u00e9s de campos el\u00e9ctricos (uno positivo y uno negativo).<\/li>\n<li style=\"text-align: justify\"><strong>Diodo:<\/strong> Componente electr\u00f3nico que solo permite el flujo de la electricidad en un solo sentido.<\/li>\n<\/ul>\n","protected":false},"excerpt":{"rendered":"<p>Esta secci\u00f3n muestra un glosario de t\u00e9rminos electr\u00f3nicos usados en el blog: Amper\u00edmetro: Instrumento de medici\u00f3n utilizado para medir la corriente que atraviesa un dispositivo. Amplificador operacional: Dispositivo que amplifica la se\u00f1al de entrada&#46;&#46;&#46;<\/p>\n","protected":false},"author":7515,"featured_media":0,"parent":0,"menu_order":0,"comment_status":"closed","ping_status":"closed","template":"","meta":{"ngg_post_thumbnail":0,"footnotes":""},"aioseo_notices":[],"_links":{"self":[{"href":"https:\/\/blogsaverroes.juntadeandalucia.es\/electroblog\/wp-json\/wp\/v2\/pages\/36"}],"collection":[{"href":"https:\/\/blogsaverroes.juntadeandalucia.es\/electroblog\/wp-json\/wp\/v2\/pages"}],"about":[{"href":"https:\/\/blogsaverroes.juntadeandalucia.es\/electroblog\/wp-json\/wp\/v2\/types\/page"}],"author":[{"embeddable":true,"href":"https:\/\/blogsaverroes.juntadeandalucia.es\/electroblog\/wp-json\/wp\/v2\/users\/7515"}],"replies":[{"embeddable":true,"href":"https:\/\/blogsaverroes.juntadeandalucia.es\/electroblog\/wp-json\/wp\/v2\/comments?post=36"}],"version-history":[{"count":2,"href":"https:\/\/blogsaverroes.juntadeandalucia.es\/electroblog\/wp-json\/wp\/v2\/pages\/36\/revisions"}],"predecessor-version":[{"id":38,"href":"https:\/\/blogsaverroes.juntadeandalucia.es\/electroblog\/wp-json\/wp\/v2\/pages\/36\/revisions\/38"}],"wp:attachment":[{"href":"https:\/\/blogsaverroes.juntadeandalucia.es\/electroblog\/wp-json\/wp\/v2\/media?parent=36"}],"curies":[{"name":"wp","href":"https:\/\/api.w.org\/{rel}","templated":true}]}}