{"id":65,"date":"2019-05-17T13:06:31","date_gmt":"2019-05-17T13:06:31","guid":{"rendered":"https:\/\/blogsaverroes.juntadeandalucia.es\/electroblog\/?page_id=65"},"modified":"2019-05-17T13:06:31","modified_gmt":"2019-05-17T13:06:31","slug":"sobre-el-autor","status":"publish","type":"page","link":"https:\/\/blogsaverroes.juntadeandalucia.es\/electroblog\/sobre-el-autor\/","title":{"rendered":"Sobre el autor"},"content":{"rendered":"<p style=\"text-align: justify\">Cada persona tiene sus gustos y preferencias y, en mi caso, desde peque\u00f1o me ha gustado la ciencia y preguntarme el por <em>qu\u00e9<\/em> de las cosas. Debido a estas <em>inquietudes<\/em>, tambi\u00e9n era propenso a desarmar todo lo que ca\u00eda en mis manos, lo que no quiere decir que luego fuese capaz de volver a armarlo posteriormente&#8230;. #\u00bb%&amp;\u00b7<\/p>\n<p style=\"text-align: justify\">Supongo que mi <em>vena cient\u00edfica<\/em> ha sido acentuada por algunos programas que emit\u00edan en la televisi\u00f3n en mis <em>tiempos mozos<\/em>, como el <strong>Mundo de Beakman<\/strong>, un programa orientado a la ciencia pero de divulgaci\u00f3n. A continuaci\u00f3n os dejo con un episodio de este cient\u00edfico gran loco:<\/p>\n<p style=\"text-align: center\">&nbsp;<br \/>\n<iframe loading=\"lazy\" src=\"https:\/\/www.youtube.com\/embed\/XMHeyovhCO8\" width=\"664\" height=\"498\" frameborder=\"0\"><\/iframe><\/p>\n","protected":false},"excerpt":{"rendered":"<p>Cada persona tiene sus gustos y preferencias y, en mi caso, desde peque\u00f1o me ha gustado la ciencia y preguntarme el por qu\u00e9 de las cosas. Debido a estas inquietudes, tambi\u00e9n era propenso a&#46;&#46;&#46;<\/p>\n","protected":false},"author":7515,"featured_media":0,"parent":0,"menu_order":0,"comment_status":"closed","ping_status":"closed","template":"","meta":{"ngg_post_thumbnail":0,"footnotes":""},"aioseo_notices":[],"_links":{"self":[{"href":"https:\/\/blogsaverroes.juntadeandalucia.es\/electroblog\/wp-json\/wp\/v2\/pages\/65"}],"collection":[{"href":"https:\/\/blogsaverroes.juntadeandalucia.es\/electroblog\/wp-json\/wp\/v2\/pages"}],"about":[{"href":"https:\/\/blogsaverroes.juntadeandalucia.es\/electroblog\/wp-json\/wp\/v2\/types\/page"}],"author":[{"embeddable":true,"href":"https:\/\/blogsaverroes.juntadeandalucia.es\/electroblog\/wp-json\/wp\/v2\/users\/7515"}],"replies":[{"embeddable":true,"href":"https:\/\/blogsaverroes.juntadeandalucia.es\/electroblog\/wp-json\/wp\/v2\/comments?post=65"}],"version-history":[{"count":1,"href":"https:\/\/blogsaverroes.juntadeandalucia.es\/electroblog\/wp-json\/wp\/v2\/pages\/65\/revisions"}],"predecessor-version":[{"id":66,"href":"https:\/\/blogsaverroes.juntadeandalucia.es\/electroblog\/wp-json\/wp\/v2\/pages\/65\/revisions\/66"}],"wp:attachment":[{"href":"https:\/\/blogsaverroes.juntadeandalucia.es\/electroblog\/wp-json\/wp\/v2\/media?parent=65"}],"curies":[{"name":"wp","href":"https:\/\/api.w.org\/{rel}","templated":true}]}}