{"id":1000,"date":"2026-05-15T13:10:57","date_gmt":"2026-05-15T11:10:57","guid":{"rendered":"https:\/\/blogsaverroes.juntadeandalucia.es\/electronicamartinaldehuela\/?page_id=1000"},"modified":"2026-05-15T13:10:57","modified_gmt":"2026-05-15T11:10:57","slug":"solicitud-de-alumando-en-practicas","status":"publish","type":"page","link":"https:\/\/blogsaverroes.juntadeandalucia.es\/electronicamartinaldehuela\/solicitud-de-alumando-en-practicas\/","title":{"rendered":"SOLICITUD DE ALUMANDO EN PR\u00c1CTICAS"},"content":{"rendered":"<p>&nbsp; &nbsp;<img loading=\"lazy\" decoding=\"async\" class=\"alignnone size-medium wp-image-52\" src=\"https:\/\/blogsaverroes.juntadeandalucia.es\/electronicamartinaldehuela\/files\/2020\/04\/cropped-Anagrma_Blog_Dpto_Elect-e1588783783515-300x96.png\" alt=\"\" width=\"300\" height=\"96\" srcset=\"https:\/\/blogsaverroes.juntadeandalucia.es\/electronicamartinaldehuela\/files\/2020\/04\/cropped-Anagrma_Blog_Dpto_Elect-e1588783783515-300x96.png 300w, https:\/\/blogsaverroes.juntadeandalucia.es\/electronicamartinaldehuela\/files\/2020\/04\/cropped-Anagrma_Blog_Dpto_Elect-e1588783783515-768x245.png 768w, https:\/\/blogsaverroes.juntadeandalucia.es\/electronicamartinaldehuela\/files\/2020\/04\/cropped-Anagrma_Blog_Dpto_Elect-e1588783783515-24x8.png 24w, https:\/\/blogsaverroes.juntadeandalucia.es\/electronicamartinaldehuela\/files\/2020\/04\/cropped-Anagrma_Blog_Dpto_Elect-e1588783783515-36x11.png 36w, https:\/\/blogsaverroes.juntadeandalucia.es\/electronicamartinaldehuela\/files\/2020\/04\/cropped-Anagrma_Blog_Dpto_Elect-e1588783783515-48x15.png 48w, https:\/\/blogsaverroes.juntadeandalucia.es\/electronicamartinaldehuela\/files\/2020\/04\/cropped-Anagrma_Blog_Dpto_Elect-e1588783783515.png 785w\" sizes=\"(max-width: 300px) 100vw, 300px\" \/>&nbsp; &nbsp; &nbsp; &nbsp; &nbsp; &nbsp; &nbsp; &nbsp; &nbsp; &nbsp; &nbsp; &nbsp; &nbsp; &nbsp; &nbsp; &nbsp; &nbsp; &nbsp; &nbsp; &nbsp; &nbsp; &nbsp; &nbsp; &nbsp; &nbsp; &nbsp; &nbsp; &nbsp; &nbsp; &nbsp; &nbsp; &nbsp; &nbsp; &nbsp; &nbsp; &nbsp; &nbsp; &nbsp; &nbsp; &nbsp; &nbsp;&nbsp;<\/p>\n<p><strong>\u00bfDESEA SOLICITAR ALUMNOS EN PR\u00c1CTICAS DE LA FAMILIA PROFESIONAL DE ELECTRICIDAD-ELECTR\u00d3NICA?<\/strong><\/p>\n<p>Si su empresa est\u00e1 interesada en tener alumnos en pr\u00e1cticas de alguno de nuestros ciclos de la familia profesional de Electricidad- Electr\u00f3nica, por favor, rellene el siguiente cuestionario de solicitud:<\/p>\n<p>&nbsp;<\/p>\n<p><strong>LA FORMACI\u00d3N EN EMPRESA<\/strong><\/p>\n<p>La fase de Formaci\u00f3n en Empresa u Organismo Equiparado (FFEOE) se desarrolla en cada uno de los cursos que componen los ciclos de grado D y no exclusivamente al final del ciclo formativo, como suced\u00eda anteriormente con el m\u00f3dulo de Formaci\u00f3n en Centros de Trabajo (FCT). En este per\u00edodo, el alumnado aplicar\u00e1 los resultados de aprendizaje de distintos m\u00f3dulos profesionales en un entorno real de trabajo.<\/p>\n<p><span style=\"color: #0000ff\"><strong><span style=\"font-size: 10pt\">(M\u00e1s informaci\u00f3n: https:\/\/www.juntadeandalucia.es\/educacion\/portales\/web\/formacion-profesional-andaluza\/formacion-en-empresa)<\/span><\/strong><\/span><\/p>\n<p>&nbsp;<\/p>\n","protected":false},"excerpt":{"rendered":"<p>&nbsp; &nbsp;&nbsp; &nbsp; &nbsp; &nbsp; &nbsp; &nbsp; &nbsp; &nbsp; &nbsp; &nbsp; &nbsp; &nbsp; &nbsp; &nbsp; &nbsp; &nbsp; &nbsp; &nbsp; &nbsp; &nbsp; &nbsp; &nbsp; &nbsp; &nbsp; &nbsp; &nbsp; &nbsp; &nbsp; &nbsp; &nbsp; &nbsp; &nbsp; &nbsp;&#46;&#46;&#46;<\/p>\n","protected":false},"author":8603,"featured_media":0,"parent":0,"menu_order":0,"comment_status":"closed","ping_status":"closed","template":"","meta":{"ngg_post_thumbnail":0,"footnotes":""},"aioseo_notices":[],"_links":{"self":[{"href":"https:\/\/blogsaverroes.juntadeandalucia.es\/electronicamartinaldehuela\/wp-json\/wp\/v2\/pages\/1000"}],"collection":[{"href":"https:\/\/blogsaverroes.juntadeandalucia.es\/electronicamartinaldehuela\/wp-json\/wp\/v2\/pages"}],"about":[{"href":"https:\/\/blogsaverroes.juntadeandalucia.es\/electronicamartinaldehuela\/wp-json\/wp\/v2\/types\/page"}],"author":[{"embeddable":true,"href":"https:\/\/blogsaverroes.juntadeandalucia.es\/electronicamartinaldehuela\/wp-json\/wp\/v2\/users\/8603"}],"replies":[{"embeddable":true,"href":"https:\/\/blogsaverroes.juntadeandalucia.es\/electronicamartinaldehuela\/wp-json\/wp\/v2\/comments?post=1000"}],"version-history":[{"count":1,"href":"https:\/\/blogsaverroes.juntadeandalucia.es\/electronicamartinaldehuela\/wp-json\/wp\/v2\/pages\/1000\/revisions"}],"predecessor-version":[{"id":1001,"href":"https:\/\/blogsaverroes.juntadeandalucia.es\/electronicamartinaldehuela\/wp-json\/wp\/v2\/pages\/1000\/revisions\/1001"}],"wp:attachment":[{"href":"https:\/\/blogsaverroes.juntadeandalucia.es\/electronicamartinaldehuela\/wp-json\/wp\/v2\/media?parent=1000"}],"curies":[{"name":"wp","href":"https:\/\/api.w.org\/{rel}","templated":true}]}}