{"id":138,"date":"2020-05-27T12:31:18","date_gmt":"2020-05-27T10:31:18","guid":{"rendered":"https:\/\/blogsaverroes.juntadeandalucia.es\/electronicamartinaldehuela\/?page_id=138"},"modified":"2023-03-21T13:39:35","modified_gmt":"2023-03-21T12:39:35","slug":"titulaciones-que-impartimos","status":"publish","type":"page","link":"https:\/\/blogsaverroes.juntadeandalucia.es\/electronicamartinaldehuela\/titulaciones-que-impartimos\/","title":{"rendered":"Titulaciones que impartimos"},"content":{"rendered":"<p><img loading=\"lazy\" decoding=\"async\" class=\"alignnone wp-image-11\" src=\"https:\/\/blogsaverroes.juntadeandalucia.es\/electronicamartinaldehuela\/files\/2020\/04\/Anagrama_Dpto_Elect-300x146.jpg\" alt=\"\" width=\"201\" height=\"98\" srcset=\"https:\/\/blogsaverroes.juntadeandalucia.es\/electronicamartinaldehuela\/files\/2020\/04\/Anagrama_Dpto_Elect-300x146.jpg 300w, https:\/\/blogsaverroes.juntadeandalucia.es\/electronicamartinaldehuela\/files\/2020\/04\/Anagrama_Dpto_Elect-24x12.jpg 24w, https:\/\/blogsaverroes.juntadeandalucia.es\/electronicamartinaldehuela\/files\/2020\/04\/Anagrama_Dpto_Elect-36x17.jpg 36w, https:\/\/blogsaverroes.juntadeandalucia.es\/electronicamartinaldehuela\/files\/2020\/04\/Anagrama_Dpto_Elect-48x23.jpg 48w, https:\/\/blogsaverroes.juntadeandalucia.es\/electronicamartinaldehuela\/files\/2020\/04\/Anagrama_Dpto_Elect.jpg 647w\" sizes=\"(max-width: 201px) 100vw, 201px\" \/><\/p>\n<div dir=\"ltr\"><span style=\"font-size: large\"><span style=\"font-size: large\"><span style=\"font-size: 18pt;color: #ff0000\"><b><u>T\u00e9cnico B\u00e1sico en Electricidad y Electr\u00f3nica<\/u>:<\/b><\/span><br \/>\n<strong>Realiza operaciones auxiliares en el montaje y mantenimiento de elementos y equipos el\u00e9ctricos y electr\u00f3nicos, as\u00ed como en instalaciones electrot\u00e9cnicas y de telecomunicaciones para edificios y conjuntos de edificios.<\/strong><\/span><\/span><\/div>\n<div dir=\"ltr\"><a href=\"https:\/\/www.juntadeandalucia.es\/educacion\/portals\/web\/formacion-profesional-andaluza\/fp-basica\/detalle-titulo?idTitulo=145\"><img loading=\"lazy\" decoding=\"async\" class=\"alignnone wp-image-137\" src=\"https:\/\/blogsaverroes.juntadeandalucia.es\/electronicamartinaldehuela\/files\/2020\/05\/FPA-300x85.png\" alt=\"\" width=\"201\" height=\"57\" srcset=\"https:\/\/blogsaverroes.juntadeandalucia.es\/electronicamartinaldehuela\/files\/2020\/05\/FPA-300x85.png 300w, https:\/\/blogsaverroes.juntadeandalucia.es\/electronicamartinaldehuela\/files\/2020\/05\/FPA-320x92.png 320w, https:\/\/blogsaverroes.juntadeandalucia.es\/electronicamartinaldehuela\/files\/2020\/05\/FPA-24x7.png 24w, https:\/\/blogsaverroes.juntadeandalucia.es\/electronicamartinaldehuela\/files\/2020\/05\/FPA-36x10.png 36w, https:\/\/blogsaverroes.juntadeandalucia.es\/electronicamartinaldehuela\/files\/2020\/05\/FPA-48x14.png 48w, https:\/\/blogsaverroes.juntadeandalucia.es\/electronicamartinaldehuela\/files\/2020\/05\/FPA.png 326w\" sizes=\"(max-width: 201px) 100vw, 201px\" \/><\/a>&nbsp; &nbsp; &nbsp; &nbsp; <img loading=\"lazy\" decoding=\"async\" class=\"alignnone  wp-image-615\" src=\"https:\/\/blogsaverroes.juntadeandalucia.es\/electronicamartinaldehuela\/files\/2023\/03\/Mano_Se\u00f1alando-300x300.png\" alt=\"\" width=\"41\" height=\"41\" srcset=\"https:\/\/blogsaverroes.juntadeandalucia.es\/electronicamartinaldehuela\/files\/2023\/03\/Mano_Se\u00f1alando-300x300.png 300w, https:\/\/blogsaverroes.juntadeandalucia.es\/electronicamartinaldehuela\/files\/2023\/03\/Mano_Se\u00f1alando-150x150.png 150w, https:\/\/blogsaverroes.juntadeandalucia.es\/electronicamartinaldehuela\/files\/2023\/03\/Mano_Se\u00f1alando-80x80.png 80w, https:\/\/blogsaverroes.juntadeandalucia.es\/electronicamartinaldehuela\/files\/2023\/03\/Mano_Se\u00f1alando-320x320.png 320w, https:\/\/blogsaverroes.juntadeandalucia.es\/electronicamartinaldehuela\/files\/2023\/03\/Mano_Se\u00f1alando.png 512w\" sizes=\"(max-width: 41px) 100vw, 41px\" \/> <strong><span style=\"color: #ff0000\">\u00a1PINCHE EN EL ENLACE PARA M\u00c1S INFORMACI\u00d3N!<\/span><\/strong><\/div>\n<div dir=\"ltr\">&nbsp;<\/div>\n<div dir=\"ltr\"><span style=\"font-size: 18pt;color: #ff0000\"><b><u>T\u00e9cnico en Instalaciones de Telecomunicaciones<\/u>:<\/b><\/span><br \/>\n<strong>Monta y mantiene instalaciones de telecomunicaciones y audiovisuales, instalaciones de radiocomunicaciones, circuitos cerrados de TV, seguridad electr\u00f3nica e instalaciones dom\u00f3ticas.<\/strong><\/div>\n<div dir=\"ltr\"><a href=\"https:\/\/www.juntadeandalucia.es\/educacion\/portals\/web\/formacion-profesional-andaluza\/fp-grado-medio\/detalle-titulo?idTitulo=42\"><img loading=\"lazy\" decoding=\"async\" class=\"alignnone wp-image-137\" src=\"https:\/\/blogsaverroes.juntadeandalucia.es\/electronicamartinaldehuela\/files\/2020\/05\/FPA-300x85.png\" alt=\"\" width=\"194\" height=\"55\" srcset=\"https:\/\/blogsaverroes.juntadeandalucia.es\/electronicamartinaldehuela\/files\/2020\/05\/FPA-300x85.png 300w, https:\/\/blogsaverroes.juntadeandalucia.es\/electronicamartinaldehuela\/files\/2020\/05\/FPA-320x92.png 320w, https:\/\/blogsaverroes.juntadeandalucia.es\/electronicamartinaldehuela\/files\/2020\/05\/FPA-24x7.png 24w, https:\/\/blogsaverroes.juntadeandalucia.es\/electronicamartinaldehuela\/files\/2020\/05\/FPA-36x10.png 36w, https:\/\/blogsaverroes.juntadeandalucia.es\/electronicamartinaldehuela\/files\/2020\/05\/FPA-48x14.png 48w, https:\/\/blogsaverroes.juntadeandalucia.es\/electronicamartinaldehuela\/files\/2020\/05\/FPA.png 326w\" sizes=\"(max-width: 194px) 100vw, 194px\" \/><\/a>&nbsp; &nbsp; &nbsp; &nbsp; &nbsp;&nbsp;&nbsp;<img loading=\"lazy\" decoding=\"async\" class=\"alignnone  wp-image-615\" src=\"https:\/\/blogsaverroes.juntadeandalucia.es\/electronicamartinaldehuela\/files\/2023\/03\/Mano_Se\u00f1alando-300x300.png\" alt=\"\" width=\"41\" height=\"41\" srcset=\"https:\/\/blogsaverroes.juntadeandalucia.es\/electronicamartinaldehuela\/files\/2023\/03\/Mano_Se\u00f1alando-300x300.png 300w, https:\/\/blogsaverroes.juntadeandalucia.es\/electronicamartinaldehuela\/files\/2023\/03\/Mano_Se\u00f1alando-150x150.png 150w, https:\/\/blogsaverroes.juntadeandalucia.es\/electronicamartinaldehuela\/files\/2023\/03\/Mano_Se\u00f1alando-80x80.png 80w, https:\/\/blogsaverroes.juntadeandalucia.es\/electronicamartinaldehuela\/files\/2023\/03\/Mano_Se\u00f1alando-320x320.png 320w, https:\/\/blogsaverroes.juntadeandalucia.es\/electronicamartinaldehuela\/files\/2023\/03\/Mano_Se\u00f1alando.png 512w\" sizes=\"(max-width: 41px) 100vw, 41px\" \/> <strong><span style=\"color: #ff0000\">\u00a1PINCHE EN EL ENLACE PARA M\u00c1S INFORMACI\u00d3N!<\/span><\/strong>&nbsp; &nbsp;<\/div>\n<div dir=\"ltr\">&nbsp;<\/div>\n<div dir=\"ltr\"><span style=\"font-size: 18pt;color: #ff0000\"><b><u>T\u00e9cnico Superior en Sistemas de Telecomunicaciones e Inform\u00e1ticos (en la modalidad de FP Dual)<\/u>:<\/b><\/span><br \/>\n<strong>Desarrolla proyectos, as\u00ed como gestiona y supervisa el montaje y mantenimiento de las infraestructuras comunes de telecomunicaciones y de sistemas y equipos de telecomunicaciones tales como redes de banda ancha y de radiocomunicaciones fijas y m\u00f3viles, sistemas telem\u00e1ticos, de producci\u00f3n audiovisual y de transmisi\u00f3n.<\/strong><\/div>\n<div dir=\"ltr\"><a href=\"https:\/\/www.juntadeandalucia.es\/educacion\/portals\/web\/formacion-profesional-andaluza\/fp-grado-superior\/detalle-titulo?idTitulo=85\"><img loading=\"lazy\" decoding=\"async\" class=\"alignnone wp-image-137\" src=\"https:\/\/blogsaverroes.juntadeandalucia.es\/electronicamartinaldehuela\/files\/2020\/05\/FPA-300x85.png\" alt=\"\" width=\"198\" height=\"56\" srcset=\"https:\/\/blogsaverroes.juntadeandalucia.es\/electronicamartinaldehuela\/files\/2020\/05\/FPA-300x85.png 300w, https:\/\/blogsaverroes.juntadeandalucia.es\/electronicamartinaldehuela\/files\/2020\/05\/FPA-320x92.png 320w, https:\/\/blogsaverroes.juntadeandalucia.es\/electronicamartinaldehuela\/files\/2020\/05\/FPA-24x7.png 24w, https:\/\/blogsaverroes.juntadeandalucia.es\/electronicamartinaldehuela\/files\/2020\/05\/FPA-36x10.png 36w, https:\/\/blogsaverroes.juntadeandalucia.es\/electronicamartinaldehuela\/files\/2020\/05\/FPA-48x14.png 48w, https:\/\/blogsaverroes.juntadeandalucia.es\/electronicamartinaldehuela\/files\/2020\/05\/FPA.png 326w\" sizes=\"(max-width: 198px) 100vw, 198px\" \/><\/a>&nbsp; &nbsp; &nbsp; &nbsp; &nbsp; <img loading=\"lazy\" decoding=\"async\" class=\"alignnone  wp-image-615\" src=\"https:\/\/blogsaverroes.juntadeandalucia.es\/electronicamartinaldehuela\/files\/2023\/03\/Mano_Se\u00f1alando-300x300.png\" alt=\"\" width=\"41\" height=\"41\" srcset=\"https:\/\/blogsaverroes.juntadeandalucia.es\/electronicamartinaldehuela\/files\/2023\/03\/Mano_Se\u00f1alando-300x300.png 300w, https:\/\/blogsaverroes.juntadeandalucia.es\/electronicamartinaldehuela\/files\/2023\/03\/Mano_Se\u00f1alando-150x150.png 150w, https:\/\/blogsaverroes.juntadeandalucia.es\/electronicamartinaldehuela\/files\/2023\/03\/Mano_Se\u00f1alando-80x80.png 80w, https:\/\/blogsaverroes.juntadeandalucia.es\/electronicamartinaldehuela\/files\/2023\/03\/Mano_Se\u00f1alando-320x320.png 320w, https:\/\/blogsaverroes.juntadeandalucia.es\/electronicamartinaldehuela\/files\/2023\/03\/Mano_Se\u00f1alando.png 512w\" sizes=\"(max-width: 41px) 100vw, 41px\" \/> <strong><span style=\"color: #ff0000\">\u00a1PINCHE EN EL ENLACE PARA M\u00c1S INFORMACI\u00d3N!<\/span><\/strong><\/div>\n<div dir=\"ltr\">&nbsp;<\/div>\n<div><strong><span style=\"font-size: large\">Adem\u00e1s, en las dos \u00faltimas titulaciones, el alumnado puede obtener voluntariamente la <u>Certificaci\u00f3n Cisco CCNA<\/u>.<br \/>\n<\/span><\/strong><\/div>\n<div>&nbsp;<\/div>\n<div>&nbsp;<\/div>\n<div><span style=\"font-size: 14pt\"><strong>Para m\u00e1s informaci\u00f3n:<\/strong>&nbsp;&nbsp;&nbsp;<\/span>&nbsp;&nbsp;&nbsp;&nbsp;&nbsp;&nbsp;&nbsp;&nbsp;&nbsp;&nbsp;&nbsp;<\/div>\n<div>&nbsp;&nbsp;&nbsp;&nbsp;&nbsp;&nbsp;&nbsp;&nbsp;&nbsp;&nbsp;&nbsp;&nbsp;&nbsp;&nbsp;&nbsp;&nbsp;&nbsp;&nbsp;&nbsp;&nbsp;&nbsp;&nbsp;&nbsp;&nbsp;&nbsp;&nbsp;&nbsp;&nbsp;&nbsp;&nbsp;&nbsp;&nbsp;&nbsp;&nbsp;&nbsp;&nbsp;&nbsp;&nbsp;&nbsp;&nbsp;&nbsp;&nbsp;&nbsp;&nbsp;&nbsp;&nbsp;&nbsp;&nbsp;&nbsp;&nbsp;&nbsp;&nbsp;&nbsp;&nbsp;&nbsp;&nbsp;&nbsp;&nbsp;&nbsp;&nbsp;&nbsp;&nbsp; <a href=\"https:\/\/www.juntadeandalucia.es\/educacion\/portals\/web\/formacion-profesional-andaluza\"><img loading=\"lazy\" decoding=\"async\" class=\"alignnone wp-image-137\" src=\"https:\/\/blogsaverroes.juntadeandalucia.es\/electronicamartinaldehuela\/files\/2020\/05\/FPA-300x85.png\" alt=\"\" width=\"176\" height=\"50\" srcset=\"https:\/\/blogsaverroes.juntadeandalucia.es\/electronicamartinaldehuela\/files\/2020\/05\/FPA-300x85.png 300w, https:\/\/blogsaverroes.juntadeandalucia.es\/electronicamartinaldehuela\/files\/2020\/05\/FPA-320x92.png 320w, https:\/\/blogsaverroes.juntadeandalucia.es\/electronicamartinaldehuela\/files\/2020\/05\/FPA-24x7.png 24w, https:\/\/blogsaverroes.juntadeandalucia.es\/electronicamartinaldehuela\/files\/2020\/05\/FPA-36x10.png 36w, https:\/\/blogsaverroes.juntadeandalucia.es\/electronicamartinaldehuela\/files\/2020\/05\/FPA-48x14.png 48w, https:\/\/blogsaverroes.juntadeandalucia.es\/electronicamartinaldehuela\/files\/2020\/05\/FPA.png 326w\" sizes=\"(max-width: 176px) 100vw, 176px\" \/><\/a><\/div>\n","protected":false},"excerpt":{"rendered":"<p>T\u00e9cnico B\u00e1sico en Electricidad y Electr\u00f3nica: Realiza operaciones auxiliares en el montaje y mantenimiento de elementos y equipos el\u00e9ctricos y electr\u00f3nicos, as\u00ed como en instalaciones electrot\u00e9cnicas y de telecomunicaciones para edificios y conjuntos de&#46;&#46;&#46;<\/p>\n","protected":false},"author":8603,"featured_media":0,"parent":0,"menu_order":0,"comment_status":"closed","ping_status":"closed","template":"","meta":{"ngg_post_thumbnail":0,"footnotes":""},"aioseo_notices":[],"_links":{"self":[{"href":"https:\/\/blogsaverroes.juntadeandalucia.es\/electronicamartinaldehuela\/wp-json\/wp\/v2\/pages\/138"}],"collection":[{"href":"https:\/\/blogsaverroes.juntadeandalucia.es\/electronicamartinaldehuela\/wp-json\/wp\/v2\/pages"}],"about":[{"href":"https:\/\/blogsaverroes.juntadeandalucia.es\/electronicamartinaldehuela\/wp-json\/wp\/v2\/types\/page"}],"author":[{"embeddable":true,"href":"https:\/\/blogsaverroes.juntadeandalucia.es\/electronicamartinaldehuela\/wp-json\/wp\/v2\/users\/8603"}],"replies":[{"embeddable":true,"href":"https:\/\/blogsaverroes.juntadeandalucia.es\/electronicamartinaldehuela\/wp-json\/wp\/v2\/comments?post=138"}],"version-history":[{"count":10,"href":"https:\/\/blogsaverroes.juntadeandalucia.es\/electronicamartinaldehuela\/wp-json\/wp\/v2\/pages\/138\/revisions"}],"predecessor-version":[{"id":616,"href":"https:\/\/blogsaverroes.juntadeandalucia.es\/electronicamartinaldehuela\/wp-json\/wp\/v2\/pages\/138\/revisions\/616"}],"wp:attachment":[{"href":"https:\/\/blogsaverroes.juntadeandalucia.es\/electronicamartinaldehuela\/wp-json\/wp\/v2\/media?parent=138"}],"curies":[{"name":"wp","href":"https:\/\/api.w.org\/{rel}","templated":true}]}}