{"id":148,"date":"2020-05-28T18:12:15","date_gmt":"2020-05-28T16:12:15","guid":{"rendered":"https:\/\/blogsaverroes.juntadeandalucia.es\/electronicamartinaldehuela\/?page_id=148"},"modified":"2023-10-16T12:31:49","modified_gmt":"2023-10-16T10:31:49","slug":"fp-dual","status":"publish","type":"page","link":"https:\/\/blogsaverroes.juntadeandalucia.es\/electronicamartinaldehuela\/fp-dual\/","title":{"rendered":"FP-DUAL"},"content":{"rendered":"<p><img loading=\"lazy\" decoding=\"async\" class=\"alignnone wp-image-11\" src=\"https:\/\/blogsaverroes.juntadeandalucia.es\/electronicamartinaldehuela\/files\/2020\/04\/Anagrama_Dpto_Elect-300x146.jpg\" alt=\"\" width=\"173\" height=\"84\" srcset=\"https:\/\/blogsaverroes.juntadeandalucia.es\/electronicamartinaldehuela\/files\/2020\/04\/Anagrama_Dpto_Elect-300x146.jpg 300w, https:\/\/blogsaverroes.juntadeandalucia.es\/electronicamartinaldehuela\/files\/2020\/04\/Anagrama_Dpto_Elect-24x12.jpg 24w, https:\/\/blogsaverroes.juntadeandalucia.es\/electronicamartinaldehuela\/files\/2020\/04\/Anagrama_Dpto_Elect-36x17.jpg 36w, https:\/\/blogsaverroes.juntadeandalucia.es\/electronicamartinaldehuela\/files\/2020\/04\/Anagrama_Dpto_Elect-48x23.jpg 48w, https:\/\/blogsaverroes.juntadeandalucia.es\/electronicamartinaldehuela\/files\/2020\/04\/Anagrama_Dpto_Elect.jpg 647w\" sizes=\"(max-width: 173px) 100vw, 173px\" \/><\/p>\n<h1><img loading=\"lazy\" decoding=\"async\" class=\"wp-image-188 aligncenter\" src=\"https:\/\/blogsaverroes.juntadeandalucia.es\/electronicamartinaldehuela\/files\/2020\/06\/FP-DUAL-300x74.png\" alt=\"\" width=\"652\" height=\"161\" srcset=\"https:\/\/blogsaverroes.juntadeandalucia.es\/electronicamartinaldehuela\/files\/2020\/06\/FP-DUAL-300x74.png 300w, https:\/\/blogsaverroes.juntadeandalucia.es\/electronicamartinaldehuela\/files\/2020\/06\/FP-DUAL-24x6.png 24w, https:\/\/blogsaverroes.juntadeandalucia.es\/electronicamartinaldehuela\/files\/2020\/06\/FP-DUAL-36x9.png 36w, https:\/\/blogsaverroes.juntadeandalucia.es\/electronicamartinaldehuela\/files\/2020\/06\/FP-DUAL-48x12.png 48w, https:\/\/blogsaverroes.juntadeandalucia.es\/electronicamartinaldehuela\/files\/2020\/06\/FP-DUAL-600x149.png 600w, https:\/\/blogsaverroes.juntadeandalucia.es\/electronicamartinaldehuela\/files\/2020\/06\/FP-DUAL.png 602w\" sizes=\"(max-width: 652px) 100vw, 652px\" \/><\/h1>\n<h1 class=\"western\"><span style=\"font-family: Arial, sans-serif;color: #3366ff\">\u00bfQu\u00e9 es la Formaci\u00f3n Profesional Dual?<\/span><\/h1>\n<p class=\"western\"><span style=\"font-family: Arial, sans-serif\">Es una nueva modalidad de Formaci\u00f3n Profesional que combina la formaci\u00f3n acad\u00e9mica en los centros educativos, con la formaci\u00f3n pr\u00e1ctica en las empresas o centros de trabajo. Con esta modalidad de FP se persigue una mayor interrelaci\u00f3n entre el mundo educativo y el laboral de manera que el flujo de alumnado de FP hacia las empresas se incremente y, de esa manera, aumentar el nivel de inserci\u00f3n laboral del alumnado. <\/span><\/p>\n<h1 class=\"western\"><span style=\"font-family: Arial, sans-serif;color: #3366ff\">La Formaci\u00f3n Profesional Dual en nuestro centro educativo.<\/span><\/h1>\n<p class=\"western\"><span style=\"color: #3366ff\"><span style=\"font-family: Cambria, serif\"><span style=\"font-size: medium\"><b><span style=\"font-family: Arial, sans-serif\">Historia:<\/span><\/b><\/span><\/span><\/span><\/p>\n<p class=\"western\"><span style=\"font-family: Arial, sans-serif\">Nuestra andadura en la FP Dual comenz\u00f3 el a\u00f1o 2015, desarrollando un Proyecto para el CFGS (Ciclo Formativo de Grado Superior) de \u201c<\/span><span style=\"font-family: Arial, sans-serif\"><i>Sistemas de Telecomunicaciones e Inform\u00e1ticos<\/i><\/span><span style=\"font-family: Arial, sans-serif\">\u201d, dirigido a una parte del grupo (6 alumnos en primero y 6 alumnos en segundo) que son seleccionados al finalizar la primera evaluaci\u00f3n del primer curso, Hemos sido pioneros en Andaluc\u00eda en el desarrollo de esta modalidad de ense\u00f1anza en nuestro CFGS y en nuestra familia profesional que, por su amplio curr\u00edculum, represent\u00f3 un gran reto para su puesta en marcha, al tener que buscar empresas colaboradoras de los distintos subsectores que abarcan nuestras ense\u00f1anzas. Hoy en d\u00eda somos ya cuatro los centros en Andaluc\u00eda que estamos desarrollando un Proyecto de FP Dual en nuestro CFGS.<\/span><\/p>\n<p class=\"western\"><span style=\"font-family: Arial, sans-serif\">Estas empresas han ido cambiando y, desde el a\u00f1o 2018, gracias al apoyo de la Alianza por la FP Dual (Fundaci\u00f3n Bertelsmann), algunas de nuestras empresas colaboradoras pertenecen al Parque Tecnol\u00f3gico de Andaluc\u00eda, donde nuestros alumnos trabajan con tecnolog\u00edas muy punteras.<\/span><\/p>\n<h2 class=\"western\"><span style=\"font-family: Arial, sans-serif;color: #3366ff\">Desarrollo:<\/span><\/h2>\n<p class=\"western\"><span style=\"font-family: Arial, sans-serif\">En la actualidad seguimos colaborando con un grupo de empresas mixtas tanto del PTA como del entorno de la ciudad de M\u00e1laga, de tal manera que la formaci\u00f3n en alternancia entre el Instituto y las empresas se desarrolla durante los dos cursos acad\u00e9micos. En primer curso, comienza a partir del segundo trimestre y se desarrolla hasta el final del tercer trimestre; y, en el segundo curso, comienza en el mes de octubre y se desarrolla hasta el final del segundo trimestre. En este \u00faltimo momento, el alumnado que haya superado todos los m\u00f3dulos profesionales, podr\u00e1 realizar tambi\u00e9n el m\u00f3dulo de FCT (Formaci\u00f3n en Centros de Trabajo) como el resto del alumnado que no haya participado en Proyecto de FP Dual. Preferentemente, los alumnos de la FP Dual realizan la FCT en las mismas empresas colaboradoras del Proyecto en las que se han estado formando antes, por lo que sus pr\u00e1cticas son mucho m\u00e1s exitosas.<\/span><\/p>\n<p class=\"western\"><span style=\"font-family: Arial, sans-serif\">Por las caracter\u00edsticas de nuestro CFGS, que abarca un amplio espectro de subsectores del campo de las telecomunicaciones y de la inform\u00e1tica, hemos estructurado un sistema de rotaciones por empresas de los distintos subsectores indicados anteriormente, tanto en primero como en segundo curso. De esta manera el alumnado de primero rota, durante tres periodos consecutivos, por empresas de los subsectores de la telefon\u00eda y datos, instalaci\u00f3n y mantenimiento de redes de ICT, control de acceso y seguridad electr\u00f3nica, e inform\u00e1tica y redes locales de datos. En segundo curso, los alumnos rotan igualmente durante tres periodos consecutivos por empresas de los subsectores de elaboraci\u00f3n de proyectos t\u00e9cnicos de telecomunicaciones, radiocomunicaciones y redes telem\u00e1ticas. <\/span><\/p>\n<p class=\"western\"><span style=\"font-family: Arial, sans-serif\">Gracias a estas rotaciones nuestros alumnos reciben una formaci\u00f3n pr\u00e1ctica que abarca pr\u00e1cticamente todas las \u00e1reas de su curr\u00edculum. Adem\u00e1s, les permite conocer de primera mano el entorno socio-laboral en el que se podr\u00e1n desenvolver una vez hayan concluido el ciclo formativo.<\/span><\/p>\n<p><!--nextpage--><\/p>\n<h2 class=\"western\"><span style=\"font-family: Arial, sans-serif;color: #3366ff;font-size: 24pt\">Empresas colaboradoras:<\/span><\/h2>\n<table style=\"height: 381px;width: 63.7245%\">\n<tbody>\n<tr style=\"height: 47px\">\n<td style=\"width: 25.1029%;height: 47px\"><img loading=\"lazy\" decoding=\"async\" class=\"alignnone size-medium wp-image-190\" src=\"https:\/\/blogsaverroes.juntadeandalucia.es\/electronicamartinaldehuela\/files\/2020\/06\/Cotronic-300x73.png\" alt=\"\" width=\"300\" height=\"73\" srcset=\"https:\/\/blogsaverroes.juntadeandalucia.es\/electronicamartinaldehuela\/files\/2020\/06\/Cotronic-300x73.png 300w, https:\/\/blogsaverroes.juntadeandalucia.es\/electronicamartinaldehuela\/files\/2020\/06\/Cotronic-24x6.png 24w, https:\/\/blogsaverroes.juntadeandalucia.es\/electronicamartinaldehuela\/files\/2020\/06\/Cotronic-36x9.png 36w, https:\/\/blogsaverroes.juntadeandalucia.es\/electronicamartinaldehuela\/files\/2020\/06\/Cotronic-48x12.png 48w, https:\/\/blogsaverroes.juntadeandalucia.es\/electronicamartinaldehuela\/files\/2020\/06\/Cotronic.png 335w\" sizes=\"(max-width: 300px) 100vw, 300px\" \/><\/td>\n<td style=\"width: 74.0874%;height: 47px;text-align: left\">\n<p class=\"western\"><span style=\"font-family: Arial, sans-serif\">Empresa de telefon\u00eda que es una de las mayores instaladoras&nbsp;<\/span><span style=\"font-family: Arial, sans-serif\"> de Movistar en M\u00e1laga, donde nuestros alumnos acuden en primer curso.<\/span><\/p>\n<\/td>\n<\/tr>\n<tr style=\"height: 52.3334px\">\n<td style=\"width: 25.1029%;height: 52px\"><img loading=\"lazy\" decoding=\"async\" class=\"alignnone size-full wp-image-191\" src=\"https:\/\/blogsaverroes.juntadeandalucia.es\/electronicamartinaldehuela\/files\/2020\/06\/Servihogar.png\" alt=\"\" width=\"222\" height=\"199\" srcset=\"https:\/\/blogsaverroes.juntadeandalucia.es\/electronicamartinaldehuela\/files\/2020\/06\/Servihogar.png 222w, https:\/\/blogsaverroes.juntadeandalucia.es\/electronicamartinaldehuela\/files\/2020\/06\/Servihogar-24x22.png 24w, https:\/\/blogsaverroes.juntadeandalucia.es\/electronicamartinaldehuela\/files\/2020\/06\/Servihogar-36x32.png 36w, https:\/\/blogsaverroes.juntadeandalucia.es\/electronicamartinaldehuela\/files\/2020\/06\/Servihogar-48x43.png 48w\" sizes=\"(max-width: 222px) 100vw, 222px\" \/><\/td>\n<td style=\"width: 74.0874%;height: 52px;text-align: left\">\n<p class=\"western\"><span style=\"font-family: Arial, sans-serif\">Empresa instaladora y mantenedora de instalaciones de ICT, control de&nbsp;<\/span><span style=\"font-family: Arial, sans-serif\">accesos y sistemas de alarma, donde nuestros alumnos acuden en primer curso.<\/span><\/p>\n<\/td>\n<\/tr>\n<tr style=\"height: 47px\">\n<td style=\"width: 25.1029%;height: 47px\"><img loading=\"lazy\" decoding=\"async\" class=\"alignnone size-medium wp-image-617\" src=\"https:\/\/blogsaverroes.juntadeandalucia.es\/electronicamartinaldehuela\/files\/2023\/03\/Grupo-viatek_logo-300x62.png\" alt=\"\" width=\"300\" height=\"62\" srcset=\"https:\/\/blogsaverroes.juntadeandalucia.es\/electronicamartinaldehuela\/files\/2023\/03\/Grupo-viatek_logo-300x62.png 300w, https:\/\/blogsaverroes.juntadeandalucia.es\/electronicamartinaldehuela\/files\/2023\/03\/Grupo-viatek_logo-1024x212.png 1024w, https:\/\/blogsaverroes.juntadeandalucia.es\/electronicamartinaldehuela\/files\/2023\/03\/Grupo-viatek_logo-768x159.png 768w, https:\/\/blogsaverroes.juntadeandalucia.es\/electronicamartinaldehuela\/files\/2023\/03\/Grupo-viatek_logo-1536x318.png 1536w, https:\/\/blogsaverroes.juntadeandalucia.es\/electronicamartinaldehuela\/files\/2023\/03\/Grupo-viatek_logo.png 1772w\" sizes=\"(max-width: 300px) 100vw, 300px\" \/><\/td>\n<td style=\"width: 74.0874%;height: 47px;text-align: left\">\n<p class=\"western\"><span style=\"font-family: arial, helvetica, sans-serif\">Viatek, a trav\u00e9s de la empresa del grupo Knight Technology, dedicada a la instalaci\u00f3n y mantenimiento de servicios inform\u00e1ticos y redes locales de datos, donde nuestros alumnos acuden en primer curso<\/span><\/p>\n<\/td>\n<\/tr>\n<tr style=\"height: 47px\">\n<td style=\"width: 25.1029%;height: 47px\"><img loading=\"lazy\" decoding=\"async\" class=\"alignnone size-medium wp-image-194\" src=\"https:\/\/blogsaverroes.juntadeandalucia.es\/electronicamartinaldehuela\/files\/2020\/06\/Ntic-300x154.png\" alt=\"\" width=\"300\" height=\"154\" srcset=\"https:\/\/blogsaverroes.juntadeandalucia.es\/electronicamartinaldehuela\/files\/2020\/06\/Ntic-300x154.png 300w, https:\/\/blogsaverroes.juntadeandalucia.es\/electronicamartinaldehuela\/files\/2020\/06\/Ntic-24x12.png 24w, https:\/\/blogsaverroes.juntadeandalucia.es\/electronicamartinaldehuela\/files\/2020\/06\/Ntic-36x18.png 36w, https:\/\/blogsaverroes.juntadeandalucia.es\/electronicamartinaldehuela\/files\/2020\/06\/Ntic-48x25.png 48w, https:\/\/blogsaverroes.juntadeandalucia.es\/electronicamartinaldehuela\/files\/2020\/06\/Ntic.png 342w\" sizes=\"(max-width: 300px) 100vw, 300px\" \/><\/td>\n<td style=\"width: 74.0874%;height: 47px;text-align: left\">\n<p class=\"western\"><span style=\"font-family: Arial, sans-serif\">Empresa dedicada a la elaboraci\u00f3n de proyectos t\u00e9cnicos de telecomunicaciones, donde nuestros alumnos acuden en segundo curso<br \/>\n<\/span><\/p>\n<\/td>\n<\/tr>\n<tr style=\"height: 47px\">\n<td style=\"width: 25.1029%;height: 47px\"><img loading=\"lazy\" decoding=\"async\" class=\"alignnone size-medium wp-image-672\" src=\"https:\/\/blogsaverroes.juntadeandalucia.es\/electronicamartinaldehuela\/files\/2023\/10\/Hispasec-300x62.png\" alt=\"\" width=\"300\" height=\"62\" srcset=\"https:\/\/blogsaverroes.juntadeandalucia.es\/electronicamartinaldehuela\/files\/2023\/10\/Hispasec-300x62.png 300w, https:\/\/blogsaverroes.juntadeandalucia.es\/electronicamartinaldehuela\/files\/2023\/10\/Hispasec-1024x211.png 1024w, https:\/\/blogsaverroes.juntadeandalucia.es\/electronicamartinaldehuela\/files\/2023\/10\/Hispasec-768x159.png 768w, https:\/\/blogsaverroes.juntadeandalucia.es\/electronicamartinaldehuela\/files\/2023\/10\/Hispasec-1536x317.png 1536w, https:\/\/blogsaverroes.juntadeandalucia.es\/electronicamartinaldehuela\/files\/2023\/10\/Hispasec-2048x423.png 2048w\" sizes=\"(max-width: 300px) 100vw, 300px\" \/><\/td>\n<td style=\"width: 74.0874%;height: 47px;text-align: left\"><span style=\"font-family: arial, helvetica, sans-serif\">Empresa dedicada a la ciberseguridad y la telem\u00e1tica, donde nuestros alumnos acuden en segundo curso.<\/span><\/td>\n<\/tr>\n<tr style=\"height: 47px\">\n<td style=\"width: 25.1029%;height: 47px\"><img loading=\"lazy\" decoding=\"async\" class=\"alignnone size-full wp-image-196\" src=\"https:\/\/blogsaverroes.juntadeandalucia.es\/electronicamartinaldehuela\/files\/2020\/06\/Premo.png\" alt=\"\" width=\"186\" height=\"178\" srcset=\"https:\/\/blogsaverroes.juntadeandalucia.es\/electronicamartinaldehuela\/files\/2020\/06\/Premo.png 186w, https:\/\/blogsaverroes.juntadeandalucia.es\/electronicamartinaldehuela\/files\/2020\/06\/Premo-24x24.png 24w, https:\/\/blogsaverroes.juntadeandalucia.es\/electronicamartinaldehuela\/files\/2020\/06\/Premo-36x34.png 36w, https:\/\/blogsaverroes.juntadeandalucia.es\/electronicamartinaldehuela\/files\/2020\/06\/Premo-48x46.png 48w\" sizes=\"(max-width: 186px) 100vw, 186px\" \/><\/td>\n<td style=\"width: 74.0874%;height: 47px;text-align: left\">\n<p class=\"western\"><span style=\"font-family: Arial, sans-serif\">Empresa dedicada al dise\u00f1o de dispositivos para la transmisi\u00f3n de datos v\u00eda<\/span><span style=\"font-family: Arial, sans-serif\">&nbsp;ondas de radio, donde nuestros alumnos acuden en segundo curso.<\/span><\/p>\n<\/td>\n<\/tr>\n<tr style=\"height: 47px\">\n<td style=\"width: 25.1029%;height: 47px\"><img loading=\"lazy\" decoding=\"async\" class=\"alignnone size-medium wp-image-193\" src=\"https:\/\/blogsaverroes.juntadeandalucia.es\/electronicamartinaldehuela\/files\/2020\/06\/Instalvia-300x83.png\" alt=\"\" width=\"300\" height=\"83\" srcset=\"https:\/\/blogsaverroes.juntadeandalucia.es\/electronicamartinaldehuela\/files\/2020\/06\/Instalvia-300x83.png 300w, https:\/\/blogsaverroes.juntadeandalucia.es\/electronicamartinaldehuela\/files\/2020\/06\/Instalvia-24x7.png 24w, https:\/\/blogsaverroes.juntadeandalucia.es\/electronicamartinaldehuela\/files\/2020\/06\/Instalvia-36x10.png 36w, https:\/\/blogsaverroes.juntadeandalucia.es\/electronicamartinaldehuela\/files\/2020\/06\/Instalvia-48x13.png 48w, https:\/\/blogsaverroes.juntadeandalucia.es\/electronicamartinaldehuela\/files\/2020\/06\/Instalvia.png 345w\" sizes=\"(max-width: 300px) 100vw, 300px\" \/><\/td>\n<td style=\"width: 74.0874%;height: 47px;text-align: left\">\n<p class=\"western\"><span style=\"font-family: arial, helvetica, sans-serif\">Empresa dedicada a la elaboraci\u00f3n de proyectos t\u00e9cnicos de telecomunicaciones, donde nuestros alumnos acuden en segundo curso.<\/span><\/p>\n<\/td>\n<\/tr>\n<tr style=\"height: 47px\">\n<td style=\"width: 25.1029%;height: 47px\">&nbsp;<\/td>\n<td style=\"width: 74.0874%;height: 47px;text-align: left\">\n<p class=\"western\">&nbsp;<\/p>\n<\/td>\n<\/tr>\n<\/tbody>\n<\/table>\n<p>&nbsp;<\/p>\n<h1 class=\"western\"><span style=\"font-family: Arial, sans-serif\"><span style=\"color: #3366ff\">Enlaces de inter\u00e9s:<\/span> <\/span><\/h1>\n<p class=\"western\"><a name=\"_GoBack\"><\/a><\/p>\n<p class=\"western\"><span style=\"color: #0000ff\"><u><a class=\"western\" href=\"https:\/\/www.alianzafpdual.es\/\"><span style=\"font-family: Arial, sans-serif\">https:\/\/www.alianzafpdual.es\/<\/span><\/a><\/u><\/span><\/p>\n<p class=\"western\"><span style=\"color: #0000ff\"><u><a class=\"western\" href=\"https:\/\/www.juntadeandalucia.es\/educacion\/portals\/web\/formacion-profesional-andaluza\/quiero-formarme\/modalidades\/fp-dual\"><span style=\"font-family: Arial, sans-serif\">https:\/\/www.juntadeandalucia.es\/educacion\/portals\/web\/formacion-profesional-andaluza\/quiero-formarme\/modalidades\/fp-dual<\/span><\/a><\/u><\/span><\/p>\n<p>&nbsp;<\/p>\n<p>&nbsp;<\/p>\n","protected":false},"excerpt":{"rendered":"<p>\u00bfQu\u00e9 es la Formaci\u00f3n Profesional Dual? Es una nueva modalidad de Formaci\u00f3n Profesional que combina la formaci\u00f3n acad\u00e9mica en los centros educativos, con la formaci\u00f3n pr\u00e1ctica en las empresas o centros de trabajo. Con&#46;&#46;&#46;<\/p>\n","protected":false},"author":8603,"featured_media":0,"parent":0,"menu_order":0,"comment_status":"closed","ping_status":"closed","template":"","meta":{"ngg_post_thumbnail":0,"footnotes":""},"aioseo_notices":[],"_links":{"self":[{"href":"https:\/\/blogsaverroes.juntadeandalucia.es\/electronicamartinaldehuela\/wp-json\/wp\/v2\/pages\/148"}],"collection":[{"href":"https:\/\/blogsaverroes.juntadeandalucia.es\/electronicamartinaldehuela\/wp-json\/wp\/v2\/pages"}],"about":[{"href":"https:\/\/blogsaverroes.juntadeandalucia.es\/electronicamartinaldehuela\/wp-json\/wp\/v2\/types\/page"}],"author":[{"embeddable":true,"href":"https:\/\/blogsaverroes.juntadeandalucia.es\/electronicamartinaldehuela\/wp-json\/wp\/v2\/users\/8603"}],"replies":[{"embeddable":true,"href":"https:\/\/blogsaverroes.juntadeandalucia.es\/electronicamartinaldehuela\/wp-json\/wp\/v2\/comments?post=148"}],"version-history":[{"count":19,"href":"https:\/\/blogsaverroes.juntadeandalucia.es\/electronicamartinaldehuela\/wp-json\/wp\/v2\/pages\/148\/revisions"}],"predecessor-version":[{"id":683,"href":"https:\/\/blogsaverroes.juntadeandalucia.es\/electronicamartinaldehuela\/wp-json\/wp\/v2\/pages\/148\/revisions\/683"}],"wp:attachment":[{"href":"https:\/\/blogsaverroes.juntadeandalucia.es\/electronicamartinaldehuela\/wp-json\/wp\/v2\/media?parent=148"}],"curies":[{"name":"wp","href":"https:\/\/api.w.org\/{rel}","templated":true}]}}