{"id":203,"date":"2020-06-13T20:36:47","date_gmt":"2020-06-13T18:36:47","guid":{"rendered":"https:\/\/blogsaverroes.juntadeandalucia.es\/electronicamartinaldehuela\/?page_id=203"},"modified":"2023-10-05T19:42:58","modified_gmt":"2023-10-05T17:42:58","slug":"articulos-revista","status":"publish","type":"page","link":"https:\/\/blogsaverroes.juntadeandalucia.es\/electronicamartinaldehuela\/articulos-revista\/","title":{"rendered":"ART\u00cdCULOS REVISTA"},"content":{"rendered":"<p>&nbsp;<\/p>\n<ul>\n<li><span style=\"color: #ff0000;font-size: 14pt\"><strong>N\u00fameros Publicados<\/strong><\/span><\/li>\n<\/ul>\n<table style=\"border-collapse: collapse;width: 28.6254%;height: 189px\">\n<tbody>\n<tr style=\"height: 307px\">\n<td style=\"width: 18.5046%;height: 141px;text-align: center\"><a href=\"https:\/\/drive.google.com\/file\/d\/1I1C2V-uzvmCL4j-QG5KBwS6uqDwxXuMX\/view?usp=sharing\"><img loading=\"lazy\" decoding=\"async\" class=\"alignnone wp-image-663\" src=\"https:\/\/blogsaverroes.juntadeandalucia.es\/electronicamartinaldehuela\/files\/2023\/06\/Revista_Portada_N\u00ba0-232x300.jpg\" alt=\"\" width=\"233\" height=\"302\" srcset=\"https:\/\/blogsaverroes.juntadeandalucia.es\/electronicamartinaldehuela\/files\/2023\/06\/Revista_Portada_N\u00ba0-232x300.jpg 232w, https:\/\/blogsaverroes.juntadeandalucia.es\/electronicamartinaldehuela\/files\/2023\/06\/Revista_Portada_N\u00ba0-792x1024.jpg 792w, https:\/\/blogsaverroes.juntadeandalucia.es\/electronicamartinaldehuela\/files\/2023\/06\/Revista_Portada_N\u00ba0-768x993.jpg 768w, https:\/\/blogsaverroes.juntadeandalucia.es\/electronicamartinaldehuela\/files\/2023\/06\/Revista_Portada_N\u00ba0-1188x1536.jpg 1188w, https:\/\/blogsaverroes.juntadeandalucia.es\/electronicamartinaldehuela\/files\/2023\/06\/Revista_Portada_N\u00ba0-1585x2048.jpg 1585w, https:\/\/blogsaverroes.juntadeandalucia.es\/electronicamartinaldehuela\/files\/2023\/06\/Revista_Portada_N\u00ba0-scaled.jpg 1981w\" sizes=\"(max-width: 233px) 100vw, 233px\" \/><\/a><\/td>\n<td style=\"width: 20.997%;height: 141px\"><strong><a href=\"https:\/\/drive.google.com\/file\/d\/1I1C2V-uzvmCL4j-QG5KBwS6uqDwxXuMX\/view?usp=sharing\">N\u00ba 0 &#8211; Cero<\/a><\/strong><\/td>\n<\/tr>\n<tr style=\"height: 24px\">\n<td style=\"width: 18.5046%;height: 24px\"><a href=\"https:\/\/blogsaverroes.juntadeandalucia.es\/electronicamartinaldehuela\/articulos-revista-no1\/\"><img loading=\"lazy\" decoding=\"async\" class=\"alignnone wp-image-664\" src=\"https:\/\/blogsaverroes.juntadeandalucia.es\/electronicamartinaldehuela\/files\/2023\/06\/Revista_Portada_N\u00ba1-230x300.jpg\" alt=\"\" width=\"232\" height=\"302\" srcset=\"https:\/\/blogsaverroes.juntadeandalucia.es\/electronicamartinaldehuela\/files\/2023\/06\/Revista_Portada_N\u00ba1-230x300.jpg 230w, https:\/\/blogsaverroes.juntadeandalucia.es\/electronicamartinaldehuela\/files\/2023\/06\/Revista_Portada_N\u00ba1.jpg 673w\" sizes=\"(max-width: 232px) 100vw, 232px\" \/><\/a><\/td>\n<td style=\"width: 20.997%;height: 24px\"><strong><a href=\"https:\/\/blogsaverroes.juntadeandalucia.es\/electronicamartinaldehuela\/articulos-revista-no1\/\">N\u00ba 1 &#8211;&nbsp; Uno<\/a><\/strong><\/td>\n<\/tr>\n<tr style=\"height: 24px\">\n<td style=\"width: 18.5046%;height: 24px\"><a href=\"https:\/\/blogsaverroes.juntadeandalucia.es\/electronicamartinaldehuela\/articulos-revista-no2\/\"><img loading=\"lazy\" decoding=\"async\" class=\"alignnone wp-image-665\" src=\"https:\/\/blogsaverroes.juntadeandalucia.es\/electronicamartinaldehuela\/files\/2023\/06\/Revista_Portada_N\u00ba2-226x300.jpg\" alt=\"\" width=\"230\" height=\"305\" srcset=\"https:\/\/blogsaverroes.juntadeandalucia.es\/electronicamartinaldehuela\/files\/2023\/06\/Revista_Portada_N\u00ba2-226x300.jpg 226w, https:\/\/blogsaverroes.juntadeandalucia.es\/electronicamartinaldehuela\/files\/2023\/06\/Revista_Portada_N\u00ba2.jpg 660w\" sizes=\"(max-width: 230px) 100vw, 230px\" \/><\/a><\/td>\n<td style=\"width: 20.997%;height: 24px\"><a href=\"https:\/\/blogsaverroes.juntadeandalucia.es\/electronicamartinaldehuela\/articulos-revista-no2\/\"><strong>N\u00ba 2 &#8211; Dos<\/strong><\/a><strong>&nbsp;<\/strong><\/td>\n<\/tr>\n<\/tbody>\n<\/table>\n<p>&nbsp;<\/p>\n<ul>\n<li><span style=\"color: #ff0000;font-size: 14pt\"><strong>APP Revista FP-Electr\u00f3nica<\/strong><\/span>\n<ul>\n<li style=\"list-style-type: none\">\n<ul>\n<li><a href=\"https:\/\/fpelectronica.glideapp.io\/\"><span style=\"color: #0000ff\"><strong>APP<\/strong><\/span><\/a><\/li>\n<\/ul>\n<\/li>\n<\/ul>\n<\/li>\n<li><span style=\"color: #ff0000\"><strong><span style=\"font-size: 14pt\">Entidades Colaboradoras<\/span><\/strong><\/span>\n<ul>\n<li style=\"list-style-type: none\">\n<ul>\n<li><a href=\"https:\/\/drive.google.com\/file\/d\/1dwN2tSMzlAM4TsjoLUCo1KMuKDCJPHG_\/view?usp=sharing\">CISCO. C\u00e1tedra RELEC<\/a><\/li>\n<li><a href=\"https:\/\/drive.google.com\/file\/d\/1Vkm6gkDgyHowzdwtF3TfNh_UC6nQfH36\/view?usp=sharing\">NTIC<\/a><\/li>\n<li><a href=\"https:\/\/drive.google.com\/file\/d\/1dXFzxephjlVV34r6jrZMQm1yi-XSBhO-\/view?usp=sharing\">Tecn\u00f3filo<\/a><\/li>\n<li><a href=\"https:\/\/drive.google.com\/file\/d\/1zWuVvm7GJSk_ouNreoUO4KGSTN8osjcj\/view?usp=sharing\">Electromontajes CONDE<\/a><\/li>\n<li><a href=\"https:\/\/drive.google.com\/file\/d\/1lsu7DtEJClpD7eingLzckGDsVpt6oqB9\/view?usp=sharing\">TDT Profesional<\/a><\/li>\n<li><a href=\"https:\/\/drive.google.com\/file\/d\/1w10z8KeHa5FIZJV6Gds4oVZZSC9PaFxQ\/view?usp=sharing\">Pizzeria Frascati<\/a><\/li>\n<\/ul>\n<\/li>\n<\/ul>\n<\/li>\n<\/ul>\n","protected":false},"excerpt":{"rendered":"<p>&nbsp; N\u00fameros Publicados N\u00ba 0 &#8211; Cero N\u00ba 1 &#8211;&nbsp; Uno N\u00ba 2 &#8211; Dos&nbsp; &nbsp; APP Revista FP-Electr\u00f3nica APP Entidades Colaboradoras CISCO. C\u00e1tedra RELEC NTIC Tecn\u00f3filo Electromontajes CONDE TDT Profesional Pizzeria Frascati<\/p>\n","protected":false},"author":8603,"featured_media":0,"parent":0,"menu_order":0,"comment_status":"closed","ping_status":"closed","template":"","meta":{"ngg_post_thumbnail":0,"footnotes":""},"aioseo_notices":[],"_links":{"self":[{"href":"https:\/\/blogsaverroes.juntadeandalucia.es\/electronicamartinaldehuela\/wp-json\/wp\/v2\/pages\/203"}],"collection":[{"href":"https:\/\/blogsaverroes.juntadeandalucia.es\/electronicamartinaldehuela\/wp-json\/wp\/v2\/pages"}],"about":[{"href":"https:\/\/blogsaverroes.juntadeandalucia.es\/electronicamartinaldehuela\/wp-json\/wp\/v2\/types\/page"}],"author":[{"embeddable":true,"href":"https:\/\/blogsaverroes.juntadeandalucia.es\/electronicamartinaldehuela\/wp-json\/wp\/v2\/users\/8603"}],"replies":[{"embeddable":true,"href":"https:\/\/blogsaverroes.juntadeandalucia.es\/electronicamartinaldehuela\/wp-json\/wp\/v2\/comments?post=203"}],"version-history":[{"count":41,"href":"https:\/\/blogsaverroes.juntadeandalucia.es\/electronicamartinaldehuela\/wp-json\/wp\/v2\/pages\/203\/revisions"}],"predecessor-version":[{"id":679,"href":"https:\/\/blogsaverroes.juntadeandalucia.es\/electronicamartinaldehuela\/wp-json\/wp\/v2\/pages\/203\/revisions\/679"}],"wp:attachment":[{"href":"https:\/\/blogsaverroes.juntadeandalucia.es\/electronicamartinaldehuela\/wp-json\/wp\/v2\/media?parent=203"}],"curies":[{"name":"wp","href":"https:\/\/api.w.org\/{rel}","templated":true}]}}