{"id":273,"date":"2021-05-10T19:58:33","date_gmt":"2021-05-10T17:58:33","guid":{"rendered":"https:\/\/blogsaverroes.juntadeandalucia.es\/electronicamartinaldehuela\/?page_id=273"},"modified":"2021-05-10T23:05:49","modified_gmt":"2021-05-10T21:05:49","slug":"andaluciaskills-2021","status":"publish","type":"page","link":"https:\/\/blogsaverroes.juntadeandalucia.es\/electronicamartinaldehuela\/novedades\/andaluciaskills-2021\/","title":{"rendered":"Andaluc\u00edaSkills 2021"},"content":{"rendered":"<p><img loading=\"lazy\" decoding=\"async\" class=\"wp-image-278 aligncenter\" src=\"https:\/\/blogsaverroes.juntadeandalucia.es\/electronicamartinaldehuela\/files\/2021\/05\/AndaluciaSkills21_2-300x152.png\" alt=\"\" width=\"466\" height=\"236\" srcset=\"https:\/\/blogsaverroes.juntadeandalucia.es\/electronicamartinaldehuela\/files\/2021\/05\/AndaluciaSkills21_2-300x152.png 300w, https:\/\/blogsaverroes.juntadeandalucia.es\/electronicamartinaldehuela\/files\/2021\/05\/AndaluciaSkills21_2-1024x517.png 1024w, https:\/\/blogsaverroes.juntadeandalucia.es\/electronicamartinaldehuela\/files\/2021\/05\/AndaluciaSkills21_2-768x388.png 768w, https:\/\/blogsaverroes.juntadeandalucia.es\/electronicamartinaldehuela\/files\/2021\/05\/AndaluciaSkills21_2.png 1047w\" sizes=\"(max-width: 466px) 100vw, 466px\" \/><\/p>\n<p style=\"text-align: center\"><span style=\"color: #ff0000;font-size: 14pt\"><strong>Alumnos de ciclo superior de Sistemas de Telecomunicaciones e Inform\u00e1ticos han participado en los campeonatos de&nbsp; Andaluc\u00eda Skills 2020-2021. En las modalidades de Electr\u00f3nica y Rob\u00f3tica M\u00f3vil.<\/strong><\/span><\/p>\n","protected":false},"excerpt":{"rendered":"<p>Alumnos de ciclo superior de Sistemas de Telecomunicaciones e Inform\u00e1ticos han participado en los campeonatos de&nbsp; Andaluc\u00eda Skills 2020-2021. En las modalidades de Electr\u00f3nica y Rob\u00f3tica M\u00f3vil.<\/p>\n","protected":false},"author":8603,"featured_media":274,"parent":173,"menu_order":0,"comment_status":"closed","ping_status":"closed","template":"","meta":{"ngg_post_thumbnail":0,"footnotes":""},"aioseo_notices":[],"_links":{"self":[{"href":"https:\/\/blogsaverroes.juntadeandalucia.es\/electronicamartinaldehuela\/wp-json\/wp\/v2\/pages\/273"}],"collection":[{"href":"https:\/\/blogsaverroes.juntadeandalucia.es\/electronicamartinaldehuela\/wp-json\/wp\/v2\/pages"}],"about":[{"href":"https:\/\/blogsaverroes.juntadeandalucia.es\/electronicamartinaldehuela\/wp-json\/wp\/v2\/types\/page"}],"author":[{"embeddable":true,"href":"https:\/\/blogsaverroes.juntadeandalucia.es\/electronicamartinaldehuela\/wp-json\/wp\/v2\/users\/8603"}],"replies":[{"embeddable":true,"href":"https:\/\/blogsaverroes.juntadeandalucia.es\/electronicamartinaldehuela\/wp-json\/wp\/v2\/comments?post=273"}],"version-history":[{"count":4,"href":"https:\/\/blogsaverroes.juntadeandalucia.es\/electronicamartinaldehuela\/wp-json\/wp\/v2\/pages\/273\/revisions"}],"predecessor-version":[{"id":279,"href":"https:\/\/blogsaverroes.juntadeandalucia.es\/electronicamartinaldehuela\/wp-json\/wp\/v2\/pages\/273\/revisions\/279"}],"up":[{"embeddable":true,"href":"https:\/\/blogsaverroes.juntadeandalucia.es\/electronicamartinaldehuela\/wp-json\/wp\/v2\/pages\/173"}],"wp:featuredmedia":[{"embeddable":true,"href":"https:\/\/blogsaverroes.juntadeandalucia.es\/electronicamartinaldehuela\/wp-json\/wp\/v2\/media\/274"}],"wp:attachment":[{"href":"https:\/\/blogsaverroes.juntadeandalucia.es\/electronicamartinaldehuela\/wp-json\/wp\/v2\/media?parent=273"}],"curies":[{"name":"wp","href":"https:\/\/api.w.org\/{rel}","templated":true}]}}