{"id":31,"date":"2020-04-29T21:02:59","date_gmt":"2020-04-29T19:02:59","guid":{"rendered":"https:\/\/blogsaverroes.juntadeandalucia.es\/electronicamartinaldehuela\/?page_id=31"},"modified":"2020-07-24T19:19:22","modified_gmt":"2020-07-24T17:19:22","slug":"presentacion","status":"publish","type":"page","link":"https:\/\/blogsaverroes.juntadeandalucia.es\/electronicamartinaldehuela\/presentacion\/","title":{"rendered":"PRESENTACI\u00d3N"},"content":{"rendered":"<p><img loading=\"lazy\" decoding=\"async\" class=\"alignnone wp-image-11\" src=\"https:\/\/blogsaverroes.juntadeandalucia.es\/electronicamartinaldehuela\/files\/2020\/04\/Anagrama_Dpto_Elect-300x146.jpg\" alt=\"\" width=\"163\" height=\"79\" srcset=\"https:\/\/blogsaverroes.juntadeandalucia.es\/electronicamartinaldehuela\/files\/2020\/04\/Anagrama_Dpto_Elect-300x146.jpg 300w, https:\/\/blogsaverroes.juntadeandalucia.es\/electronicamartinaldehuela\/files\/2020\/04\/Anagrama_Dpto_Elect-24x12.jpg 24w, https:\/\/blogsaverroes.juntadeandalucia.es\/electronicamartinaldehuela\/files\/2020\/04\/Anagrama_Dpto_Elect-36x17.jpg 36w, https:\/\/blogsaverroes.juntadeandalucia.es\/electronicamartinaldehuela\/files\/2020\/04\/Anagrama_Dpto_Elect-48x23.jpg 48w, https:\/\/blogsaverroes.juntadeandalucia.es\/electronicamartinaldehuela\/files\/2020\/04\/Anagrama_Dpto_Elect.jpg 647w\" sizes=\"(max-width: 163px) 100vw, 163px\" \/><\/p>\n<p><strong>Me es muy grato inaugurar este nuevo espacio donde poder encontrarnos profesores, alumnos, empresas y amigos del Dpto. de Electr\u00f3nica del I.E.S. Mart\u00edn de Aldehuela de M\u00e1laga.<\/strong><\/p>\n<p><strong>Espero que sea un instrumento \u00fatil y eficaz en nuestro esfuerzo constante para formar y ser formados dentro del marco que constituyen los Ciclos Formativos de las ense\u00f1anzas profesionales de nivel b\u00e1sico, medio y superior.<\/strong><\/p>\n<p><strong>Adem\u00e1s de las actividades lectivas diarias, son muchos los proyectos y programas que, en el d\u00eda a d\u00eda, desarrollamos: FP Dual, Certificaci\u00f3n de Cisco CCNA, Formaci\u00f3n en Centros de Trabajo (FCT), Jornadas de Puertas Abiertas, Revista de Electr\u00f3nica, Erasmus +, AndaluciaSkills, cursos, visitas, grupos de trabajo, etc., etc. Este blog pretende ser la ventana, abierta al exterior, que muestre lo que se est\u00e1 \u00abcociendo\u00bb en nuestro Departamento en el campo de la electr\u00f3nica, las telecomunicaciones, la inform\u00e1tica, etc.<\/strong><\/p>\n<p><strong>Os animo a todos a darle una verdadera utilidad desde este momento.<\/strong><\/p>\n<p><strong>Javier Delgado,<\/strong><br \/>\n<strong>Jefe del Dpto.<\/strong><\/p>\n<p>&nbsp;<\/p>\n","protected":false},"excerpt":{"rendered":"<p>Me es muy grato inaugurar este nuevo espacio donde poder encontrarnos profesores, alumnos, empresas y amigos del Dpto. de Electr\u00f3nica del I.E.S. Mart\u00edn de Aldehuela de M\u00e1laga. Espero que sea un instrumento \u00fatil y&#46;&#46;&#46;<\/p>\n","protected":false},"author":8603,"featured_media":77,"parent":0,"menu_order":0,"comment_status":"closed","ping_status":"closed","template":"","meta":{"ngg_post_thumbnail":0,"footnotes":""},"aioseo_notices":[],"_links":{"self":[{"href":"https:\/\/blogsaverroes.juntadeandalucia.es\/electronicamartinaldehuela\/wp-json\/wp\/v2\/pages\/31"}],"collection":[{"href":"https:\/\/blogsaverroes.juntadeandalucia.es\/electronicamartinaldehuela\/wp-json\/wp\/v2\/pages"}],"about":[{"href":"https:\/\/blogsaverroes.juntadeandalucia.es\/electronicamartinaldehuela\/wp-json\/wp\/v2\/types\/page"}],"author":[{"embeddable":true,"href":"https:\/\/blogsaverroes.juntadeandalucia.es\/electronicamartinaldehuela\/wp-json\/wp\/v2\/users\/8603"}],"replies":[{"embeddable":true,"href":"https:\/\/blogsaverroes.juntadeandalucia.es\/electronicamartinaldehuela\/wp-json\/wp\/v2\/comments?post=31"}],"version-history":[{"count":12,"href":"https:\/\/blogsaverroes.juntadeandalucia.es\/electronicamartinaldehuela\/wp-json\/wp\/v2\/pages\/31\/revisions"}],"predecessor-version":[{"id":225,"href":"https:\/\/blogsaverroes.juntadeandalucia.es\/electronicamartinaldehuela\/wp-json\/wp\/v2\/pages\/31\/revisions\/225"}],"wp:featuredmedia":[{"embeddable":true,"href":"https:\/\/blogsaverroes.juntadeandalucia.es\/electronicamartinaldehuela\/wp-json\/wp\/v2\/media\/77"}],"wp:attachment":[{"href":"https:\/\/blogsaverroes.juntadeandalucia.es\/electronicamartinaldehuela\/wp-json\/wp\/v2\/media?parent=31"}],"curies":[{"name":"wp","href":"https:\/\/api.w.org\/{rel}","templated":true}]}}