{"id":348,"date":"2021-10-15T22:56:06","date_gmt":"2021-10-15T20:56:06","guid":{"rendered":"https:\/\/blogsaverroes.juntadeandalucia.es\/electronicamartinaldehuela\/?page_id=348"},"modified":"2023-06-16T10:07:36","modified_gmt":"2023-06-16T08:07:36","slug":"gt-reparaciones","status":"publish","type":"page","link":"https:\/\/blogsaverroes.juntadeandalucia.es\/electronicamartinaldehuela\/gt-reparaciones\/","title":{"rendered":"GT &#8211; REPARACIONES"},"content":{"rendered":"<p style=\"text-align: center\"><img loading=\"lazy\" decoding=\"async\" class=\"alignnone  wp-image-653\" src=\"https:\/\/blogsaverroes.juntadeandalucia.es\/electronicamartinaldehuela\/files\/2023\/06\/EA-cartel-300x201.png\" alt=\"\" width=\"594\" height=\"398\" srcset=\"https:\/\/blogsaverroes.juntadeandalucia.es\/electronicamartinaldehuela\/files\/2023\/06\/EA-cartel-300x201.png 300w, https:\/\/blogsaverroes.juntadeandalucia.es\/electronicamartinaldehuela\/files\/2023\/06\/EA-cartel.png 606w\" sizes=\"(max-width: 594px) 100vw, 594px\" \/><\/p>\n<p class=\"western\" align=\"center\"><span style=\"font-family: Arial, serif;font-size: 24pt\"><b>REPARACI\u00d3N DE EQUIPOS EL\u00c9CTRICOS, ELECTR\u00d3NICOS Y DE TELECOMUNICACIONES<\/b><\/span><\/p>\n<p style=\"text-align: center\" align=\"center\"><strong><span style=\"font-size: 14pt;color: #ff0000\">El Dpto. de Electr\u00f3nica del IES Mart\u00edn de Aldehuela inicia un nuevo proyecto, en la forma de Grupo de Trabajo&nbsp; a trav\u00e9s del CEP de M\u00e1laga. <\/span><\/strong><\/p>\n<p align=\"center\"><a href=\"https:\/\/docs.google.com\/forms\/d\/e\/1FAIpQLSdyFU_Q5N4NXm4xlbGy1sadfNppFiceF3DYSaEKLsibN6FoDA\/viewform?usp=sf_link\"><img loading=\"lazy\" decoding=\"async\" class=\"alignnone size-medium wp-image-359\" src=\"https:\/\/blogsaverroes.juntadeandalucia.es\/electronicamartinaldehuela\/files\/2021\/10\/Reparaciones-300x69.jpg\" alt=\"\" width=\"300\" height=\"69\" srcset=\"https:\/\/blogsaverroes.juntadeandalucia.es\/electronicamartinaldehuela\/files\/2021\/10\/Reparaciones-300x69.jpg 300w, https:\/\/blogsaverroes.juntadeandalucia.es\/electronicamartinaldehuela\/files\/2021\/10\/Reparaciones.jpg 488w\" sizes=\"(max-width: 300px) 100vw, 300px\" \/><\/a><\/p>\n<p style=\"text-align: left\" align=\"center\"><span style=\"color: #3366ff\"><strong><span style=\"font-size: 18pt\">DESCRIPCI\u00d3N<\/span><\/strong><\/span><\/p>\n<p class=\"western\" align=\"justify\"><span style=\"font-family: Arial, serif\"><span style=\"font-size: large\">El Grupo de Trabajo, coordinado por la profesora del Dpto de FOL, Inmaculada Gonz\u00e1lez, pretende fomentar un trabajo colaborativo entre el Dpto. de Electr\u00f3nica y el Dpto. de FOL haciendo part\u00edcipes a todos los estudiantes de los Formaci\u00f3n Profesional B\u00e1sica, Grado Medio y Grado Superior de Telecomunicaciones del centro, introduciendo aspectos innovadores y de mejora en los procesos de ense\u00f1anza aprendizaje del alumnado.<\/span><\/span><\/p>\n<p class=\"western\" align=\"justify\"><span style=\"font-family: Arial, serif\"><span style=\"font-size: large\">Tratar\u00e1 de realizar las operaciones y funciones b\u00e1sicas de un punto de reparaci\u00f3n de equipos: marketing, recepci\u00f3n y albar\u00e1n de entrega, reparaci\u00f3n del equipo en funci\u00f3n de la tipolog\u00eda del fallo, facturaci\u00f3n, etc. <\/span><\/span><\/p>\n<p class=\"western\" align=\"justify\"><span style=\"font-family: Arial, serif\"><span style=\"font-size: large\">El prop\u00f3sito del grupo ser\u00e1 la de la integraci\u00f3n del departamento de FOL junto al de Electr\u00f3nica y todo su alumnado para la realizaci\u00f3n de pr\u00e1cticas lo m\u00e1s reales posible, con la colaboraci\u00f3n de toda la comunidad educativa del centro.<\/span><\/span><\/p>\n<p align=\"justify\">&nbsp;<\/p>\n<p align=\"justify\"><span style=\"font-size: 18pt;color: #3366ff\"><strong>REPERCUSI\u00d3N ESPERADA<\/strong><\/span><\/p>\n<p class=\"western\" align=\"justify\"><span style=\"font-family: Arial, serif\"><span style=\"font-size: large\">Tras el trabajo de difusi\u00f3n y marketing que realizar\u00e1 el alumnado de los ciclos formativos de electr\u00f3nica en el centro educativo, esperamos que toda la comunidad educativa colabore aportando equipamiento defectuoso para su proceso de reparaci\u00f3n.<\/span><\/span><\/p>\n<p class=\"western\" align=\"justify\"><span style=\"font-family: Arial, serif\"><span style=\"font-size: large\">Los profesores del grupo de trabajo, deber\u00e1n coordinar y distribuir todo el equipamiento a reparar en funci\u00f3n de la tipolog\u00eda de los mismos.<\/span><\/span><\/p>\n<p class=\"western\" align=\"justify\"><span style=\"font-family: Arial, serif\"><span style=\"font-size: large\">Los alumnos y alumnas, en sus respectivas aulas, y seg\u00fan la especialidad del m\u00f3dulo a impartir en cada momento, realizar\u00e1n el proceso de reparaci\u00f3n haciendo de las pr\u00e1cticas `casos reales. Se pretende con ello fomentar la motivaci\u00f3n en el trabajo realizado y facilitar la incorporaci\u00f3n del alumnado al mercado laboral.<\/span><\/span><\/p>\n","protected":false},"excerpt":{"rendered":"<p>REPARACI\u00d3N DE EQUIPOS EL\u00c9CTRICOS, ELECTR\u00d3NICOS Y DE TELECOMUNICACIONES El Dpto. de Electr\u00f3nica del IES Mart\u00edn de Aldehuela inicia un nuevo proyecto, en la forma de Grupo de Trabajo&nbsp; a trav\u00e9s del CEP de M\u00e1laga.&#46;&#46;&#46;<\/p>\n","protected":false},"author":8603,"featured_media":0,"parent":0,"menu_order":0,"comment_status":"closed","ping_status":"closed","template":"","meta":{"ngg_post_thumbnail":0,"footnotes":""},"aioseo_notices":[],"_links":{"self":[{"href":"https:\/\/blogsaverroes.juntadeandalucia.es\/electronicamartinaldehuela\/wp-json\/wp\/v2\/pages\/348"}],"collection":[{"href":"https:\/\/blogsaverroes.juntadeandalucia.es\/electronicamartinaldehuela\/wp-json\/wp\/v2\/pages"}],"about":[{"href":"https:\/\/blogsaverroes.juntadeandalucia.es\/electronicamartinaldehuela\/wp-json\/wp\/v2\/types\/page"}],"author":[{"embeddable":true,"href":"https:\/\/blogsaverroes.juntadeandalucia.es\/electronicamartinaldehuela\/wp-json\/wp\/v2\/users\/8603"}],"replies":[{"embeddable":true,"href":"https:\/\/blogsaverroes.juntadeandalucia.es\/electronicamartinaldehuela\/wp-json\/wp\/v2\/comments?post=348"}],"version-history":[{"count":6,"href":"https:\/\/blogsaverroes.juntadeandalucia.es\/electronicamartinaldehuela\/wp-json\/wp\/v2\/pages\/348\/revisions"}],"predecessor-version":[{"id":654,"href":"https:\/\/blogsaverroes.juntadeandalucia.es\/electronicamartinaldehuela\/wp-json\/wp\/v2\/pages\/348\/revisions\/654"}],"wp:attachment":[{"href":"https:\/\/blogsaverroes.juntadeandalucia.es\/electronicamartinaldehuela\/wp-json\/wp\/v2\/media?parent=348"}],"curies":[{"name":"wp","href":"https:\/\/api.w.org\/{rel}","templated":true}]}}