{"id":383,"date":"2022-01-31T11:09:45","date_gmt":"2022-01-31T10:09:45","guid":{"rendered":"https:\/\/blogsaverroes.juntadeandalucia.es\/electronicamartinaldehuela\/?page_id=383"},"modified":"2022-01-31T14:00:02","modified_gmt":"2022-01-31T13:00:02","slug":"colaboraciones-y-difusion","status":"publish","type":"page","link":"https:\/\/blogsaverroes.juntadeandalucia.es\/electronicamartinaldehuela\/colaboraciones-y-difusion\/","title":{"rendered":"COLABORACIONES Y DIFUSI\u00d3N"},"content":{"rendered":"<p><span style=\"font-size: 18pt;color: #ff0000\"><strong>Colaboraciones<\/strong><\/span><\/p>\n<p><img loading=\"lazy\" decoding=\"async\" class=\" wp-image-384 aligncenter\" src=\"https:\/\/blogsaverroes.juntadeandalucia.es\/electronicamartinaldehuela\/files\/2022\/01\/MA_Antartida-300x199.jpeg\" alt=\"\" width=\"575\" height=\"381\" srcset=\"https:\/\/blogsaverroes.juntadeandalucia.es\/electronicamartinaldehuela\/files\/2022\/01\/MA_Antartida-300x199.jpeg 300w, https:\/\/blogsaverroes.juntadeandalucia.es\/electronicamartinaldehuela\/files\/2022\/01\/MA_Antartida-1024x680.jpeg 1024w, https:\/\/blogsaverroes.juntadeandalucia.es\/electronicamartinaldehuela\/files\/2022\/01\/MA_Antartida-768x510.jpeg 768w, https:\/\/blogsaverroes.juntadeandalucia.es\/electronicamartinaldehuela\/files\/2022\/01\/MA_Antartida-1536x1020.jpeg 1536w, https:\/\/blogsaverroes.juntadeandalucia.es\/electronicamartinaldehuela\/files\/2022\/01\/MA_Antartida.jpeg 1600w\" sizes=\"(max-width: 575px) 100vw, 575px\" \/><\/p>\n<p style=\"text-align: center\"><span style=\"font-size: 14pt\"><strong>El IES Mart\u00edn de&nbsp; Aldehuela en la Ant\u00e1rtida (Campa\u00f1a 12-13)<\/strong><\/span><\/p>\n<p>&nbsp;<\/p>\n<ul>\n<li><a href=\"http:\/\/iagpds.ugr.es\/pages\/antartida\/20142015\"><span style=\"font-size: 14pt\">http:\/\/iagpds.ugr.es\/pages\/antartida\/20142015<\/span><\/a><\/li>\n<li><span style=\"font-size: 14pt\">Canal UGR: Documental &#8216;Ant\u00e1rtida. Un continente para la ciencia&#8217;. Francisco Lorenzo Capel, sism\u00f3logo del Instituto Andaluz de Geof\u00edsica de la Universidad de Granada, explica su misi\u00f3n de investigaci\u00f3n en la Isla Decepci\u00f3n<\/span><\/li>\n<\/ul>\n<p>&nbsp;<\/p>\n<p><a href=\"https:\/\/www.youtube.com\/watch?v=s5GXbI_Itos\"><img loading=\"lazy\" decoding=\"async\" class=\" wp-image-385 aligncenter\" style=\"font-size: 18.6667px\" src=\"https:\/\/blogsaverroes.juntadeandalucia.es\/electronicamartinaldehuela\/files\/2022\/01\/ScreenHunter_006-300x212.jpg\" alt=\"\" width=\"606\" height=\"427\" srcset=\"https:\/\/blogsaverroes.juntadeandalucia.es\/electronicamartinaldehuela\/files\/2022\/01\/ScreenHunter_006-300x212.jpg 300w, https:\/\/blogsaverroes.juntadeandalucia.es\/electronicamartinaldehuela\/files\/2022\/01\/ScreenHunter_006-768x542.jpg 768w, https:\/\/blogsaverroes.juntadeandalucia.es\/electronicamartinaldehuela\/files\/2022\/01\/ScreenHunter_006.jpg 827w\" sizes=\"(max-width: 606px) 100vw, 606px\" \/><\/a><\/p>\n<p>&nbsp;<\/p>\n<p><span style=\"font-size: 18pt;color: #ff0000\"><strong>Difusi\u00f3n<\/strong><\/span><\/p>\n<ul>\n<li><a href=\"https:\/\/www.granadahoy.com\/granada\/Cientificos-UGR-equipo-vigilar-volcanes_0_868713333.html\">https:\/\/www.granadahoy.com\/granada\/Cientificos-UGR-equipo-vigilar-volcanes_0_868713333.html<\/a><\/li>\n<li><a href=\"https:\/\/www.ideal.es\/granada\/201412\/17\/cientificos-granadinos-estudian-volcanes-20141216230239.html?ref=https%3A%2F%2Fwww.google.com%2F\">https:\/\/www.ideal.es\/granada\/201412\/17\/cientificos-granadinos-estudian-volcanes-20141216230239.html?ref=https%3A%2F%2Fwww.google.com%2F<\/a><\/li>\n<\/ul>\n<hr>\n<ul>\n<li><a href=\"https:\/\/www.juntadeandalucia.es\/educacion\/portals\/web\/formacion-profesional-andaluza\/skills2018\/galardonados\">https:\/\/www.juntadeandalucia.es\/educacion\/portals\/web\/formacion-profesional-andaluza\/skills2018\/galardonados<\/a> (En las modalidades Electr\u00f3nica y Rob\u00f3tica M\u00f3vil)<\/li>\n<li><a href=\"https:\/\/www.juntadeandalucia.es\/educacion\/portals\/web\/revista-andalucia-educativa\/detalle-noticia\/-\/noticia\/detalle\/revista-fp-electronica\">https:\/\/www.juntadeandalucia.es\/educacion\/portals\/web\/revista-andalucia-educativa\/detalle-noticia\/-\/noticia\/detalle\/revista-fp-electronica<\/a><\/li>\n<li><a href=\"https:\/\/www.xataka.com\/robotica-e-ia\/explosion-robotica-domotica-refuerza-a-gran-tapado-educacion-fp-electronica\">https:\/\/www.xataka.com\/robotica-e-ia\/explosion-robotica-domotica-refuerza-a-gran-tapado-educacion-fp-electronica<\/a><\/li>\n<li><a href=\"https:\/\/www.diariosur.es\/malaga-capital\/electronica-auna-formacion-20210603000217-ntvo.html\">https:\/\/www.diariosur.es\/malaga-capital\/electronica-auna-formacion-20210603000217-ntvo.html<\/a><\/li>\n<li><a href=\"https:\/\/cadenaser.com\/emisora\/2021\/06\/02\/ser_malaga\/1622641377_012388.html\">https:\/\/cadenaser.com\/emisora\/2021\/06\/02\/ser_malaga\/1622641377_012388.html<\/a><\/li>\n<li><a href=\"https:\/\/www.diariosur.es\/malaga\/malaga-olimpiada-fp-quince-premios-20210514131308-nt.html\">https:\/\/www.diariosur.es\/malaga\/malaga-olimpiada-fp-quince-premios-20210514131308-nt.html<\/a><\/li>\n<li><a href=\"https:\/\/www.laopiniondemalaga.es\/malaga\/2021\/06\/02\/ies-martin-aldehuela-malaga-presenta-52546396.html\">https:\/\/www.laopiniondemalaga.es\/malaga\/2021\/06\/02\/ies-martin-aldehuela-malaga-presenta-52546396.html<\/a><\/li>\n<\/ul>\n<p>&nbsp;<\/p>\n","protected":false},"excerpt":{"rendered":"<p>Colaboraciones El IES Mart\u00edn de&nbsp; Aldehuela en la Ant\u00e1rtida (Campa\u00f1a 12-13) &nbsp; http:\/\/iagpds.ugr.es\/pages\/antartida\/20142015 Canal UGR: Documental &#8216;Ant\u00e1rtida. Un continente para la ciencia&#8217;. Francisco Lorenzo Capel, sism\u00f3logo del Instituto Andaluz de Geof\u00edsica de la Universidad&#46;&#46;&#46;<\/p>\n","protected":false},"author":8603,"featured_media":0,"parent":0,"menu_order":0,"comment_status":"closed","ping_status":"closed","template":"","meta":{"ngg_post_thumbnail":0,"footnotes":""},"aioseo_notices":[],"_links":{"self":[{"href":"https:\/\/blogsaverroes.juntadeandalucia.es\/electronicamartinaldehuela\/wp-json\/wp\/v2\/pages\/383"}],"collection":[{"href":"https:\/\/blogsaverroes.juntadeandalucia.es\/electronicamartinaldehuela\/wp-json\/wp\/v2\/pages"}],"about":[{"href":"https:\/\/blogsaverroes.juntadeandalucia.es\/electronicamartinaldehuela\/wp-json\/wp\/v2\/types\/page"}],"author":[{"embeddable":true,"href":"https:\/\/blogsaverroes.juntadeandalucia.es\/electronicamartinaldehuela\/wp-json\/wp\/v2\/users\/8603"}],"replies":[{"embeddable":true,"href":"https:\/\/blogsaverroes.juntadeandalucia.es\/electronicamartinaldehuela\/wp-json\/wp\/v2\/comments?post=383"}],"version-history":[{"count":4,"href":"https:\/\/blogsaverroes.juntadeandalucia.es\/electronicamartinaldehuela\/wp-json\/wp\/v2\/pages\/383\/revisions"}],"predecessor-version":[{"id":397,"href":"https:\/\/blogsaverroes.juntadeandalucia.es\/electronicamartinaldehuela\/wp-json\/wp\/v2\/pages\/383\/revisions\/397"}],"wp:attachment":[{"href":"https:\/\/blogsaverroes.juntadeandalucia.es\/electronicamartinaldehuela\/wp-json\/wp\/v2\/media?parent=383"}],"curies":[{"name":"wp","href":"https:\/\/api.w.org\/{rel}","templated":true}]}}