{"id":83,"date":"2020-05-25T22:27:39","date_gmt":"2020-05-25T20:27:39","guid":{"rendered":"https:\/\/blogsaverroes.juntadeandalucia.es\/electronicamartinaldehuela\/?page_id=83"},"modified":"2023-04-26T20:28:46","modified_gmt":"2023-04-26T18:28:46","slug":"revista","status":"publish","type":"page","link":"https:\/\/blogsaverroes.juntadeandalucia.es\/electronicamartinaldehuela\/revista\/","title":{"rendered":"REVISTA-ELECTR\u00d3NICA"},"content":{"rendered":"<p><img loading=\"lazy\" decoding=\"async\" class=\"alignnone size-medium wp-image-81\" src=\"https:\/\/blogsaverroes.juntadeandalucia.es\/electronicamartinaldehuela\/files\/2020\/05\/Revista-300x92.jpg\" alt=\"\" width=\"300\" height=\"92\" srcset=\"https:\/\/blogsaverroes.juntadeandalucia.es\/electronicamartinaldehuela\/files\/2020\/05\/Revista-300x92.jpg 300w, https:\/\/blogsaverroes.juntadeandalucia.es\/electronicamartinaldehuela\/files\/2020\/05\/Revista-24x7.jpg 24w, https:\/\/blogsaverroes.juntadeandalucia.es\/electronicamartinaldehuela\/files\/2020\/05\/Revista-36x11.jpg 36w, https:\/\/blogsaverroes.juntadeandalucia.es\/electronicamartinaldehuela\/files\/2020\/05\/Revista-48x15.jpg 48w, https:\/\/blogsaverroes.juntadeandalucia.es\/electronicamartinaldehuela\/files\/2020\/05\/Revista.jpg 487w\" sizes=\"(max-width: 300px) 100vw, 300px\" \/><\/p>\n<p><span style=\"color: #ff0000\"><span style=\"font-size: 14pt\"><strong>Consultar los n\u00fameros&nbsp; publicados:<\/strong><\/span>&nbsp;<a href=\"http:\/\/blogsaverroes.juntadeandalucia.es\/electronicamartinaldehuela\/articulos-revista\/\"><strong>Acceso a la publicaci\u00f3n<\/strong><\/a><\/span><\/p>\n<hr>\n<p><span style=\"color: #ff0000;font-size: 14pt\"><strong>CONCEDIDO PROYECTO DE INNOVACI\u00d3N EDUCATIVA, PARA LA ELABORACI\u00d3N DE MATERIALES Y RECURSOS DID\u00c1CTICOS A LA \u00abREVISTA FP-ELECTR\u00d3NICA\u00bb<\/strong><\/span><\/p>\n<p><a href=\"https:\/\/www.juntadeandalucia.es\/boja\/2021\/141\/1\"><img loading=\"lazy\" decoding=\"async\" class=\"wp-image-320 size-large aligncenter\" src=\"https:\/\/blogsaverroes.juntadeandalucia.es\/electronicamartinaldehuela\/files\/2021\/10\/BOJA_23Julio-1024x307.png\" alt=\"\" width=\"1024\" height=\"307\" srcset=\"https:\/\/blogsaverroes.juntadeandalucia.es\/electronicamartinaldehuela\/files\/2021\/10\/BOJA_23Julio-1024x307.png 1024w, https:\/\/blogsaverroes.juntadeandalucia.es\/electronicamartinaldehuela\/files\/2021\/10\/BOJA_23Julio-300x90.png 300w, https:\/\/blogsaverroes.juntadeandalucia.es\/electronicamartinaldehuela\/files\/2021\/10\/BOJA_23Julio-768x230.png 768w, https:\/\/blogsaverroes.juntadeandalucia.es\/electronicamartinaldehuela\/files\/2021\/10\/BOJA_23Julio-1320x397.png 1320w, https:\/\/blogsaverroes.juntadeandalucia.es\/electronicamartinaldehuela\/files\/2021\/10\/BOJA_23Julio.png 1323w\" sizes=\"(max-width: 1024px) 100vw, 1024px\" \/><\/a><\/p>\n<hr>\n<p><span style=\"font-size: 18pt;color: #ff0000\"><strong>LA REVISTA FP-ELECTR\u00d3NICA<\/strong><\/span><\/p>\n<p><strong>En el curso 2019-2020 el Dpto. de Electr\u00f3nica del IES Mart\u00edn Aldehuela ha comenzado la participaci\u00f3n en un nuevo proyecto: La realizaci\u00f3n de una Revista de FP-Electr\u00f3nica. La idea surge de un grupo de profesores de la familia profesional de Electricidad-Electr\u00f3nica, que imparten clase en distintos centros de FP de Andaluc\u00eda.<\/strong><\/p>\n<p><strong>La pretensi\u00f3n es dar paso a un trabajo colaborativo, dar a conocer el trabajo original y actual que se lleva a cabo en nuestro d\u00eda a d\u00eda. Hay trabajos innovadores e interesantes que la mayor\u00eda de las veces no llega a conocerse m\u00e1s all\u00e1 de los propios centros. Ser\u00eda bueno difundir esos trabajos. Compartir una idea puede suponer una ayuda importante a otros profesionales, o dar pi\u00e9 a desarrollar otras muchas. En este proyecto hay espacio para las empresas y para los proyectos de alumnos.<\/strong><\/p>\n<hr>\n<p><span style=\"font-size: 18pt;color: #ff0000\"><strong>\u00bfEST\u00c1N INTERESADOS EN COLABORAR EN NUESTRA REVISTA?<\/strong><\/span><\/p>\n<p><strong><span style=\"color: #000000\">Nuestro objetivo es que este proyecto se contin\u00fae en el tiempo, que consigamos dar la mayor difusi\u00f3n posible para conseguir un marco de inter\u00e9s para toda la comunidad profesional de Electricidad-Electr\u00f3nica. Cualquier persona que est\u00e9 interesada en colaborar con nosotros, profesor o empresa, de nuestra comunidad o cualquier otra, no duden en ponerse en contacto con nosotros rellenando el formulario que se muestra a continuaci\u00f3n, o escribiendo al correo \u00abrevista_fpelectronica@iesmartinaldehuela.com\u00bb. <\/span><\/strong><\/p>\n<p><strong><span style=\"color: #000000\">Si est\u00e1n interesados en saber c\u00f3mo han de ser los trabajos para publicar (grosso modo) lo pueden consultar en la p\u00e1gina siguiente. Para cualquier empresa que quiera anunciarse en la Revista cons\u00faltennos.<\/span><\/strong><\/p>\n<p>&nbsp;[bestwebsoft_contact_form]<\/p>\n<p>&nbsp;<\/p>\n<p><!--nextpage--><\/p>\n<p><span style=\"font-size: 18pt;color: #ff0000\"><strong>\u00bfC\u00f3mo nos hemos planteado el trabajo en la Revista?<\/strong><\/span><\/p>\n<ul>\n<li><strong>Los art\u00edculos ser\u00e1n trabajos originales, o adaptados, pero siempre han de ce\u00f1irse al curr\u00edculo de cualquiera de los m\u00f3dulos de alg\u00fan ciclo formativo, de Grado Medio o Superior, perteneciente a la familia profesional de Electricidad-Electr\u00f3nica.<\/strong><\/li>\n<li><strong>Pretendemos que los art\u00edculos versen sobre actividades pr\u00e1cticas de aplicaci\u00f3n actual. No tendr\u00e1n el perfil adecuado art\u00edculos que pongan de manifiesto pr\u00e1cticas comunes destinada al aprendizaje de procedimientos, que ya figuran en libros o manuales espec\u00edficos.<\/strong><\/li>\n<li><strong>En la redacci\u00f3n de los art\u00edculos convenimos que se adecuen seg\u00fan la estructura:<\/strong>\n<ul>\n<li style=\"list-style-type: none\">\n<ul>\n<li><strong>Introducci\u00f3n: Donde se sit\u00fae el trabajo en un contexto adecuado; a saber: m\u00f3dulo profesional, ciclo formativo. Ideal ser\u00eda si queda enmarcado con los Resultados de Aprendizaje (RA).<\/strong><\/li>\n<li><strong>Planteamiento: Ha de quedar reflejado el material necesario empleado, esquemas, objetivos y finalidad del trabajo.<\/strong><\/li>\n<li><strong>Desarrollo: Descripci\u00f3n de la realizaci\u00f3n, procedimientos seguidos, proceso de montaje\/construcci\u00f3n.<\/strong><\/li>\n<li><strong>Resultados: Logros obtenidos, mostrar aplicaciones.<\/strong><\/li>\n<li><strong>Bibliograf\u00eda: Bibliograf\u00eda consultada. Ha de quedar debidamente reflejada la autor\u00eda de material (de cualquier tipo), fotograf\u00edas o esquemas utilizados. Facilitar enlaces, documentaci\u00f3n, guiones, etc&#8230;, que puedan ser utilizados.<\/strong><\/li>\n<\/ul>\n<\/li>\n<\/ul>\n<\/li>\n<li><strong>Se necesita la mayor difusi\u00f3n posible, con el fin de poder recoger la mayor diversidad de trabajos posible e intentar que sea un recurso para el profesorado de la familia profesional.<\/strong><\/li>\n<li><strong>La variedad, en cuanto temas tratados, en los distintos trabajos determinar\u00e1 la necesidad de distintas secciones. Si bien, es necesario contar con secciones donde plasmar la actualidad de la FP (Electricidad-Electronica), desde un punto de vista t\u00e9cnico y burocr\u00e1tico, si es el caso. Contar con noticias, entrevistas o tendencias de relevancia para nuestra familia profesional.<\/strong><\/li>\n<li><strong>En cuanto al dise\u00f1o y maquetaci\u00f3n, habremos de tener en cuenta los siguientes aspectos:<\/strong>\n<ul>\n<li style=\"list-style-type: none\">\n<ul>\n<li><strong>Los art\u00edculos enviados debe de constar de un t\u00edtulo, una entradilla de introducci\u00f3n, el cuerpo de texto y si se quiere recalcar alguna frase para hacer destacados, hacerlo en negrita.<\/strong><\/li>\n<li><strong>Las fotograf\u00edas deben de ir acompa\u00f1adas con pie de foto y si no son originales su copyright. No olvidar que para la versi\u00f3n en papel las fotos o im\u00e1genes tienen que tener una calidad de&nbsp; 300ppp, para la versi\u00f3n digital 72ppp.<\/strong><\/li>\n<li><strong>Si alguien tiene dotes para el dibujo, y quiere, puede acompa\u00f1ar su art\u00edculo con gr\u00e1ficos o dibujos o ilustraci\u00f3n. Acompa\u00f1ar el art\u00edculo con los escarner de las ilustraciones.<\/strong><\/li>\n<\/ul>\n<\/li>\n<\/ul>\n<\/li>\n<\/ul>\n<p>&nbsp;<\/p>\n","protected":false},"excerpt":{"rendered":"<p>Consultar los n\u00fameros&nbsp; publicados:&nbsp;Acceso a la publicaci\u00f3n CONCEDIDO PROYECTO DE INNOVACI\u00d3N EDUCATIVA, PARA LA ELABORACI\u00d3N DE MATERIALES Y RECURSOS DID\u00c1CTICOS A LA \u00abREVISTA FP-ELECTR\u00d3NICA\u00bb LA REVISTA FP-ELECTR\u00d3NICA En el curso 2019-2020 el Dpto. de&#46;&#46;&#46;<\/p>\n","protected":false},"author":8603,"featured_media":0,"parent":0,"menu_order":0,"comment_status":"closed","ping_status":"closed","template":"","meta":{"ngg_post_thumbnail":0,"footnotes":""},"aioseo_notices":[],"_links":{"self":[{"href":"https:\/\/blogsaverroes.juntadeandalucia.es\/electronicamartinaldehuela\/wp-json\/wp\/v2\/pages\/83"}],"collection":[{"href":"https:\/\/blogsaverroes.juntadeandalucia.es\/electronicamartinaldehuela\/wp-json\/wp\/v2\/pages"}],"about":[{"href":"https:\/\/blogsaverroes.juntadeandalucia.es\/electronicamartinaldehuela\/wp-json\/wp\/v2\/types\/page"}],"author":[{"embeddable":true,"href":"https:\/\/blogsaverroes.juntadeandalucia.es\/electronicamartinaldehuela\/wp-json\/wp\/v2\/users\/8603"}],"replies":[{"embeddable":true,"href":"https:\/\/blogsaverroes.juntadeandalucia.es\/electronicamartinaldehuela\/wp-json\/wp\/v2\/comments?post=83"}],"version-history":[{"count":21,"href":"https:\/\/blogsaverroes.juntadeandalucia.es\/electronicamartinaldehuela\/wp-json\/wp\/v2\/pages\/83\/revisions"}],"predecessor-version":[{"id":627,"href":"https:\/\/blogsaverroes.juntadeandalucia.es\/electronicamartinaldehuela\/wp-json\/wp\/v2\/pages\/83\/revisions\/627"}],"wp:attachment":[{"href":"https:\/\/blogsaverroes.juntadeandalucia.es\/electronicamartinaldehuela\/wp-json\/wp\/v2\/media?parent=83"}],"curies":[{"name":"wp","href":"https:\/\/api.w.org\/{rel}","templated":true}]}}