{"id":926,"date":"2026-01-23T19:15:01","date_gmt":"2026-01-23T18:15:01","guid":{"rendered":"https:\/\/blogsaverroes.juntadeandalucia.es\/electronicamartinaldehuela\/?page_id=926"},"modified":"2026-01-23T21:06:49","modified_gmt":"2026-01-23T20:06:49","slug":"aula-ateca","status":"publish","type":"page","link":"https:\/\/blogsaverroes.juntadeandalucia.es\/electronicamartinaldehuela\/aula-ateca\/","title":{"rendered":"AULA ATECA"},"content":{"rendered":"<p style=\"text-align: center\"><span style=\"color: #0000ff;font-size: 36pt\"><strong>AULA ATECA DEL IES MART\u00cdN DE ALDEHUELA<\/strong><\/span><\/p>\n<p style=\"text-align: center\"><span style=\"color: #ff0000;font-size: 36pt\"><strong>ALDEATECA<\/strong><\/span><\/p>\n<p style=\"text-align: center\"><img loading=\"lazy\" decoding=\"async\" class=\"alignnone size-medium wp-image-947\" src=\"https:\/\/blogsaverroes.juntadeandalucia.es\/electronicamartinaldehuela\/files\/2026\/01\/Ateca_Propuesta_3-300x188.jpeg\" alt=\"\" width=\"300\" height=\"188\" srcset=\"https:\/\/blogsaverroes.juntadeandalucia.es\/electronicamartinaldehuela\/files\/2026\/01\/Ateca_Propuesta_3-300x188.jpeg 300w, https:\/\/blogsaverroes.juntadeandalucia.es\/electronicamartinaldehuela\/files\/2026\/01\/Ateca_Propuesta_3-1024x641.jpeg 1024w, https:\/\/blogsaverroes.juntadeandalucia.es\/electronicamartinaldehuela\/files\/2026\/01\/Ateca_Propuesta_3-768x481.jpeg 768w, https:\/\/blogsaverroes.juntadeandalucia.es\/electronicamartinaldehuela\/files\/2026\/01\/Ateca_Propuesta_3.jpeg 1314w\" sizes=\"(max-width: 300px) 100vw, 300px\" \/><\/p>\n<p>&nbsp;<\/p>\n<p style=\"text-align: center\"><span style=\"font-size: 18pt\"><strong>&nbsp;En el curso 2024-25 se nos concedi\u00f3 el proyecto Aula ATECA.<\/strong><\/span><\/p>\n<p style=\"text-align: center\"><a href=\"https:\/\/drive.google.com\/file\/d\/1DdJu80eejBc1uEiMw0qgfwJE5SnDLL-7\/view?usp=sharing\"><strong><span style=\"color: #339966\">RESOLUCI\u00d3N DE 03 DE JUNIO DE 2025 DE LA DIRECCI\u00d3N GENERAL DE FORMACI\u00d3N PROFESIONAL Y<\/span><\/strong><\/a><br \/>\n<strong><span style=\"color: #339966\">EDUCACI\u00d3N PERMANENTE, POR LA QUE SE PUBLICAN LOS LISTADOS DEFINITIVOS DE PROYECTOS<\/span><\/strong><br \/>\n<strong><span style=\"color: #339966\">DESTINADOS A LA CONVERSI\u00d3N DE AULAS EN ESPACIOS DE TECNOLOG\u00cdA APLICADA (ATECA) PARA LA<\/span><\/strong><br \/>\n<strong><span style=\"color: #339966\">FORMACI\u00d3N PROFESIONAL PARA EL CURSO 2024\/2025.<\/span><\/strong><\/p>\n<p>&nbsp;<\/p>\n<p><span style=\"font-size: 24pt\"><strong><span style=\"color: #0000ff\">\u00bfQu\u00e9 es el Aula ATECA?<\/span><\/strong><\/span><\/p>\n<p style=\"text-align: center\"><a href=\"https:\/\/drive.google.com\/file\/d\/1ei4VGgg6S7oB2_993-HsQZbL70VsCjIF\/view?usp=sharing\"><img loading=\"lazy\" decoding=\"async\" class=\"alignnone wp-image-948\" src=\"https:\/\/blogsaverroes.juntadeandalucia.es\/electronicamartinaldehuela\/files\/2026\/01\/Aulas_Tecnologicas-300x169.png\" alt=\"\" width=\"428\" height=\"241\" srcset=\"https:\/\/blogsaverroes.juntadeandalucia.es\/electronicamartinaldehuela\/files\/2026\/01\/Aulas_Tecnologicas-300x169.png 300w, https:\/\/blogsaverroes.juntadeandalucia.es\/electronicamartinaldehuela\/files\/2026\/01\/Aulas_Tecnologicas.png 567w\" sizes=\"(max-width: 428px) 100vw, 428px\" \/><\/a><\/p>\n<p style=\"text-align: center\"><span style=\"font-size: 18pt;color: #008000\">h<span style=\"color: #339966\">ttps:\/\/www.juntadeandalucia.es\/educacion\/portals\/web\/formacion-profesional-andaluza\/docente\/formacion-y-empresa\/ateca<\/span><\/span><\/p>\n<p><span style=\"font-size: 18pt\"><strong>Un Aula ATECA (Aula de Tecnolog\u00eda Aplicada) es un espacio moderno en Formaci\u00f3n Profesional que integra tecnolog\u00eda, dise\u00f1o flexible y metodolog\u00edas activas (colaboraci\u00f3n, proyectos) para simular entornos laborales reales, fomentando la digitalizaci\u00f3n, innovaci\u00f3n y el desarrollo de competencias profesionales y digitales, con mobiliario adaptable y zonas para trabajo en equipo, creaci\u00f3n y presentaci\u00f3n.<\/strong><\/span><\/p>\n<p><span style=\"font-size: 24pt;color: #0000ff\"><strong>Nuestro proyecto Aula ATECA: ALDEATECA<\/strong><\/span><\/p>\n<p><span style=\"font-size: 18pt\"><strong>El proyecto de Aula Ateca del IES Mart\u00edn de Aldehuela, ALDEATECA, pretende fundamentalmente trabajar en entorno de la Industria 4.0 con elementos y material innovador como rob\u00f3tica, dom\u00f3tica, realidad virtual y aumentada, IoT, desarrollando actividades pr\u00e1cticas del entorno productivo de las familias profesionales reales. Con esto el proyecto pretende fomentar la creatividad del alumnado promoviendo la innovaci\u00f3n y el autoemprendimiento.<\/strong><\/span><\/p>\n<p><span style=\"font-size: 18pt\"><strong>Las actividades de implementaci\u00f3n, dise\u00f1o, montaje y configuraci\u00f3n van a promover el trabajo en grupo la autonom\u00eda del propio alumnado, con el profesorado como gu\u00eda, va a potenciar la competencia digital del alumnado y la concienciaci\u00f3n medioambiental, la sostenibilidad.<\/strong><\/span><\/p>\n<p><span style=\"font-size: 18pt\"><strong>El desarrollo de diferentes proyectos va a mejorar el aprendizaje significativo al resolver problemas mediante metodolog\u00edas activas y colaborativas. Mejorando la autoestima e inclusi\u00f3n del alumnado. Adem\u00e1s, facilitar\u00e1 el trabajo multidisciplinar colaborando entre los distintos departamentos de las familias profesionales.<\/strong><\/span><\/p>\n<p><span style=\"font-size: 18pt\"><strong>Este proyecto tambi\u00e9n trabajar\u00e1 el uso de redes sociales y h\u00e1bitos digitales aplicados al desarrollo de estrategias publicitarias y fomento de la formaci\u00f3n profesional.<\/strong><\/span><\/p>\n<p><span style=\"font-size: 24pt;color: #0000ff\"><strong>\u00bfQuieres conocer el Aula ATECA del IES Mart\u00edn de Aldehuela?<\/strong><\/span><\/p>\n<p><span style=\"color: #000000;font-size: 18pt\"><strong>Puedes visitarnos en las jornadas de puertas abiertas que celebramos en mayo; o mejor, puedes cursar alguno de los ciclos formativos de las familias profesionales que se imparten en nuestro centro (<a href=\"http:\/\/iesmartinaldehuela.com\">iesmartinaldehuela.com<\/a>).<\/strong><\/span><\/p>\n<div style=\"width: 848px;\" class=\"wp-video\"><!--[if lt IE 9]><script>document.createElement('video');<\/script><![endif]-->\n<video class=\"wp-video-shortcode\" id=\"video-926-1\" width=\"848\" height=\"478\" preload=\"metadata\" controls=\"controls\"><source type=\"video\/mp4\" src=\"https:\/\/blogsaverroes.juntadeandalucia.es\/electronicamartinaldehuela\/files\/2026\/01\/ATECA_Video.mp4?_=1\" \/><a href=\"https:\/\/blogsaverroes.juntadeandalucia.es\/electronicamartinaldehuela\/files\/2026\/01\/ATECA_Video.mp4\">https:\/\/blogsaverroes.juntadeandalucia.es\/electronicamartinaldehuela\/files\/2026\/01\/ATECA_Video.mp4<\/a><\/video><\/div>\n<p>&nbsp;<\/p>\n<p><strong><span style=\"font-size: 18pt\">&nbsp;En la puesta en funcionamiento de nuestro Aula ATECA han participado activamente alumnos de los ciclos formativos de Electr\u00f3nica.<\/span><\/strong><\/p>\n<p style=\"text-align: center\"><img loading=\"lazy\" decoding=\"async\" class=\"alignnone size-medium wp-image-927\" src=\"https:\/\/blogsaverroes.juntadeandalucia.es\/electronicamartinaldehuela\/files\/2026\/01\/ATECA_4-300x226.jpeg\" alt=\"\" width=\"300\" height=\"226\" srcset=\"https:\/\/blogsaverroes.juntadeandalucia.es\/electronicamartinaldehuela\/files\/2026\/01\/ATECA_4-300x226.jpeg 300w, https:\/\/blogsaverroes.juntadeandalucia.es\/electronicamartinaldehuela\/files\/2026\/01\/ATECA_4-1024x771.jpeg 1024w, https:\/\/blogsaverroes.juntadeandalucia.es\/electronicamartinaldehuela\/files\/2026\/01\/ATECA_4-768x578.jpeg 768w, https:\/\/blogsaverroes.juntadeandalucia.es\/electronicamartinaldehuela\/files\/2026\/01\/ATECA_4-1536x1157.jpeg 1536w, https:\/\/blogsaverroes.juntadeandalucia.es\/electronicamartinaldehuela\/files\/2026\/01\/ATECA_4.jpeg 2040w\" sizes=\"(max-width: 300px) 100vw, 300px\" \/> <img loading=\"lazy\" decoding=\"async\" class=\"alignnone size-medium wp-image-931\" src=\"https:\/\/blogsaverroes.juntadeandalucia.es\/electronicamartinaldehuela\/files\/2026\/01\/ATECA_8-135x300.jpeg\" alt=\"\" width=\"135\" height=\"300\" srcset=\"https:\/\/blogsaverroes.juntadeandalucia.es\/electronicamartinaldehuela\/files\/2026\/01\/ATECA_8-135x300.jpeg 135w, https:\/\/blogsaverroes.juntadeandalucia.es\/electronicamartinaldehuela\/files\/2026\/01\/ATECA_8-461x1024.jpeg 461w, https:\/\/blogsaverroes.juntadeandalucia.es\/electronicamartinaldehuela\/files\/2026\/01\/ATECA_8-768x1707.jpeg 768w, https:\/\/blogsaverroes.juntadeandalucia.es\/electronicamartinaldehuela\/files\/2026\/01\/ATECA_8-691x1536.jpeg 691w, https:\/\/blogsaverroes.juntadeandalucia.es\/electronicamartinaldehuela\/files\/2026\/01\/ATECA_8.jpeg 900w\" sizes=\"(max-width: 135px) 100vw, 135px\" \/> <img loading=\"lazy\" decoding=\"async\" class=\"alignnone wp-image-930\" src=\"https:\/\/blogsaverroes.juntadeandalucia.es\/electronicamartinaldehuela\/files\/2026\/01\/ATECA_7-300x135.jpeg\" alt=\"\" width=\"462\" height=\"208\" srcset=\"https:\/\/blogsaverroes.juntadeandalucia.es\/electronicamartinaldehuela\/files\/2026\/01\/ATECA_7-300x135.jpeg 300w, https:\/\/blogsaverroes.juntadeandalucia.es\/electronicamartinaldehuela\/files\/2026\/01\/ATECA_7-1024x461.jpeg 1024w, https:\/\/blogsaverroes.juntadeandalucia.es\/electronicamartinaldehuela\/files\/2026\/01\/ATECA_7-768x346.jpeg 768w, https:\/\/blogsaverroes.juntadeandalucia.es\/electronicamartinaldehuela\/files\/2026\/01\/ATECA_7-1536x691.jpeg 1536w, https:\/\/blogsaverroes.juntadeandalucia.es\/electronicamartinaldehuela\/files\/2026\/01\/ATECA_7.jpeg 2000w\" sizes=\"(max-width: 462px) 100vw, 462px\" \/><\/p>\n\n\t\t<style>\n\t\t\t#gallery-1 {\n\t\t\t\tmargin: auto;\n\t\t\t}\n\t\t\t#gallery-1 .gallery-item {\n\t\t\t\tfloat: left;\n\t\t\t\tmargin-top: 10px;\n\t\t\t\ttext-align: center;\n\t\t\t\twidth: 33%;\n\t\t\t}\n\t\t\t#gallery-1 img {\n\t\t\t\tborder: 2px solid #cfcfcf;\n\t\t\t}\n\t\t\t#gallery-1 .gallery-caption {\n\t\t\t\tmargin-left: 0;\n\t\t\t}\n\t\t\t\/* see gallery_shortcode() in wp-includes\/media.php *\/\n\t\t<\/style>\n\t\t<div id='gallery-1' class='gallery galleryid-926 gallery-columns-3 gallery-size-thumbnail'><dl class='gallery-item'>\n\t\t\t<dt class='gallery-icon portrait'>\n\t\t\t\t<a href='https:\/\/blogsaverroes.juntadeandalucia.es\/electronicamartinaldehuela\/aula-ateca\/ateca_22-copia\/'><img loading=\"lazy\" decoding=\"async\" width=\"150\" height=\"150\" src=\"https:\/\/blogsaverroes.juntadeandalucia.es\/electronicamartinaldehuela\/files\/2026\/01\/ATECA_22-copia-150x150.jpeg\" class=\"attachment-thumbnail size-thumbnail\" alt=\"\" srcset=\"https:\/\/blogsaverroes.juntadeandalucia.es\/electronicamartinaldehuela\/files\/2026\/01\/ATECA_22-copia-150x150.jpeg 150w, https:\/\/blogsaverroes.juntadeandalucia.es\/electronicamartinaldehuela\/files\/2026\/01\/ATECA_22-copia-80x80.jpeg 80w, https:\/\/blogsaverroes.juntadeandalucia.es\/electronicamartinaldehuela\/files\/2026\/01\/ATECA_22-copia-320x320.jpeg 320w\" sizes=\"(max-width: 150px) 100vw, 150px\" \/><\/a>\n\t\t\t<\/dt><\/dl><dl class='gallery-item'>\n\t\t\t<dt class='gallery-icon portrait'>\n\t\t\t\t<a href='https:\/\/blogsaverroes.juntadeandalucia.es\/electronicamartinaldehuela\/aula-ateca\/ateca_26\/'><img loading=\"lazy\" decoding=\"async\" width=\"150\" height=\"150\" src=\"https:\/\/blogsaverroes.juntadeandalucia.es\/electronicamartinaldehuela\/files\/2026\/01\/ATECA_26-150x150.jpeg\" class=\"attachment-thumbnail size-thumbnail\" alt=\"\" srcset=\"https:\/\/blogsaverroes.juntadeandalucia.es\/electronicamartinaldehuela\/files\/2026\/01\/ATECA_26-150x150.jpeg 150w, https:\/\/blogsaverroes.juntadeandalucia.es\/electronicamartinaldehuela\/files\/2026\/01\/ATECA_26-80x80.jpeg 80w, https:\/\/blogsaverroes.juntadeandalucia.es\/electronicamartinaldehuela\/files\/2026\/01\/ATECA_26-320x320.jpeg 320w\" sizes=\"(max-width: 150px) 100vw, 150px\" \/><\/a>\n\t\t\t<\/dt><\/dl><dl class='gallery-item'>\n\t\t\t<dt class='gallery-icon portrait'>\n\t\t\t\t<a href='https:\/\/blogsaverroes.juntadeandalucia.es\/electronicamartinaldehuela\/aula-ateca\/ateca_24-copia\/'><img loading=\"lazy\" decoding=\"async\" width=\"150\" height=\"150\" src=\"https:\/\/blogsaverroes.juntadeandalucia.es\/electronicamartinaldehuela\/files\/2026\/01\/ATECA_24-copia-150x150.jpeg\" class=\"attachment-thumbnail size-thumbnail\" alt=\"\" srcset=\"https:\/\/blogsaverroes.juntadeandalucia.es\/electronicamartinaldehuela\/files\/2026\/01\/ATECA_24-copia-150x150.jpeg 150w, https:\/\/blogsaverroes.juntadeandalucia.es\/electronicamartinaldehuela\/files\/2026\/01\/ATECA_24-copia-80x80.jpeg 80w, https:\/\/blogsaverroes.juntadeandalucia.es\/electronicamartinaldehuela\/files\/2026\/01\/ATECA_24-copia-320x320.jpeg 320w\" sizes=\"(max-width: 150px) 100vw, 150px\" \/><\/a>\n\t\t\t<\/dt><\/dl><br style=\"clear: both\" \/><dl class='gallery-item'>\n\t\t\t<dt class='gallery-icon landscape'>\n\t\t\t\t<a href='https:\/\/blogsaverroes.juntadeandalucia.es\/electronicamartinaldehuela\/aula-ateca\/ateca_23-copia\/'><img loading=\"lazy\" decoding=\"async\" width=\"150\" height=\"150\" src=\"https:\/\/blogsaverroes.juntadeandalucia.es\/electronicamartinaldehuela\/files\/2026\/01\/ATECA_23-copia-150x150.jpeg\" class=\"attachment-thumbnail size-thumbnail\" alt=\"\" srcset=\"https:\/\/blogsaverroes.juntadeandalucia.es\/electronicamartinaldehuela\/files\/2026\/01\/ATECA_23-copia-150x150.jpeg 150w, https:\/\/blogsaverroes.juntadeandalucia.es\/electronicamartinaldehuela\/files\/2026\/01\/ATECA_23-copia-80x80.jpeg 80w, https:\/\/blogsaverroes.juntadeandalucia.es\/electronicamartinaldehuela\/files\/2026\/01\/ATECA_23-copia-320x320.jpeg 320w\" sizes=\"(max-width: 150px) 100vw, 150px\" \/><\/a>\n\t\t\t<\/dt><\/dl><dl class='gallery-item'>\n\t\t\t<dt class='gallery-icon landscape'>\n\t\t\t\t<a href='https:\/\/blogsaverroes.juntadeandalucia.es\/electronicamartinaldehuela\/aula-ateca\/ateca_27\/'><img loading=\"lazy\" decoding=\"async\" width=\"150\" height=\"150\" src=\"https:\/\/blogsaverroes.juntadeandalucia.es\/electronicamartinaldehuela\/files\/2026\/01\/ATECA_27-150x150.jpeg\" class=\"attachment-thumbnail size-thumbnail\" alt=\"\" srcset=\"https:\/\/blogsaverroes.juntadeandalucia.es\/electronicamartinaldehuela\/files\/2026\/01\/ATECA_27-150x150.jpeg 150w, https:\/\/blogsaverroes.juntadeandalucia.es\/electronicamartinaldehuela\/files\/2026\/01\/ATECA_27-80x80.jpeg 80w, https:\/\/blogsaverroes.juntadeandalucia.es\/electronicamartinaldehuela\/files\/2026\/01\/ATECA_27-320x320.jpeg 320w\" sizes=\"(max-width: 150px) 100vw, 150px\" \/><\/a>\n\t\t\t<\/dt><\/dl><dl class='gallery-item'>\n\t\t\t<dt class='gallery-icon landscape'>\n\t\t\t\t<a href='https:\/\/blogsaverroes.juntadeandalucia.es\/electronicamartinaldehuela\/aula-ateca\/ateca_25-copia\/'><img loading=\"lazy\" decoding=\"async\" width=\"150\" height=\"150\" src=\"https:\/\/blogsaverroes.juntadeandalucia.es\/electronicamartinaldehuela\/files\/2026\/01\/ATECA_25-copia-150x150.jpeg\" class=\"attachment-thumbnail size-thumbnail\" alt=\"\" srcset=\"https:\/\/blogsaverroes.juntadeandalucia.es\/electronicamartinaldehuela\/files\/2026\/01\/ATECA_25-copia-150x150.jpeg 150w, https:\/\/blogsaverroes.juntadeandalucia.es\/electronicamartinaldehuela\/files\/2026\/01\/ATECA_25-copia-80x80.jpeg 80w, https:\/\/blogsaverroes.juntadeandalucia.es\/electronicamartinaldehuela\/files\/2026\/01\/ATECA_25-copia-320x320.jpeg 320w\" sizes=\"(max-width: 150px) 100vw, 150px\" \/><\/a>\n\t\t\t<\/dt><\/dl><br style=\"clear: both\" \/><dl class='gallery-item'>\n\t\t\t<dt class='gallery-icon landscape'>\n\t\t\t\t<a href='https:\/\/blogsaverroes.juntadeandalucia.es\/electronicamartinaldehuela\/aula-ateca\/ateca_25\/'><img loading=\"lazy\" decoding=\"async\" width=\"150\" height=\"150\" src=\"https:\/\/blogsaverroes.juntadeandalucia.es\/electronicamartinaldehuela\/files\/2026\/01\/ATECA_25-150x150.jpeg\" class=\"attachment-thumbnail size-thumbnail\" alt=\"\" srcset=\"https:\/\/blogsaverroes.juntadeandalucia.es\/electronicamartinaldehuela\/files\/2026\/01\/ATECA_25-150x150.jpeg 150w, https:\/\/blogsaverroes.juntadeandalucia.es\/electronicamartinaldehuela\/files\/2026\/01\/ATECA_25-80x80.jpeg 80w, https:\/\/blogsaverroes.juntadeandalucia.es\/electronicamartinaldehuela\/files\/2026\/01\/ATECA_25-320x320.jpeg 320w\" sizes=\"(max-width: 150px) 100vw, 150px\" \/><\/a>\n\t\t\t<\/dt><\/dl>\n\t\t\t<br style='clear: both' \/>\n\t\t<\/div>\n\n<p>&nbsp;<\/p>\n","protected":false},"excerpt":{"rendered":"<p>AULA ATECA DEL IES MART\u00cdN DE ALDEHUELA ALDEATECA &nbsp; &nbsp;En el curso 2024-25 se nos concedi\u00f3 el proyecto Aula ATECA. RESOLUCI\u00d3N DE 03 DE JUNIO DE 2025 DE LA DIRECCI\u00d3N GENERAL DE FORMACI\u00d3N PROFESIONAL&#46;&#46;&#46;<\/p>\n","protected":false},"author":8603,"featured_media":0,"parent":0,"menu_order":0,"comment_status":"closed","ping_status":"closed","template":"","meta":{"ngg_post_thumbnail":0,"footnotes":""},"aioseo_notices":[],"_links":{"self":[{"href":"https:\/\/blogsaverroes.juntadeandalucia.es\/electronicamartinaldehuela\/wp-json\/wp\/v2\/pages\/926"}],"collection":[{"href":"https:\/\/blogsaverroes.juntadeandalucia.es\/electronicamartinaldehuela\/wp-json\/wp\/v2\/pages"}],"about":[{"href":"https:\/\/blogsaverroes.juntadeandalucia.es\/electronicamartinaldehuela\/wp-json\/wp\/v2\/types\/page"}],"author":[{"embeddable":true,"href":"https:\/\/blogsaverroes.juntadeandalucia.es\/electronicamartinaldehuela\/wp-json\/wp\/v2\/users\/8603"}],"replies":[{"embeddable":true,"href":"https:\/\/blogsaverroes.juntadeandalucia.es\/electronicamartinaldehuela\/wp-json\/wp\/v2\/comments?post=926"}],"version-history":[{"count":4,"href":"https:\/\/blogsaverroes.juntadeandalucia.es\/electronicamartinaldehuela\/wp-json\/wp\/v2\/pages\/926\/revisions"}],"predecessor-version":[{"id":964,"href":"https:\/\/blogsaverroes.juntadeandalucia.es\/electronicamartinaldehuela\/wp-json\/wp\/v2\/pages\/926\/revisions\/964"}],"wp:attachment":[{"href":"https:\/\/blogsaverroes.juntadeandalucia.es\/electronicamartinaldehuela\/wp-json\/wp\/v2\/media?parent=926"}],"curies":[{"name":"wp","href":"https:\/\/api.w.org\/{rel}","templated":true}]}}