{"id":345,"date":"2023-05-21T14:49:50","date_gmt":"2023-05-21T14:49:50","guid":{"rendered":"https:\/\/blogsaverroes.juntadeandalucia.es\/elespaciodelasmates\/?page_id=345"},"modified":"2023-05-21T15:28:15","modified_gmt":"2023-05-21T15:28:15","slug":"portada","status":"publish","type":"page","link":"https:\/\/blogsaverroes.juntadeandalucia.es\/elespaciodelasmates\/","title":{"rendered":"Inicio"},"content":{"rendered":"<div class=\"pt-cv-wrapper\"><div class=\"pt-cv-view pt-cv-grid pt-cv-colsys\" id=\"pt-cv-view-02fd51ffun\"><div data-id=\"pt-cv-page-1\" class=\"pt-cv-page\" data-cvc=\"2\"><div class=\"col-md-6 col-sm-12 col-xs-12 pt-cv-content-item pt-cv-1-col\" ><div class='pt-cv-ifield'><a href=\"https:\/\/blogsaverroes.juntadeandalucia.es\/elespaciodelasmates\/2023\/05\/24\/mati-y-sus-aventuras\/\" class=\"_self pt-cv-href-thumbnail pt-cv-thumb-default\" target=\"_self\" ><img loading=\"lazy\" decoding=\"async\" width=\"284\" height=\"300\" src=\"https:\/\/blogsaverroes.juntadeandalucia.es\/elespaciodelasmates\/files\/2023\/05\/Blog-Naukas-284x300.png\" class=\"pt-cv-thumbnail\" alt=\"\" srcset=\"https:\/\/blogsaverroes.juntadeandalucia.es\/elespaciodelasmates\/files\/2023\/05\/Blog-Naukas-284x300.png 284w, https:\/\/blogsaverroes.juntadeandalucia.es\/elespaciodelasmates\/files\/2023\/05\/Blog-Naukas-24x24.png 24w, https:\/\/blogsaverroes.juntadeandalucia.es\/elespaciodelasmates\/files\/2023\/05\/Blog-Naukas-34x36.png 34w, https:\/\/blogsaverroes.juntadeandalucia.es\/elespaciodelasmates\/files\/2023\/05\/Blog-Naukas-45x48.png 45w, https:\/\/blogsaverroes.juntadeandalucia.es\/elespaciodelasmates\/files\/2023\/05\/Blog-Naukas.png 327w\" sizes=\"(max-width: 284px) 100vw, 284px\" \/><\/a>\n<h4 class=\"pt-cv-title\"><a href=\"https:\/\/blogsaverroes.juntadeandalucia.es\/elespaciodelasmates\/2023\/05\/24\/mati-y-sus-aventuras\/\" class=\"_self\" target=\"_self\" >Mati y sus aventuras<\/a><\/h4>\n<div class=\"pt-cv-content\">Clara Grima es un referente. No dejes de visitar esta magn\u00edfico blog donde se publicaron un buen n\u00famero de historias ...<br \/><div class=\"pt-cv-rmwrap\"><a href=\"https:\/\/blogsaverroes.juntadeandalucia.es\/elespaciodelasmates\/2023\/05\/24\/mati-y-sus-aventuras\/\" class=\"_self pt-cv-readmore btn btn-success\" target=\"_self\">Sigue leyendo<\/a><\/div><\/div><\/div><\/div>\n<div class=\"col-md-6 col-sm-12 col-xs-12 pt-cv-content-item pt-cv-1-col\" ><div class='pt-cv-ifield'><a href=\"https:\/\/blogsaverroes.juntadeandalucia.es\/elespaciodelasmates\/2023\/05\/24\/matematicas-cercanas-el-blog-de-amadeo-artacho\/\" class=\"_self pt-cv-href-thumbnail pt-cv-thumb-default\" target=\"_self\" ><img loading=\"lazy\" decoding=\"async\" width=\"300\" height=\"59\" src=\"https:\/\/blogsaverroes.juntadeandalucia.es\/elespaciodelasmates\/files\/2023\/05\/Blog-Matem\u00e1ticas-cercanas-300x59.png\" class=\"pt-cv-thumbnail\" alt=\"\" srcset=\"https:\/\/blogsaverroes.juntadeandalucia.es\/elespaciodelasmates\/files\/2023\/05\/Blog-Matem\u00e1ticas-cercanas-300x59.png 300w, https:\/\/blogsaverroes.juntadeandalucia.es\/elespaciodelasmates\/files\/2023\/05\/Blog-Matem\u00e1ticas-cercanas-1024x203.png 1024w, https:\/\/blogsaverroes.juntadeandalucia.es\/elespaciodelasmates\/files\/2023\/05\/Blog-Matem\u00e1ticas-cercanas-768x152.png 768w, https:\/\/blogsaverroes.juntadeandalucia.es\/elespaciodelasmates\/files\/2023\/05\/Blog-Matem\u00e1ticas-cercanas-24x5.png 24w, https:\/\/blogsaverroes.juntadeandalucia.es\/elespaciodelasmates\/files\/2023\/05\/Blog-Matem\u00e1ticas-cercanas-36x7.png 36w, https:\/\/blogsaverroes.juntadeandalucia.es\/elespaciodelasmates\/files\/2023\/05\/Blog-Matem\u00e1ticas-cercanas-48x9.png 48w, https:\/\/blogsaverroes.juntadeandalucia.es\/elespaciodelasmates\/files\/2023\/05\/Blog-Matem\u00e1ticas-cercanas.png 1501w\" sizes=\"(max-width: 300px) 100vw, 300px\" \/><\/a>\n<h4 class=\"pt-cv-title\"><a href=\"https:\/\/blogsaverroes.juntadeandalucia.es\/elespaciodelasmates\/2023\/05\/24\/matematicas-cercanas-el-blog-de-amadeo-artacho\/\" class=\"_self\" target=\"_self\" >Matem\u00e1ticas cercanas. El blog de Amadeo Artacho<\/a><\/h4>\n<div class=\"pt-cv-content\">Complet\u00edsimo. Con material elaborado y cuidad\u00edsima presentaci\u00f3n. Imprescindible. \ufeff ...<br \/><div class=\"pt-cv-rmwrap\"><a href=\"https:\/\/blogsaverroes.juntadeandalucia.es\/elespaciodelasmates\/2023\/05\/24\/matematicas-cercanas-el-blog-de-amadeo-artacho\/\" class=\"_self pt-cv-readmore btn btn-success\" target=\"_self\">Sigue leyendo<\/a><\/div><\/div><\/div><\/div>\n<div class=\"col-md-6 col-sm-12 col-xs-12 pt-cv-content-item pt-cv-1-col\" ><div class='pt-cv-ifield'><a href=\"https:\/\/blogsaverroes.juntadeandalucia.es\/elespaciodelasmates\/2023\/05\/21\/de-geogebra-a-moodle-actividades-autoevaluables\/\" class=\"_self pt-cv-href-thumbnail pt-cv-thumb-default\" target=\"_self\" ><img loading=\"lazy\" decoding=\"async\" width=\"300\" height=\"203\" src=\"https:\/\/blogsaverroes.juntadeandalucia.es\/elespaciodelasmates\/files\/2023\/05\/GeoGebra-2-300x203.png\" class=\"pt-cv-thumbnail\" alt=\"\" srcset=\"https:\/\/blogsaverroes.juntadeandalucia.es\/elespaciodelasmates\/files\/2023\/05\/GeoGebra-2-300x203.png 300w, https:\/\/blogsaverroes.juntadeandalucia.es\/elespaciodelasmates\/files\/2023\/05\/GeoGebra-2-24x16.png 24w, https:\/\/blogsaverroes.juntadeandalucia.es\/elespaciodelasmates\/files\/2023\/05\/GeoGebra-2-36x24.png 36w, https:\/\/blogsaverroes.juntadeandalucia.es\/elespaciodelasmates\/files\/2023\/05\/GeoGebra-2-48x32.png 48w, https:\/\/blogsaverroes.juntadeandalucia.es\/elespaciodelasmates\/files\/2023\/05\/GeoGebra-2.png 448w\" sizes=\"(max-width: 300px) 100vw, 300px\" \/><\/a>\n<h4 class=\"pt-cv-title\"><a href=\"https:\/\/blogsaverroes.juntadeandalucia.es\/elespaciodelasmates\/2023\/05\/21\/de-geogebra-a-moodle-actividades-autoevaluables\/\" class=\"_self\" target=\"_self\" >De GeoGebra a moodle. Actividades autoevaluables<\/a><\/h4>\n<div class=\"pt-cv-content\">Este a\u00f1o he aumentado el n\u00famero de actividades de GeoGebra autoevaluables que he incorporado a moodle, export\u00e1ndolas como paquete Scorm1.2 ...<br \/><div class=\"pt-cv-rmwrap\"><a href=\"https:\/\/blogsaverroes.juntadeandalucia.es\/elespaciodelasmates\/2023\/05\/21\/de-geogebra-a-moodle-actividades-autoevaluables\/\" class=\"_self pt-cv-readmore btn btn-success\" target=\"_self\">Sigue leyendo<\/a><\/div><\/div><\/div><\/div>\n<div class=\"col-md-6 col-sm-12 col-xs-12 pt-cv-content-item pt-cv-1-col\" ><div class='pt-cv-ifield'><a href=\"https:\/\/blogsaverroes.juntadeandalucia.es\/elespaciodelasmates\/2023\/04\/30\/programando-con-scratch\/\" class=\"_self pt-cv-href-thumbnail pt-cv-thumb-default\" target=\"_self\" ><img loading=\"lazy\" decoding=\"async\" width=\"300\" height=\"246\" src=\"https:\/\/blogsaverroes.juntadeandalucia.es\/elespaciodelasmates\/files\/2023\/05\/Imagen-de-Scratch-300x246.jpg\" class=\"pt-cv-thumbnail\" alt=\"\" srcset=\"https:\/\/blogsaverroes.juntadeandalucia.es\/elespaciodelasmates\/files\/2023\/05\/Imagen-de-Scratch-300x246.jpg 300w, https:\/\/blogsaverroes.juntadeandalucia.es\/elespaciodelasmates\/files\/2023\/05\/Imagen-de-Scratch-24x20.jpg 24w, https:\/\/blogsaverroes.juntadeandalucia.es\/elespaciodelasmates\/files\/2023\/05\/Imagen-de-Scratch-36x30.jpg 36w, https:\/\/blogsaverroes.juntadeandalucia.es\/elespaciodelasmates\/files\/2023\/05\/Imagen-de-Scratch-48x39.jpg 48w, https:\/\/blogsaverroes.juntadeandalucia.es\/elespaciodelasmates\/files\/2023\/05\/Imagen-de-Scratch.jpg 610w\" sizes=\"(max-width: 300px) 100vw, 300px\" \/><\/a>\n<h4 class=\"pt-cv-title\"><a href=\"https:\/\/blogsaverroes.juntadeandalucia.es\/elespaciodelasmates\/2023\/04\/30\/programando-con-scratch\/\" class=\"_self\" target=\"_self\" >Programando con Scratch<\/a><\/h4>\n<div class=\"pt-cv-content\">Trabajar con Scratch en clase va a aportar una gran ayuda para que el alumnado desarrolle el pensamiento computacional. No ...<br \/><div class=\"pt-cv-rmwrap\"><a href=\"https:\/\/blogsaverroes.juntadeandalucia.es\/elespaciodelasmates\/2023\/04\/30\/programando-con-scratch\/\" class=\"_self pt-cv-readmore btn btn-success\" target=\"_self\">Sigue leyendo<\/a><\/div><\/div><\/div><\/div><\/div><\/div>\n<div class=\" pt-cv-pagination-wrapper\"><ul class=\"pt-cv-pagination pt-cv-ajax pagination\" data-totalpages=\"3\" data-currentpage=\"1\" data-sid=\"02fd51ffun\" data-unid=\"\" data-isblock=\"\" data-postid=\"\"><li class=\"active\"><a href=\"#\">1<\/a><\/li>\n\t<li ><a class=\"\" href=\"https:\/\/blogsaverroes.juntadeandalucia.es\/elespaciodelasmates\/wp-json\/wp\/v2\/pages\/345\/?_page=2\">2<\/a><\/li>\n\t<li ><a class=\"\" href=\"https:\/\/blogsaverroes.juntadeandalucia.es\/elespaciodelasmates\/wp-json\/wp\/v2\/pages\/345\/?_page=3\">3<\/a><\/li>\n\t<li ><a class=\" \" href=\"https:\/\/blogsaverroes.juntadeandalucia.es\/elespaciodelasmates\/wp-json\/wp\/v2\/pages\/345\/?_page=2\">&rsaquo;<\/a><\/li>\n\t<\/ul><img loading=\"lazy\" decoding=\"async\" width=\"15\" height=\"15\" class=\"pt-cv-spinner\" alt=\"Cargando...\" src=\"data:image\/gif;base64,R0lGODlhDwAPALMPAMrKygwMDJOTkz09PZWVla+vr3p6euTk5M7OzuXl5TMzMwAAAJmZmWZmZszMzP\/\/\/yH\/C05FVFNDQVBFMi4wAwEAAAAh+QQFCgAPACwAAAAADwAPAAAEQvDJaZaZOIcV8iQK8VRX4iTYoAwZ4iCYoAjZ4RxejhVNoT+mRGP4cyF4Pp0N98sBGIBMEMOotl6YZ3S61Bmbkm4mAgAh+QQFCgAPACwAAAAADQANAAAENPDJSRSZeA418itN8QiK8BiLITVsFiyBBIoYqnoewAD4xPw9iY4XLGYSjkQR4UAUD45DLwIAIfkEBQoADwAsAAAAAA8ACQAABC\/wyVlamTi3nSdgwFNdhEJgTJoNyoB9ISYoQmdjiZPcj7EYCAeCF1gEDo4Dz2eIAAAh+QQFCgAPACwCAAAADQANAAAEM\/DJBxiYeLKdX3IJZT1FU0iIg2RNKx3OkZVnZ98ToRD4MyiDnkAh6BkNC0MvsAj0kMpHBAAh+QQFCgAPACwGAAAACQAPAAAEMDC59KpFDll73HkAA2wVY5KgiK5b0RRoI6MuzG6EQqCDMlSGheEhUAgqgUUAFRySIgAh+QQFCgAPACwCAAIADQANAAAEM\/DJKZNLND\/kkKaHc3xk+QAMYDKsiaqmZCxGVjSFFCxB1vwy2oOgIDxuucxAMTAJFAJNBAAh+QQFCgAPACwAAAYADwAJAAAEMNAs86q1yaWwwv2Ig0jUZx3OYa4XoRAfwADXoAwfo1+CIjyFRuEho60aSNYlOPxEAAAh+QQFCgAPACwAAAIADQANAAAENPA9s4y8+IUVcqaWJ4qEQozSoAzoIyhCK2NFU2SJk0hNnyEOhKR2AzAAj4Pj4GE4W0bkJQIAOw==\" \/><div class=\"clear pt-cv-clear-pagination\"><\/div><\/div><\/div>\n","protected":false},"excerpt":{"rendered":"","protected":false},"author":12945,"featured_media":0,"parent":0,"menu_order":0,"comment_status":"closed","ping_status":"closed","template":"","meta":{"ngg_post_thumbnail":0,"footnotes":""},"aioseo_notices":[],"_links":{"self":[{"href":"https:\/\/blogsaverroes.juntadeandalucia.es\/elespaciodelasmates\/wp-json\/wp\/v2\/pages\/345"}],"collection":[{"href":"https:\/\/blogsaverroes.juntadeandalucia.es\/elespaciodelasmates\/wp-json\/wp\/v2\/pages"}],"about":[{"href":"https:\/\/blogsaverroes.juntadeandalucia.es\/elespaciodelasmates\/wp-json\/wp\/v2\/types\/page"}],"author":[{"embeddable":true,"href":"https:\/\/blogsaverroes.juntadeandalucia.es\/elespaciodelasmates\/wp-json\/wp\/v2\/users\/12945"}],"replies":[{"embeddable":true,"href":"https:\/\/blogsaverroes.juntadeandalucia.es\/elespaciodelasmates\/wp-json\/wp\/v2\/comments?post=345"}],"version-history":[{"count":4,"href":"https:\/\/blogsaverroes.juntadeandalucia.es\/elespaciodelasmates\/wp-json\/wp\/v2\/pages\/345\/revisions"}],"predecessor-version":[{"id":361,"href":"https:\/\/blogsaverroes.juntadeandalucia.es\/elespaciodelasmates\/wp-json\/wp\/v2\/pages\/345\/revisions\/361"}],"wp:attachment":[{"href":"https:\/\/blogsaverroes.juntadeandalucia.es\/elespaciodelasmates\/wp-json\/wp\/v2\/media?parent=345"}],"curies":[{"name":"wp","href":"https:\/\/api.w.org\/{rel}","templated":true}]}}