{"id":1123,"date":"2022-07-15T11:56:47","date_gmt":"2022-07-15T09:56:47","guid":{"rendered":"https:\/\/blogsaverroes.juntadeandalucia.es\/ellocodelamochila\/?page_id=1123"},"modified":"2025-04-18T16:44:39","modified_gmt":"2025-04-18T14:44:39","slug":"la-lomloe-y-su-desarrollo-curricular","status":"publish","type":"page","link":"https:\/\/blogsaverroes.juntadeandalucia.es\/ellocodelamochila\/lomloe\/la-lomloe-y-su-desarrollo-curricular\/","title":{"rendered":"LA LOMLOE Y SU DESARROLLO CURRICULAR"},"content":{"rendered":"<p style=\"text-align: justify\"><span style=\"font-size: 14pt;font-family: terminal, monaco, monospace\"><img loading=\"lazy\" decoding=\"async\" class=\"size-medium wp-image-2459 alignright\" src=\"https:\/\/blogsaverroes.juntadeandalucia.es\/ellocodelamochila\/files\/2023\/08\/La-LOMLOE-y-desarrollo-curricular-300x300.jpg\" alt=\"\" width=\"300\" height=\"300\" srcset=\"https:\/\/blogsaverroes.juntadeandalucia.es\/ellocodelamochila\/files\/2023\/08\/La-LOMLOE-y-desarrollo-curricular-300x300.jpg 300w, https:\/\/blogsaverroes.juntadeandalucia.es\/ellocodelamochila\/files\/2023\/08\/La-LOMLOE-y-desarrollo-curricular-1024x1024.jpg 1024w, https:\/\/blogsaverroes.juntadeandalucia.es\/ellocodelamochila\/files\/2023\/08\/La-LOMLOE-y-desarrollo-curricular-150x150.jpg 150w, https:\/\/blogsaverroes.juntadeandalucia.es\/ellocodelamochila\/files\/2023\/08\/La-LOMLOE-y-desarrollo-curricular-768x768.jpg 768w, https:\/\/blogsaverroes.juntadeandalucia.es\/ellocodelamochila\/files\/2023\/08\/La-LOMLOE-y-desarrollo-curricular.jpg 1080w\" sizes=\"(max-width: 300px) 100vw, 300px\" \/><\/span><\/p>\n<p style=\"text-align: justify\"><span style=\"font-size: 14pt;font-family: terminal, monaco, monospace\">En el desarrollo normativo del curr\u00edculo LOMLOE se habla de los distintos elementos que lo conforman: las competencias clave, las competencias espec\u00edficas, los criterios de evaluaci\u00f3n, etc. Sin embargo, en los textos normativos la informaci\u00f3n aparece concentrada, sin ning\u00fan gr\u00e1fico que ilustre lo que se est\u00e1 exponiendo. Por ello, es complejo darse cuenta de las relaciones que mantienen entre s\u00ed estos elementos curriculares.<\/span><\/p>\n<p style=\"text-align: justify\"><span style=\"font-family: terminal, monaco, monospace;font-size: 14pt\">Por ello, para facilitar un poco el conocimiento de los elementos curriculares que contiene la LOMLOE, as\u00ed como las relaciones que mantienen entre s\u00ed, podemos ver la siguiente <strong>infograf\u00eda<\/strong>. Adem\u00e1s,<\/span><span style=\"font-size: 14pt;font-family: terminal, monaco, monospace\">&nbsp;a continuaci\u00f3n incluyo un repositorio con todos los documentos legislativos que la desarrollan.<\/span><\/p>\n<p><img loading=\"lazy\" decoding=\"async\" class=\"aligncenter wp-image-1211 size-large\" src=\"https:\/\/blogsaverroes.juntadeandalucia.es\/ellocodelamochila\/files\/2022\/07\/Mapa-curr\u00edculo-LOMLOE-1024x576.png\" alt=\"\" width=\"1024\" height=\"576\" srcset=\"https:\/\/blogsaverroes.juntadeandalucia.es\/ellocodelamochila\/files\/2022\/07\/Mapa-curr\u00edculo-LOMLOE-1024x576.png 1024w, https:\/\/blogsaverroes.juntadeandalucia.es\/ellocodelamochila\/files\/2022\/07\/Mapa-curr\u00edculo-LOMLOE-300x169.png 300w, https:\/\/blogsaverroes.juntadeandalucia.es\/ellocodelamochila\/files\/2022\/07\/Mapa-curr\u00edculo-LOMLOE-768x432.png 768w, https:\/\/blogsaverroes.juntadeandalucia.es\/ellocodelamochila\/files\/2022\/07\/Mapa-curr\u00edculo-LOMLOE-1536x864.png 1536w, https:\/\/blogsaverroes.juntadeandalucia.es\/ellocodelamochila\/files\/2022\/07\/Mapa-curr\u00edculo-LOMLOE.png 1920w\" sizes=\"(max-width: 1024px) 100vw, 1024px\" \/><\/p>\n<h2 style=\"text-align: center\"><span style=\"font-family: terminal, monaco, monospace\"><strong><span style=\"font-size: 24pt\">REPOSITORIO DOCUMENTAL<\/span><\/strong><\/span><\/h2>\n<hr>\n<p style=\"text-align: justify\"><strong><span style=\"font-family: terminal, monaco, monospace;font-size: 14pt\">LEGISLACI\u00d3N ESTATAL:<\/span><\/strong><\/p>\n<table style=\"border-collapse: collapse;width: 100%\">\n<tbody>\n<tr>\n<td style=\"width: 50%\"><a href=\"https:\/\/www.boe.es\/buscar\/pdf\/2020\/BOE-A-2020-17264-consolidado.pdf\" target=\"_blank\" rel=\"noopener noreferrer\"><img loading=\"lazy\" decoding=\"async\" class=\"aligncenter wp-image-1126\" src=\"https:\/\/blogsaverroes.juntadeandalucia.es\/ellocodelamochila\/files\/2022\/07\/file-type-pdf.981x1024-150x150.png\" alt=\"\" width=\"100\" height=\"104\" srcset=\"https:\/\/blogsaverroes.juntadeandalucia.es\/ellocodelamochila\/files\/2022\/07\/file-type-pdf.981x1024-287x300.png 287w, https:\/\/blogsaverroes.juntadeandalucia.es\/ellocodelamochila\/files\/2022\/07\/file-type-pdf.981x1024-768x802.png 768w, https:\/\/blogsaverroes.juntadeandalucia.es\/ellocodelamochila\/files\/2022\/07\/file-type-pdf.981x1024.png 981w\" sizes=\"(max-width: 100px) 100vw, 100px\" \/><\/a><\/p>\n<p style=\"text-align: center\"><span style=\"font-size: 14pt\"><strong>LOMLOE<\/strong><\/span><\/p>\n<\/td>\n<td style=\"width: 50%\"><a href=\"https:\/\/www.boe.es\/boe\/dias\/2022\/02\/02\/pdfs\/BOE-A-2022-1654.pdf\" target=\"_blank\" rel=\"noopener noreferrer\"><img loading=\"lazy\" decoding=\"async\" class=\"aligncenter wp-image-1126\" src=\"https:\/\/blogsaverroes.juntadeandalucia.es\/ellocodelamochila\/files\/2022\/07\/file-type-pdf.981x1024-150x150.png\" alt=\"\" width=\"100\" height=\"104\" srcset=\"https:\/\/blogsaverroes.juntadeandalucia.es\/ellocodelamochila\/files\/2022\/07\/file-type-pdf.981x1024-287x300.png 287w, https:\/\/blogsaverroes.juntadeandalucia.es\/ellocodelamochila\/files\/2022\/07\/file-type-pdf.981x1024-768x802.png 768w, https:\/\/blogsaverroes.juntadeandalucia.es\/ellocodelamochila\/files\/2022\/07\/file-type-pdf.981x1024.png 981w\" sizes=\"(max-width: 100px) 100vw, 100px\" \/><\/a><\/p>\n<p style=\"text-align: center\"><span style=\"font-size: 14pt\"><strong>Real Decreto Infantil<\/strong><\/span><\/p>\n<\/td>\n<\/tr>\n<tr>\n<td style=\"width: 50%\"><a href=\"https:\/\/boe.es\/boe\/dias\/2022\/03\/02\/pdfs\/BOE-A-2022-3296.pdf\" target=\"_blank\" rel=\"noopener noreferrer\"><img loading=\"lazy\" decoding=\"async\" class=\"aligncenter wp-image-1126\" src=\"https:\/\/blogsaverroes.juntadeandalucia.es\/ellocodelamochila\/files\/2022\/07\/file-type-pdf.981x1024-150x150.png\" alt=\"\" width=\"100\" height=\"104\" srcset=\"https:\/\/blogsaverroes.juntadeandalucia.es\/ellocodelamochila\/files\/2022\/07\/file-type-pdf.981x1024-287x300.png 287w, https:\/\/blogsaverroes.juntadeandalucia.es\/ellocodelamochila\/files\/2022\/07\/file-type-pdf.981x1024-768x802.png 768w, https:\/\/blogsaverroes.juntadeandalucia.es\/ellocodelamochila\/files\/2022\/07\/file-type-pdf.981x1024.png 981w\" sizes=\"(max-width: 100px) 100vw, 100px\" \/><\/a><\/p>\n<p style=\"text-align: center\"><strong><span style=\"font-size: 14pt\">Real Decreto Primaria<\/span><\/strong><\/p>\n<\/td>\n<td style=\"width: 50%\"><a href=\"https:\/\/www.boe.es\/boe\/dias\/2022\/03\/30\/pdfs\/BOE-A-2022-4975.pdf\" target=\"_blank\" rel=\"noopener noreferrer\"><img loading=\"lazy\" decoding=\"async\" class=\"aligncenter wp-image-1126\" src=\"https:\/\/blogsaverroes.juntadeandalucia.es\/ellocodelamochila\/files\/2022\/07\/file-type-pdf.981x1024-150x150.png\" alt=\"\" width=\"100\" height=\"104\" srcset=\"https:\/\/blogsaverroes.juntadeandalucia.es\/ellocodelamochila\/files\/2022\/07\/file-type-pdf.981x1024-287x300.png 287w, https:\/\/blogsaverroes.juntadeandalucia.es\/ellocodelamochila\/files\/2022\/07\/file-type-pdf.981x1024-768x802.png 768w, https:\/\/blogsaverroes.juntadeandalucia.es\/ellocodelamochila\/files\/2022\/07\/file-type-pdf.981x1024.png 981w\" sizes=\"(max-width: 100px) 100vw, 100px\" \/><\/a><\/p>\n<p style=\"text-align: center\"><strong><span style=\"font-size: 14pt\">Real Decreto ESO<\/span><\/strong><\/p>\n<\/td>\n<\/tr>\n<tr>\n<td style=\"width: 50%\"><a href=\"https:\/\/www.boe.es\/buscar\/pdf\/2022\/BOE-A-2022-5521-consolidado.pdf\" target=\"_blank\" rel=\"noopener noreferrer\"><img loading=\"lazy\" decoding=\"async\" class=\"aligncenter wp-image-1126\" src=\"https:\/\/blogsaverroes.juntadeandalucia.es\/ellocodelamochila\/files\/2022\/07\/file-type-pdf.981x1024-150x150.png\" alt=\"\" width=\"100\" height=\"104\" srcset=\"https:\/\/blogsaverroes.juntadeandalucia.es\/ellocodelamochila\/files\/2022\/07\/file-type-pdf.981x1024-287x300.png 287w, https:\/\/blogsaverroes.juntadeandalucia.es\/ellocodelamochila\/files\/2022\/07\/file-type-pdf.981x1024-768x802.png 768w, https:\/\/blogsaverroes.juntadeandalucia.es\/ellocodelamochila\/files\/2022\/07\/file-type-pdf.981x1024.png 981w\" sizes=\"(max-width: 100px) 100vw, 100px\" \/><\/a><\/p>\n<p style=\"text-align: center\"><strong><span style=\"font-size: 14pt\">Real Decreto Bachillerato<\/span><\/strong><\/p>\n<\/td>\n<td style=\"width: 50%\"><a href=\"https:\/\/www.boe.es\/boe\/dias\/2021\/11\/17\/pdfs\/BOE-A-2021-18812.pdf\" target=\"_blank\" rel=\"noopener noreferrer\"><img loading=\"lazy\" decoding=\"async\" class=\"aligncenter wp-image-1126\" src=\"https:\/\/blogsaverroes.juntadeandalucia.es\/ellocodelamochila\/files\/2022\/07\/file-type-pdf.981x1024-150x150.png\" alt=\"\" width=\"100\" height=\"104\" srcset=\"https:\/\/blogsaverroes.juntadeandalucia.es\/ellocodelamochila\/files\/2022\/07\/file-type-pdf.981x1024-287x300.png 287w, https:\/\/blogsaverroes.juntadeandalucia.es\/ellocodelamochila\/files\/2022\/07\/file-type-pdf.981x1024-768x802.png 768w, https:\/\/blogsaverroes.juntadeandalucia.es\/ellocodelamochila\/files\/2022\/07\/file-type-pdf.981x1024.png 981w\" sizes=\"(max-width: 100px) 100vw, 100px\" \/><\/a><\/p>\n<p style=\"text-align: center\"><strong><span style=\"font-size: 14pt\">Real Decreto Evaluaci\u00f3n Primaria, ESO, Bachillerato y FP<\/span><\/strong><\/p>\n<\/td>\n<\/tr>\n<\/tbody>\n<\/table>\n<p style=\"text-align: center\">&nbsp;<\/p>\n<p style=\"text-align: justify\"><strong><span style=\"font-family: terminal, monaco, monospace;font-size: 14pt\">LEGISLACI\u00d3N ANDALUZA:<\/span><\/strong><\/p>\n<table style=\"border-collapse: collapse;width: 100%;height: 395px\">\n<tbody>\n<tr style=\"height: 174px\">\n<td style=\"width: 50%;height: 174px\"><a href=\"https:\/\/drive.google.com\/file\/d\/1Yp2whcBkF_Ei7t0S-Lvwvp1qjZN90qiG\/view?usp=share_link\" target=\"_blank\" rel=\"noopener noreferrer\"><img loading=\"lazy\" decoding=\"async\" class=\"aligncenter wp-image-1126\" src=\"https:\/\/blogsaverroes.juntadeandalucia.es\/ellocodelamochila\/files\/2022\/07\/file-type-pdf.981x1024-150x150.png\" alt=\"\" width=\"100\" height=\"104\" srcset=\"https:\/\/blogsaverroes.juntadeandalucia.es\/ellocodelamochila\/files\/2022\/07\/file-type-pdf.981x1024-287x300.png 287w, https:\/\/blogsaverroes.juntadeandalucia.es\/ellocodelamochila\/files\/2022\/07\/file-type-pdf.981x1024-768x802.png 768w, https:\/\/blogsaverroes.juntadeandalucia.es\/ellocodelamochila\/files\/2022\/07\/file-type-pdf.981x1024.png 981w\" sizes=\"(max-width: 100px) 100vw, 100px\" \/><\/a><\/p>\n<p style=\"text-align: center\"><strong><span style=\"font-size: 14pt\">Decreto de Infantil<\/span><\/strong><\/p>\n<\/td>\n<td style=\"width: 50%;height: 174px\"><a href=\"https:\/\/drive.google.com\/file\/d\/1uPiL2PedFinn7hUZ_zWgUJKHljdwiudY\/view?usp=share_link\" target=\"_blank\" rel=\"noopener noreferrer\"><img loading=\"lazy\" decoding=\"async\" class=\"aligncenter wp-image-1126\" src=\"https:\/\/blogsaverroes.juntadeandalucia.es\/ellocodelamochila\/files\/2022\/07\/file-type-pdf.981x1024-150x150.png\" alt=\"\" width=\"100\" height=\"104\" srcset=\"https:\/\/blogsaverroes.juntadeandalucia.es\/ellocodelamochila\/files\/2022\/07\/file-type-pdf.981x1024-287x300.png 287w, https:\/\/blogsaverroes.juntadeandalucia.es\/ellocodelamochila\/files\/2022\/07\/file-type-pdf.981x1024-768x802.png 768w, https:\/\/blogsaverroes.juntadeandalucia.es\/ellocodelamochila\/files\/2022\/07\/file-type-pdf.981x1024.png 981w\" sizes=\"(max-width: 100px) 100vw, 100px\" \/><\/a><\/p>\n<p style=\"text-align: center\"><strong><span style=\"font-size: 14pt\">Orden de Infantil<\/span><\/strong><\/p>\n<\/td>\n<\/tr>\n<tr style=\"height: 221px\">\n<td style=\"width: 50%;height: 221px\"><a href=\"https:\/\/drive.google.com\/file\/d\/1oTQtc1B6U6t1H-ffjE1Rof2fSPQLpsYG\/view?usp=share_link\" target=\"_blank\" rel=\"noopener noreferrer\"><img loading=\"lazy\" decoding=\"async\" class=\"aligncenter wp-image-1126\" src=\"https:\/\/blogsaverroes.juntadeandalucia.es\/ellocodelamochila\/files\/2022\/07\/file-type-pdf.981x1024-150x150.png\" alt=\"\" width=\"100\" height=\"104\" srcset=\"https:\/\/blogsaverroes.juntadeandalucia.es\/ellocodelamochila\/files\/2022\/07\/file-type-pdf.981x1024-287x300.png 287w, https:\/\/blogsaverroes.juntadeandalucia.es\/ellocodelamochila\/files\/2022\/07\/file-type-pdf.981x1024-768x802.png 768w, https:\/\/blogsaverroes.juntadeandalucia.es\/ellocodelamochila\/files\/2022\/07\/file-type-pdf.981x1024.png 981w\" sizes=\"(max-width: 100px) 100vw, 100px\" \/><\/a><\/p>\n<p style=\"text-align: center\"><span style=\"font-size: 14pt\"><strong>Decreto de Primaria<\/strong><\/span><\/p>\n<\/td>\n<td style=\"width: 50%;height: 221px\"><a href=\"https:\/\/drive.google.com\/file\/d\/15cuyjujj3dVrGlLz1ETPkzoRIJ6p-w-_\/view?usp=share_link\" target=\"_blank\" rel=\"noopener noreferrer\"><img loading=\"lazy\" decoding=\"async\" class=\"aligncenter wp-image-1126\" src=\"https:\/\/blogsaverroes.juntadeandalucia.es\/ellocodelamochila\/files\/2022\/07\/file-type-pdf.981x1024-150x150.png\" alt=\"\" width=\"100\" height=\"104\" srcset=\"https:\/\/blogsaverroes.juntadeandalucia.es\/ellocodelamochila\/files\/2022\/07\/file-type-pdf.981x1024-287x300.png 287w, https:\/\/blogsaverroes.juntadeandalucia.es\/ellocodelamochila\/files\/2022\/07\/file-type-pdf.981x1024-768x802.png 768w, https:\/\/blogsaverroes.juntadeandalucia.es\/ellocodelamochila\/files\/2022\/07\/file-type-pdf.981x1024.png 981w\" sizes=\"(max-width: 100px) 100vw, 100px\" \/><\/a><\/p>\n<p style=\"text-align: center\"><strong><span style=\"font-size: 14pt\">Orden de Primaria<\/span><\/strong><\/p>\n<\/td>\n<\/tr>\n<\/tbody>\n<\/table>\n<table style=\"border-collapse: collapse;width: 100%\">\n<tbody>\n<tr>\n<td style=\"width: 50%\"><a href=\"https:\/\/drive.google.com\/file\/d\/1-aeShXgJFNCak4ZuQ1WXRTOCJgydzS3y\/view?usp=share_link\" target=\"_blank\" rel=\"noopener noreferrer\"><img loading=\"lazy\" decoding=\"async\" class=\"aligncenter wp-image-1126\" src=\"https:\/\/blogsaverroes.juntadeandalucia.es\/ellocodelamochila\/files\/2022\/07\/file-type-pdf.981x1024-150x150.png\" alt=\"\" width=\"100\" height=\"104\" srcset=\"https:\/\/blogsaverroes.juntadeandalucia.es\/ellocodelamochila\/files\/2022\/07\/file-type-pdf.981x1024-287x300.png 287w, https:\/\/blogsaverroes.juntadeandalucia.es\/ellocodelamochila\/files\/2022\/07\/file-type-pdf.981x1024-768x802.png 768w, https:\/\/blogsaverroes.juntadeandalucia.es\/ellocodelamochila\/files\/2022\/07\/file-type-pdf.981x1024.png 981w\" sizes=\"(max-width: 100px) 100vw, 100px\" \/><\/a><\/p>\n<p style=\"text-align: center\"><strong><span style=\"font-size: 14pt\">Decreto de ESO<\/span><\/strong><\/p>\n<\/td>\n<td style=\"width: 50%\"><a href=\"https:\/\/drive.google.com\/file\/d\/1IxLLy9BQB3x19M43MzB7cw6A1UXu6VOU\/view?usp=share_link\" target=\"_blank\" rel=\"noopener noreferrer\"><img loading=\"lazy\" decoding=\"async\" class=\"aligncenter wp-image-1126\" src=\"https:\/\/blogsaverroes.juntadeandalucia.es\/ellocodelamochila\/files\/2022\/07\/file-type-pdf.981x1024-150x150.png\" alt=\"\" width=\"100\" height=\"104\" srcset=\"https:\/\/blogsaverroes.juntadeandalucia.es\/ellocodelamochila\/files\/2022\/07\/file-type-pdf.981x1024-287x300.png 287w, https:\/\/blogsaverroes.juntadeandalucia.es\/ellocodelamochila\/files\/2022\/07\/file-type-pdf.981x1024-768x802.png 768w, https:\/\/blogsaverroes.juntadeandalucia.es\/ellocodelamochila\/files\/2022\/07\/file-type-pdf.981x1024.png 981w\" sizes=\"(max-width: 100px) 100vw, 100px\" \/><\/a><\/p>\n<p style=\"text-align: center\"><strong><span style=\"font-size: 14pt\">Orden de ESO<\/span><\/strong><\/p>\n<\/td>\n<\/tr>\n<tr>\n<td style=\"width: 50%\"><a href=\"https:\/\/drive.google.com\/file\/d\/1MSHvg8APfhf4Di_JGj2Krih-8L632okW\/view?usp=share_link\" target=\"_blank\" rel=\"noopener noreferrer\"><img loading=\"lazy\" decoding=\"async\" class=\"aligncenter wp-image-1126\" src=\"https:\/\/blogsaverroes.juntadeandalucia.es\/ellocodelamochila\/files\/2022\/07\/file-type-pdf.981x1024-150x150.png\" alt=\"\" width=\"100\" height=\"104\" srcset=\"https:\/\/blogsaverroes.juntadeandalucia.es\/ellocodelamochila\/files\/2022\/07\/file-type-pdf.981x1024-287x300.png 287w, https:\/\/blogsaverroes.juntadeandalucia.es\/ellocodelamochila\/files\/2022\/07\/file-type-pdf.981x1024-768x802.png 768w, https:\/\/blogsaverroes.juntadeandalucia.es\/ellocodelamochila\/files\/2022\/07\/file-type-pdf.981x1024.png 981w\" sizes=\"(max-width: 100px) 100vw, 100px\" \/><\/a><\/p>\n<p style=\"text-align: center\"><span style=\"font-size: 14pt\"><strong>Decreto de Bachillerato<\/strong><\/span><\/p>\n<\/td>\n<td style=\"width: 50%\"><a href=\"https:\/\/drive.google.com\/file\/d\/1xvjZJVZR-OryPnpqROHVsGTzQbeVopo0\/view?usp=share_link\" target=\"_blank\" rel=\"noopener noreferrer\"><img loading=\"lazy\" decoding=\"async\" class=\"aligncenter wp-image-1126\" src=\"https:\/\/blogsaverroes.juntadeandalucia.es\/ellocodelamochila\/files\/2022\/07\/file-type-pdf.981x1024-150x150.png\" alt=\"\" width=\"100\" height=\"104\" srcset=\"https:\/\/blogsaverroes.juntadeandalucia.es\/ellocodelamochila\/files\/2022\/07\/file-type-pdf.981x1024-287x300.png 287w, https:\/\/blogsaverroes.juntadeandalucia.es\/ellocodelamochila\/files\/2022\/07\/file-type-pdf.981x1024-768x802.png 768w, https:\/\/blogsaverroes.juntadeandalucia.es\/ellocodelamochila\/files\/2022\/07\/file-type-pdf.981x1024.png 981w\" sizes=\"(max-width: 100px) 100vw, 100px\" \/><\/a><\/p>\n<p style=\"text-align: center\"><strong><span style=\"font-size: 14pt\">Orden de Bachillerato<\/span><\/strong><\/p>\n<\/td>\n<\/tr>\n<\/tbody>\n<\/table>\n<p style=\"text-align: left\"><strong><span style=\"font-family: terminal, monaco, monospace;font-size: 14pt\">M\u00c1S INFORMACI\u00d3N:<\/span><\/strong><\/p>\n<table style=\"border-collapse: collapse;width: 100%\">\n<tbody>\n<tr>\n<td style=\"width: 50%\"><a href=\"https:\/\/educagob.educacionyfp.gob.es\/curriculo\/curriculo-lomloe\/curriculos-ccaa.html\" target=\"_blank\" rel=\"noopener noreferrer\"><img loading=\"lazy\" decoding=\"async\" class=\"aligncenter wp-image-1148 size-thumbnail\" src=\"https:\/\/blogsaverroes.juntadeandalucia.es\/ellocodelamochila\/files\/2022\/07\/web-3.1024x1006-150x150.png\" alt=\"\" width=\"150\" height=\"150\"><\/a><\/p>\n<p style=\"text-align: center\"><strong><span style=\"font-size: 14pt\">Desarrollo curricular de todas las comunidades aut\u00f3nomas<\/span><\/strong><\/p>\n<\/td>\n<td style=\"width: 50%\"><a href=\"https:\/\/educagob.educacionyfp.gob.es\/lomloe\/ley.html\" target=\"_blank\" rel=\"noopener noreferrer\"><img loading=\"lazy\" decoding=\"async\" class=\"aligncenter wp-image-1148 size-thumbnail\" src=\"https:\/\/blogsaverroes.juntadeandalucia.es\/ellocodelamochila\/files\/2022\/07\/web-3.1024x1006-150x150.png\" alt=\"\" width=\"150\" height=\"150\"><\/a><\/p>\n<p style=\"text-align: center\"><strong><span style=\"font-size: 14pt\">Web del Ministerio de Educaci\u00f3n<\/span><\/strong><\/p>\n<\/td>\n<\/tr>\n<tr>\n<td style=\"width: 50%\">&nbsp;<\/td>\n<td style=\"width: 50%\">&nbsp;<\/td>\n<\/tr>\n<tr>\n<td style=\"width: 50%\">&nbsp;<\/td>\n<td style=\"width: 50%\">&nbsp;<\/td>\n<\/tr>\n<\/tbody>\n<\/table>\n<!--themify_builder_content-->\n<div id=\"themify_builder_content-1123\" data-postid=\"1123\" class=\"themify_builder_content themify_builder_content-1123 themify_builder tf_clear\">\n                    <div  data-lazy=\"1\" class=\"module_row themify_builder_row tb_13w232 tb_first tf_w\">\n                        <div class=\"row_inner col_align_top tb_col_count_1 tf_box tf_rel\">\n                        <div  data-lazy=\"1\" class=\"module_column tb-column col-full tb_dpk233 first\">\n                            <div  data-lazy=\"1\" class=\"module_subrow themify_builder_sub_row tf_w col_align_top tb_col_count_2 tb_744c527\">\n                <div  data-lazy=\"1\" class=\"module_column sub_column tb_cq6l527 first\">\n                            <\/div>\n                    <div  data-lazy=\"1\" class=\"module_column sub_column tb_nciw528 last\">\n                    <!-- module social share -->\n<div  class=\"module module-social-share tb_h74n123  tb_ss_size_large tb_ss_shape_rounded\" data-lazy=\"1\" data-title=\"\" data-url=\"\">\n        <div class=\"module-social-share-wrapper\">\n                                            <div class=\"ss_anchor_wrap tf_inline_b\">\n                        <a href=\"#\" data-type=\"facebook\">\n                            <em class=\"tb_social_share_icon\"><svg  aria-label=\"Facebook\" class=\"tf_fa tf-ti-facebook\" role=\"img\"><use href=\"#tf-ti-facebook\"><\/use><\/svg><\/em>\n                                                    <\/a>\n                    <\/div>\n                                    <div class=\"ss_anchor_wrap tf_inline_b\">\n                        <a href=\"#\" data-type=\"twitter\">\n                            <em class=\"tb_social_share_icon\"><svg  aria-label=\"Twitter\" class=\"tf_fa tf-fab-x-twitter\" role=\"img\"><use href=\"#tf-fab-x-twitter\"><\/use><\/svg><\/em>\n                                                    <\/a>\n                    <\/div>\n                                    <div class=\"ss_anchor_wrap tf_inline_b\">\n                        <a href=\"#\" data-type=\"email\">\n                            <em class=\"tb_social_share_icon\"><svg  aria-label=\"Email\" class=\"tf_fa tf-ti-email\" role=\"img\"><use href=\"#tf-ti-email\"><\/use><\/svg><\/em>\n                                                    <\/a>\n                    <\/div>\n                            <\/div>\n<\/div>\n<!-- \/module social share -->\n        <\/div>\n                    <\/div>\n                <\/div>\n                        <\/div>\n        <\/div>\n        <\/div>\n<!--\/themify_builder_content-->","protected":false},"excerpt":{"rendered":"<p>En el desarrollo normativo del curr\u00edculo LOMLOE se habla de los distintos elementos que lo conforman: las competencias clave, las competencias espec\u00edficas, los criterios de evaluaci\u00f3n, etc. Sin embargo, en los textos normativos la informaci\u00f3n aparece concentrada, sin ning\u00fan gr\u00e1fico que ilustre lo que se est\u00e1 exponiendo. Por ello, es complejo darse cuenta de las [&hellip;]<\/p>\n","protected":false},"author":4178,"featured_media":0,"parent":1026,"menu_order":1,"comment_status":"open","ping_status":"closed","template":"","meta":{"footnotes":""},"aioseo_notices":[],"_links":{"self":[{"href":"https:\/\/blogsaverroes.juntadeandalucia.es\/ellocodelamochila\/wp-json\/wp\/v2\/pages\/1123"}],"collection":[{"href":"https:\/\/blogsaverroes.juntadeandalucia.es\/ellocodelamochila\/wp-json\/wp\/v2\/pages"}],"about":[{"href":"https:\/\/blogsaverroes.juntadeandalucia.es\/ellocodelamochila\/wp-json\/wp\/v2\/types\/page"}],"author":[{"embeddable":true,"href":"https:\/\/blogsaverroes.juntadeandalucia.es\/ellocodelamochila\/wp-json\/wp\/v2\/users\/4178"}],"replies":[{"embeddable":true,"href":"https:\/\/blogsaverroes.juntadeandalucia.es\/ellocodelamochila\/wp-json\/wp\/v2\/comments?post=1123"}],"version-history":[{"count":43,"href":"https:\/\/blogsaverroes.juntadeandalucia.es\/ellocodelamochila\/wp-json\/wp\/v2\/pages\/1123\/revisions"}],"predecessor-version":[{"id":3247,"href":"https:\/\/blogsaverroes.juntadeandalucia.es\/ellocodelamochila\/wp-json\/wp\/v2\/pages\/1123\/revisions\/3247"}],"up":[{"embeddable":true,"href":"https:\/\/blogsaverroes.juntadeandalucia.es\/ellocodelamochila\/wp-json\/wp\/v2\/pages\/1026"}],"wp:attachment":[{"href":"https:\/\/blogsaverroes.juntadeandalucia.es\/ellocodelamochila\/wp-json\/wp\/v2\/media?parent=1123"}],"curies":[{"name":"wp","href":"https:\/\/api.w.org\/{rel}","templated":true}]}}