{"id":1253,"date":"2022-07-31T12:28:09","date_gmt":"2022-07-31T10:28:09","guid":{"rendered":"https:\/\/blogsaverroes.juntadeandalucia.es\/ellocodelamochila\/?page_id=1253"},"modified":"2025-07-10T14:11:14","modified_gmt":"2025-07-10T12:11:14","slug":"tic","status":"publish","type":"page","link":"https:\/\/blogsaverroes.juntadeandalucia.es\/ellocodelamochila\/tic\/","title":{"rendered":"TIC"},"content":{"rendered":"<!--themify_builder_content-->\n<div id=\"themify_builder_content-1253\" data-postid=\"1253\" class=\"themify_builder_content themify_builder_content-1253 themify_builder tf_clear\">\n                    <div  data-lazy=\"1\" class=\"module_row themify_builder_row tb_85wr176 tb_first tf_w\">\n                        <div class=\"row_inner col_align_top tb_col_count_2 tf_box tf_rel\">\n                        <div  data-lazy=\"1\" class=\"module_column tb-column tb_6j4r177 first\">\n                    <!-- module image -->\n<div  class=\"module module-image tb_xytl674 image-top drop-shadow bordered  auto_fullwidth tf_mw\" data-lazy=\"1\">\n        <div class=\"image-wrap tf_rel tf_mw\">\n            <img loading=\"lazy\" decoding=\"async\" width=\"1064\" height=\"1068\" src=\"https:\/\/blogsaverroes.juntadeandalucia.es\/ellocodelamochila\/files\/2025\/07\/Portada-tic.jpg\" class=\"wp-post-image wp-image-3311\" title=\"Repositorio fondos presentaciones - 309\" alt=\"Repositorio fondos presentaciones - 309\" srcset=\"https:\/\/blogsaverroes.juntadeandalucia.es\/ellocodelamochila\/files\/2025\/07\/Portada-tic.jpg 1064w, https:\/\/blogsaverroes.juntadeandalucia.es\/ellocodelamochila\/files\/2025\/07\/Portada-tic-300x300.jpg 300w, https:\/\/blogsaverroes.juntadeandalucia.es\/ellocodelamochila\/files\/2025\/07\/Portada-tic-1020x1024.jpg 1020w, https:\/\/blogsaverroes.juntadeandalucia.es\/ellocodelamochila\/files\/2025\/07\/Portada-tic-150x150.jpg 150w, https:\/\/blogsaverroes.juntadeandalucia.es\/ellocodelamochila\/files\/2025\/07\/Portada-tic-768x771.jpg 768w\" sizes=\"(max-width: 1064px) 100vw, 1064px\" \/>    \n        <\/div>\n    <!-- \/image-wrap -->\n    \n        <\/div>\n<!-- \/module image -->        <\/div>\n                    <div  data-lazy=\"1\" class=\"module_column tb-column tb_ce60177 last\">\n                    <!-- module menu -->\n<div  class=\"module module-menu tb_a5py48  mobile-menu-slide\" data-menu-style=\"mobile-menu-slide\" data-menu-breakpoint=\"\" data-menu-direction=\"right\" data-element-id=\"tb_a5py48\" data-lazy=\"1\">\n        \n    <div class=\"module-menu-container\"><ul id=\"menu-menu-pestana-tic\" class=\"ui tf_clearfix nav tf_rel tf_scrollbar vertical light-blue rounded gradient glossy embossed shadow\"><li id=\"menu-item-1286\" class=\"menu-item-page-493 menu-item menu-item-type-post_type menu-item-object-page menu-item-has-children menu-item-1286\"><a href=\"https:\/\/blogsaverroes.juntadeandalucia.es\/ellocodelamochila\/tic\/herramientas-digitales\/\">HERRAMIENTAS DIGITALES<span class=\"child-arrow closed\" tabindex=\"-1\"><\/span><\/a>\n<ul class=\"sub-menu\">\n\t<li id=\"menu-item-1287\" class=\"menu-item-page-498 menu-item menu-item-type-post_type menu-item-object-page menu-item-1287 menu-page-498-parent-1286\"><a href=\"https:\/\/blogsaverroes.juntadeandalucia.es\/ellocodelamochila\/tic\/herramientas-digitales\/genially\/\">GENIALLY<\/a><\/li>\n\t<li id=\"menu-item-1288\" class=\"menu-item-page-502 menu-item menu-item-type-post_type menu-item-object-page menu-item-1288 menu-page-502-parent-1286\"><a href=\"https:\/\/blogsaverroes.juntadeandalucia.es\/ellocodelamochila\/tic\/herramientas-digitales\/creacion-y-edicion-de-video\/\">CREACI\u00d3N Y EDICI\u00d3N DE V\u00cdDEO<\/a><\/li>\n\t<li id=\"menu-item-1289\" class=\"menu-item-page-506 menu-item menu-item-type-post_type menu-item-object-page menu-item-1289 menu-page-506-parent-1286\"><a href=\"https:\/\/blogsaverroes.juntadeandalucia.es\/ellocodelamochila\/tic\/herramientas-digitales\/herramientas-digitales\/\">HERRAMIENTAS DIGITALES<\/a><\/li>\n<\/ul>\n<\/li>\n<li id=\"menu-item-1290\" class=\"menu-item-page-365 menu-item menu-item-type-post_type menu-item-object-page menu-item-1290\"><a href=\"https:\/\/blogsaverroes.juntadeandalucia.es\/ellocodelamochila\/tic\/moodle-centros\/\">MOODLE CENTROS<\/a><\/li>\n<\/ul><\/div>        <style>\n            .mobile-menu-module[data-module=\"tb_a5py48\"]{\n                right:-300px            }\n        <\/style>\n    <\/div>\n<!-- \/module menu -->\n        <\/div>\n                        <\/div>\n        <\/div>\n        <\/div>\n<!--\/themify_builder_content-->&nbsp;<\/p>","protected":false},"excerpt":{"rendered":"<p>HERRAMIENTAS DIGITALES GENIALLY CREACI\u00d3N Y EDICI\u00d3N DE V\u00cdDEO HERRAMIENTAS DIGITALES MOODLE CENTROS &nbsp;<\/p>\n","protected":false},"author":4178,"featured_media":0,"parent":0,"menu_order":11,"comment_status":"closed","ping_status":"closed","template":"","meta":{"footnotes":""},"aioseo_notices":[],"_links":{"self":[{"href":"https:\/\/blogsaverroes.juntadeandalucia.es\/ellocodelamochila\/wp-json\/wp\/v2\/pages\/1253"}],"collection":[{"href":"https:\/\/blogsaverroes.juntadeandalucia.es\/ellocodelamochila\/wp-json\/wp\/v2\/pages"}],"about":[{"href":"https:\/\/blogsaverroes.juntadeandalucia.es\/ellocodelamochila\/wp-json\/wp\/v2\/types\/page"}],"author":[{"embeddable":true,"href":"https:\/\/blogsaverroes.juntadeandalucia.es\/ellocodelamochila\/wp-json\/wp\/v2\/users\/4178"}],"replies":[{"embeddable":true,"href":"https:\/\/blogsaverroes.juntadeandalucia.es\/ellocodelamochila\/wp-json\/wp\/v2\/comments?post=1253"}],"version-history":[{"count":31,"href":"https:\/\/blogsaverroes.juntadeandalucia.es\/ellocodelamochila\/wp-json\/wp\/v2\/pages\/1253\/revisions"}],"predecessor-version":[{"id":1293,"href":"https:\/\/blogsaverroes.juntadeandalucia.es\/ellocodelamochila\/wp-json\/wp\/v2\/pages\/1253\/revisions\/1293"}],"wp:attachment":[{"href":"https:\/\/blogsaverroes.juntadeandalucia.es\/ellocodelamochila\/wp-json\/wp\/v2\/media?parent=1253"}],"curies":[{"name":"wp","href":"https:\/\/api.w.org\/{rel}","templated":true}]}}