{"id":137,"date":"2020-06-28T12:29:08","date_gmt":"2020-06-28T10:29:08","guid":{"rendered":"https:\/\/blogsaverroes.juntadeandalucia.es\/miauladegrillos\/?page_id=137"},"modified":"2024-08-25T13:16:54","modified_gmt":"2024-08-25T11:16:54","slug":"evaluacion-por-competencias","status":"publish","type":"page","link":"https:\/\/blogsaverroes.juntadeandalucia.es\/ellocodelamochila\/evaluacion-por-competencias\/","title":{"rendered":"EVALUACI\u00d3N"},"content":{"rendered":"<!--themify_builder_content-->\n<div id=\"themify_builder_content-137\" data-postid=\"137\" class=\"themify_builder_content themify_builder_content-137 themify_builder tf_clear\">\n                    <div  data-lazy=\"1\" class=\"module_row themify_builder_row tb_dyvc626 tb_first tf_w\">\n                        <div class=\"row_inner col_align_top tb_col_count_2 tf_box tf_rel\">\n                        <div  data-lazy=\"1\" class=\"module_column tb-column col2-1 tb_4tnt626 first\">\n                    <!-- module image -->\n<div  class=\"module module-image tb_uwm3450 image-center drop-shadow bordered  tf_mw\" data-lazy=\"1\">\n        <div class=\"image-wrap tf_rel tf_mw\">\n            <img loading=\"lazy\" decoding=\"async\" src=\"https:\/\/blogsaverroes.juntadeandalucia.es\/ellocodelamochila\/files\/2024\/08\/Examen-1024x1005-500x490.jpg\" width=\"500\" height=\"490\" class=\"wp-post-image wp-image-2828\" title=\"Repositorio fondos presentaciones - 249\" alt=\"Repositorio fondos presentaciones - 249\" srcset=\"https:\/\/blogsaverroes.juntadeandalucia.es\/ellocodelamochila\/files\/2024\/08\/Examen-1024x1005-500x490.jpg 500w, https:\/\/blogsaverroes.juntadeandalucia.es\/ellocodelamochila\/files\/2024\/08\/Examen-300x294.jpg 300w, https:\/\/blogsaverroes.juntadeandalucia.es\/ellocodelamochila\/files\/2024\/08\/Examen-1024x1005.jpg 1024w, https:\/\/blogsaverroes.juntadeandalucia.es\/ellocodelamochila\/files\/2024\/08\/Examen-768x754.jpg 768w, https:\/\/blogsaverroes.juntadeandalucia.es\/ellocodelamochila\/files\/2024\/08\/Examen.jpg 1086w\" sizes=\"(max-width: 500px) 100vw, 500px\" \/>    \n        <\/div>\n    <!-- \/image-wrap -->\n    \n        <\/div>\n<!-- \/module image -->        <\/div>\n                    <div  data-lazy=\"1\" class=\"module_column tb-column col2-1 tb_ally627 last\">\n                    <!-- module menu -->\n<div  class=\"module module-menu tb_w6d3140  mobile-menu-slide\" data-menu-style=\"mobile-menu-slide\" data-menu-breakpoint=\"\" data-menu-direction=\"right\" data-element-id=\"tb_w6d3140\" data-lazy=\"1\">\n        \n    <div class=\"module-menu-container\"><ul id=\"menu-menu-pestana-evaluacion-por-competencias\" class=\"ui tf_clearfix nav tf_rel tf_scrollbar vertical light-blue rounded gradient glossy embossed shadow\"><li id=\"menu-item-2545\" class=\"menu-item-page-1989 menu-item menu-item-type-post_type menu-item-object-page menu-item-2545\"><a href=\"https:\/\/blogsaverroes.juntadeandalucia.es\/ellocodelamochila\/evaluacion-por-competencias\/la-evaluacion-inicial\/\">LA EVALUACI\u00d3N INICIAL<\/a><\/li>\n<li id=\"menu-item-2546\" class=\"menu-item-page-631 menu-item menu-item-type-post_type menu-item-object-page menu-item-2546\"><a href=\"https:\/\/blogsaverroes.juntadeandalucia.es\/ellocodelamochila\/evaluacion-por-competencias\/el-plan-de-evaluacion\/\">EL PLAN DE EVALUACI\u00d3N<\/a><\/li>\n<li id=\"menu-item-2547\" class=\"menu-item-page-713 menu-item menu-item-type-post_type menu-item-object-page menu-item-2547\"><a href=\"https:\/\/blogsaverroes.juntadeandalucia.es\/ellocodelamochila\/evaluacion-por-competencias\/articulos-sobre-evaluacion\/\">INSTRUMENTOS DE EVALUACI\u00d3N<\/a><\/li>\n<li id=\"menu-item-2833\" class=\"menu-item-page-2621 menu-item menu-item-type-post_type menu-item-object-page menu-item-2833\"><a href=\"https:\/\/blogsaverroes.juntadeandalucia.es\/ellocodelamochila\/evaluacion-por-competencias\/estrategias-para-llevar-la-evaluacion-formativa-a-nuestras-aulas\/\">ESTRATEGIAS PARA LLEVAR LA EVALUACI\u00d3N FORMATIVA A NUESTRAS AULAS<\/a><\/li>\n<li id=\"menu-item-2565\" class=\"menu-item-page-770 menu-item menu-item-type-post_type menu-item-object-page menu-item-2565\"><a href=\"https:\/\/blogsaverroes.juntadeandalucia.es\/ellocodelamochila\/evaluacion-por-competencias\/la-evaluacion-del-proceso-de-ensenanza\/\">LA EVALUACI\u00d3N DEL PROCESO DE ENSE\u00d1ANZA<\/a><\/li>\n<li id=\"menu-item-2566\" class=\"menu-item-page-612 menu-item menu-item-type-post_type menu-item-object-page menu-item-2566\"><a href=\"https:\/\/blogsaverroes.juntadeandalucia.es\/ellocodelamochila\/evaluacion-por-competencias\/la-evaluacion-de-pendientes\/\">LA EVALUACI\u00d3N DE PENDIENTES<\/a><\/li>\n<li id=\"menu-item-2564\" class=\"menu-item-page-617 menu-item menu-item-type-post_type menu-item-object-page menu-item-2564\"><a href=\"https:\/\/blogsaverroes.juntadeandalucia.es\/ellocodelamochila\/evaluacion-por-competencias\/razones-para-una-evaluacion-criterial\/\">RAZONES PARA UNA EVALUACI\u00d3N CRITERIAL<\/a><\/li>\n<li id=\"menu-item-2567\" class=\"menu-item-page-661 menu-item menu-item-type-post_type menu-item-object-page menu-item-2567\"><a href=\"https:\/\/blogsaverroes.juntadeandalucia.es\/ellocodelamochila\/evaluacion-por-competencias\/como-explicar-al-alumnado-la-evaluacion-criterial\/\">C\u00d3MO EXPLICAR AL ALUMNADO LA EVALUACI\u00d3N CRITERIAL<\/a><\/li>\n<li id=\"menu-item-2568\" class=\"menu-item-page-730 menu-item menu-item-type-post_type menu-item-object-page menu-item-2568\"><a href=\"https:\/\/blogsaverroes.juntadeandalucia.es\/ellocodelamochila\/evaluacion-por-competencias\/la-evaluacion-extraordinaria\/\">LA EVALUACI\u00d3N EXTRAORDINARIA<\/a><\/li>\n<\/ul><\/div>        <style>\n            .mobile-menu-module[data-module=\"tb_w6d3140\"]{\n                right:-300px            }\n        <\/style>\n    <\/div>\n<!-- \/module menu -->\n        <\/div>\n                        <\/div>\n        <\/div>\n        <\/div>\n<!--\/themify_builder_content-->&nbsp;<\/p>","protected":false},"excerpt":{"rendered":"<p>LA EVALUACI\u00d3N INICIAL EL PLAN DE EVALUACI\u00d3N INSTRUMENTOS DE EVALUACI\u00d3N LA EVALUACI\u00d3N DE PENDIENTES LA EVALUACI\u00d3N DEL PROCESO DE ENSE\u00d1ANZA RAZONES PARA UNA EVALUACI\u00d3N CRITERIAL C\u00d3MO EXPLICAR AL ALUMNADO LA EVALUACI\u00d3N CRITERIAL LA EVALUACI\u00d3N EXTRAORDINARIA &nbsp;<\/p>\n","protected":false},"author":4178,"featured_media":0,"parent":0,"menu_order":5,"comment_status":"closed","ping_status":"closed","template":"","meta":{"footnotes":""},"aioseo_notices":[],"_links":{"self":[{"href":"https:\/\/blogsaverroes.juntadeandalucia.es\/ellocodelamochila\/wp-json\/wp\/v2\/pages\/137"}],"collection":[{"href":"https:\/\/blogsaverroes.juntadeandalucia.es\/ellocodelamochila\/wp-json\/wp\/v2\/pages"}],"about":[{"href":"https:\/\/blogsaverroes.juntadeandalucia.es\/ellocodelamochila\/wp-json\/wp\/v2\/types\/page"}],"author":[{"embeddable":true,"href":"https:\/\/blogsaverroes.juntadeandalucia.es\/ellocodelamochila\/wp-json\/wp\/v2\/users\/4178"}],"replies":[{"embeddable":true,"href":"https:\/\/blogsaverroes.juntadeandalucia.es\/ellocodelamochila\/wp-json\/wp\/v2\/comments?post=137"}],"version-history":[{"count":74,"href":"https:\/\/blogsaverroes.juntadeandalucia.es\/ellocodelamochila\/wp-json\/wp\/v2\/pages\/137\/revisions"}],"predecessor-version":[{"id":2832,"href":"https:\/\/blogsaverroes.juntadeandalucia.es\/ellocodelamochila\/wp-json\/wp\/v2\/pages\/137\/revisions\/2832"}],"wp:attachment":[{"href":"https:\/\/blogsaverroes.juntadeandalucia.es\/ellocodelamochila\/wp-json\/wp\/v2\/media?parent=137"}],"curies":[{"name":"wp","href":"https:\/\/api.w.org\/{rel}","templated":true}]}}