{"id":1650,"date":"2022-09-26T18:39:15","date_gmt":"2022-09-26T16:39:15","guid":{"rendered":"https:\/\/blogsaverroes.juntadeandalucia.es\/ellocodelamochila\/?page_id=1650"},"modified":"2023-08-24T12:24:01","modified_gmt":"2023-08-24T10:24:01","slug":"repositorios-de-situaciones-de-aprendizaje","status":"publish","type":"page","link":"https:\/\/blogsaverroes.juntadeandalucia.es\/ellocodelamochila\/situaciones-de-aprendizaje-lomloe\/repositorios-de-situaciones-de-aprendizaje-2\/repositorios-de-situaciones-de-aprendizaje\/","title":{"rendered":"REPOSITORIOS VARIADOS DE SITUACIONES DE APRENDIZAJE"},"content":{"rendered":"<p style=\"text-align: justify\"><span style=\"font-family: terminal, monaco, monospace;font-size: 14pt\"><img loading=\"lazy\" decoding=\"async\" class=\" wp-image-2500 alignleft\" src=\"https:\/\/blogsaverroes.juntadeandalucia.es\/ellocodelamochila\/files\/2023\/08\/Repositorios-de-situaciones-de-aprendizaje-300x300.jpg\" alt=\"\" width=\"400\" height=\"400\" srcset=\"https:\/\/blogsaverroes.juntadeandalucia.es\/ellocodelamochila\/files\/2023\/08\/Repositorios-de-situaciones-de-aprendizaje-300x300.jpg 300w, https:\/\/blogsaverroes.juntadeandalucia.es\/ellocodelamochila\/files\/2023\/08\/Repositorios-de-situaciones-de-aprendizaje-1024x1024.jpg 1024w, https:\/\/blogsaverroes.juntadeandalucia.es\/ellocodelamochila\/files\/2023\/08\/Repositorios-de-situaciones-de-aprendizaje-150x150.jpg 150w, https:\/\/blogsaverroes.juntadeandalucia.es\/ellocodelamochila\/files\/2023\/08\/Repositorios-de-situaciones-de-aprendizaje-768x768.jpg 768w, https:\/\/blogsaverroes.juntadeandalucia.es\/ellocodelamochila\/files\/2023\/08\/Repositorios-de-situaciones-de-aprendizaje.jpg 1080w\" sizes=\"(max-width: 400px) 100vw, 400px\" \/>El dise\u00f1o de situaciones de aprendizaje es un aspecto clave en el desarrollo e implementaci\u00f3n de la LOMLOE en los centros educativos, pues representan la planificaci\u00f3n del trabajo competencial en el aula.<\/span><\/p>\n<p style=\"text-align: justify\"><span style=\"font-family: terminal, monaco, monospace;font-size: 14pt\">Por ello, hemos seleccionado algunas webs que cuentan con repositorios de situaciones, de proyectos o de buenas pr\u00e1cticas que pueden servir como inspiraci\u00f3n o, al menos, como punto de partida para el dise\u00f1o de las situaciones de aprendizaje propias.<\/span><\/p>\n<p style=\"text-align: justify\"><span style=\"font-family: terminal, monaco, monospace;font-size: 14pt\">Hay que aclarar que varias de ellos no contienen situaciones de aprendizaje en sentido estricto, pero s\u00ed proyectos para el trabajo en el aula que son f\u00e1cilmente adaptables por parte del docente para convertirlos en aut\u00e9nticas situaciones.&nbsp;<\/span><\/p>\n<p style=\"text-align: justify\"><span style=\"font-family: terminal, monaco, monospace;font-size: 14pt\">Son las siguientes:<\/span><\/p>\n<table style=\"border-collapse: collapse;width: 100%\">\n<tbody>\n<tr>\n<td style=\"width: 68.355641%\"><strong><span style=\"font-family: terminal, monaco, monospace;font-size: 14pt\">-Recursos educativos abiertos de la Junta de Andaluc\u00eda.<\/span><\/strong><\/p>\n<p style=\"padding-left: 40px;text-align: justify\"><span style=\"font-family: terminal, monaco, monospace;font-size: 14pt\">La Junta de Andaluc\u00eda pone a nuestra disposici\u00f3n m\u00e1s de doscientos cincuenta REA, esto es, recursos educativos abiertos. Podemos encontrar multitud de situaciones de aprendizaje para las diferentes \u00e1reas o materias de Primaria, Secundaria y Bachillerato. Su visita es muy recomendable. Adem\u00e1s, se est\u00e1n incluyendo ejemplos poco a poco.<\/span><\/p>\n<\/td>\n<td style=\"width: 31.644359%\"><a href=\"https:\/\/www.juntadeandalucia.es\/educacion\/portals\/web\/transformacion-digital-educativa\/rea\" target=\"_blank\" rel=\"noopener noreferrer\"><img loading=\"lazy\" decoding=\"async\" class=\"aligncenter wp-image-1148\" src=\"https:\/\/blogsaverroes.juntadeandalucia.es\/ellocodelamochila\/files\/2022\/07\/web-3.1024x1006-300x295.png\" alt=\"\" width=\"100\" height=\"98\" srcset=\"https:\/\/blogsaverroes.juntadeandalucia.es\/ellocodelamochila\/files\/2022\/07\/web-3.1024x1006-300x295.png 300w, https:\/\/blogsaverroes.juntadeandalucia.es\/ellocodelamochila\/files\/2022\/07\/web-3.1024x1006-768x755.png 768w, https:\/\/blogsaverroes.juntadeandalucia.es\/ellocodelamochila\/files\/2022\/07\/web-3.1024x1006.png 1024w\" sizes=\"(max-width: 100px) 100vw, 100px\" \/><\/a><\/td>\n<\/tr>\n<\/tbody>\n<\/table>\n<table style=\"border-collapse: collapse;width: 100%\">\n<tbody>\n<tr>\n<td style=\"width: 26.045627%\"><a href=\"https:\/\/proyectocrea.educarex.es\/recursos\" target=\"_blank\" rel=\"noopener noreferrer\"><img loading=\"lazy\" decoding=\"async\" class=\"aligncenter wp-image-1148\" src=\"https:\/\/blogsaverroes.juntadeandalucia.es\/ellocodelamochila\/files\/2022\/07\/web-3.1024x1006-300x295.png\" alt=\"\" width=\"100\" height=\"98\" srcset=\"https:\/\/blogsaverroes.juntadeandalucia.es\/ellocodelamochila\/files\/2022\/07\/web-3.1024x1006-300x295.png 300w, https:\/\/blogsaverroes.juntadeandalucia.es\/ellocodelamochila\/files\/2022\/07\/web-3.1024x1006-768x755.png 768w, https:\/\/blogsaverroes.juntadeandalucia.es\/ellocodelamochila\/files\/2022\/07\/web-3.1024x1006.png 1024w\" sizes=\"(max-width: 100px) 100vw, 100px\" \/><\/a><\/td>\n<td style=\"width: 73.954373%\"><strong><span style=\"font-family: terminal, monaco, monospace;font-size: 14pt\">-Proyecto CREA de la Junta de Extremadura.<\/span><\/strong><\/p>\n<p style=\"padding-left: 40px;text-align: justify\"><span style=\"font-family: terminal, monaco, monospace;font-size: 14pt\">Se trata de un excelente repositorio de recursos educativos abiertos elaborado por la Junta de Extremadura. Se pueden usar, modificar, adaptar y compartir f\u00e1cilmente. Adem\u00e1s, mediante el buscador podemos filtrarlos por niveles y por materias.<\/span><\/p>\n<\/td>\n<\/tr>\n<\/tbody>\n<\/table>\n<table style=\"border-collapse: collapse;width: 100%\">\n<tbody>\n<tr>\n<td style=\"width: 68.740849%\"><strong><span style=\"font-family: terminal, monaco, monospace;font-size: 14pt\">-Repositorio del Centro de desarrollo curricular en sistemas no propietarios (CEDEC).<\/span><\/strong><\/p>\n<p style=\"text-align: justify;padding-left: 40px\"><span style=\"font-family: terminal, monaco, monospace;font-size: 14pt\">En la actualidad el Ministerio de educaci\u00f3n est\u00e1 elaborando situaciones de aprendizaje que sirvan como modelo al profesorado para el dise\u00f1o de las suyas propias. Sin embargo, este repositorio de secuencias did\u00e1cticas ya se puede tomar como inspiraci\u00f3n. Se pueden filtrar por etapas educativas, idiomas y \u00e1reas o materias.<\/span><\/p>\n<\/td>\n<td style=\"width: 31.259151%\">\n<p style=\"text-align: justify;padding-left: 40px\"><span style=\"font-family: terminal, monaco, monospace;font-size: 14pt\"><a href=\"https:\/\/cedec.intef.es\/recursos\/\" target=\"_blank\" rel=\"noopener noreferrer\"><img loading=\"lazy\" decoding=\"async\" class=\"aligncenter wp-image-1148\" src=\"https:\/\/blogsaverroes.juntadeandalucia.es\/ellocodelamochila\/files\/2022\/07\/web-3.1024x1006-300x295.png\" alt=\"\" width=\"100\" height=\"98\" srcset=\"https:\/\/blogsaverroes.juntadeandalucia.es\/ellocodelamochila\/files\/2022\/07\/web-3.1024x1006-300x295.png 300w, https:\/\/blogsaverroes.juntadeandalucia.es\/ellocodelamochila\/files\/2022\/07\/web-3.1024x1006-768x755.png 768w, https:\/\/blogsaverroes.juntadeandalucia.es\/ellocodelamochila\/files\/2022\/07\/web-3.1024x1006.png 1024w\" sizes=\"(max-width: 100px) 100vw, 100px\" \/><\/a><\/span><\/p>\n<\/td>\n<\/tr>\n<\/tbody>\n<\/table>\n<table style=\"border-collapse: collapse;width: 100%\">\n<tbody>\n<tr>\n<td style=\"width: 25.674302%\">\n<p style=\"text-align: justify\"><strong><span style=\"font-family: terminal, monaco, monospace;font-size: 14pt\"><a href=\"https:\/\/auladelfuturo.intef.es\/recursos\/\" target=\"_blank\" rel=\"noopener noreferrer\"><img loading=\"lazy\" decoding=\"async\" class=\"aligncenter wp-image-1148\" src=\"https:\/\/blogsaverroes.juntadeandalucia.es\/ellocodelamochila\/files\/2022\/07\/web-3.1024x1006-300x295.png\" alt=\"\" width=\"100\" height=\"98\" srcset=\"https:\/\/blogsaverroes.juntadeandalucia.es\/ellocodelamochila\/files\/2022\/07\/web-3.1024x1006-300x295.png 300w, https:\/\/blogsaverroes.juntadeandalucia.es\/ellocodelamochila\/files\/2022\/07\/web-3.1024x1006-768x755.png 768w, https:\/\/blogsaverroes.juntadeandalucia.es\/ellocodelamochila\/files\/2022\/07\/web-3.1024x1006.png 1024w\" sizes=\"(max-width: 100px) 100vw, 100px\" \/><\/a><\/span><\/strong><\/p>\n<\/td>\n<td style=\"width: 74.325698%\">\n<p style=\"text-align: justify\"><strong><span style=\"font-family: terminal, monaco, monospace;font-size: 14pt\">-Repositorio de situaciones de aprendizaje del INTEF para el aula del futuro.<\/span><\/strong><\/p>\n<p style=\"text-align: justify;padding-left: 40px\"><span style=\"font-family: terminal, monaco, monospace;font-size: 14pt\">El INTEF lleva trabajando a\u00f1os en el aula del futuro y ha dise\u00f1ado un banco de situaciones de aprendizaje que pueden servirnos como inspiraci\u00f3n para el dise\u00f1o de las nuestras.<\/span><\/p>\n<\/td>\n<\/tr>\n<\/tbody>\n<\/table>\n<table style=\"border-collapse: collapse;width: 100%\">\n<tbody>\n<tr>\n<td style=\"width: 69.715752%\"><strong><span style=\"font-family: terminal, monaco, monospace;font-size: 14pt\">-Revista \u201cSit\u00faate\u201d del Gobierno de Canarias.<\/span><\/strong><\/p>\n<p style=\"text-align: justify;padding-left: 40px\"><span style=\"font-family: terminal, monaco, monospace;font-size: 14pt\">El Gobierno de Canarias cre\u00f3 en 2014 una revista en la que se recopilaban situaciones de aprendizaje para distintas \u00e1reas o materias de las diferentes etapas educativas. Eso s\u00ed: es necesario tener en cuenta que siguen la normativa LOMCE, pero pueden servir como modelos.<\/span><\/p>\n<\/td>\n<td style=\"width: 30.284248%\">\n<p style=\"text-align: justify;padding-left: 40px\"><a href=\"https:\/\/www3.gobiernodecanarias.org\/medusa\/ecoescuela\/sa\/revistas\/?revista=34&amp;mes=noviembre&amp;anio=2019\" target=\"_blank\" rel=\"noopener noreferrer\"><img loading=\"lazy\" decoding=\"async\" class=\"aligncenter wp-image-1148\" src=\"https:\/\/blogsaverroes.juntadeandalucia.es\/ellocodelamochila\/files\/2022\/07\/web-3.1024x1006-300x295.png\" alt=\"\" width=\"100\" height=\"98\" srcset=\"https:\/\/blogsaverroes.juntadeandalucia.es\/ellocodelamochila\/files\/2022\/07\/web-3.1024x1006-300x295.png 300w, https:\/\/blogsaverroes.juntadeandalucia.es\/ellocodelamochila\/files\/2022\/07\/web-3.1024x1006-768x755.png 768w, https:\/\/blogsaverroes.juntadeandalucia.es\/ellocodelamochila\/files\/2022\/07\/web-3.1024x1006.png 1024w\" sizes=\"(max-width: 100px) 100vw, 100px\" \/><\/a><\/p>\n<\/td>\n<\/tr>\n<\/tbody>\n<\/table>\n<table style=\"border-collapse: collapse;width: 100%\">\n<tbody>\n<tr>\n<td style=\"width: 29.664363%\"><a href=\"https:\/\/procomun.intef.es\/search-results?variables%5Bparams%5D%5Bquery%5D=&amp;variables%5Bparams%5D%5Bpage%5D=0&amp;&amp;variables%5Bparams%5D%5Btype%5D=&amp;variables%5Bparams%5D%5Bsort%5D=&amp;variables%5Bparams%5D%5Buid%5D=0\" target=\"_blank\" rel=\"noopener noreferrer\"><img loading=\"lazy\" decoding=\"async\" class=\"aligncenter wp-image-1148\" src=\"https:\/\/blogsaverroes.juntadeandalucia.es\/ellocodelamochila\/files\/2022\/07\/web-3.1024x1006-300x295.png\" alt=\"\" width=\"100\" height=\"98\" srcset=\"https:\/\/blogsaverroes.juntadeandalucia.es\/ellocodelamochila\/files\/2022\/07\/web-3.1024x1006-300x295.png 300w, https:\/\/blogsaverroes.juntadeandalucia.es\/ellocodelamochila\/files\/2022\/07\/web-3.1024x1006-768x755.png 768w, https:\/\/blogsaverroes.juntadeandalucia.es\/ellocodelamochila\/files\/2022\/07\/web-3.1024x1006.png 1024w\" sizes=\"(max-width: 100px) 100vw, 100px\" \/><\/a><\/p>\n<p>&nbsp;<\/td>\n<td style=\"width: 70.335637%\"><strong><span style=\"font-family: terminal, monaco, monospace;font-size: 14pt\">-PROCOM\u00daN: red de recursos educativos en abierto.<\/span><\/strong><\/p>\n<p style=\"text-align: justify\"><span style=\"font-family: terminal, monaco, monospace;font-size: 14pt\">En esta red de recursos educativos en abierto es posible encontrar una amplia variedad de materiales did\u00e1cticos para multitud de niveles y \u00e1reas de conocimiento diferentes.<\/span><\/p>\n<\/td>\n<\/tr>\n<\/tbody>\n<\/table>\n<table style=\"border-collapse: collapse;width: 100%\">\n<tbody>\n<tr>\n<td style=\"width: 70.267857%\">\n<p style=\"text-align: justify\"><strong><span style=\"font-family: terminal, monaco, monospace;font-size: 14pt\">-Experiencias educativas inspiradoras (INTEF).<\/span><\/strong><\/p>\n<p style=\"text-align: justify\"><span style=\"font-family: terminal, monaco, monospace;font-size: 14pt\">Se trata de una colecci\u00f3n de experiencias educativas realizadas por docentes para inspirar a docentes. Es posible filtrarlas por etapa educativa y tambi\u00e9n por \u00e1rea o materia.<\/span><\/p>\n<\/td>\n<td style=\"width: 29.732143%\"><a href=\"https:\/\/intef.es\/recursos-educativos\/experiencias-educativas-inspiradoras\/\" target=\"_blank\" rel=\"noopener noreferrer\"><img loading=\"lazy\" decoding=\"async\" class=\"aligncenter wp-image-1148\" src=\"https:\/\/blogsaverroes.juntadeandalucia.es\/ellocodelamochila\/files\/2022\/07\/web-3.1024x1006-300x295.png\" alt=\"\" width=\"100\" height=\"98\" srcset=\"https:\/\/blogsaverroes.juntadeandalucia.es\/ellocodelamochila\/files\/2022\/07\/web-3.1024x1006-300x295.png 300w, https:\/\/blogsaverroes.juntadeandalucia.es\/ellocodelamochila\/files\/2022\/07\/web-3.1024x1006-768x755.png 768w, https:\/\/blogsaverroes.juntadeandalucia.es\/ellocodelamochila\/files\/2022\/07\/web-3.1024x1006.png 1024w\" sizes=\"(max-width: 100px) 100vw, 100px\" \/><\/a><\/td>\n<\/tr>\n<\/tbody>\n<\/table>\n<table style=\"border-collapse: collapse;width: 100%\">\n<tbody>\n<tr>\n<td style=\"width: 28.482143%\"><a href=\"http:\/\/profundiza.org\/category\/secundaria\/\" target=\"_blank\" rel=\"noopener noreferrer\"><img loading=\"lazy\" decoding=\"async\" class=\"aligncenter wp-image-1148\" src=\"https:\/\/blogsaverroes.juntadeandalucia.es\/ellocodelamochila\/files\/2022\/07\/web-3.1024x1006-300x295.png\" alt=\"\" width=\"100\" height=\"98\" srcset=\"https:\/\/blogsaverroes.juntadeandalucia.es\/ellocodelamochila\/files\/2022\/07\/web-3.1024x1006-300x295.png 300w, https:\/\/blogsaverroes.juntadeandalucia.es\/ellocodelamochila\/files\/2022\/07\/web-3.1024x1006-768x755.png 768w, https:\/\/blogsaverroes.juntadeandalucia.es\/ellocodelamochila\/files\/2022\/07\/web-3.1024x1006.png 1024w\" sizes=\"(max-width: 100px) 100vw, 100px\" \/><\/a><\/td>\n<td style=\"width: 71.517857%\"><strong><span style=\"font-family: terminal, monaco, monospace;font-size: 14pt\">-Andaluc\u00eda Profundiza.<\/span><\/strong><\/p>\n<p><span style=\"font-family: terminal, monaco, monospace;font-size: large\">Aqu\u00ed podemos encontrar un amplio cat\u00e1logo de proyectos educativos para las distintas \u00e1reas de Secundaria.<\/span><\/td>\n<\/tr>\n<\/tbody>\n<\/table>\n<table style=\"border-collapse: collapse;width: 100%\">\n<tbody>\n<tr>\n<td style=\"width: 69.553571%\"><strong><span style=\"font-family: terminal, monaco, monospace;font-size: large\">-Situaciones&nbsp;de aprendizaje de idiomas.<\/span><\/strong><\/p>\n<p style=\"text-align: justify\"><span style=\"font-family: terminal, monaco, monospace;font-size: large\">Es una recopilaci\u00f3n de recursos creados por participantes en un curso de formaci\u00f3n del profesorado.<\/span><\/p>\n<\/td>\n<td style=\"width: 30.446429%\"><a href=\"https:\/\/lomloesecundariaidiomascfpi.blogspot.com\" target=\"_blank\" rel=\"noopener noreferrer\"><img loading=\"lazy\" decoding=\"async\" class=\"aligncenter wp-image-1148\" src=\"https:\/\/blogsaverroes.juntadeandalucia.es\/ellocodelamochila\/files\/2022\/07\/web-3.1024x1006-300x295.png\" alt=\"\" width=\"100\" height=\"98\" srcset=\"https:\/\/blogsaverroes.juntadeandalucia.es\/ellocodelamochila\/files\/2022\/07\/web-3.1024x1006-300x295.png 300w, https:\/\/blogsaverroes.juntadeandalucia.es\/ellocodelamochila\/files\/2022\/07\/web-3.1024x1006-768x755.png 768w, https:\/\/blogsaverroes.juntadeandalucia.es\/ellocodelamochila\/files\/2022\/07\/web-3.1024x1006.png 1024w\" sizes=\"(max-width: 100px) 100vw, 100px\" \/><\/a><\/td>\n<\/tr>\n<\/tbody>\n<\/table>\n<p>&nbsp;<\/p>\n<!--themify_builder_content-->\n<div id=\"themify_builder_content-1650\" data-postid=\"1650\" class=\"themify_builder_content themify_builder_content-1650 themify_builder tf_clear\">\n                    <div  data-lazy=\"1\" class=\"module_row themify_builder_row tb_wipk360 tb_first tf_w\">\n                        <div class=\"row_inner col_align_top tb_col_count_1 tf_box tf_rel\">\n                        <div  data-lazy=\"1\" class=\"module_column tb-column col-full tb_0hxh361 first\">\n                            <div  data-lazy=\"1\" class=\"module_subrow themify_builder_sub_row tf_w col_align_top tb_col_count_2 tb_j1tp231\">\n                <div  data-lazy=\"1\" class=\"module_column sub_column col2-1 tb_7mr2231 first\">\n                            <\/div>\n                    <div  data-lazy=\"1\" class=\"module_column sub_column col2-1 tb_2cpn232 last\">\n                    <!-- module social share -->\n<div  class=\"module module-social-share tb_tiec74  tb_ss_size_large tb_ss_shape_rounded\" data-lazy=\"1\" data-title=\"\" data-url=\"\">\n        <div class=\"module-social-share-wrapper\">\n                                            <div class=\"ss_anchor_wrap tf_inline_b\">\n                        <a href=\"#\" data-type=\"facebook\">\n                            <em class=\"tb_social_share_icon\"><svg  aria-label=\"Facebook\" class=\"tf_fa tf-ti-facebook\" role=\"img\"><use href=\"#tf-ti-facebook\"><\/use><\/svg><\/em>\n                                                    <\/a>\n                    <\/div>\n                                    <div class=\"ss_anchor_wrap tf_inline_b\">\n                        <a href=\"#\" data-type=\"twitter\">\n                            <em class=\"tb_social_share_icon\"><svg  aria-label=\"Twitter\" class=\"tf_fa tf-fab-x-twitter\" role=\"img\"><use href=\"#tf-fab-x-twitter\"><\/use><\/svg><\/em>\n                                                    <\/a>\n                    <\/div>\n                                    <div class=\"ss_anchor_wrap tf_inline_b\">\n                        <a href=\"#\" data-type=\"email\">\n                            <em class=\"tb_social_share_icon\"><svg  aria-label=\"Email\" class=\"tf_fa tf-ti-email\" role=\"img\"><use href=\"#tf-ti-email\"><\/use><\/svg><\/em>\n                                                    <\/a>\n                    <\/div>\n                            <\/div>\n<\/div>\n<!-- \/module social share -->\n        <\/div>\n                    <\/div>\n                <\/div>\n                        <\/div>\n        <\/div>\n        <\/div>\n<!--\/themify_builder_content-->","protected":false},"excerpt":{"rendered":"<p>El dise\u00f1o de situaciones de aprendizaje es un aspecto clave en el desarrollo e implementaci\u00f3n de la LOMLOE en los centros educativos, pues representan la planificaci\u00f3n del trabajo competencial en el aula. Por ello, hemos seleccionado algunas webs que cuentan con repositorios de situaciones, de proyectos o de buenas pr\u00e1cticas que pueden servir como inspiraci\u00f3n [&hellip;]<\/p>\n","protected":false},"author":4178,"featured_media":0,"parent":2122,"menu_order":1,"comment_status":"open","ping_status":"closed","template":"","meta":{"footnotes":""},"aioseo_notices":[],"_links":{"self":[{"href":"https:\/\/blogsaverroes.juntadeandalucia.es\/ellocodelamochila\/wp-json\/wp\/v2\/pages\/1650"}],"collection":[{"href":"https:\/\/blogsaverroes.juntadeandalucia.es\/ellocodelamochila\/wp-json\/wp\/v2\/pages"}],"about":[{"href":"https:\/\/blogsaverroes.juntadeandalucia.es\/ellocodelamochila\/wp-json\/wp\/v2\/types\/page"}],"author":[{"embeddable":true,"href":"https:\/\/blogsaverroes.juntadeandalucia.es\/ellocodelamochila\/wp-json\/wp\/v2\/users\/4178"}],"replies":[{"embeddable":true,"href":"https:\/\/blogsaverroes.juntadeandalucia.es\/ellocodelamochila\/wp-json\/wp\/v2\/comments?post=1650"}],"version-history":[{"count":20,"href":"https:\/\/blogsaverroes.juntadeandalucia.es\/ellocodelamochila\/wp-json\/wp\/v2\/pages\/1650\/revisions"}],"predecessor-version":[{"id":2501,"href":"https:\/\/blogsaverroes.juntadeandalucia.es\/ellocodelamochila\/wp-json\/wp\/v2\/pages\/1650\/revisions\/2501"}],"up":[{"embeddable":true,"href":"https:\/\/blogsaverroes.juntadeandalucia.es\/ellocodelamochila\/wp-json\/wp\/v2\/pages\/2122"}],"wp:attachment":[{"href":"https:\/\/blogsaverroes.juntadeandalucia.es\/ellocodelamochila\/wp-json\/wp\/v2\/media?parent=1650"}],"curies":[{"name":"wp","href":"https:\/\/api.w.org\/{rel}","templated":true}]}}