{"id":1717,"date":"2022-11-15T13:34:37","date_gmt":"2022-11-15T12:34:37","guid":{"rendered":"https:\/\/blogsaverroes.juntadeandalucia.es\/ellocodelamochila\/?page_id=1717"},"modified":"2024-08-24T16:30:02","modified_gmt":"2024-08-24T14:30:02","slug":"ideas-para-el-diseno-de-nuestras-propias-situaciones-de-aprendizaje","status":"publish","type":"page","link":"https:\/\/blogsaverroes.juntadeandalucia.es\/ellocodelamochila\/situaciones-de-aprendizaje-lomloe\/ideas-para-el-diseno-de-nuestras-propias-situaciones-de-aprendizaje\/","title":{"rendered":"IDEAS PARA EL DISE\u00d1O DE NUESTRAS PROPIAS SITUACIONES DE APRENDIZAJE"},"content":{"rendered":"<p style=\"text-align: justify\"><strong><span style=\"font-family: terminal, monaco, monospace;font-size: 14pt\"><img loading=\"lazy\" decoding=\"async\" class=\" wp-image-2511 alignright\" src=\"https:\/\/blogsaverroes.juntadeandalucia.es\/ellocodelamochila\/files\/2023\/08\/Ideas-para-situaciones-de-aprendizaje-300x300.jpg\" alt=\"\" width=\"382\" height=\"382\" srcset=\"https:\/\/blogsaverroes.juntadeandalucia.es\/ellocodelamochila\/files\/2023\/08\/Ideas-para-situaciones-de-aprendizaje-300x300.jpg 300w, https:\/\/blogsaverroes.juntadeandalucia.es\/ellocodelamochila\/files\/2023\/08\/Ideas-para-situaciones-de-aprendizaje-1024x1024.jpg 1024w, https:\/\/blogsaverroes.juntadeandalucia.es\/ellocodelamochila\/files\/2023\/08\/Ideas-para-situaciones-de-aprendizaje-150x150.jpg 150w, https:\/\/blogsaverroes.juntadeandalucia.es\/ellocodelamochila\/files\/2023\/08\/Ideas-para-situaciones-de-aprendizaje-768x768.jpg 768w, https:\/\/blogsaverroes.juntadeandalucia.es\/ellocodelamochila\/files\/2023\/08\/Ideas-para-situaciones-de-aprendizaje.jpg 1080w\" sizes=\"(max-width: 382px) 100vw, 382px\" \/>LA IMPORTANCIA DE LAS SITUACIONES DE APRENDIZAJE.<\/span><\/strong><\/p>\n<p style=\"text-align: justify\"><span style=\"font-family: terminal, monaco, monospace;font-size: 14pt\">Las situaciones de aprendizaje son, sin duda, una de las novedades m\u00e1s importantes de la LOMLOE, pues suponen la planificaci\u00f3n de c\u00f3mo llevar el curr\u00edculo a nuestras aulas. Por tanto, el papel que juegan es determinante para que el enfoque competencial se traslade a nuestra realidad educativa de forma eficiente.<\/span><\/p>\n<p style=\"text-align: justify\"><span style=\"font-family: terminal, monaco, monospace;font-size: 14pt\">En otros art\u00edculos del blog ya investigamos sobre el origen, su definici\u00f3n y sus elementos, as\u00ed que en esta ocasi\u00f3n no vamos a reflexionar sobre esto. Nuestro objetivo es m\u00e1s bien otro: dada la enorme importancia que adquieren las situaciones de aprendizaje, vamos a compartir ideas que sirvan a cualquier docente a la hora de ponerse manos a la obra y comenzar a dise\u00f1ar sus propias situaciones de aprendizaje.<\/span><\/p>\n<p style=\"text-align: justify\"><strong><span style=\"font-family: terminal, monaco, monospace;font-size: 14pt\">EL PUNTO DE PARTIDA PARA EL DISE\u00d1O DE SITUACIONES DE APRENDIZAJE.<\/span><\/strong><\/p>\n<p style=\"text-align: justify\"><span style=\"font-family: terminal, monaco, monospace;font-size: 14pt\">Una situaci\u00f3n de aprendizaje est\u00e1 conformada por multitud de elementos diferentes. De hecho, si le echamos un vistazo al cuadro que nos proporciona la Junta de Andaluc\u00eda en el anexo VII de la <a href=\"https:\/\/drive.google.com\/file\/d\/1IxLLy9BQB3x19M43MzB7cw6A1UXu6VOU\/view?usp=share_link\" target=\"_blank\" rel=\"noopener noreferrer\"><em>Orden de 30 de mayo de 2023<\/em><\/a> nos daremos cuenta de que es realmente laborioso crear una, pues est\u00e1n conformadas por un gran n\u00famero de apartados diferentes (el centro organizador, la concreci\u00f3n curricular, la secuenciaci\u00f3n did\u00e1ctica, etc.)<\/span><\/p>\n<p style=\"text-align: justify\"><span style=\"font-family: terminal, monaco, monospace;font-size: 14pt\">Sin embargo, esto no debe desanimarnos, pues la intenci\u00f3n de este \u00edndice no es otra que la de guiar al profesorado en el dise\u00f1o de sus propias situaciones de aprendizaje, indic\u00e1ndole sus componentes para que los tenga en cuenta y pueda hacer un dise\u00f1o \u00f3ptimo. Es decir, m\u00e1s que ver este esquema como una estructura fija y r\u00edgida debemos considerarlo como un apoyo para nuestro trabajo.<\/span><\/p>\n<p style=\"text-align: justify\"><span style=\"font-family: terminal, monaco, monospace;font-size: 14pt\">Para comenzar a dise\u00f1ar nuestras propias situaciones de aprendizaje debemos partir de varios elementos que son fundamentales y nos que guiar\u00e1n durante el proceso:<\/span><\/p>\n<p style=\"text-align: justify;padding-left: 40px\"><span style=\"font-family: terminal, monaco, monospace;font-size: 14pt\">&#8211;<strong>el contexto y el centro de inter\u00e9s<\/strong>: si pretendemos que lo que aprenda nuestro alumnado no se quede en el aula, sino que sea aplicable en otras situaciones distintas de su vida diaria debemos tener muy en cuenta el contexto en el que se encuentra. Por ello, nuestra situaci\u00f3n de aprendizaje debe tener una fuerte contextualizaci\u00f3n: nuestro alumnado debe ver f\u00e1cilmente las posibles aplicaciones reales de lo que estamos aprendiendo en el aula.<\/span><\/p>\n<p style=\"text-align: justify;padding-left: 40px\"><span style=\"font-family: terminal, monaco, monospace;font-size: 14pt\">Adem\u00e1s, para que una situaci\u00f3n de aprendizaje tenga \u00e9xito resulta fundamental que el alumnado vea una motivaci\u00f3n en lo que va a hacer, es decir, quiera hacerlo porque tenga motivos para ello. Por eso mismo debemos pensar en un centro de inter\u00e9s motivador sobre el que girar\u00e1 nuestra situaci\u00f3n de aprendizaje.<\/span><\/p>\n<p style=\"text-align: justify;padding-left: 40px\"><span style=\"font-family: terminal, monaco, monospace;font-size: 14pt\">Por ejemplo, no es lo mismo proponer a nuestro alumnado que redacte textos period\u00edsticos sin ning\u00fan tipo de contexto a trabajar en nuestra aula la creaci\u00f3n y dise\u00f1o de un peri\u00f3dico escolar del centro. Sin duda, la segunda propuesta seguro que le parece mucho m\u00e1s atractiva.<\/span><\/p>\n<p style=\"text-align: justify;padding-left: 40px\"><span style=\"font-family: terminal, monaco, monospace;font-size: 14pt\">&#8211;<strong>el curr\u00edculo<\/strong>: todas las asignaturas cuentan con un curr\u00edculo que las \/ los docentes debemos llevar a nuestras aulas. L\u00f3gicamente, nuestra situaci\u00f3n de aprendizaje debe contener una parte de los diferentes componentes curriculares (competencias clave, saberes b\u00e1sicos, etc.)<\/span><\/p>\n<p style=\"text-align: justify;padding-left: 40px\"><span style=\"font-family: terminal, monaco, monospace;font-size: 14pt\">Sin embargo, el elemento curricular que debemos tomar como punto de partida para dise\u00f1ar nuestras situaciones de aprendizaje deben ser las competencias espec\u00edficas de nuestra \u00e1rea o materia. Esto se debe a su car\u00e1cter vertebrador, pues est\u00e1n directamente conectadas con los descriptores operativos del perfil de salida.<\/span><\/p>\n<p style=\"text-align: justify\"><img loading=\"lazy\" decoding=\"async\" class=\"aligncenter wp-image-1719\" src=\"https:\/\/blogsaverroes.juntadeandalucia.es\/ellocodelamochila\/files\/2022\/11\/Captura-de-Pantalla-2022-11-15-a-las-12.54.10-1024x614.png\" alt=\"\" width=\"550\" height=\"330\" srcset=\"https:\/\/blogsaverroes.juntadeandalucia.es\/ellocodelamochila\/files\/2022\/11\/Captura-de-Pantalla-2022-11-15-a-las-12.54.10-1024x614.png 1024w, https:\/\/blogsaverroes.juntadeandalucia.es\/ellocodelamochila\/files\/2022\/11\/Captura-de-Pantalla-2022-11-15-a-las-12.54.10-300x180.png 300w, https:\/\/blogsaverroes.juntadeandalucia.es\/ellocodelamochila\/files\/2022\/11\/Captura-de-Pantalla-2022-11-15-a-las-12.54.10-768x460.png 768w, https:\/\/blogsaverroes.juntadeandalucia.es\/ellocodelamochila\/files\/2022\/11\/Captura-de-Pantalla-2022-11-15-a-las-12.54.10.png 1271w\" sizes=\"(max-width: 550px) 100vw, 550px\" \/><\/p>\n<p style=\"text-align: justify\"><span style=\"font-family: terminal, monaco, monospace;font-size: 14pt\">De esta forma, partiendo de las competencias espec\u00edficas iremos especificando el resto de elementos curriculares (sus correspondientes criterios de evaluaci\u00f3n, los saberes b\u00e1sicos asociados, etc.)<\/span><\/p>\n<p style=\"text-align: justify\"><strong><span style=\"font-family: terminal, monaco, monospace;font-size: 14pt\">ALGUNAS IDEAS PARA EL DISE\u00d1O DE SITUACIONES DE APRENDIZAJE.<\/span><\/strong><\/p>\n<p style=\"text-align: justify\"><span style=\"font-family: terminal, monaco, monospace;font-size: 14pt\">Conociendo el dise\u00f1o curricular de nuestra \u00e1rea o materia, podemos pensar en productos finales o ideas que permitan vertebrar nuestra situaci\u00f3n de aprendizaje. A modo de ideas, algunos productos finales que podemos utilizar para dise\u00f1ar nuestras propias situaciones pueden ser:<\/span><\/p>\n<table style=\"border-collapse: collapse;width: 98.571429%;height: 1095px\">\n<tbody>\n<tr>\n<td style=\"width: 50%\"><img loading=\"lazy\" decoding=\"async\" class=\"aligncenter wp-image-1720 size-large\" src=\"https:\/\/blogsaverroes.juntadeandalucia.es\/ellocodelamochila\/files\/2022\/11\/3-410x1024.jpg\" alt=\"\" width=\"410\" height=\"1024\" srcset=\"https:\/\/blogsaverroes.juntadeandalucia.es\/ellocodelamochila\/files\/2022\/11\/3-410x1024.jpg 410w, https:\/\/blogsaverroes.juntadeandalucia.es\/ellocodelamochila\/files\/2022\/11\/3-120x300.jpg 120w, https:\/\/blogsaverroes.juntadeandalucia.es\/ellocodelamochila\/files\/2022\/11\/3-768x1920.jpg 768w, https:\/\/blogsaverroes.juntadeandalucia.es\/ellocodelamochila\/files\/2022\/11\/3.jpg 800w\" sizes=\"(max-width: 410px) 100vw, 410px\" \/><\/td>\n<td style=\"width: 50%\"><img loading=\"lazy\" decoding=\"async\" class=\"aligncenter wp-image-1721 size-large\" src=\"https:\/\/blogsaverroes.juntadeandalucia.es\/ellocodelamochila\/files\/2022\/11\/4-410x1024.jpg\" alt=\"\" width=\"410\" height=\"1024\" srcset=\"https:\/\/blogsaverroes.juntadeandalucia.es\/ellocodelamochila\/files\/2022\/11\/4-410x1024.jpg 410w, https:\/\/blogsaverroes.juntadeandalucia.es\/ellocodelamochila\/files\/2022\/11\/4-120x300.jpg 120w, https:\/\/blogsaverroes.juntadeandalucia.es\/ellocodelamochila\/files\/2022\/11\/4-768x1920.jpg 768w, https:\/\/blogsaverroes.juntadeandalucia.es\/ellocodelamochila\/files\/2022\/11\/4.jpg 800w\" sizes=\"(max-width: 410px) 100vw, 410px\" \/><\/td>\n<\/tr>\n<\/tbody>\n<\/table>\n<p style=\"text-align: justify\"><strong><span style=\"font-family: terminal, monaco, monospace;font-size: 14pt\">ALGUNOS RECURSOS \u00daTILES.<\/span><\/strong><\/p>\n<table style=\"border-collapse: collapse;width: 100%\">\n<tbody>\n<tr>\n<td style=\"width: 33.333333%\"><a href=\"https:\/\/docs.google.com\/document\/d\/1ilajPRW4uXd_uFa1QdrP6LS_HKYDyLhp\/edit?usp=sharing&amp;ouid=111784126728013906866&amp;rtpof=true&amp;sd=true\" target=\"_blank\" rel=\"noopener noreferrer\"><img loading=\"lazy\" decoding=\"async\" class=\"aligncenter wp-image-1223\" src=\"https:\/\/blogsaverroes.juntadeandalucia.es\/ellocodelamochila\/files\/2022\/07\/file-type-doc-word-document.427x512-250x300.png\" alt=\"\" width=\"100\" height=\"120\" srcset=\"https:\/\/blogsaverroes.juntadeandalucia.es\/ellocodelamochila\/files\/2022\/07\/file-type-doc-word-document.427x512-250x300.png 250w, https:\/\/blogsaverroes.juntadeandalucia.es\/ellocodelamochila\/files\/2022\/07\/file-type-doc-word-document.427x512.png 427w\" sizes=\"(max-width: 100px) 100vw, 100px\" \/><\/a><\/p>\n<p style=\"text-align: center\"><span style=\"font-family: terminal, monaco, monospace;font-size: 14pt\">Plantilla para el dise\u00f1o de una situaci\u00f3n de aprendizaje.<\/span><\/p>\n<\/td>\n<td style=\"width: 33.333333%\">\n<p style=\"text-align: center\"><a href=\"https:\/\/blogsaverroes.juntadeandalucia.es\/ellocodelamochila\/lomloe\/situaciones-de-aprendizaje\/\" target=\"_blank\" rel=\"noopener noreferrer\"><img loading=\"lazy\" decoding=\"async\" class=\"aligncenter wp-image-1148\" src=\"https:\/\/blogsaverroes.juntadeandalucia.es\/ellocodelamochila\/files\/2022\/07\/web-3.1024x1006-300x295.png\" alt=\"\" width=\"100\" height=\"98\" srcset=\"https:\/\/blogsaverroes.juntadeandalucia.es\/ellocodelamochila\/files\/2022\/07\/web-3.1024x1006-300x295.png 300w, https:\/\/blogsaverroes.juntadeandalucia.es\/ellocodelamochila\/files\/2022\/07\/web-3.1024x1006-768x755.png 768w, https:\/\/blogsaverroes.juntadeandalucia.es\/ellocodelamochila\/files\/2022\/07\/web-3.1024x1006.png 1024w\" sizes=\"(max-width: 100px) 100vw, 100px\" \/><\/a><\/p>\n<p style=\"text-align: center\"><span style=\"font-family: terminal, monaco, monospace;font-size: 14pt\">Qu\u00e9 son las situaciones de aprendizaje<\/span><\/p>\n<\/td>\n<td style=\"width: 33.333333%\"><a href=\"https:\/\/blogsaverroes.juntadeandalucia.es\/ellocodelamochila\/lomloe\/kit-para-el-diseno-de-situaciones-de-aprendizaje\/\" target=\"_blank\" rel=\"noopener noreferrer\"><img loading=\"lazy\" decoding=\"async\" class=\"aligncenter wp-image-1148\" src=\"https:\/\/blogsaverroes.juntadeandalucia.es\/ellocodelamochila\/files\/2022\/07\/web-3.1024x1006-300x295.png\" alt=\"\" width=\"100\" height=\"98\" srcset=\"https:\/\/blogsaverroes.juntadeandalucia.es\/ellocodelamochila\/files\/2022\/07\/web-3.1024x1006-300x295.png 300w, https:\/\/blogsaverroes.juntadeandalucia.es\/ellocodelamochila\/files\/2022\/07\/web-3.1024x1006-768x755.png 768w, https:\/\/blogsaverroes.juntadeandalucia.es\/ellocodelamochila\/files\/2022\/07\/web-3.1024x1006.png 1024w\" sizes=\"(max-width: 100px) 100vw, 100px\" \/><\/a><\/p>\n<p style=\"text-align: center\"><span style=\"font-family: terminal, monaco, monospace;font-size: 14pt\">Kit para el dise\u00f1o de situaciones de aprendizaje (ESO)<\/span><\/p>\n<\/td>\n<\/tr>\n<tr>\n<td style=\"width: 33.333333%\"><a href=\"https:\/\/blogsaverroes.juntadeandalucia.es\/ellocodelamochila\/lomloe\/repositorios-de-situaciones-de-aprendizaje\/\" target=\"_blank\" rel=\"noopener noreferrer\"><img loading=\"lazy\" decoding=\"async\" class=\"aligncenter wp-image-1148\" src=\"https:\/\/blogsaverroes.juntadeandalucia.es\/ellocodelamochila\/files\/2022\/07\/web-3.1024x1006-300x295.png\" alt=\"\" width=\"100\" height=\"98\" srcset=\"https:\/\/blogsaverroes.juntadeandalucia.es\/ellocodelamochila\/files\/2022\/07\/web-3.1024x1006-300x295.png 300w, https:\/\/blogsaverroes.juntadeandalucia.es\/ellocodelamochila\/files\/2022\/07\/web-3.1024x1006-768x755.png 768w, https:\/\/blogsaverroes.juntadeandalucia.es\/ellocodelamochila\/files\/2022\/07\/web-3.1024x1006.png 1024w\" sizes=\"(max-width: 100px) 100vw, 100px\" \/><\/a><\/p>\n<p style=\"text-align: center\"><span style=\"font-family: terminal, monaco, monospace;font-size: 14pt\">Kit para el dise\u00f1o de situaciones de aprendizaje (Primaria)<\/span><\/p>\n<\/td>\n<td style=\"width: 33.333333%\"><a href=\"https:\/\/blogsaverroes.juntadeandalucia.es\/ellocodelamochila\/lomloe\/repositorios-de-situaciones-de-aprendizaje\/\" target=\"_blank\" rel=\"noopener noreferrer\"><img loading=\"lazy\" decoding=\"async\" class=\"aligncenter wp-image-1148\" src=\"https:\/\/blogsaverroes.juntadeandalucia.es\/ellocodelamochila\/files\/2022\/07\/web-3.1024x1006-300x295.png\" alt=\"\" width=\"100\" height=\"98\" srcset=\"https:\/\/blogsaverroes.juntadeandalucia.es\/ellocodelamochila\/files\/2022\/07\/web-3.1024x1006-300x295.png 300w, https:\/\/blogsaverroes.juntadeandalucia.es\/ellocodelamochila\/files\/2022\/07\/web-3.1024x1006-768x755.png 768w, https:\/\/blogsaverroes.juntadeandalucia.es\/ellocodelamochila\/files\/2022\/07\/web-3.1024x1006.png 1024w\" sizes=\"(max-width: 100px) 100vw, 100px\" \/><\/a><\/p>\n<p style=\"text-align: center\"><span style=\"font-family: terminal, monaco, monospace;font-size: 14pt\">Repositorios de situaciones de aprendizaje<\/span><\/p>\n<\/td>\n<td style=\"width: 33.333333%\">&nbsp;<\/td>\n<\/tr>\n<tr>\n<td style=\"width: 33.333333%\">&nbsp;<\/td>\n<td style=\"width: 33.333333%\">&nbsp;<\/td>\n<td style=\"width: 33.333333%\">&nbsp;<\/td>\n<\/tr>\n<tr>\n<td style=\"width: 33.333333%\">&nbsp;<\/td>\n<td style=\"width: 33.333333%\">&nbsp;<\/td>\n<td style=\"width: 33.333333%\">&nbsp;<\/td>\n<\/tr>\n<\/tbody>\n<\/table>\n<p style=\"text-align: justify\">&nbsp;<\/p>\n<!--themify_builder_content-->\n<div id=\"themify_builder_content-1717\" data-postid=\"1717\" class=\"themify_builder_content themify_builder_content-1717 themify_builder tf_clear\">\n                    <div  data-lazy=\"1\" class=\"module_row themify_builder_row tb_5le9581 tb_first tf_w\">\n                        <div class=\"row_inner col_align_top tb_col_count_1 tf_box tf_rel\">\n                        <div  data-lazy=\"1\" class=\"module_column tb-column col-full tb_kxc2581 first\">\n                            <div  data-lazy=\"1\" class=\"module_subrow themify_builder_sub_row tf_w col_align_top tb_col_count_2 tb_yc4g785\">\n                <div  data-lazy=\"1\" class=\"module_column sub_column col2-1 tb_ez0o786 first\">\n                            <\/div>\n                    <div  data-lazy=\"1\" class=\"module_column sub_column col2-1 tb_od7n786 last\">\n                    <!-- module social share -->\n<div  class=\"module module-social-share tb_scsg457  tb_ss_size_large tb_ss_shape_rounded\" data-lazy=\"1\" data-title=\"\" data-url=\"\">\n        <div class=\"module-social-share-wrapper\">\n                                            <div class=\"ss_anchor_wrap tf_inline_b\">\n                        <a href=\"#\" data-type=\"facebook\">\n                            <em class=\"tb_social_share_icon\"><svg  aria-label=\"Facebook\" class=\"tf_fa tf-ti-facebook\" role=\"img\"><use href=\"#tf-ti-facebook\"><\/use><\/svg><\/em>\n                                                    <\/a>\n                    <\/div>\n                                    <div class=\"ss_anchor_wrap tf_inline_b\">\n                        <a href=\"#\" data-type=\"twitter\">\n                            <em class=\"tb_social_share_icon\"><svg  aria-label=\"Twitter\" class=\"tf_fa tf-fab-x-twitter\" role=\"img\"><use href=\"#tf-fab-x-twitter\"><\/use><\/svg><\/em>\n                                                    <\/a>\n                    <\/div>\n                                    <div class=\"ss_anchor_wrap tf_inline_b\">\n                        <a href=\"#\" data-type=\"email\">\n                            <em class=\"tb_social_share_icon\"><svg  aria-label=\"Email\" class=\"tf_fa tf-ti-email\" role=\"img\"><use href=\"#tf-ti-email\"><\/use><\/svg><\/em>\n                                                    <\/a>\n                    <\/div>\n                            <\/div>\n<\/div>\n<!-- \/module social share -->\n        <\/div>\n                    <\/div>\n                <\/div>\n                        <\/div>\n        <\/div>\n        <\/div>\n<!--\/themify_builder_content-->","protected":false},"excerpt":{"rendered":"<p>LA IMPORTANCIA DE LAS SITUACIONES DE APRENDIZAJE. Las situaciones de aprendizaje son, sin duda, una de las novedades m\u00e1s importantes de la LOMLOE, pues suponen la planificaci\u00f3n de c\u00f3mo llevar el curr\u00edculo a nuestras aulas. Por tanto, el papel que juegan es determinante para que el enfoque competencial se traslade a nuestra realidad educativa de [&hellip;]<\/p>\n","protected":false},"author":4178,"featured_media":0,"parent":1742,"menu_order":4,"comment_status":"open","ping_status":"closed","template":"","meta":{"footnotes":""},"aioseo_notices":[],"_links":{"self":[{"href":"https:\/\/blogsaverroes.juntadeandalucia.es\/ellocodelamochila\/wp-json\/wp\/v2\/pages\/1717"}],"collection":[{"href":"https:\/\/blogsaverroes.juntadeandalucia.es\/ellocodelamochila\/wp-json\/wp\/v2\/pages"}],"about":[{"href":"https:\/\/blogsaverroes.juntadeandalucia.es\/ellocodelamochila\/wp-json\/wp\/v2\/types\/page"}],"author":[{"embeddable":true,"href":"https:\/\/blogsaverroes.juntadeandalucia.es\/ellocodelamochila\/wp-json\/wp\/v2\/users\/4178"}],"replies":[{"embeddable":true,"href":"https:\/\/blogsaverroes.juntadeandalucia.es\/ellocodelamochila\/wp-json\/wp\/v2\/comments?post=1717"}],"version-history":[{"count":11,"href":"https:\/\/blogsaverroes.juntadeandalucia.es\/ellocodelamochila\/wp-json\/wp\/v2\/pages\/1717\/revisions"}],"predecessor-version":[{"id":2512,"href":"https:\/\/blogsaverroes.juntadeandalucia.es\/ellocodelamochila\/wp-json\/wp\/v2\/pages\/1717\/revisions\/2512"}],"up":[{"embeddable":true,"href":"https:\/\/blogsaverroes.juntadeandalucia.es\/ellocodelamochila\/wp-json\/wp\/v2\/pages\/1742"}],"wp:attachment":[{"href":"https:\/\/blogsaverroes.juntadeandalucia.es\/ellocodelamochila\/wp-json\/wp\/v2\/media?parent=1717"}],"curies":[{"name":"wp","href":"https:\/\/api.w.org\/{rel}","templated":true}]}}