{"id":1740,"date":"2022-12-04T17:05:14","date_gmt":"2022-12-04T16:05:14","guid":{"rendered":"https:\/\/blogsaverroes.juntadeandalucia.es\/ellocodelamochila\/?page_id=1740"},"modified":"2025-07-10T13:55:10","modified_gmt":"2025-07-10T11:55:10","slug":"programacion-didactica-lomloe","status":"publish","type":"page","link":"https:\/\/blogsaverroes.juntadeandalucia.es\/ellocodelamochila\/programacion-didactica-lomloe\/","title":{"rendered":"PROGRAMACI\u00d3N DID\u00c1CTICA"},"content":{"rendered":"<!--themify_builder_content-->\n<div id=\"themify_builder_content-1740\" data-postid=\"1740\" class=\"themify_builder_content themify_builder_content-1740 themify_builder tf_clear\">\n                    <div  data-lazy=\"1\" class=\"module_row themify_builder_row tb_3yf1209 tb_first tf_w\">\n                        <div class=\"row_inner col_align_top tb_col_count_2 tf_box tf_rel\">\n                        <div  data-lazy=\"1\" class=\"module_column tb-column col4-2 tb_1fl6209 first\">\n                    <!-- module image -->\n<div  class=\"module module-image tb_gwm0780 image-top drop-shadow bordered  auto_fullwidth tf_mw\" data-lazy=\"1\">\n        <div class=\"image-wrap tf_rel tf_mw\">\n            <img loading=\"lazy\" decoding=\"async\" width=\"1073\" height=\"1069\" src=\"https:\/\/blogsaverroes.juntadeandalucia.es\/ellocodelamochila\/files\/2025\/07\/Portada-PD.jpg\" class=\"wp-post-image wp-image-3307\" title=\"Repositorio fondos presentaciones - 308\" alt=\"Repositorio fondos presentaciones - 308\" srcset=\"https:\/\/blogsaverroes.juntadeandalucia.es\/ellocodelamochila\/files\/2025\/07\/Portada-PD.jpg 1073w, https:\/\/blogsaverroes.juntadeandalucia.es\/ellocodelamochila\/files\/2025\/07\/Portada-PD-300x300.jpg 300w, https:\/\/blogsaverroes.juntadeandalucia.es\/ellocodelamochila\/files\/2025\/07\/Portada-PD-1024x1020.jpg 1024w, https:\/\/blogsaverroes.juntadeandalucia.es\/ellocodelamochila\/files\/2025\/07\/Portada-PD-150x150.jpg 150w, https:\/\/blogsaverroes.juntadeandalucia.es\/ellocodelamochila\/files\/2025\/07\/Portada-PD-768x765.jpg 768w\" sizes=\"(max-width: 1073px) 100vw, 1073px\" \/>    \n        <\/div>\n    <!-- \/image-wrap -->\n    \n        <\/div>\n<!-- \/module image -->        <\/div>\n                    <div  data-lazy=\"1\" class=\"module_column tb-column col4-2 tb_72t2687 last\">\n                    <!-- module menu -->\n<div  class=\"module module-menu tb_bmab813  mobile-menu-slide\" data-menu-style=\"mobile-menu-slide\" data-menu-breakpoint=\"0\" data-element-id=\"tb_bmab813\" data-lazy=\"1\">\n        \n    <div class=\"module-menu-container\"><ul id=\"menu-menu-programacion-didactica-lomloe\" class=\"ui tf_clearfix nav tf_rel tf_scrollbar vertical light-blue rounded gradient glossy embossed shadow\"><li id=\"menu-item-1752\" class=\"menu-item-page-1170 menu-item menu-item-type-post_type menu-item-object-page menu-item-1752\"><a href=\"https:\/\/blogsaverroes.juntadeandalucia.es\/ellocodelamochila\/programacion-didactica-lomloe\/la-programacion-con-la-lomloe-como-elaborar-una-programacion-sin-morir-en-el-intento\/\">LA PROGRAMACI\u00d3N CON LA LOMLOE: C\u00d3MO ELABORAR UNA PROGRAMACI\u00d3N SIN MORIR EN EL INTENTO<\/a><\/li>\n<li id=\"menu-item-1753\" class=\"menu-item-page-1657 menu-item menu-item-type-post_type menu-item-object-page menu-item-1753\"><a href=\"https:\/\/blogsaverroes.juntadeandalucia.es\/ellocodelamochila\/programacion-didactica-lomloe\/guion-para-la-elaboracion-de-una-programacion-didactica-lomloe\/\">GUION PARA LA ELABORACI\u00d3N DE UNA PROGRAMACI\u00d3N DID\u00c1CTICA LOMLOE<\/a><\/li>\n<li id=\"menu-item-1754\" class=\"menu-item-page-1089 menu-item menu-item-type-post_type menu-item-object-page menu-item-1754\"><a href=\"https:\/\/blogsaverroes.juntadeandalucia.es\/ellocodelamochila\/programacion-didactica-lomloe\/los-proyectos-interdisciplinares\/\">LOS PROYECTOS INTERDISCIPLINARES<\/a><\/li>\n<\/ul><\/div>        <style>\n            .mobile-menu-module[data-module=\"tb_bmab813\"]{\n                right:-300px            }\n        <\/style>\n    <\/div>\n<!-- \/module menu -->\n        <\/div>\n                        <\/div>\n        <\/div>\n        <\/div>\n<!--\/themify_builder_content-->&nbsp;<\/p>\n<p>&nbsp;<\/p>","protected":false},"excerpt":{"rendered":"<p>LA PROGRAMACI\u00d3N CON LA LOMLOE: C\u00d3MO ELABORAR UNA PROGRAMACI\u00d3N SIN MORIR EN EL INTENTO GUION PARA LA ELABORACI\u00d3N DE UNA PROGRAMACI\u00d3N DID\u00c1CTICA LOMLOE LOS PROYECTOS INTERDISCIPLINARES &nbsp; &nbsp;<\/p>\n","protected":false},"author":4178,"featured_media":0,"parent":0,"menu_order":3,"comment_status":"closed","ping_status":"closed","template":"","meta":{"footnotes":""},"aioseo_notices":[],"_links":{"self":[{"href":"https:\/\/blogsaverroes.juntadeandalucia.es\/ellocodelamochila\/wp-json\/wp\/v2\/pages\/1740"}],"collection":[{"href":"https:\/\/blogsaverroes.juntadeandalucia.es\/ellocodelamochila\/wp-json\/wp\/v2\/pages"}],"about":[{"href":"https:\/\/blogsaverroes.juntadeandalucia.es\/ellocodelamochila\/wp-json\/wp\/v2\/types\/page"}],"author":[{"embeddable":true,"href":"https:\/\/blogsaverroes.juntadeandalucia.es\/ellocodelamochila\/wp-json\/wp\/v2\/users\/4178"}],"replies":[{"embeddable":true,"href":"https:\/\/blogsaverroes.juntadeandalucia.es\/ellocodelamochila\/wp-json\/wp\/v2\/comments?post=1740"}],"version-history":[{"count":29,"href":"https:\/\/blogsaverroes.juntadeandalucia.es\/ellocodelamochila\/wp-json\/wp\/v2\/pages\/1740\/revisions"}],"predecessor-version":[{"id":3310,"href":"https:\/\/blogsaverroes.juntadeandalucia.es\/ellocodelamochila\/wp-json\/wp\/v2\/pages\/1740\/revisions\/3310"}],"wp:attachment":[{"href":"https:\/\/blogsaverroes.juntadeandalucia.es\/ellocodelamochila\/wp-json\/wp\/v2\/media?parent=1740"}],"curies":[{"name":"wp","href":"https:\/\/api.w.org\/{rel}","templated":true}]}}