{"id":1876,"date":"2023-08-11T11:45:58","date_gmt":"2023-08-11T09:45:58","guid":{"rendered":"https:\/\/blogsaverroes.juntadeandalucia.es\/ellocodelamochila\/?page_id=1876"},"modified":"2025-07-10T16:42:53","modified_gmt":"2025-07-10T14:42:53","slug":"elementos-de-una-situacion-de-aprendizaje","status":"publish","type":"page","link":"https:\/\/blogsaverroes.juntadeandalucia.es\/ellocodelamochila\/situaciones-de-aprendizaje-lomloe\/elementos-de-una-situacion-de-aprendizaje\/","title":{"rendered":"ELEMENTOS DE UNA SITUACI\u00d3N DE APRENDIZAJE"},"content":{"rendered":"<!--themify_builder_content-->\n<div id=\"themify_builder_content-1876\" data-postid=\"1876\" class=\"themify_builder_content themify_builder_content-1876 themify_builder tf_clear\">\n                    <div  data-lazy=\"1\" class=\"module_row themify_builder_row tb_mfnq55 tb_first tf_w\">\n                        <div class=\"row_inner col_align_top tb_col_count_2 tf_box tf_rel\">\n                        <div  data-lazy=\"1\" class=\"module_column tb-column tb_2v0m55 first\">\n                    <!-- module image -->\n<div  class=\"module module-image tb_sbme474 image-top drop-shadow bordered  auto_fullwidth tf_mw\" data-lazy=\"1\">\n        <div class=\"image-wrap tf_rel tf_mw\">\n            <img loading=\"lazy\" decoding=\"async\" width=\"1077\" height=\"1069\" src=\"https:\/\/blogsaverroes.juntadeandalucia.es\/ellocodelamochila\/files\/2025\/07\/Portada-elementos.jpg\" class=\"wp-post-image wp-image-3314\" title=\"Repositorio fondos presentaciones - 310\" alt=\"Repositorio fondos presentaciones - 310\" srcset=\"https:\/\/blogsaverroes.juntadeandalucia.es\/ellocodelamochila\/files\/2025\/07\/Portada-elementos.jpg 1077w, https:\/\/blogsaverroes.juntadeandalucia.es\/ellocodelamochila\/files\/2025\/07\/Portada-elementos-300x298.jpg 300w, https:\/\/blogsaverroes.juntadeandalucia.es\/ellocodelamochila\/files\/2025\/07\/Portada-elementos-1024x1016.jpg 1024w, https:\/\/blogsaverroes.juntadeandalucia.es\/ellocodelamochila\/files\/2025\/07\/Portada-elementos-150x150.jpg 150w, https:\/\/blogsaverroes.juntadeandalucia.es\/ellocodelamochila\/files\/2025\/07\/Portada-elementos-768x762.jpg 768w\" sizes=\"(max-width: 1077px) 100vw, 1077px\" \/>    \n        <\/div>\n    <!-- \/image-wrap -->\n    \n        <\/div>\n<!-- \/module image -->        <\/div>\n                    <div  data-lazy=\"1\" class=\"module_column tb-column tb_3vm556 last\">\n                    <!-- module menu -->\n<div  class=\"module module-menu tb_bs3q274  mobile-menu-slide\" data-menu-style=\"mobile-menu-slide\" data-menu-breakpoint=\"0\" data-element-id=\"tb_bs3q274\" data-lazy=\"1\">\n        \n    <div class=\"module-menu-container\"><ul id=\"menu-menu-pestana-elementos-de-la-situacion-de-aprendizaje\" class=\"ui tf_clearfix nav tf_rel tf_scrollbar vertical light-blue rounded gradient glossy embossed shadow\"><li id=\"menu-item-2532\" class=\"menu-item-page-1868 menu-item menu-item-type-post_type menu-item-object-page menu-item-2532\"><a href=\"https:\/\/blogsaverroes.juntadeandalucia.es\/ellocodelamochila\/situaciones-de-aprendizaje-lomloe\/elementos-de-una-situacion-de-aprendizaje\/el-centro-organizador\/\">EL CENTRO ORGANIZADOR<\/a><\/li>\n<li id=\"menu-item-2528\" class=\"menu-item-page-1965 menu-item menu-item-type-post_type menu-item-object-page menu-item-2528\"><a href=\"https:\/\/blogsaverroes.juntadeandalucia.es\/ellocodelamochila\/situaciones-de-aprendizaje-lomloe\/elementos-de-una-situacion-de-aprendizaje\/detonadores-para-situaciones-de-aprendizaje\/\">DETONADORES PARA SITUACIONES DE APRENDIZAJE<\/a><\/li>\n<li id=\"menu-item-2531\" class=\"menu-item-page-1878 menu-item menu-item-type-post_type menu-item-object-page menu-item-2531\"><a href=\"https:\/\/blogsaverroes.juntadeandalucia.es\/ellocodelamochila\/situaciones-de-aprendizaje-lomloe\/elementos-de-una-situacion-de-aprendizaje\/la-concrecion-curricular\/\">LA CONCRECI\u00d3N CURRICULAR<\/a><\/li>\n<li id=\"menu-item-2527\" class=\"menu-item-page-1914 menu-item menu-item-type-post_type menu-item-object-page menu-item-2527\"><a href=\"https:\/\/blogsaverroes.juntadeandalucia.es\/ellocodelamochila\/situaciones-de-aprendizaje-lomloe\/elementos-de-una-situacion-de-aprendizaje\/la-secuencia-didactica\/\">LA SECUENCIA DID\u00c1CTICA<\/a><\/li>\n<li id=\"menu-item-2530\" class=\"menu-item-page-1926 menu-item menu-item-type-post_type menu-item-object-page menu-item-2530\"><a href=\"https:\/\/blogsaverroes.juntadeandalucia.es\/ellocodelamochila\/situaciones-de-aprendizaje-lomloe\/elementos-de-una-situacion-de-aprendizaje\/dua-y-atencion-a-la-diversidad\/\">DUA Y ATENCI\u00d3N A LA DIVERSIDAD<\/a><\/li>\n<li id=\"menu-item-2529\" class=\"menu-item-page-1943 menu-item menu-item-type-post_type menu-item-object-page menu-item-2529\"><a href=\"https:\/\/blogsaverroes.juntadeandalucia.es\/ellocodelamochila\/situaciones-de-aprendizaje-lomloe\/elementos-de-una-situacion-de-aprendizaje\/la-evaluacion\/\">LA EVALUACI\u00d3N<\/a><\/li>\n<\/ul><\/div>        <style>\n            .mobile-menu-module[data-module=\"tb_bs3q274\"]{\n                right:-300px            }\n        <\/style>\n    <\/div>\n<!-- \/module menu -->\n        <\/div>\n                        <\/div>\n        <\/div>\n        <\/div>\n<!--\/themify_builder_content-->&nbsp;<\/p>\n<p>&nbsp;<\/p>","protected":false},"excerpt":{"rendered":"<p>EL CENTRO ORGANIZADOR DETONADORES PARA SITUACIONES DE APRENDIZAJE LA CONCRECI\u00d3N CURRICULAR LA SECUENCIA DID\u00c1CTICA DUA Y ATENCI\u00d3N A LA DIVERSIDAD LA EVALUACI\u00d3N &nbsp; &nbsp;<\/p>\n","protected":false},"author":4178,"featured_media":0,"parent":1742,"menu_order":3,"comment_status":"closed","ping_status":"closed","template":"","meta":{"footnotes":""},"aioseo_notices":[],"_links":{"self":[{"href":"https:\/\/blogsaverroes.juntadeandalucia.es\/ellocodelamochila\/wp-json\/wp\/v2\/pages\/1876"}],"collection":[{"href":"https:\/\/blogsaverroes.juntadeandalucia.es\/ellocodelamochila\/wp-json\/wp\/v2\/pages"}],"about":[{"href":"https:\/\/blogsaverroes.juntadeandalucia.es\/ellocodelamochila\/wp-json\/wp\/v2\/types\/page"}],"author":[{"embeddable":true,"href":"https:\/\/blogsaverroes.juntadeandalucia.es\/ellocodelamochila\/wp-json\/wp\/v2\/users\/4178"}],"replies":[{"embeddable":true,"href":"https:\/\/blogsaverroes.juntadeandalucia.es\/ellocodelamochila\/wp-json\/wp\/v2\/comments?post=1876"}],"version-history":[{"count":13,"href":"https:\/\/blogsaverroes.juntadeandalucia.es\/ellocodelamochila\/wp-json\/wp\/v2\/pages\/1876\/revisions"}],"predecessor-version":[{"id":3317,"href":"https:\/\/blogsaverroes.juntadeandalucia.es\/ellocodelamochila\/wp-json\/wp\/v2\/pages\/1876\/revisions\/3317"}],"up":[{"embeddable":true,"href":"https:\/\/blogsaverroes.juntadeandalucia.es\/ellocodelamochila\/wp-json\/wp\/v2\/pages\/1742"}],"wp:attachment":[{"href":"https:\/\/blogsaverroes.juntadeandalucia.es\/ellocodelamochila\/wp-json\/wp\/v2\/media?parent=1876"}],"curies":[{"name":"wp","href":"https:\/\/api.w.org\/{rel}","templated":true}]}}