{"id":1926,"date":"2023-07-04T12:47:22","date_gmt":"2023-07-04T10:47:22","guid":{"rendered":"https:\/\/blogsaverroes.juntadeandalucia.es\/ellocodelamochila\/?page_id=1926"},"modified":"2023-09-03T17:43:50","modified_gmt":"2023-09-03T15:43:50","slug":"dua-y-atencion-a-la-diversidad","status":"publish","type":"page","link":"https:\/\/blogsaverroes.juntadeandalucia.es\/ellocodelamochila\/situaciones-de-aprendizaje-lomloe\/elementos-de-una-situacion-de-aprendizaje\/dua-y-atencion-a-la-diversidad\/","title":{"rendered":"DUA Y ATENCI\u00d3N A LA DIVERSIDAD"},"content":{"rendered":"<p style=\"text-align: justify\"><strong><span style=\"font-size: 14pt;font-family: terminal, monaco, monospace\"><img loading=\"lazy\" decoding=\"async\" class=\" wp-image-2480 alignright\" src=\"https:\/\/blogsaverroes.juntadeandalucia.es\/ellocodelamochila\/files\/2023\/08\/DUA-y-atenci\u00f3n-a-la-diversidad-300x300.jpg\" alt=\"\" width=\"523\" height=\"523\" srcset=\"https:\/\/blogsaverroes.juntadeandalucia.es\/ellocodelamochila\/files\/2023\/08\/DUA-y-atenci\u00f3n-a-la-diversidad-300x300.jpg 300w, https:\/\/blogsaverroes.juntadeandalucia.es\/ellocodelamochila\/files\/2023\/08\/DUA-y-atenci\u00f3n-a-la-diversidad-1024x1024.jpg 1024w, https:\/\/blogsaverroes.juntadeandalucia.es\/ellocodelamochila\/files\/2023\/08\/DUA-y-atenci\u00f3n-a-la-diversidad-150x150.jpg 150w, https:\/\/blogsaverroes.juntadeandalucia.es\/ellocodelamochila\/files\/2023\/08\/DUA-y-atenci\u00f3n-a-la-diversidad-768x768.jpg 768w, https:\/\/blogsaverroes.juntadeandalucia.es\/ellocodelamochila\/files\/2023\/08\/DUA-y-atenci\u00f3n-a-la-diversidad.jpg 1080w\" sizes=\"(max-width: 523px) 100vw, 523px\" \/>ACLARANDO CONCEPTOS.<\/span><\/strong><\/p>\n<p style=\"text-align: justify\"><span style=\"font-size: 14pt;font-family: terminal, monaco, monospace\">Tradicionalmente la atenci\u00f3n a la diversidad se ha centrado en el alumnado que encuentra dificultades para el aprendizaje o en aquellos que tienen la posibilidad de ir algo m\u00e1s all\u00e1 de lo que establece el curr\u00edculo para ese nivel. De esta forma, era habitual que en el desarrollo de una unidad did\u00e1ctica se planteasen medidas para el alumnado <em>que no llega<\/em> (actividades de refuerzo) y para el alumnado para el que las actividades de la unidad did\u00e1ctica se quedaban cortas (actividades de ampliaci\u00f3n).<\/span><\/p>\n<p style=\"text-align: justify\"><span style=\"font-size: 14pt;font-family: terminal, monaco, monospace\">Sin embargo, el DUA supera con creces esta visi\u00f3n dicot\u00f3mica, que no es otra cosa que una visi\u00f3n simplista de la realidad del aula. En clase encontramos mucha m\u00e1s diversidad que alumnado al que le cuesta trabajo y alumnado con alto nivel de competencia curricular. La realidad es much\u00edsimo m\u00e1s compleja.<\/span><\/p>\n<p style=\"text-align: justify\"><span style=\"font-size: 14pt;font-family: terminal, monaco, monospace\">Por ello, el DUA parte de un objetivo muy concreto: garantizar que el aprendizaje llegue a la totalidad de nuestro alumnado, con independencia de sus caracter\u00edsticas socioculturales o su nivel de desarrollo curricular. As\u00ed de simple y de complejo al mismo tiempo.<\/span><\/p>\n<p style=\"text-align: justify\"><span style=\"font-size: 14pt;font-family: terminal, monaco, monospace\">Por ejemplo, cu\u00e1ntas veces se han dicho comentarios respecto a un alumno suspenso del tipo \u201c<em>ha suspendido porque no ha trabajado. Pero si se pusiera, aprobaba con seguridad porque dificultades no tiene ninguna\u201d <\/em>o<em> \u201ces list\u00edsimo, pero no le interesa nada estudiar<\/em>\u201d. Pues bien, para este alumnado -que no presenta dificultades de aprendizaje- el DUA plantea el principio de compromiso y motivaci\u00f3n (proporcionar m\u00faltiples formas de implicaci\u00f3n), es decir, el equipo docente deber\u00eda plantearse aplicar las pautas DUA recogidas en este principio, como la de proporcionar opciones para captar el inter\u00e9s, proporcionar opciones para mantener el esfuerzo y la persistencia, proporcionar opciones para la autorregulaci\u00f3n\u2026<\/span><\/p>\n<p style=\"text-align: justify\"><span style=\"font-size: 14pt;font-family: terminal, monaco, monospace\">Este tipo de casos concretos son solo ejemplos que confirman que el DUA est\u00e1 ideado para que pensemos en la totalidad de nuestro alumnado, para que todas y todos puedan derribar cualquier barrera con la que se topen en el desarrollo de la situaci\u00f3n de aprendizaje y alcanzar el objetivo.<\/span><\/p>\n<p>&nbsp;<\/p>\n<p style=\"text-align: justify\"><strong><span style=\"font-size: 14pt;font-family: terminal, monaco, monospace\">\u00bfES EL DUA UNA METODOLOG\u00cdA?<\/span><\/strong><\/p>\n<p style=\"text-align: justify\"><span style=\"font-size: 14pt;font-family: terminal, monaco, monospace\">Aunque en ocasiones se haya contemplado el DUA como una metodolog\u00eda, esto no es correcto. El DUA no es \u00fanicamente un enfoque metodol\u00f3gico puesto que impregna a todo el proceso educativo (a la concreci\u00f3n curricular, a la evaluaci\u00f3n, a la metodolog\u00eda\u2026), incluso al propio dise\u00f1o curricular.<\/span><\/p>\n<p style=\"text-align: justify\"><span style=\"font-size: 14pt;font-family: terminal, monaco, monospace\">El curr\u00edculo LOMLOE se ha elaborado teniendo en cuenta el DUA. As\u00ed, por citar un solo ejemplo, si con la LOMCE ten\u00edamos un criterio de evaluaci\u00f3n en <em>Lengua Castellana y Literatura<\/em> que consist\u00eda en \u201c<em>Escribir textos sencillos en relaci\u00f3n con el \u00e1mbito de uso<\/em>\u201d (criterio de evaluaci\u00f3n n\u00famero 6 del bloque dos de comunicaci\u00f3n escrita para 3\u00ba de ESO, <em>Orden de 15 de enero de 2021<\/em>), ahora en la LOMLOE se ha redactado como \u201c<em>Producir textos escritos y multimodales coherentes, cohesionados, adecuados y correctos atendiendo a las convenciones propias del g\u00e9nero discursivo elegido, para construir conocimiento y para dar respuesta de manera informada, eficaz y creativa a demandas comunicativas concretas<\/em>\u201d (competencia espec\u00edfica n\u00famero 5, <em>Orden de 30 de mayo de 2023<\/em>), es decir, que con la inclusi\u00f3n del t\u00e9rmino \u201cmultimodales\u201d se cumple el principio DUA consistente en proporcionar m\u00faltiples formas de presentaci\u00f3n, por lo que podemos trabajar con nuestro alumnado diversas formas de creaci\u00f3n de textos escritos, desde la tradicional con l\u00e1piz y papel hasta textos digitales que combinen la escritura con el dise\u00f1o gr\u00e1fico.<\/span><\/p>\n<p style=\"text-align: justify\"><span style=\"font-size: 14pt;font-family: terminal, monaco, monospace\">De esta forma, el DUA es m\u00e1s que una metodolog\u00eda. Es una visi\u00f3n inclusiva de todo el proceso educativo que va desde el dise\u00f1o curricular hasta el propio trabajo en el aula y que busca lograr que el aprendizaje est\u00e9 al alcance de todas y todos, de cada una y de cada uno de nuestras alumnas y alumnos.<\/span><\/p>\n<p>&nbsp;<\/p>\n<p style=\"text-align: justify\"><strong><span style=\"font-size: 14pt;font-family: terminal, monaco, monospace\">LAS BARRERAS.<\/span><\/strong><\/p>\n<p style=\"text-align: justify\"><span style=\"font-size: 14pt;font-family: terminal, monaco, monospace\">Si pretendemos aplicar el enfoque DUA al dise\u00f1o de nuestras situaciones de aprendizaje debemos comenzar por la detecci\u00f3n de las posibles barreras incluso antes de que estas aparezcan.<\/span><\/p>\n<p style=\"text-align: justify\"><span style=\"font-size: 14pt;font-family: terminal, monaco, monospace\">Por ello, es sumamente importante que el docente posea un conocimiento profundo de su alumnado: sus cualidades personales, sus destrezas y habilidades, sus gustos y motivaciones, sus intereses, sus dificultades y sus talentos, etc. Este conocimiento le permitir\u00e1 prever posibles barreras que su alumnado pueda encontrar a lo largo del desarrollo de la situaci\u00f3n de aprendizaje y, de esta forma, adoptar medidas concretas incluso con anterioridad.<\/span><\/p>\n<p style=\"text-align: justify\"><span style=\"font-size: 14pt;font-family: terminal, monaco, monospace\">Pongamos un ejemplo. Si vamos a llevar al aula una situaci\u00f3n de aprendizaje en la que el producto final sea la grabaci\u00f3n de un podcast, el docente -dado su conocimiento del grupo- puede plasmar el principio de compromiso y motivaci\u00f3n incluyendo para la edici\u00f3n m\u00fasica que sea del gusto de su alumnado. De esta forma, estar\u00e1 favoreciendo que su alumnado se implique m\u00e1s fuertemente con el trabajo de la secuencia did\u00e1ctica, derribando posibles barreras relacionadas con la motivaci\u00f3n y el compromiso.<\/span><\/p>\n<p style=\"text-align: justify\"><span style=\"font-size: 14pt;font-family: terminal, monaco, monospace\">Un excelente trabajo que puede facilitar al docente la detecci\u00f3n de barreras para el aprendizaje de su alumnado y, de esta forma, determinar las acciones educativas pertinentes es el llevado a cabo por Antonio M\u00e1rquez y aula Desigual. En la siguiente tabla se recogen de una forma sistem\u00e1tica posibles barreras y se ofrecen algunas soluciones, todo ello ligado con los principios DUA.<\/span><\/p>\n<table style=\"border-collapse: collapse;width: 64.743234%;height: 494px\">\n<tbody>\n<tr>\n<td style=\"width: 100%\">\n<div style=\"width: 100%\">\n<div style=\"padding-bottom: 56.25%;padding-top: 0px;height: 0px;padding-left: 80px\"><iframe loading=\"lazy\" src=\"https:\/\/view.genial.ly\/6273b5d2975a9b001ad90ed2\" width=\"600px\" height=\"400px\" frameborder=\"0\" scrolling=\"yes\">&amp;amp;amp;amp;amp;amp;amp;amp;amp;amp;amp;lt;span style=\u00bbdisplay: inline-block; width: 0px; overflow: hidden; line-height: 0;\u00bb data-mce-type=\u00bbbookmark\u00bb class=\u00bbmce_SELRES_start\u00bb&amp;amp;amp;amp;amp;amp;amp;amp;amp;amp;amp;gt;\ufeff&amp;amp;amp;amp;amp;amp;amp;amp;amp;amp;amp;lt;\/span&amp;amp;amp;amp;amp;amp;amp;amp;amp;amp;amp;gt;&amp;amp;amp;amp;amp;amp;amp;amp;amp;amp;amp;amp;amp;amp;lt;span style=\u00bbdisplay: inline-block; width: 0px; overflow: hidden; line-height: 0;\u00bb data-mce-type=\u00bbbookmark\u00bb class=\u00bbmce_SELRES_start\u00bb&amp;amp;amp;amp;amp;amp;amp;amp;amp;amp;amp;amp;amp;amp;gt;\ufeff&amp;amp;amp;amp;amp;amp;amp;amp;amp;amp;amp;amp;amp;amp;lt;\/span&amp;amp;amp;amp;amp;amp;amp;amp;amp;amp;amp;amp;amp;amp;gt;&amp;amp;amp;amp;amp;amp;amp;amp;amp;amp;amp;amp;amp;amp;amp;amp;amp;lt;span style=\u00bbdisplay: inline-block; width: 0px; overflow: hidden; line-height: 0;\u00bb data-mce-type=\u00bbbookmark\u00bb class=\u00bbmce_SELRES_start\u00bb&amp;amp;amp;amp;amp;amp;amp;amp;amp;amp;amp;amp;amp;amp;amp;amp;amp;gt;\ufeff&amp;amp;amp;amp;amp;amp;amp;amp;amp;amp;amp;amp;amp;amp;amp;amp;amp;lt;\/span&amp;amp;amp;amp;amp;amp;amp;amp;amp;amp;amp;amp;amp;amp;amp;amp;amp;gt;<\/iframe><\/div>\n<div>&nbsp;<\/div>\n<\/div>\n<\/td>\n<\/tr>\n<tr>\n<td style=\"width: 60%;text-align: center\">&nbsp;<\/p>\n<p><span style=\"font-family: terminal, monaco, monospace\">Genially de <a href=\"https:\/\/www.auladesigual.com\" target=\"_blank\" rel=\"noopener noreferrer\">Aula Desigual<\/a><\/span><\/td>\n<\/tr>\n<\/tbody>\n<\/table>\n<p style=\"text-align: justify\"><strong><span style=\"font-size: 14pt;font-family: terminal, monaco, monospace\">LA TABLA DUA.<\/span><\/strong><\/p>\n<p style=\"text-align: justify\"><span style=\"font-size: 14pt;font-family: terminal, monaco, monospace\">Tras la detecci\u00f3n de las posibles barreras para el aprendizaje, toca la toma de decisiones. Es decir, el docente debe ser consciente de los obst\u00e1culos que puedan dificultar el aprendizaje de su alumnado, tener previstas medidas concretas y aplicarlas para que superen estas dificultades incluso antes de que estas surjan siempre que esto sea posible.<\/span><\/p>\n<p style=\"text-align: justify\"><span style=\"font-size: 14pt;font-family: terminal, monaco, monospace\">As\u00ed, por ejemplo, si hemos detectado que un alumno tiene dificultades en la comprensi\u00f3n de textos extensos, con casi total seguridad este alumno se topar\u00e1 con una barrera cuando le demos un texto largo en el marco de trabajo de una situaci\u00f3n de aprendizaje concreta. Ante esta situaci\u00f3n, el docente debe ser consciente de esta barrera y, para derribarla, deber\u00e1 adoptar medidas como, por ejemplo, proponer una lectura facilitada, acompa\u00f1ar el texto escrito con un texto oral (un audio o un v\u00eddeo) que lo complemente, espaciar la lectura en varias sesiones diferentes, etc.<\/span><\/p>\n<p style=\"text-align: justify\"><span style=\"font-size: 14pt;font-family: terminal, monaco, monospace\">Una buena tabla que nos puede servir como punto de apoyo a la hora de pensar en acciones concretas para derribar barreras para el aprendizaje durante el dise\u00f1o de nuestra situaci\u00f3n de aprendizaje puede ser la siguiente:<\/span><\/p>\n<p style=\"text-align: justify\"><a href=\"https:\/\/docs.google.com\/document\/d\/1QKaQ4ttpy3UUiihgGS2vY4DvsILsLLndwqHqVSvAeko\/edit?usp=sharing\" target=\"_blank\" rel=\"noopener noreferrer\"><img loading=\"lazy\" decoding=\"async\" class=\"aligncenter wp-image-1223 \" src=\"https:\/\/blogsaverroes.juntadeandalucia.es\/ellocodelamochila\/files\/2022\/07\/file-type-doc-word-document.427x512-250x300.png\" alt=\"\" width=\"107\" height=\"129\" srcset=\"https:\/\/blogsaverroes.juntadeandalucia.es\/ellocodelamochila\/files\/2022\/07\/file-type-doc-word-document.427x512-250x300.png 250w, https:\/\/blogsaverroes.juntadeandalucia.es\/ellocodelamochila\/files\/2022\/07\/file-type-doc-word-document.427x512.png 427w\" sizes=\"(max-width: 107px) 100vw, 107px\" \/><\/a><\/p>\n<p style=\"text-align: justify\"><span style=\"font-size: 14pt;font-family: terminal, monaco, monospace\">Esta tabla nos permite contemplar en un simple vistazo todos los principios y pautas DUA. No obstante, el docente no debe obsesionarse con rellenar todos los huecos. No se trata de eso, no es citar medidas por citar. De lo que se trata es de partir de nuestro conocimiento del grupo y de lo que nuestro alumnado har\u00e1 en el aula para tener previstas posibles barreras que encontrar\u00e1 y darle a estas una respuesta educativa adecuada que posibilite su derribo. Es decir, solo recogeremos en la tabla las medidas concretas que vayamos a aplicar sabiendo los obst\u00e1culos espec\u00edficos que nuestro alumnado encontrar\u00e1. Ni m\u00e1s ni menos. <\/span><\/p>\n<p>&nbsp;<\/p>\n<p style=\"text-align: justify\"><strong><span style=\"font-size: 14pt;font-family: terminal, monaco, monospace\">PARA SABER M\u00c1S&#8230;<\/span><\/strong><\/p>\n<p style=\"text-align: justify;padding-left: 40px\"><span style=\"font-size: 14pt;font-family: terminal, monaco, monospace\">&#8211;<a href=\"https:\/\/conectatic.intef.es\/mod\/book\/view.php?id=550&amp;chapterid=1854\" target=\"_blank\" rel=\"noopener noreferrer\">Dise\u00f1o Universal para el aprendizaje. Aspectos B\u00e1sicos<\/a>.<\/span><\/p>\n<!--themify_builder_content-->\n<div id=\"themify_builder_content-1926\" data-postid=\"1926\" class=\"themify_builder_content themify_builder_content-1926 themify_builder tf_clear\">\n                    <div  data-lazy=\"1\" class=\"module_row themify_builder_row tb_76ue604 tb_first tf_w\">\n                        <div class=\"row_inner col_align_top tb_col_count_1 tf_box tf_rel\">\n                        <div  data-lazy=\"1\" class=\"module_column tb-column col-full tb_vmrx605 first\">\n                            <div  data-lazy=\"1\" class=\"module_subrow themify_builder_sub_row tf_w col_align_top tb_col_count_2 tb_d87e936\">\n                <div  data-lazy=\"1\" class=\"module_column sub_column col2-1 tb_76iz937 first\">\n                            <\/div>\n                    <div  data-lazy=\"1\" class=\"module_column sub_column col2-1 tb_c9aq937 last\">\n                    <!-- module social share -->\n<div  class=\"module module-social-share tb_9dcu572  tb_ss_size_large tb_ss_shape_rounded\" data-lazy=\"1\" data-title=\"\" data-url=\"\">\n        <div class=\"module-social-share-wrapper\">\n                                            <div class=\"ss_anchor_wrap tf_inline_b\">\n                        <a href=\"#\" data-type=\"facebook\">\n                            <em class=\"tb_social_share_icon\"><svg  aria-label=\"Facebook\" class=\"tf_fa tf-ti-facebook\" role=\"img\"><use href=\"#tf-ti-facebook\"><\/use><\/svg><\/em>\n                                                    <\/a>\n                    <\/div>\n                                    <div class=\"ss_anchor_wrap tf_inline_b\">\n                        <a href=\"#\" data-type=\"twitter\">\n                            <em class=\"tb_social_share_icon\"><svg  aria-label=\"Twitter\" class=\"tf_fa tf-fab-x-twitter\" role=\"img\"><use href=\"#tf-fab-x-twitter\"><\/use><\/svg><\/em>\n                                                    <\/a>\n                    <\/div>\n                                    <div class=\"ss_anchor_wrap tf_inline_b\">\n                        <a href=\"#\" data-type=\"email\">\n                            <em class=\"tb_social_share_icon\"><svg  aria-label=\"Email\" class=\"tf_fa tf-ti-email\" role=\"img\"><use href=\"#tf-ti-email\"><\/use><\/svg><\/em>\n                                                    <\/a>\n                    <\/div>\n                            <\/div>\n<\/div>\n<!-- \/module social share -->\n        <\/div>\n                    <\/div>\n                <\/div>\n                        <\/div>\n        <\/div>\n        <\/div>\n<!--\/themify_builder_content-->","protected":false},"excerpt":{"rendered":"<p>ACLARANDO CONCEPTOS. Tradicionalmente la atenci\u00f3n a la diversidad se ha centrado en el alumnado que encuentra dificultades para el aprendizaje o en aquellos que tienen la posibilidad de ir algo m\u00e1s all\u00e1 de lo que establece el curr\u00edculo para ese nivel. De esta forma, era habitual que en el desarrollo de una unidad did\u00e1ctica se [&hellip;]<\/p>\n","protected":false},"author":4178,"featured_media":0,"parent":1876,"menu_order":5,"comment_status":"open","ping_status":"closed","template":"","meta":{"footnotes":""},"aioseo_notices":[],"_links":{"self":[{"href":"https:\/\/blogsaverroes.juntadeandalucia.es\/ellocodelamochila\/wp-json\/wp\/v2\/pages\/1926"}],"collection":[{"href":"https:\/\/blogsaverroes.juntadeandalucia.es\/ellocodelamochila\/wp-json\/wp\/v2\/pages"}],"about":[{"href":"https:\/\/blogsaverroes.juntadeandalucia.es\/ellocodelamochila\/wp-json\/wp\/v2\/types\/page"}],"author":[{"embeddable":true,"href":"https:\/\/blogsaverroes.juntadeandalucia.es\/ellocodelamochila\/wp-json\/wp\/v2\/users\/4178"}],"replies":[{"embeddable":true,"href":"https:\/\/blogsaverroes.juntadeandalucia.es\/ellocodelamochila\/wp-json\/wp\/v2\/comments?post=1926"}],"version-history":[{"count":21,"href":"https:\/\/blogsaverroes.juntadeandalucia.es\/ellocodelamochila\/wp-json\/wp\/v2\/pages\/1926\/revisions"}],"predecessor-version":[{"id":2481,"href":"https:\/\/blogsaverroes.juntadeandalucia.es\/ellocodelamochila\/wp-json\/wp\/v2\/pages\/1926\/revisions\/2481"}],"up":[{"embeddable":true,"href":"https:\/\/blogsaverroes.juntadeandalucia.es\/ellocodelamochila\/wp-json\/wp\/v2\/pages\/1876"}],"wp:attachment":[{"href":"https:\/\/blogsaverroes.juntadeandalucia.es\/ellocodelamochila\/wp-json\/wp\/v2\/media?parent=1926"}],"curies":[{"name":"wp","href":"https:\/\/api.w.org\/{rel}","templated":true}]}}