{"id":1996,"date":"2023-07-07T13:18:00","date_gmt":"2023-07-07T11:18:00","guid":{"rendered":"https:\/\/blogsaverroes.juntadeandalucia.es\/ellocodelamochila\/?page_id=1996"},"modified":"2023-09-03T19:05:41","modified_gmt":"2023-09-03T17:05:41","slug":"kit-para-el-diseno-de-situaciones-de-aprendizaje-infantil","status":"publish","type":"page","link":"https:\/\/blogsaverroes.juntadeandalucia.es\/ellocodelamochila\/situaciones-de-aprendizaje-lomloe\/kit-para-el-diseno-de-situaciones-de-aprendizaje-2\/kit-para-el-diseno-de-situaciones-de-aprendizaje-infantil\/","title":{"rendered":"KIT PARA EL DISE\u00d1O DE SITUACIONES DE APRENDIZAJE (INFANTIL)"},"content":{"rendered":"<p style=\"text-align: justify\"><span style=\"font-family: terminal, monaco, monospace;font-size: 14pt\"><img loading=\"lazy\" decoding=\"async\" class=\" wp-image-2439 alignright\" src=\"https:\/\/blogsaverroes.juntadeandalucia.es\/ellocodelamochila\/files\/2023\/08\/Kit-para-el-dise\u00f1o-de-SA-300x300.jpg\" alt=\"\" width=\"254\" height=\"254\" srcset=\"https:\/\/blogsaverroes.juntadeandalucia.es\/ellocodelamochila\/files\/2023\/08\/Kit-para-el-dise\u00f1o-de-SA-300x300.jpg 300w, https:\/\/blogsaverroes.juntadeandalucia.es\/ellocodelamochila\/files\/2023\/08\/Kit-para-el-dise\u00f1o-de-SA-1024x1024.jpg 1024w, https:\/\/blogsaverroes.juntadeandalucia.es\/ellocodelamochila\/files\/2023\/08\/Kit-para-el-dise\u00f1o-de-SA-150x150.jpg 150w, https:\/\/blogsaverroes.juntadeandalucia.es\/ellocodelamochila\/files\/2023\/08\/Kit-para-el-dise\u00f1o-de-SA-768x768.jpg 768w, https:\/\/blogsaverroes.juntadeandalucia.es\/ellocodelamochila\/files\/2023\/08\/Kit-para-el-dise\u00f1o-de-SA-1024x1024-200x200.jpg 200w, https:\/\/blogsaverroes.juntadeandalucia.es\/ellocodelamochila\/files\/2023\/08\/Kit-para-el-dise\u00f1o-de-SA.jpg 1080w\" sizes=\"(max-width: 254px) 100vw, 254px\" \/>El curr\u00edculo LOMLOE ha puesto el foco en las <strong>situaciones de aprendizaje<\/strong> como unidad fundamental de planificaci\u00f3n del trabajo en el aula. Aunque su dise\u00f1o depende de multitud de factores diferentes (la etapa y el curso, el contexto educativo concreto, las caracter\u00edsticas del grupo-clase, etc.), hemos elaborado este kit de ayuda para el profesorado de Infantil para que le sirva como banco de recursos y tambi\u00e9n como punto de partida para el dise\u00f1o de sus propias situaciones de aprendizaje.<\/span><\/p>\n<p>&nbsp;<\/p>\n<p style=\"text-align: center\"><span style=\"font-size: 24pt\"><strong><span style=\"font-family: terminal, monaco, monospace\">KIT PARA EL DISE\u00d1O DE SITUACIONES DE APRENDIZAJE <\/span><\/strong><\/span><span style=\"font-size: 24pt\"><strong><span style=\"font-family: terminal, monaco, monospace\">EN INFANTIL<\/span><\/strong><\/span><\/p>\n<p style=\"text-align: justify\"><span style=\"font-family: terminal, monaco, monospace;font-size: 14pt\">-Plantilla para el dise\u00f1o de una situaci\u00f3n de aprendizaje:<\/span><\/p>\n<p><a href=\"https:\/\/docs.google.com\/document\/d\/18knV8Ecea9P26xEr_iZkr0R8AB7luf7DRITOk9okMC4\/edit?usp=sharing\" target=\"_blank\" rel=\"noopener noreferrer\"><img loading=\"lazy\" decoding=\"async\" class=\"aligncenter wp-image-1223\" src=\"https:\/\/blogsaverroes.juntadeandalucia.es\/ellocodelamochila\/files\/2022\/07\/file-type-doc-word-document.427x512-250x300.png\" alt=\"\" width=\"100\" height=\"120\" srcset=\"https:\/\/blogsaverroes.juntadeandalucia.es\/ellocodelamochila\/files\/2022\/07\/file-type-doc-word-document.427x512-250x300.png 250w, https:\/\/blogsaverroes.juntadeandalucia.es\/ellocodelamochila\/files\/2022\/07\/file-type-doc-word-document.427x512.png 427w\" sizes=\"(max-width: 100px) 100vw, 100px\" \/><\/a><\/p>\n<p style=\"text-align: justify\"><span style=\"font-family: terminal, monaco, monospace;font-size: 14pt\">-Documentos de ayuda para determinados elementos de la situaci\u00f3n de aprendizaje:<\/span><\/p>\n<table style=\"border-collapse: collapse;width: 100%\">\n<tbody>\n<tr>\n<td style=\"width: 50%;text-align: center\"><a href=\"https:\/\/docs.google.com\/document\/d\/1Hy9xLumdI9RXPh85z4vgwggqKwiGtzUMZ45f7iOpqTQ\/edit?usp=sharing\" target=\"_blank\" rel=\"noopener noreferrer\"><img loading=\"lazy\" decoding=\"async\" class=\"aligncenter wp-image-1223\" src=\"https:\/\/blogsaverroes.juntadeandalucia.es\/ellocodelamochila\/files\/2022\/07\/file-type-doc-word-document.427x512-250x300.png\" alt=\"\" width=\"100\" height=\"120\" srcset=\"https:\/\/blogsaverroes.juntadeandalucia.es\/ellocodelamochila\/files\/2022\/07\/file-type-doc-word-document.427x512-250x300.png 250w, https:\/\/blogsaverroes.juntadeandalucia.es\/ellocodelamochila\/files\/2022\/07\/file-type-doc-word-document.427x512.png 427w\" sizes=\"(max-width: 100px) 100vw, 100px\" \/><\/a><\/p>\n<p><span style=\"font-family: terminal, monaco, monospace;font-size: 14pt\">Listado de principios y pautas DUA<\/span><\/td>\n<td style=\"width: 50%;text-align: center\"><a href=\"https:\/\/docs.google.com\/document\/d\/1qzT70m_WkxZZ8MkgjNHTybq-Au92gDV_\/edit?usp=sharing&amp;ouid=111784126728013906866&amp;rtpof=true&amp;sd=true\" target=\"_blank\" rel=\"noopener noreferrer\"><img loading=\"lazy\" decoding=\"async\" class=\"aligncenter wp-image-1223\" src=\"https:\/\/blogsaverroes.juntadeandalucia.es\/ellocodelamochila\/files\/2022\/07\/file-type-doc-word-document.427x512-250x300.png\" alt=\"\" width=\"100\" height=\"120\" srcset=\"https:\/\/blogsaverroes.juntadeandalucia.es\/ellocodelamochila\/files\/2022\/07\/file-type-doc-word-document.427x512-250x300.png 250w, https:\/\/blogsaverroes.juntadeandalucia.es\/ellocodelamochila\/files\/2022\/07\/file-type-doc-word-document.427x512.png 427w\" sizes=\"(max-width: 100px) 100vw, 100px\" \/><\/a><\/p>\n<p><span style=\"font-family: terminal, monaco, monospace;font-size: 14pt\">Tipolog\u00eda de actividades<\/span><\/td>\n<\/tr>\n<tr>\n<td style=\"width: 50%;text-align: center\"><a href=\"https:\/\/docs.google.com\/document\/d\/14plVEPt4py8-l3rIQRS6cW9kEZv7TaI8\/edit?usp=sharing&amp;ouid=111784126728013906866&amp;rtpof=true&amp;sd=true\" target=\"_blank\" rel=\"noopener noreferrer\"><img loading=\"lazy\" decoding=\"async\" class=\"aligncenter wp-image-1223\" src=\"https:\/\/blogsaverroes.juntadeandalucia.es\/ellocodelamochila\/files\/2022\/07\/file-type-doc-word-document.427x512-250x300.png\" alt=\"\" width=\"100\" height=\"120\" srcset=\"https:\/\/blogsaverroes.juntadeandalucia.es\/ellocodelamochila\/files\/2022\/07\/file-type-doc-word-document.427x512-250x300.png 250w, https:\/\/blogsaverroes.juntadeandalucia.es\/ellocodelamochila\/files\/2022\/07\/file-type-doc-word-document.427x512.png 427w\" sizes=\"(max-width: 100px) 100vw, 100px\" \/><\/a><\/p>\n<p><span style=\"font-family: terminal, monaco, monospace;font-size: 14pt\">Procesos cognitivos<\/span><\/td>\n<td style=\"width: 50%;text-align: center\"><a href=\"https:\/\/docs.google.com\/document\/d\/1use_qzilZAD13XXxeeJOG8IOc6uD2cIg\/edit?usp=sharing&amp;ouid=111784126728013906866&amp;rtpof=true&amp;sd=true\" target=\"_blank\" rel=\"noopener noreferrer\"><img loading=\"lazy\" decoding=\"async\" class=\"aligncenter wp-image-1223\" src=\"https:\/\/blogsaverroes.juntadeandalucia.es\/ellocodelamochila\/files\/2022\/07\/file-type-doc-word-document.427x512-250x300.png\" alt=\"\" width=\"100\" height=\"120\" srcset=\"https:\/\/blogsaverroes.juntadeandalucia.es\/ellocodelamochila\/files\/2022\/07\/file-type-doc-word-document.427x512-250x300.png 250w, https:\/\/blogsaverroes.juntadeandalucia.es\/ellocodelamochila\/files\/2022\/07\/file-type-doc-word-document.427x512.png 427w\" sizes=\"(max-width: 100px) 100vw, 100px\" \/><\/a><\/p>\n<p><span style=\"font-family: terminal, monaco, monospace;font-size: 14pt\">Indicadores para la evaluaci\u00f3n de la ense\u00f1anza<\/span><\/td>\n<\/tr>\n<\/tbody>\n<\/table>\n<p style=\"text-align: justify\"><span style=\"font-family: terminal, monaco, monospace;font-size: 14pt\">-Elementos curriculares de Infantil para incluir en las situaciones de aprendizaje:<\/span><\/p>\n<table style=\"border-collapse: collapse;width: 100%\">\n<tbody>\n<tr>\n<td style=\"width: 50%\"><a href=\"https:\/\/drive.google.com\/file\/d\/15LPvibtMgFmG8uKToxJ-xM9VFqpLacWm\/view?usp=sharing\" target=\"_blank\" rel=\"noopener noreferrer\"><img loading=\"lazy\" decoding=\"async\" class=\"aligncenter wp-image-1126\" src=\"https:\/\/blogsaverroes.juntadeandalucia.es\/ellocodelamochila\/files\/2022\/07\/file-type-pdf.981x1024-150x150.png\" alt=\"\" width=\"100\" height=\"104\" srcset=\"https:\/\/blogsaverroes.juntadeandalucia.es\/ellocodelamochila\/files\/2022\/07\/file-type-pdf.981x1024-287x300.png 287w, https:\/\/blogsaverroes.juntadeandalucia.es\/ellocodelamochila\/files\/2022\/07\/file-type-pdf.981x1024-768x802.png 768w, https:\/\/blogsaverroes.juntadeandalucia.es\/ellocodelamochila\/files\/2022\/07\/file-type-pdf.981x1024.png 981w\" sizes=\"(max-width: 100px) 100vw, 100px\" \/><\/a><\/p>\n<p style=\"text-align: center\"><span style=\"font-size: 14pt\"><strong>Orden de Infantil completa<\/strong><\/span><\/p>\n<\/td>\n<td style=\"width: 50%\">&nbsp;<\/td>\n<\/tr>\n<tr>\n<td style=\"width: 50%\"><a href=\"https:\/\/drive.google.com\/file\/d\/1hSgfQFUvciybEaIK2AD4Ugm6W8HWJn4f\/view?usp=share_link\" target=\"_blank\" rel=\"noopener noreferrer\"><img loading=\"lazy\" decoding=\"async\" class=\"aligncenter wp-image-1126\" src=\"https:\/\/blogsaverroes.juntadeandalucia.es\/ellocodelamochila\/files\/2022\/07\/file-type-pdf.981x1024-150x150.png\" alt=\"\" width=\"100\" height=\"104\" srcset=\"https:\/\/blogsaverroes.juntadeandalucia.es\/ellocodelamochila\/files\/2022\/07\/file-type-pdf.981x1024-287x300.png 287w, https:\/\/blogsaverroes.juntadeandalucia.es\/ellocodelamochila\/files\/2022\/07\/file-type-pdf.981x1024-768x802.png 768w, https:\/\/blogsaverroes.juntadeandalucia.es\/ellocodelamochila\/files\/2022\/07\/file-type-pdf.981x1024.png 981w\" sizes=\"(max-width: 100px) 100vw, 100px\" \/><\/a><\/p>\n<p style=\"text-align: center\"><span style=\"font-size: 14pt\"><strong>Crecimiento en armon\u00eda (PDF)<\/strong><\/span><\/p>\n<\/td>\n<td style=\"width: 50%\"><a href=\"https:\/\/docs.google.com\/document\/d\/1A4Pw0dq-HqCO4fbV9IoHMPjJT0YKxcuE\/edit?usp=share_link&amp;ouid=111784126728013906866&amp;rtpof=true&amp;sd=true\" target=\"_blank\" rel=\"noopener noreferrer\"><img loading=\"lazy\" decoding=\"async\" class=\"aligncenter wp-image-1223\" src=\"https:\/\/blogsaverroes.juntadeandalucia.es\/ellocodelamochila\/files\/2022\/07\/file-type-doc-word-document.427x512-250x300.png\" alt=\"\" width=\"100\" height=\"120\" srcset=\"https:\/\/blogsaverroes.juntadeandalucia.es\/ellocodelamochila\/files\/2022\/07\/file-type-doc-word-document.427x512-250x300.png 250w, https:\/\/blogsaverroes.juntadeandalucia.es\/ellocodelamochila\/files\/2022\/07\/file-type-doc-word-document.427x512.png 427w\" sizes=\"(max-width: 100px) 100vw, 100px\" \/><\/a><\/p>\n<p style=\"text-align: center\"><span style=\"font-size: 14pt\"><strong>Crecimiento en armon\u00eda (Word)<\/strong><\/span><\/p>\n<\/td>\n<\/tr>\n<tr>\n<td style=\"width: 50%\"><a href=\"https:\/\/drive.google.com\/file\/d\/1Nx1ldH0DoW0j80L-6LqgWxNnIERE5btV\/view?usp=share_link\" target=\"_blank\" rel=\"noopener noreferrer\"><img loading=\"lazy\" decoding=\"async\" class=\"aligncenter wp-image-1126\" src=\"https:\/\/blogsaverroes.juntadeandalucia.es\/ellocodelamochila\/files\/2022\/07\/file-type-pdf.981x1024-150x150.png\" alt=\"\" width=\"100\" height=\"104\" srcset=\"https:\/\/blogsaverroes.juntadeandalucia.es\/ellocodelamochila\/files\/2022\/07\/file-type-pdf.981x1024-287x300.png 287w, https:\/\/blogsaverroes.juntadeandalucia.es\/ellocodelamochila\/files\/2022\/07\/file-type-pdf.981x1024-768x802.png 768w, https:\/\/blogsaverroes.juntadeandalucia.es\/ellocodelamochila\/files\/2022\/07\/file-type-pdf.981x1024.png 981w\" sizes=\"(max-width: 100px) 100vw, 100px\" \/><\/a><\/p>\n<p style=\"text-align: center\"><span style=\"font-size: 14pt\"><strong>Descubrimiento y exploraci\u00f3n del entorno (PDF)<\/strong><\/span><\/p>\n<\/td>\n<td style=\"width: 50%\"><a href=\"https:\/\/docs.google.com\/document\/d\/1AcmvZNUSEOXW0DDsxqp9R107m8l7wzvt\/edit?usp=share_link&amp;ouid=111784126728013906866&amp;rtpof=true&amp;sd=true\" target=\"_blank\" rel=\"noopener noreferrer\"><img loading=\"lazy\" decoding=\"async\" class=\"aligncenter wp-image-1223\" src=\"https:\/\/blogsaverroes.juntadeandalucia.es\/ellocodelamochila\/files\/2022\/07\/file-type-doc-word-document.427x512-250x300.png\" alt=\"\" width=\"100\" height=\"120\" srcset=\"https:\/\/blogsaverroes.juntadeandalucia.es\/ellocodelamochila\/files\/2022\/07\/file-type-doc-word-document.427x512-250x300.png 250w, https:\/\/blogsaverroes.juntadeandalucia.es\/ellocodelamochila\/files\/2022\/07\/file-type-doc-word-document.427x512.png 427w\" sizes=\"(max-width: 100px) 100vw, 100px\" \/><\/a><\/p>\n<p style=\"text-align: center\"><span style=\"font-size: 14pt\"><strong>Descubrimiento y exploraci\u00f3n del entorno (Word)<\/strong><\/span><\/p>\n<\/td>\n<\/tr>\n<tr>\n<td style=\"width: 50%\"><a href=\"https:\/\/drive.google.com\/file\/d\/1Vq1-g5eRzXTniDSdoZ9-SFMY6OUnM96Q\/view?usp=share_link\" target=\"_blank\" rel=\"noopener noreferrer\"><img loading=\"lazy\" decoding=\"async\" class=\"aligncenter wp-image-1126\" src=\"https:\/\/blogsaverroes.juntadeandalucia.es\/ellocodelamochila\/files\/2022\/07\/file-type-pdf.981x1024-150x150.png\" alt=\"\" width=\"100\" height=\"104\" srcset=\"https:\/\/blogsaverroes.juntadeandalucia.es\/ellocodelamochila\/files\/2022\/07\/file-type-pdf.981x1024-287x300.png 287w, https:\/\/blogsaverroes.juntadeandalucia.es\/ellocodelamochila\/files\/2022\/07\/file-type-pdf.981x1024-768x802.png 768w, https:\/\/blogsaverroes.juntadeandalucia.es\/ellocodelamochila\/files\/2022\/07\/file-type-pdf.981x1024.png 981w\" sizes=\"(max-width: 100px) 100vw, 100px\" \/><\/a><\/p>\n<p style=\"text-align: center\"><span style=\"font-size: 14pt\"><strong>Comunicaci\u00f3n y representaci\u00f3n de la realidad (PDF)<\/strong><\/span><\/p>\n<\/td>\n<td style=\"width: 50%\"><a href=\"https:\/\/docs.google.com\/document\/d\/10vScrMOo8YQrY_PajqANZgw3WqCV7iQj\/edit?usp=share_link&amp;ouid=111784126728013906866&amp;rtpof=true&amp;sd=true\" target=\"_blank\" rel=\"noopener noreferrer\"><img loading=\"lazy\" decoding=\"async\" class=\"aligncenter wp-image-1223\" src=\"https:\/\/blogsaverroes.juntadeandalucia.es\/ellocodelamochila\/files\/2022\/07\/file-type-doc-word-document.427x512-250x300.png\" alt=\"\" width=\"100\" height=\"120\" srcset=\"https:\/\/blogsaverroes.juntadeandalucia.es\/ellocodelamochila\/files\/2022\/07\/file-type-doc-word-document.427x512-250x300.png 250w, https:\/\/blogsaverroes.juntadeandalucia.es\/ellocodelamochila\/files\/2022\/07\/file-type-doc-word-document.427x512.png 427w\" sizes=\"(max-width: 100px) 100vw, 100px\" \/><\/a><\/p>\n<p style=\"text-align: center\"><span style=\"font-size: 14pt\"><strong>Comunicaci\u00f3n y representaci\u00f3n de la realidad (Word)<\/strong><\/span><\/p>\n<\/td>\n<\/tr>\n<tr>\n<td style=\"width: 50%\">&nbsp;<\/td>\n<td style=\"width: 50%\">&nbsp;<\/td>\n<\/tr>\n<tr>\n<td style=\"width: 50%\">&nbsp;<\/td>\n<td style=\"width: 50%\">&nbsp;<\/td>\n<\/tr>\n<tr>\n<td style=\"width: 50%\">&nbsp;<\/td>\n<td style=\"width: 50%\">&nbsp;<\/td>\n<\/tr>\n<\/tbody>\n<\/table>\n<!--themify_builder_content-->\n<div id=\"themify_builder_content-1996\" data-postid=\"1996\" class=\"themify_builder_content themify_builder_content-1996 themify_builder tf_clear\">\n                    <div  data-lazy=\"1\" class=\"module_row themify_builder_row tb_geoy657 tb_first tf_w\">\n                        <div class=\"row_inner col_align_top tb_col_count_1 tf_box tf_rel\">\n                        <div  data-lazy=\"1\" class=\"module_column tb-column col-full tb_pbyy658 first\">\n                            <div  data-lazy=\"1\" class=\"module_subrow themify_builder_sub_row tf_w col_align_top tb_col_count_2 tb_jskd233\">\n                <div  data-lazy=\"1\" class=\"module_column sub_column col2-1 tb_xbvw233 first\">\n                            <\/div>\n                    <div  data-lazy=\"1\" class=\"module_column sub_column col2-1 tb_jbzs234 last\">\n                    <!-- module social share -->\n<div  class=\"module module-social-share tb_otw2501  tb_ss_size_large tb_ss_shape_rounded\" data-lazy=\"1\" data-title=\"\" data-url=\"\">\n        <div class=\"module-social-share-wrapper\">\n                                            <div class=\"ss_anchor_wrap tf_inline_b\">\n                        <a href=\"#\" data-type=\"facebook\">\n                            <em class=\"tb_social_share_icon\"><svg  aria-label=\"Facebook\" class=\"tf_fa tf-ti-facebook\" role=\"img\"><use href=\"#tf-ti-facebook\"><\/use><\/svg><\/em>\n                                                    <\/a>\n                    <\/div>\n                                    <div class=\"ss_anchor_wrap tf_inline_b\">\n                        <a href=\"#\" data-type=\"twitter\">\n                            <em class=\"tb_social_share_icon\"><svg  aria-label=\"Twitter\" class=\"tf_fa tf-fab-x-twitter\" role=\"img\"><use href=\"#tf-fab-x-twitter\"><\/use><\/svg><\/em>\n                                                    <\/a>\n                    <\/div>\n                                    <div class=\"ss_anchor_wrap tf_inline_b\">\n                        <a href=\"#\" data-type=\"email\">\n                            <em class=\"tb_social_share_icon\"><svg  aria-label=\"Email\" class=\"tf_fa tf-ti-email\" role=\"img\"><use href=\"#tf-ti-email\"><\/use><\/svg><\/em>\n                                                    <\/a>\n                    <\/div>\n                            <\/div>\n<\/div>\n<!-- \/module social share -->\n        <\/div>\n                    <\/div>\n                <\/div>\n                        <\/div>\n        <\/div>\n        <\/div>\n<!--\/themify_builder_content-->","protected":false},"excerpt":{"rendered":"<p>El curr\u00edculo LOMLOE ha puesto el foco en las situaciones de aprendizaje como unidad fundamental de planificaci\u00f3n del trabajo en el aula. Aunque su dise\u00f1o depende de multitud de factores diferentes (la etapa y el curso, el contexto educativo concreto, las caracter\u00edsticas del grupo-clase, etc.), hemos elaborado este kit de ayuda para el profesorado de [&hellip;]<\/p>\n","protected":false},"author":4178,"featured_media":0,"parent":2119,"menu_order":1,"comment_status":"open","ping_status":"closed","template":"","meta":{"footnotes":""},"aioseo_notices":[],"_links":{"self":[{"href":"https:\/\/blogsaverroes.juntadeandalucia.es\/ellocodelamochila\/wp-json\/wp\/v2\/pages\/1996"}],"collection":[{"href":"https:\/\/blogsaverroes.juntadeandalucia.es\/ellocodelamochila\/wp-json\/wp\/v2\/pages"}],"about":[{"href":"https:\/\/blogsaverroes.juntadeandalucia.es\/ellocodelamochila\/wp-json\/wp\/v2\/types\/page"}],"author":[{"embeddable":true,"href":"https:\/\/blogsaverroes.juntadeandalucia.es\/ellocodelamochila\/wp-json\/wp\/v2\/users\/4178"}],"replies":[{"embeddable":true,"href":"https:\/\/blogsaverroes.juntadeandalucia.es\/ellocodelamochila\/wp-json\/wp\/v2\/comments?post=1996"}],"version-history":[{"count":11,"href":"https:\/\/blogsaverroes.juntadeandalucia.es\/ellocodelamochila\/wp-json\/wp\/v2\/pages\/1996\/revisions"}],"predecessor-version":[{"id":2485,"href":"https:\/\/blogsaverroes.juntadeandalucia.es\/ellocodelamochila\/wp-json\/wp\/v2\/pages\/1996\/revisions\/2485"}],"up":[{"embeddable":true,"href":"https:\/\/blogsaverroes.juntadeandalucia.es\/ellocodelamochila\/wp-json\/wp\/v2\/pages\/2119"}],"wp:attachment":[{"href":"https:\/\/blogsaverroes.juntadeandalucia.es\/ellocodelamochila\/wp-json\/wp\/v2\/media?parent=1996"}],"curies":[{"name":"wp","href":"https:\/\/api.w.org\/{rel}","templated":true}]}}