{"id":2217,"date":"2023-08-12T13:40:04","date_gmt":"2023-08-12T11:40:04","guid":{"rendered":"https:\/\/blogsaverroes.juntadeandalucia.es\/ellocodelamochila\/?page_id=2217"},"modified":"2024-08-25T11:52:53","modified_gmt":"2024-08-25T09:52:53","slug":"seneca","status":"publish","type":"page","link":"https:\/\/blogsaverroes.juntadeandalucia.es\/ellocodelamochila\/seneca\/","title":{"rendered":"S\u00c9NECA"},"content":{"rendered":"<!--themify_builder_content-->\n<div id=\"themify_builder_content-2217\" data-postid=\"2217\" class=\"themify_builder_content themify_builder_content-2217 themify_builder tf_clear\">\n                    <div  data-lazy=\"1\" class=\"module_row themify_builder_row tb_vcgx717 tb_first tf_w\">\n                        <div class=\"row_inner col_align_top tb_col_count_2 tf_box tf_rel\">\n                        <div  data-lazy=\"1\" class=\"module_column tb-column col2-1 tb_vkm7717 first\">\n                    <!-- module image -->\n<div  class=\"module module-image tb_zftc606 image-top   tf_mw\" data-lazy=\"1\">\n        <div class=\"image-wrap tf_rel tf_mw\">\n            <img loading=\"lazy\" decoding=\"async\" width=\"1703\" height=\"1218\" src=\"https:\/\/blogsaverroes.juntadeandalucia.es\/ellocodelamochila\/files\/2023\/08\/Imagen-S\u00e9neca.png\" class=\"wp-post-image wp-image-2397\" title=\"Imagen S\u00e9neca\" alt=\"Imagen S\u00e9neca\" srcset=\"https:\/\/blogsaverroes.juntadeandalucia.es\/ellocodelamochila\/files\/2023\/08\/Imagen-S\u00e9neca.png 1703w, https:\/\/blogsaverroes.juntadeandalucia.es\/ellocodelamochila\/files\/2023\/08\/Imagen-S\u00e9neca-300x215.png 300w, https:\/\/blogsaverroes.juntadeandalucia.es\/ellocodelamochila\/files\/2023\/08\/Imagen-S\u00e9neca-1024x732.png 1024w, https:\/\/blogsaverroes.juntadeandalucia.es\/ellocodelamochila\/files\/2023\/08\/Imagen-S\u00e9neca-768x549.png 768w, https:\/\/blogsaverroes.juntadeandalucia.es\/ellocodelamochila\/files\/2023\/08\/Imagen-S\u00e9neca-1536x1099.png 1536w\" sizes=\"(max-width: 1703px) 100vw, 1703px\" \/>    \n        <\/div>\n    <!-- \/image-wrap -->\n    \n        <\/div>\n<!-- \/module image -->        <\/div>\n                    <div  data-lazy=\"1\" class=\"module_column tb-column col2-1 tb_8jbu718 last\">\n                    <!-- module menu -->\n<div  class=\"module module-menu tb_d02c182  mobile-menu-slide\" data-menu-style=\"mobile-menu-slide\" data-menu-breakpoint=\"0\" data-element-id=\"tb_d02c182\" data-lazy=\"1\">\n        \n    <div class=\"module-menu-container\"><ul id=\"menu-menu-pestana-seneca\" class=\"ui tf_clearfix nav tf_rel tf_scrollbar vertical light-blue rounded gradient glossy embossed shadow\"><li id=\"menu-item-2863\" class=\"menu-item-page-2659 menu-item menu-item-type-post_type menu-item-object-page menu-item-2863\"><a href=\"https:\/\/blogsaverroes.juntadeandalucia.es\/ellocodelamochila\/seneca\/rea-la-evaluacion-con-el-cuaderno-de-seneca\/\">REA LA EVALUACI\u00d3N CON EL CUADERNO DE S\u00c9NECA<\/a><\/li>\n<li id=\"menu-item-3698\" class=\"menu-item-page-3427 menu-item menu-item-type-post_type menu-item-object-page menu-item-3698\"><a href=\"https:\/\/blogsaverroes.juntadeandalucia.es\/ellocodelamochila\/seneca\/videos-tutoriales-seneca-en-60-segundos\/\">V\u00cdDEOS TUTORIALES: S\u00c9NECA EN 60 SEGUNDOS.<\/a><\/li>\n<li id=\"menu-item-2835\" class=\"menu-item-page-2587 menu-item menu-item-type-post_type menu-item-object-page menu-item-2835\"><a href=\"https:\/\/blogsaverroes.juntadeandalucia.es\/ellocodelamochila\/seneca\/la-organizacion-del-cuaderno-de-seneca\/\">LA ORGANIZACI\u00d3N DEL CUADERNO DE S\u00c9NECA<\/a><\/li>\n<li id=\"menu-item-2834\" class=\"menu-item-page-2630 menu-item menu-item-type-post_type menu-item-object-page menu-item-2834\"><a href=\"https:\/\/blogsaverroes.juntadeandalucia.es\/ellocodelamochila\/seneca\/razones-para-el-uso-de-seneca-como-herramienta-para-la-gestion-de-la-evaluacion\/\">RAZONES PARA EL USO DE S\u00c9NECA COMO HERRAMIENTA PARA LA GESTI\u00d3N DE LA EVALUACI\u00d3N<\/a><\/li>\n<\/ul><\/div>        <style>\n            .mobile-menu-module[data-module=\"tb_d02c182\"]{\n                right:-300px            }\n        <\/style>\n    <\/div>\n<!-- \/module menu -->\n        <\/div>\n                        <\/div>\n        <\/div>\n        <\/div>\n<!--\/themify_builder_content-->&nbsp;<\/p>\n<p>&nbsp;<\/p>","protected":false},"excerpt":{"rendered":"<p>FORMACI\u00d3N SOBRE S\u00c9NECA COMO HERRAMIENTA PARA EL TRABAJO DOCENTE ELABORACI\u00d3N DE UDIS CON S\u00c9NECA FORMACI\u00d3N SOBRE IPASEN &nbsp; &nbsp;<\/p>\n","protected":false},"author":4178,"featured_media":0,"parent":0,"menu_order":6,"comment_status":"closed","ping_status":"closed","template":"","meta":{"footnotes":""},"aioseo_notices":[],"_links":{"self":[{"href":"https:\/\/blogsaverroes.juntadeandalucia.es\/ellocodelamochila\/wp-json\/wp\/v2\/pages\/2217"}],"collection":[{"href":"https:\/\/blogsaverroes.juntadeandalucia.es\/ellocodelamochila\/wp-json\/wp\/v2\/pages"}],"about":[{"href":"https:\/\/blogsaverroes.juntadeandalucia.es\/ellocodelamochila\/wp-json\/wp\/v2\/types\/page"}],"author":[{"embeddable":true,"href":"https:\/\/blogsaverroes.juntadeandalucia.es\/ellocodelamochila\/wp-json\/wp\/v2\/users\/4178"}],"replies":[{"embeddable":true,"href":"https:\/\/blogsaverroes.juntadeandalucia.es\/ellocodelamochila\/wp-json\/wp\/v2\/comments?post=2217"}],"version-history":[{"count":6,"href":"https:\/\/blogsaverroes.juntadeandalucia.es\/ellocodelamochila\/wp-json\/wp\/v2\/pages\/2217\/revisions"}],"predecessor-version":[{"id":2521,"href":"https:\/\/blogsaverroes.juntadeandalucia.es\/ellocodelamochila\/wp-json\/wp\/v2\/pages\/2217\/revisions\/2521"}],"wp:attachment":[{"href":"https:\/\/blogsaverroes.juntadeandalucia.es\/ellocodelamochila\/wp-json\/wp\/v2\/media?parent=2217"}],"curies":[{"name":"wp","href":"https:\/\/api.w.org\/{rel}","templated":true}]}}