{"id":2587,"date":"2023-11-10T13:14:22","date_gmt":"2023-11-10T12:14:22","guid":{"rendered":"https:\/\/blogsaverroes.juntadeandalucia.es\/ellocodelamochila\/?page_id=2587"},"modified":"2025-04-15T17:46:31","modified_gmt":"2025-04-15T15:46:31","slug":"la-organizacion-del-cuaderno-de-seneca","status":"publish","type":"page","link":"https:\/\/blogsaverroes.juntadeandalucia.es\/ellocodelamochila\/seneca\/la-organizacion-del-cuaderno-de-seneca\/","title":{"rendered":"LA ORGANIZACI\u00d3N DEL CUADERNO DE S\u00c9NECA"},"content":{"rendered":"<p style=\"text-align: justify\"><span style=\"font-family: terminal, monaco, monospace;font-size: 14pt\"><img loading=\"lazy\" decoding=\"async\" class=\" wp-image-2611 alignleft\" src=\"https:\/\/blogsaverroes.juntadeandalucia.es\/ellocodelamochila\/files\/2023\/11\/Flash-entrada-300x300.jpg\" alt=\"\" width=\"414\" height=\"414\" srcset=\"https:\/\/blogsaverroes.juntadeandalucia.es\/ellocodelamochila\/files\/2023\/11\/Flash-entrada-300x300.jpg 300w, https:\/\/blogsaverroes.juntadeandalucia.es\/ellocodelamochila\/files\/2023\/11\/Flash-entrada-1024x1024.jpg 1024w, https:\/\/blogsaverroes.juntadeandalucia.es\/ellocodelamochila\/files\/2023\/11\/Flash-entrada-150x150.jpg 150w, https:\/\/blogsaverroes.juntadeandalucia.es\/ellocodelamochila\/files\/2023\/11\/Flash-entrada-768x768.jpg 768w, https:\/\/blogsaverroes.juntadeandalucia.es\/ellocodelamochila\/files\/2023\/11\/Flash-entrada-1024x1024-200x200.jpg 200w, https:\/\/blogsaverroes.juntadeandalucia.es\/ellocodelamochila\/files\/2023\/11\/Flash-entrada.jpg 1080w\" sizes=\"(max-width: 414px) 100vw, 414px\" \/>La LOMLOE contempla la evaluaci\u00f3n como un proceso que se desarrolla a lo largo de todo el curso y no como un hecho puntual. Por ello, habla de \u201cevaluaci\u00f3n continua\u201d, esto es, el docente est\u00e1 evaluando constantemente a lo largo del trabajo y desarrollo en el aula de una situaci\u00f3n de aprendizaje determinada.<\/span><\/p>\n<p style=\"text-align: justify\"><span style=\"font-family: terminal, monaco, monospace;font-size: 14pt\">Teniendo esto en cuenta, podemos optar por configurar nuestro cuaderno de S\u00e9neca de diferentes formas, eligiendo una u otra seg\u00fan se adapte mejor a nuestras necesidades.<\/span><\/p>\n<p style=\"text-align: justify\"><span style=\"font-family: terminal, monaco, monospace;font-size: 14pt\">Vamos a explicar de forma sencilla las distintas formas de organizaci\u00f3n del cuaderno, reflexionando sobre sus ventajas e inconvenientes.<\/span><\/p>\n<p><img loading=\"lazy\" decoding=\"async\" class=\"aligncenter wp-image-3241 size-full\" src=\"https:\/\/blogsaverroes.juntadeandalucia.es\/ellocodelamochila\/files\/2025\/04\/visual-selection-4.png\" alt=\"\" width=\"948\" height=\"339\" srcset=\"https:\/\/blogsaverroes.juntadeandalucia.es\/ellocodelamochila\/files\/2025\/04\/visual-selection-4.png 948w, https:\/\/blogsaverroes.juntadeandalucia.es\/ellocodelamochila\/files\/2025\/04\/visual-selection-4-300x107.png 300w, https:\/\/blogsaverroes.juntadeandalucia.es\/ellocodelamochila\/files\/2025\/04\/visual-selection-4-768x275.png 768w\" sizes=\"(max-width: 948px) 100vw, 948px\" \/><\/p>\n<p style=\"text-align: justify;padding-left: 40px\"><strong><span style=\"font-family: terminal, monaco, monospace;font-size: 14pt\">-M\u00e9todo 1: grabando situaciones de aprendizaje en S\u00e9neca y trasladando sus actividades a nuestro cuaderno.<\/span><\/strong><\/p>\n<p style=\"text-align: justify;padding-left: 40px\"><span style=\"font-family: terminal, monaco, monospace;font-size: 14pt\">Sin duda, es el m\u00e9todo m\u00e1s completo, pero tambi\u00e9n el que m\u00e1s tiempo exige. Consiste en elaborar una situaci\u00f3n de aprendizaje en S\u00e9neca, grabarla y trasladar su secuencia did\u00e1ctica a nuestro cuaderno.<\/span><\/p>\n<p style=\"padding-left: 80px\"><strong><span style=\"font-size: 14pt;font-family: terminal, monaco, monospace\">-ventajas:<\/span><\/strong><\/p>\n<ul>\n<li style=\"list-style-type: none\">\n<ul>\n<li style=\"list-style-type: none\">\n<ul>\n<li style=\"list-style-type: none\">\n<ul>\n<li style=\"list-style-type: none\">\n<ul style=\"list-style-type: square\">\n<li style=\"text-align: justify\"><span style=\"font-size: 14pt;font-family: terminal, monaco, monospace\">supone una planificaci\u00f3n exhaustiva del trabajo en el aula;<\/span><\/li>\n<\/ul>\n<\/li>\n<\/ul>\n<\/li>\n<\/ul>\n<\/li>\n<\/ul>\n<\/li>\n<\/ul>\n<ul style=\"text-align: justify\">\n<li style=\"list-style-type: none\">\n<ul>\n<li style=\"list-style-type: none\">\n<ul>\n<li style=\"list-style-type: none\">\n<ul>\n<li style=\"list-style-type: none\">\n<ul style=\"list-style-type: square\">\n<li><span style=\"font-family: terminal, monaco, monospace;font-size: 14pt\">el traslado de las actividades es r\u00e1pido;<\/span><\/li>\n<\/ul>\n<\/li>\n<\/ul>\n<\/li>\n<\/ul>\n<\/li>\n<\/ul>\n<\/li>\n<\/ul>\n<ul style=\"text-align: justify\">\n<li style=\"list-style-type: none\">\n<ul>\n<li style=\"list-style-type: none\">\n<ul>\n<li style=\"list-style-type: none\">\n<ul>\n<li style=\"list-style-type: none\">\n<ul style=\"list-style-type: square\">\n<li><span style=\"font-family: terminal, monaco, monospace;font-size: 14pt\">las situaciones de aprendizaje aparecen en la programaci\u00f3n did\u00e1ctica autom\u00e1ticamente;<\/span><\/li>\n<\/ul>\n<\/li>\n<\/ul>\n<\/li>\n<\/ul>\n<\/li>\n<\/ul>\n<\/li>\n<\/ul>\n<ul style=\"text-align: justify\">\n<li style=\"list-style-type: none\">\n<ul>\n<li style=\"list-style-type: none\">\n<ul>\n<li style=\"list-style-type: none\">\n<ul>\n<li style=\"list-style-type: none\">\n<ul style=\"list-style-type: square\">\n<li><span style=\"font-family: terminal, monaco, monospace;font-size: 14pt\">es posible el trabajo colaborativo (una misma situaci\u00f3n elaborada por varios docentes).<\/span><\/li>\n<\/ul>\n<\/li>\n<\/ul>\n<\/li>\n<\/ul>\n<\/li>\n<\/ul>\n<\/li>\n<\/ul>\n<ul>\n<li style=\"list-style-type: none\">\n<ul>\n<li style=\"list-style-type: none\">\n<ul>\n<li style=\"list-style-type: none\">\n<ul>\n<li style=\"list-style-type: none\">\n<ul style=\"list-style-type: square\">\n<li style=\"text-align: justify\"><span style=\"font-family: terminal, monaco, monospace;font-size: 14pt\">Es posible aprovechar el trabajo para el curso siguiente.<\/span><\/li>\n<\/ul>\n<\/li>\n<\/ul>\n<\/li>\n<\/ul>\n<\/li>\n<\/ul>\n<\/li>\n<\/ul>\n<p style=\"padding-left: 80px\"><strong><span style=\"font-size: 14pt;font-family: terminal, monaco, monospace\">-inconvenientes:<\/span><\/strong><\/p>\n<ul>\n<li style=\"list-style-type: none\">\n<ul>\n<li style=\"list-style-type: none\">\n<ul>\n<li style=\"list-style-type: none\">\n<ul>\n<li style=\"list-style-type: none\">\n<ul style=\"list-style-type: square\">\n<li style=\"text-align: justify\"><span style=\"font-size: 14pt;font-family: terminal, monaco, monospace\">la grabaci\u00f3n de una situaci\u00f3n de aprendizaje en S\u00e9neca requiere tiempo.<\/span><\/li>\n<\/ul>\n<\/li>\n<\/ul>\n<\/li>\n<\/ul>\n<\/li>\n<\/ul>\n<\/li>\n<\/ul>\n<table style=\"border-collapse: collapse;width: 100%\">\n<tbody>\n<tr>\n<td style=\"width: 100%;text-align: center\"><span style=\"font-size: 18pt\"><span style=\"font-size: 18pt\"><strong><span style=\"font-family: terminal, monaco, monospace\">UN EJEMPLO<\/span><\/strong><\/span><\/span><\/p>\n<hr>\n<\/td>\n<td style=\"width: 0.797448%;text-align: center\">&nbsp;<\/td>\n<\/tr>\n<tr>\n<td style=\"width: 100%\"><img loading=\"lazy\" decoding=\"async\" class=\"aligncenter wp-image-2599 \" src=\"https:\/\/blogsaverroes.juntadeandalucia.es\/ellocodelamochila\/files\/2023\/10\/1-1024x576.png\" alt=\"\" width=\"678\" height=\"381\" srcset=\"https:\/\/blogsaverroes.juntadeandalucia.es\/ellocodelamochila\/files\/2023\/10\/1-1024x576.png 1024w, https:\/\/blogsaverroes.juntadeandalucia.es\/ellocodelamochila\/files\/2023\/10\/1-300x169.png 300w, https:\/\/blogsaverroes.juntadeandalucia.es\/ellocodelamochila\/files\/2023\/10\/1-768x432.png 768w, https:\/\/blogsaverroes.juntadeandalucia.es\/ellocodelamochila\/files\/2023\/10\/1-1536x864.png 1536w, https:\/\/blogsaverroes.juntadeandalucia.es\/ellocodelamochila\/files\/2023\/10\/1.png 1920w\" sizes=\"(max-width: 678px) 100vw, 678px\" \/><\/td>\n<td style=\"width: 0.797448%\">&nbsp;<\/td>\n<\/tr>\n<\/tbody>\n<\/table>\n<table style=\"border-collapse: collapse;width: 100%;height: 369px\">\n<tbody>\n<tr style=\"height: 46px\">\n<td style=\"width: 100%;height: 46px;text-align: center\"><span style=\"font-size: 18pt\"><span style=\"font-size: 18pt\"><strong><span style=\"font-family: terminal, monaco, monospace\">\u00bfC\u00d3MO SE HACE?<\/span><\/strong><\/span><\/span><\/p>\n<hr>\n<\/td>\n<\/tr>\n<tr style=\"height: 323px\">\n<td style=\"width: 100%;height: 323px;padding-left: 160px\"><iframe loading=\"lazy\" src=\"\/\/www.youtube.com\/embed\/6Hxfm1gGf1c?si=1TvQ5FfWVNiGqqiB\" width=\"560\" height=\"315\" frameborder=\"0\"><\/iframe><\/td>\n<\/tr>\n<\/tbody>\n<\/table>\n<p>&nbsp;<\/p>\n<p style=\"text-align: justify;padding-left: 40px\"><strong><span style=\"font-family: terminal, monaco, monospace;font-size: 14pt\">-M\u00e9todo 2: creando actividades evaluables.<\/span><\/strong><\/p>\n<p style=\"text-align: justify;padding-left: 40px\"><span style=\"font-family: terminal, monaco, monospace;font-size: 14pt\">Este m\u00e9todo consiste en la creaci\u00f3n directa en S\u00e9neca de actividades evaluables para aquellas de nuestra secuencia did\u00e1ctica que pensemos calificar. Para agrupar las actividades evaluables, debemos crear previamente par\u00e1metros, que son los distintos cajones en donde alojaremos las actividades evaluables que vayamos creando. Lo m\u00e1s l\u00f3gico es introducir en los par\u00e1metros los nombres de nuestras situaciones de aprendizaje (SA 1, SA 2, etc.)<\/span><\/p>\n<p style=\"padding-left: 80px\"><strong><span style=\"font-family: terminal, monaco, monospace;font-size: 14pt\">-ventajas:<\/span><\/strong><\/p>\n<ul>\n<li style=\"list-style-type: none\">\n<ul>\n<li style=\"list-style-type: none\">\n<ul>\n<li style=\"list-style-type: none\">\n<ul>\n<li style=\"list-style-type: none\">\n<ul style=\"list-style-type: square\">\n<li style=\"text-align: justify\"><span style=\"font-size: 14pt;font-family: terminal, monaco, monospace\">las actividades evaluables se crean r\u00e1pido;<\/span><\/li>\n<\/ul>\n<\/li>\n<\/ul>\n<\/li>\n<\/ul>\n<\/li>\n<\/ul>\n<\/li>\n<\/ul>\n<ul style=\"text-align: justify\">\n<li style=\"list-style-type: none\">\n<ul>\n<li style=\"list-style-type: none\">\n<ul>\n<li style=\"list-style-type: none\">\n<ul>\n<li style=\"list-style-type: none\">\n<ul style=\"list-style-type: square\">\n<li style=\"text-align: justify\"><span style=\"font-family: terminal, monaco, monospace;font-size: 14pt\">es posible calificar varias veces una misma actividad evaluable (si el par\u00e1metro lo tenemos configurado como diario);<\/span><\/li>\n<\/ul>\n<\/li>\n<\/ul>\n<\/li>\n<\/ul>\n<\/li>\n<\/ul>\n<\/li>\n<\/ul>\n<ul>\n<li style=\"list-style-type: none\">\n<ul>\n<li style=\"list-style-type: none\">\n<ul>\n<li style=\"list-style-type: none\">\n<ul>\n<li style=\"list-style-type: none\">\n<ul style=\"list-style-type: square\">\n<li style=\"text-align: justify\"><span style=\"font-family: terminal, monaco, monospace;font-size: 14pt\">es posible la clonaci\u00f3n.<\/span><\/li>\n<\/ul>\n<\/li>\n<\/ul>\n<\/li>\n<\/ul>\n<\/li>\n<\/ul>\n<\/li>\n<\/ul>\n<p style=\"padding-left: 80px\"><strong><span style=\"font-family: terminal, monaco, monospace;font-size: 14pt\">-inconvenientes:<\/span><\/strong><\/p>\n<ul>\n<li style=\"list-style-type: none\">\n<ul>\n<li style=\"list-style-type: none\">\n<ul>\n<li style=\"list-style-type: none\">\n<ul>\n<li style=\"list-style-type: none\">\n<ul style=\"list-style-type: square\">\n<li style=\"text-align: justify\"><span style=\"font-size: 14pt;font-family: terminal, monaco, monospace\">si no se mantiene cierto orden, la organizaci\u00f3n puede parecer ca\u00f3tica;<\/span><\/li>\n<\/ul>\n<\/li>\n<\/ul>\n<\/li>\n<\/ul>\n<\/li>\n<\/ul>\n<\/li>\n<\/ul>\n<ul>\n<li style=\"list-style-type: none\">\n<ul>\n<li style=\"list-style-type: none\">\n<ul>\n<li style=\"list-style-type: none\">\n<ul>\n<li style=\"list-style-type: none\">\n<ul style=\"list-style-type: square\">\n<li style=\"text-align: justify\"><span style=\"font-family: terminal, monaco, monospace;font-size: 14pt\">se pierde la conexi\u00f3n clara con las situaciones de aprendizaje y con la programaci\u00f3n en S\u00e9neca.<\/span><\/li>\n<\/ul>\n<\/li>\n<\/ul>\n<\/li>\n<\/ul>\n<\/li>\n<\/ul>\n<\/li>\n<\/ul>\n<table style=\"border-collapse: collapse;width: 100%;height: 383px\">\n<tbody>\n<tr style=\"height: 28px\">\n<td style=\"width: 100.956938%;text-align: center;height: 28px\"><span style=\"font-size: 18pt\"><span style=\"font-size: 18pt\"><strong><span style=\"font-family: terminal, monaco, monospace\">UN EJEMPLO<\/span><\/strong><\/span><\/span><\/p>\n<hr>\n<\/td>\n<td style=\"width: 0.797448%;text-align: center;height: 28px\">&nbsp;<\/td>\n<\/tr>\n<tr style=\"height: 355px\">\n<td style=\"width: 100.956938%;height: 355px;padding-left: 40px\"><img loading=\"lazy\" decoding=\"async\" class=\"aligncenter wp-image-2602 size-large\" src=\"https:\/\/blogsaverroes.juntadeandalucia.es\/ellocodelamochila\/files\/2023\/10\/2-1024x576.png\" alt=\"\" width=\"1024\" height=\"576\" srcset=\"https:\/\/blogsaverroes.juntadeandalucia.es\/ellocodelamochila\/files\/2023\/10\/2-1024x576.png 1024w, https:\/\/blogsaverroes.juntadeandalucia.es\/ellocodelamochila\/files\/2023\/10\/2-300x169.png 300w, https:\/\/blogsaverroes.juntadeandalucia.es\/ellocodelamochila\/files\/2023\/10\/2-768x432.png 768w, https:\/\/blogsaverroes.juntadeandalucia.es\/ellocodelamochila\/files\/2023\/10\/2-1536x864.png 1536w, https:\/\/blogsaverroes.juntadeandalucia.es\/ellocodelamochila\/files\/2023\/10\/2.png 1920w\" sizes=\"(max-width: 1024px) 100vw, 1024px\" \/><\/td>\n<td style=\"width: 0.797448%;height: 355px\">&nbsp;<\/td>\n<\/tr>\n<\/tbody>\n<\/table>\n<table style=\"border-collapse: collapse;width: 100%;height: 368px\">\n<tbody>\n<tr style=\"height: 45px\">\n<td style=\"width: 100%;text-align: center;height: 45px\"><span style=\"font-size: 18pt\"><span style=\"font-size: 18pt\"><strong><span style=\"font-family: terminal, monaco, monospace\">\u00bfC\u00d3MO SE HACE?<\/span><\/strong><\/span><\/span><\/p>\n<hr>\n<\/td>\n<\/tr>\n<tr style=\"height: 323px\">\n<td style=\"width: 100%;padding-left: 160px;height: 323px\"><iframe loading=\"lazy\" src=\"\/\/www.youtube.com\/embed\/6Hxfm1gGf1c?si=g2wCDWF-8c3t7fdK&amp;start=175\" width=\"560\" height=\"315\" frameborder=\"0\"><\/iframe><\/td>\n<\/tr>\n<\/tbody>\n<\/table>\n<p>&nbsp;<\/p>\n<p style=\"text-align: justify;padding-left: 40px\"><strong><span style=\"font-family: terminal, monaco, monospace;font-size: 14pt\">-M\u00e9todo 3: la calificaci\u00f3n directa del criterio.<\/span><\/strong><\/p>\n<p style=\"text-align: justify;padding-left: 40px\"><span style=\"font-family: terminal, monaco, monospace;font-size: 14pt\">S\u00e9neca tambi\u00e9n permite al docente calificar el criterio de una forma directa y r\u00e1pida, introduciendo simplemente su nota y especificando su trazabilidad.<\/span><\/p>\n<p style=\"padding-left: 80px\"><strong><span style=\"font-family: terminal, monaco, monospace;font-size: 14pt\">-ventajas:<\/span><\/strong><\/p>\n<ul>\n<li style=\"list-style-type: none\">\n<ul>\n<li style=\"list-style-type: none\">\n<ul>\n<li style=\"list-style-type: none\">\n<ul>\n<li style=\"list-style-type: none\">\n<ul style=\"list-style-type: square\">\n<li><span style=\"font-size: 14pt;font-family: terminal, monaco, monospace\">su rapidez.<\/span><\/li>\n<\/ul>\n<\/li>\n<\/ul>\n<\/li>\n<\/ul>\n<\/li>\n<\/ul>\n<\/li>\n<\/ul>\n<p style=\"padding-left: 80px\"><strong><span style=\"font-family: terminal, monaco, monospace;font-size: 14pt\">-inconvenientes:<\/span><\/strong><\/p>\n<ul>\n<li style=\"list-style-type: none\">\n<ul>\n<li style=\"list-style-type: none\">\n<ul>\n<li style=\"list-style-type: none\">\n<ul>\n<li style=\"list-style-type: none\">\n<ul style=\"list-style-type: square\">\n<li style=\"text-align: justify\"><span style=\"font-size: 14pt;font-family: terminal, monaco, monospace\">puede ser un l\u00edo al final de curso saber el origen de cada nota;<\/span><\/li>\n<\/ul>\n<\/li>\n<\/ul>\n<\/li>\n<\/ul>\n<\/li>\n<\/ul>\n<\/li>\n<\/ul>\n<ul>\n<li style=\"list-style-type: none\">\n<ul>\n<li style=\"list-style-type: none\">\n<ul>\n<li style=\"list-style-type: none\">\n<ul>\n<li style=\"list-style-type: none\">\n<ul style=\"list-style-type: square\">\n<li style=\"text-align: justify\"><span style=\"font-size: 14pt;font-family: terminal, monaco, monospace\">la trazabilidad es compleja.<\/span><\/li>\n<\/ul>\n<\/li>\n<\/ul>\n<\/li>\n<\/ul>\n<\/li>\n<\/ul>\n<\/li>\n<\/ul>\n<p>&nbsp;<\/p>\n<table style=\"border-collapse: collapse;width: 100%;height: 621px\">\n<tbody>\n<tr style=\"height: 45px\">\n<td style=\"width: 100.079745%;text-align: center;height: 45px\"><span style=\"font-size: 18pt\"><span style=\"font-size: 18pt\"><strong><span style=\"font-family: terminal, monaco, monospace\">UN EJEMPLO<\/span><\/strong><\/span><\/span><\/p>\n<hr>\n<\/td>\n<td style=\"width: 0.797448%;text-align: center;height: 45px\">&nbsp;<\/td>\n<\/tr>\n<tr style=\"height: 576px\">\n<td style=\"width: 100.079745%;padding-left: 40px;height: 576px\"><img loading=\"lazy\" decoding=\"async\" class=\"aligncenter wp-image-2603 size-large\" src=\"https:\/\/blogsaverroes.juntadeandalucia.es\/ellocodelamochila\/files\/2023\/10\/3-e1699618241430-1024x486.png\" alt=\"\" width=\"1024\" height=\"486\" srcset=\"https:\/\/blogsaverroes.juntadeandalucia.es\/ellocodelamochila\/files\/2023\/10\/3-e1699618241430-1024x486.png 1024w, https:\/\/blogsaverroes.juntadeandalucia.es\/ellocodelamochila\/files\/2023\/10\/3-e1699618241430-300x142.png 300w, https:\/\/blogsaverroes.juntadeandalucia.es\/ellocodelamochila\/files\/2023\/10\/3-e1699618241430-768x364.png 768w, https:\/\/blogsaverroes.juntadeandalucia.es\/ellocodelamochila\/files\/2023\/10\/3-e1699618241430-1536x729.png 1536w, https:\/\/blogsaverroes.juntadeandalucia.es\/ellocodelamochila\/files\/2023\/10\/3-e1699618241430.png 1771w\" sizes=\"(max-width: 1024px) 100vw, 1024px\" \/><\/td>\n<td style=\"width: 0.797448%;height: 576px\">&nbsp;<\/td>\n<\/tr>\n<\/tbody>\n<\/table>\n<table style=\"border-collapse: collapse;width: 100%;height: 376px\">\n<tbody>\n<tr style=\"height: 53px\">\n<td style=\"width: 83.014353%;text-align: center;height: 53px\"><span style=\"font-size: 18pt\"><span style=\"font-size: 18pt\"><strong><span style=\"font-family: terminal, monaco, monospace\">\u00bfC\u00d3MO SE HACE?<\/span><\/strong><\/span><\/span><\/p>\n<hr>\n<\/td>\n<td style=\"width: 16.985647%;text-align: center;height: 53px\">&nbsp;<\/td>\n<\/tr>\n<tr style=\"height: 323px\">\n<td style=\"width: 83.014353%;padding-left: 160px;height: 323px\"><iframe loading=\"lazy\" src=\"\/\/www.youtube.com\/embed\/6Hxfm1gGf1c?si=AWJQy5yktqSyrTEx&amp;start=343\" width=\"560\" height=\"315\" frameborder=\"0\"><\/iframe><\/td>\n<td style=\"width: 16.985647%;padding-left: 120px;height: 323px\">&nbsp;<\/td>\n<\/tr>\n<\/tbody>\n<\/table>\n<!--themify_builder_content-->\n<div id=\"themify_builder_content-2587\" data-postid=\"2587\" class=\"themify_builder_content themify_builder_content-2587 themify_builder tf_clear\">\n                    <div  data-lazy=\"1\" class=\"module_row themify_builder_row tb_c00s744 tb_first tf_w\">\n                        <div class=\"row_inner col_align_top tb_col_count_1 tf_box tf_rel\">\n                        <div  data-lazy=\"1\" class=\"module_column tb-column col-full tb_bdar745 first\">\n                            <div  data-lazy=\"1\" class=\"module_subrow themify_builder_sub_row tf_w col_align_top tb_col_count_2 tb_m7c856\">\n                <div  data-lazy=\"1\" class=\"module_column sub_column tb_70uh56 first\">\n                            <\/div>\n                    <div  data-lazy=\"1\" class=\"module_column sub_column tb_wsgp56 last\">\n                    <!-- module social share -->\n<div  class=\"module module-social-share tb_a6mg571  tb_ss_size_large tb_ss_shape_rounded\" data-lazy=\"1\" data-title=\"\" data-url=\"\">\n        <div class=\"module-social-share-wrapper\">\n                                            <div class=\"ss_anchor_wrap tf_inline_b\">\n                        <a href=\"#\" data-type=\"facebook\">\n                            <em class=\"tb_social_share_icon\"><svg  aria-label=\"Facebook\" class=\"tf_fa tf-ti-facebook\" role=\"img\"><use href=\"#tf-ti-facebook\"><\/use><\/svg><\/em>\n                                                    <\/a>\n                    <\/div>\n                                    <div class=\"ss_anchor_wrap tf_inline_b\">\n                        <a href=\"#\" data-type=\"twitter\">\n                            <em class=\"tb_social_share_icon\"><svg  aria-label=\"Twitter\" class=\"tf_fa tf-fab-x-twitter\" role=\"img\"><use href=\"#tf-fab-x-twitter\"><\/use><\/svg><\/em>\n                                                    <\/a>\n                    <\/div>\n                                    <div class=\"ss_anchor_wrap tf_inline_b\">\n                        <a href=\"#\" data-type=\"email\">\n                            <em class=\"tb_social_share_icon\"><svg  aria-label=\"Email\" class=\"tf_fa tf-ti-email\" role=\"img\"><use href=\"#tf-ti-email\"><\/use><\/svg><\/em>\n                                                    <\/a>\n                    <\/div>\n                            <\/div>\n<\/div>\n<!-- \/module social share -->\n        <\/div>\n                    <\/div>\n                <\/div>\n                        <\/div>\n        <\/div>\n        <\/div>\n<!--\/themify_builder_content-->","protected":false},"excerpt":{"rendered":"<p>La LOMLOE contempla la evaluaci\u00f3n como un proceso que se desarrolla a lo largo de todo el curso y no como un hecho puntual. Por ello, habla de \u201cevaluaci\u00f3n continua\u201d, esto es, el docente est\u00e1 evaluando constantemente a lo largo del trabajo y desarrollo en el aula de una situaci\u00f3n de aprendizaje determinada. Teniendo esto [&hellip;]<\/p>\n","protected":false},"author":4178,"featured_media":0,"parent":2217,"menu_order":3,"comment_status":"open","ping_status":"closed","template":"","meta":{"footnotes":""},"aioseo_notices":[],"_links":{"self":[{"href":"https:\/\/blogsaverroes.juntadeandalucia.es\/ellocodelamochila\/wp-json\/wp\/v2\/pages\/2587"}],"collection":[{"href":"https:\/\/blogsaverroes.juntadeandalucia.es\/ellocodelamochila\/wp-json\/wp\/v2\/pages"}],"about":[{"href":"https:\/\/blogsaverroes.juntadeandalucia.es\/ellocodelamochila\/wp-json\/wp\/v2\/types\/page"}],"author":[{"embeddable":true,"href":"https:\/\/blogsaverroes.juntadeandalucia.es\/ellocodelamochila\/wp-json\/wp\/v2\/users\/4178"}],"replies":[{"embeddable":true,"href":"https:\/\/blogsaverroes.juntadeandalucia.es\/ellocodelamochila\/wp-json\/wp\/v2\/comments?post=2587"}],"version-history":[{"count":26,"href":"https:\/\/blogsaverroes.juntadeandalucia.es\/ellocodelamochila\/wp-json\/wp\/v2\/pages\/2587\/revisions"}],"predecessor-version":[{"id":3243,"href":"https:\/\/blogsaverroes.juntadeandalucia.es\/ellocodelamochila\/wp-json\/wp\/v2\/pages\/2587\/revisions\/3243"}],"up":[{"embeddable":true,"href":"https:\/\/blogsaverroes.juntadeandalucia.es\/ellocodelamochila\/wp-json\/wp\/v2\/pages\/2217"}],"wp:attachment":[{"href":"https:\/\/blogsaverroes.juntadeandalucia.es\/ellocodelamochila\/wp-json\/wp\/v2\/media?parent=2587"}],"curies":[{"name":"wp","href":"https:\/\/api.w.org\/{rel}","templated":true}]}}