{"id":286,"date":"2020-07-21T13:09:52","date_gmt":"2020-07-21T11:09:52","guid":{"rendered":"https:\/\/blogsaverroes.juntadeandalucia.es\/miauladegrillos\/?page_id=286"},"modified":"2025-07-10T13:47:59","modified_gmt":"2025-07-10T11:47:59","slug":"competencia-en-comunicacion-linguistica","status":"publish","type":"page","link":"https:\/\/blogsaverroes.juntadeandalucia.es\/ellocodelamochila\/competencia-en-comunicacion-linguistica\/","title":{"rendered":"CCL"},"content":{"rendered":"<!--themify_builder_content-->\n<div id=\"themify_builder_content-286\" data-postid=\"286\" class=\"themify_builder_content themify_builder_content-286 themify_builder tf_clear\">\n                    <div  data-lazy=\"1\" class=\"module_row themify_builder_row tb_t9w0577 tb_first tf_w\">\n                        <div class=\"row_inner col_align_top tb_col_count_2 tf_box tf_rel\">\n                        <div  data-lazy=\"1\" class=\"module_column tb-column tb_qljj578 first\">\n                    <!-- module image -->\n<div  class=\"module module-image tb_spc5894 image-top drop-shadow bordered  auto_fullwidth tf_mw\" data-lazy=\"1\">\n        <div class=\"image-wrap tf_rel tf_mw\">\n            <img loading=\"lazy\" decoding=\"async\" width=\"1087\" height=\"1074\" src=\"https:\/\/blogsaverroes.juntadeandalucia.es\/ellocodelamochila\/files\/2025\/07\/Portada-CCL.jpg\" class=\"wp-post-image wp-image-3295\" title=\"Repositorio fondos presentaciones - 307\" alt=\"Repositorio fondos presentaciones - 307\" srcset=\"https:\/\/blogsaverroes.juntadeandalucia.es\/ellocodelamochila\/files\/2025\/07\/Portada-CCL.jpg 1087w, https:\/\/blogsaverroes.juntadeandalucia.es\/ellocodelamochila\/files\/2025\/07\/Portada-CCL-300x296.jpg 300w, https:\/\/blogsaverroes.juntadeandalucia.es\/ellocodelamochila\/files\/2025\/07\/Portada-CCL-1024x1012.jpg 1024w, https:\/\/blogsaverroes.juntadeandalucia.es\/ellocodelamochila\/files\/2025\/07\/Portada-CCL-768x759.jpg 768w, https:\/\/blogsaverroes.juntadeandalucia.es\/ellocodelamochila\/files\/2025\/07\/Portada-CCL-1024x1012-350x345.jpg 350w\" sizes=\"(max-width: 1087px) 100vw, 1087px\" \/>    \n        <\/div>\n    <!-- \/image-wrap -->\n    \n        <\/div>\n<!-- \/module image -->        <\/div>\n                    <div  data-lazy=\"1\" class=\"module_column tb-column tb_12wr578 last\">\n                    <!-- module menu -->\n<div  class=\"module module-menu tb_6s4e628  mobile-menu-slide\" data-menu-style=\"mobile-menu-slide\" data-menu-breakpoint=\"\" data-menu-direction=\"right\" data-element-id=\"tb_6s4e628\" data-lazy=\"1\">\n        \n    <div class=\"module-menu-container\"><ul id=\"menu-menu-pestana-ccl\" class=\"ui tf_clearfix nav tf_rel tf_scrollbar vertical light-blue rounded gradient glossy embossed shadow\"><li id=\"menu-item-2573\" class=\"menu-item-page-2090 menu-item menu-item-type-post_type menu-item-object-page menu-item-2573\"><a href=\"https:\/\/blogsaverroes.juntadeandalucia.es\/ellocodelamochila\/competencia-en-comunicacion-linguistica\/el-plan-de-actuacion-para-el-trabajo-de-la-lectura\/\">EL PLAN DE ACTUACI\u00d3N PARA EL TRABAJO DE LA LECTURA<\/a><\/li>\n<li id=\"menu-item-3877\" class=\"menu-item-page-3767 menu-item menu-item-type-post_type menu-item-object-page menu-item-3877\"><a href=\"https:\/\/blogsaverroes.juntadeandalucia.es\/ellocodelamochila\/competencia-en-comunicacion-linguistica\/el-trabajo-competencial-desde-el-ambito-linguistico\/\">EL TRABAJO COMPETENCIAL DESDE EL \u00c1MBITO LING\u00dc\u00cdSTICO<\/a><\/li>\n<li id=\"menu-item-3888\" class=\"menu-item-page-3879 menu-item menu-item-type-post_type menu-item-object-page menu-item-3888\"><a href=\"https:\/\/blogsaverroes.juntadeandalucia.es\/ellocodelamochila\/competencia-en-comunicacion-linguistica\/trabajando-la-lectura-y-la-escritura-con-creatividad\/\">TRABAJANDO LA LECTURA Y LA ESCRITURA CON CREATIVIDAD.<\/a><\/li>\n<li id=\"menu-item-1356\" class=\"menu-item-page-294 menu-item menu-item-type-post_type menu-item-object-page menu-item-1356\"><a href=\"https:\/\/blogsaverroes.juntadeandalucia.es\/ellocodelamochila\/competencia-en-comunicacion-linguistica\/mejora-de-la-competencia-en-comunicacion-linguistica\/\">PLAN DE MEJORA DE LA COMPETENCIA COMUNICACI\u00d3N LING\u00dc\u00cdSTICA<\/a><\/li>\n<li id=\"menu-item-2572\" class=\"menu-item-page-881 menu-item menu-item-type-post_type menu-item-object-page menu-item-2572\"><a href=\"https:\/\/blogsaverroes.juntadeandalucia.es\/ellocodelamochila\/competencia-en-comunicacion-linguistica\/ideas-para-la-lectura-activa\/\">IDEAS PARA LA LECTURA ACTIVA<\/a><\/li>\n<li id=\"menu-item-2571\" class=\"menu-item-page-324 menu-item menu-item-type-post_type menu-item-object-page menu-item-2571\"><a href=\"https:\/\/blogsaverroes.juntadeandalucia.es\/ellocodelamochila\/competencia-en-comunicacion-linguistica\/el-trabajo-de-la-comprension-lectora\/\">EL TRABAJO DE LA COMPRENSI\u00d3N LECTORA<\/a><\/li>\n<li id=\"menu-item-3889\" class=\"menu-item-page-330 menu-item menu-item-type-post_type menu-item-object-page menu-item-3889\"><a href=\"https:\/\/blogsaverroes.juntadeandalucia.es\/ellocodelamochila\/competencia-en-comunicacion-linguistica\/el-trabajo-de-la-oralidad-en-el-aula\/\">EL TRABAJO DE LA ORALIDAD EN EL AULA<\/a><\/li>\n<\/ul><\/div>        <style>\n            .mobile-menu-module[data-module=\"tb_6s4e628\"]{\n                right:-300px            }\n        <\/style>\n    <\/div>\n<!-- \/module menu -->\n        <\/div>\n                        <\/div>\n        <\/div>\n        <\/div>\n<!--\/themify_builder_content-->&nbsp;<\/p>\n<p>&nbsp;<\/p>\n<p>&nbsp;<\/p>\n<p>&nbsp;<\/p>","protected":false},"excerpt":{"rendered":"<p>EL PLAN DE ACTUACI\u00d3N PARA EL TRABAJO DE LA LECTURA PLAN DE MEJORA DE LA COMPETENCIA COMUNICACI\u00d3N LING\u00dc\u00cdSTICA IDEAS PARA LA LECTURA ACTIVA EL TRABAJO DE LA COMPRENSI\u00d3N LECTORA &nbsp; &nbsp; &nbsp; &nbsp;<\/p>\n","protected":false},"author":4178,"featured_media":0,"parent":0,"menu_order":10,"comment_status":"closed","ping_status":"closed","template":"","meta":{"footnotes":""},"aioseo_notices":[],"_links":{"self":[{"href":"https:\/\/blogsaverroes.juntadeandalucia.es\/ellocodelamochila\/wp-json\/wp\/v2\/pages\/286"}],"collection":[{"href":"https:\/\/blogsaverroes.juntadeandalucia.es\/ellocodelamochila\/wp-json\/wp\/v2\/pages"}],"about":[{"href":"https:\/\/blogsaverroes.juntadeandalucia.es\/ellocodelamochila\/wp-json\/wp\/v2\/types\/page"}],"author":[{"embeddable":true,"href":"https:\/\/blogsaverroes.juntadeandalucia.es\/ellocodelamochila\/wp-json\/wp\/v2\/users\/4178"}],"replies":[{"embeddable":true,"href":"https:\/\/blogsaverroes.juntadeandalucia.es\/ellocodelamochila\/wp-json\/wp\/v2\/comments?post=286"}],"version-history":[{"count":21,"href":"https:\/\/blogsaverroes.juntadeandalucia.es\/ellocodelamochila\/wp-json\/wp\/v2\/pages\/286\/revisions"}],"predecessor-version":[{"id":521,"href":"https:\/\/blogsaverroes.juntadeandalucia.es\/ellocodelamochila\/wp-json\/wp\/v2\/pages\/286\/revisions\/521"}],"wp:attachment":[{"href":"https:\/\/blogsaverroes.juntadeandalucia.es\/ellocodelamochila\/wp-json\/wp\/v2\/media?parent=286"}],"curies":[{"name":"wp","href":"https:\/\/api.w.org\/{rel}","templated":true}]}}