{"id":294,"date":"2020-11-15T09:45:44","date_gmt":"2020-11-15T08:45:44","guid":{"rendered":"https:\/\/blogsaverroes.juntadeandalucia.es\/miauladegrillos\/?page_id=294"},"modified":"2025-11-25T16:17:47","modified_gmt":"2025-11-25T15:17:47","slug":"mejora-de-la-competencia-en-comunicacion-linguistica","status":"publish","type":"page","link":"https:\/\/blogsaverroes.juntadeandalucia.es\/ellocodelamochila\/competencia-en-comunicacion-linguistica\/mejora-de-la-competencia-en-comunicacion-linguistica\/","title":{"rendered":"PLAN DE MEJORA DE LA COMPETENCIA COMUNICACI\u00d3N LING\u00dc\u00cdSTICA"},"content":{"rendered":"<div style=\"width: 100%\">\n<div style=\"text-align: justify\"><span style=\"font-family: terminal, monaco, monospace;font-size: 14pt\">Hace unos a\u00f1os particip\u00e9 en un plan de actuaci\u00f3n sobre mejora de la competencia en comunicaci\u00f3n ling\u00fc\u00edstica gracias al CEP de Motril. Esta formaci\u00f3n, dirigida a todos los centros de Secundaria de nuestra zona, ten\u00eda la intenci\u00f3n de dise\u00f1ar planes estrat\u00e9gicos en los centros que recogieran medidas especialmente encaminadas al trabajo para la mejora de la comprensi\u00f3n lectora y la oralidad en nuestro alumnado. Y todo ello desde un enfoque fundamentalmente pr\u00e1ctico.<\/span><\/div>\n<div style=\"text-align: justify\">&nbsp;<\/div>\n<div style=\"text-align: justify\"><span style=\"font-family: terminal, monaco, monospace;font-size: 14pt\">Las presentaciones que us\u00e9 fueron estas:<\/span><\/div>\n<div>&nbsp;<\/div>\n<div style=\"padding-bottom: 56.25%;padding-top: 0px;height: 0px\"><iframe loading=\"lazy\" src=\"https:\/\/view.genial.ly\/5cb058ceae19600f3ad567d3\" width=\"550px\" height=\"550px\" frameborder=\"0\" scrolling=\"yes\">&amp;amp;amp;amp;amp;amp;amp;amp;amp;amp;amp;amp;amp;amp;amp;lt;span style=\u00bbdisplay: inline-block; width: 0px; overflow: hidden; line-height: 0;\u00bb data-mce-type=\u00bbbookmark\u00bb class=\u00bbmce_SELRES_start\u00bb&amp;amp;amp;amp;amp;amp;amp;amp;amp;amp;amp;amp;amp;amp;amp;gt;\ufeff&amp;amp;amp;amp;amp;amp;amp;amp;amp;amp;amp;amp;amp;amp;amp;lt;\/span&amp;amp;amp;amp;amp;amp;amp;amp;amp;amp;amp;amp;amp;amp;amp;gt;<\/iframe><\/div>\n<div style=\"padding-bottom: 56.25%;padding-top: 0px;height: 0px\"><iframe loading=\"lazy\" src=\"https:\/\/view.genial.ly\/5cb4b7d79c8f620f405b2fd1\" width=\"550px\" height=\"550px\" frameborder=\"0\" scrolling=\"yes\">&amp;amp;amp;amp;amp;amp;amp;amp;amp;amp;amp;amp;amp;amp;lt;span style=\u00bbdisplay: inline-block; width: 0px; overflow: hidden; line-height: 0;\u00bb data-mce-type=\u00bbbookmark\u00bb class=\u00bbmce_SELRES_start\u00bb&amp;amp;amp;amp;amp;amp;amp;amp;amp;amp;amp;amp;amp;amp;gt;\ufeff&amp;amp;amp;amp;amp;amp;amp;amp;amp;amp;amp;amp;amp;amp;lt;\/span&amp;amp;amp;amp;amp;amp;amp;amp;amp;amp;amp;amp;amp;amp;gt;&amp;amp;amp;amp;amp;amp;amp;amp;amp;amp;amp;amp;amp;amp;amp;amp;amp;amp;amp;amp;amp;amp;amp;amp;amp;amp;amp;amp;amp;amp;amp;amp;amp;lt;span style=\u00bbdisplay: inline-block; width: 0px; overflow: hidden; line-height: 0;\u00bb data-mce-type=\u00bbbookmark\u00bb class=\u00bbmce_SELRES_start\u00bb&amp;amp;amp;amp;amp;amp;amp;amp;amp;amp;amp;amp;amp;amp;amp;amp;amp;amp;amp;amp;amp;amp;amp;amp;amp;amp;amp;amp;amp;amp;amp;amp;amp;gt;\ufeff&amp;amp;amp;amp;amp;amp;amp;amp;amp;amp;amp;amp;amp;amp;amp;amp;amp;amp;amp;amp;amp;amp;amp;amp;amp;amp;amp;amp;amp;amp;amp;amp;amp;lt;\/span&amp;amp;amp;amp;amp;amp;amp;amp;amp;amp;amp;amp;amp;amp;amp;amp;amp;amp;amp;amp;amp;amp;amp;amp;amp;amp;amp;amp;amp;amp;amp;amp;amp;gt;&amp;amp;amp;amp;amp;amp;amp;amp;amp;amp;amp;amp;amp;amp;amp;amp;amp;amp;amp;amp;amp;amp;amp;amp;amp;amp;amp;amp;amp;amp;amp;amp;amp;amp;lt;span style=\u00bbdisplay: inline-block; width: 0px; overflow: hidden; line-height: 0;\u00bb data-mce-type=\u00bbbookmark\u00bb class=\u00bbmce_SELRES_start\u00bb&amp;amp;amp;amp;amp;amp;amp;amp;amp;amp;amp;amp;amp;amp;amp;amp;amp;amp;amp;amp;amp;amp;amp;amp;amp;amp;amp;amp;amp;amp;amp;amp;amp;amp;gt;\ufeff&amp;amp;amp;amp;amp;amp;amp;amp;amp;amp;amp;amp;amp;amp;amp;amp;amp;amp;amp;amp;amp;amp;amp;amp;amp;amp;amp;amp;amp;amp;amp;amp;amp;amp;lt;\/span&amp;amp;amp;amp;amp;amp;amp;amp;amp;amp;amp;amp;amp;amp;amp;amp;amp;amp;amp;amp;amp;amp;amp;amp;amp;amp;amp;amp;amp;amp;amp;amp;amp;amp;gt;<\/iframe><\/div>\n<\/div>\n<div style=\"width: 100%\">\n<div style=\"padding-bottom: 56.25%;padding-top: 0px;height: 0px;padding-left: 200px\">&nbsp;<\/div>\n<\/div>\n<!--themify_builder_content-->\n<div id=\"themify_builder_content-294\" data-postid=\"294\" class=\"themify_builder_content themify_builder_content-294 themify_builder tf_clear\">\n                    <div  data-lazy=\"1\" class=\"module_row themify_builder_row tb_wkmt172 tb_first tf_w\">\n                        <div class=\"row_inner col_align_top tb_col_count_1 tf_box tf_rel\">\n                        <div  data-lazy=\"1\" class=\"module_column tb-column col-full tb_7kow173 first\">\n                            <div  data-lazy=\"1\" class=\"module_subrow themify_builder_sub_row tf_w col_align_top tb_col_count_2 tb_d89t142\">\n                <div  data-lazy=\"1\" class=\"module_column sub_column col2-1 tb_kh5w143 first\">\n                            <\/div>\n                    <div  data-lazy=\"1\" class=\"module_column sub_column col2-1 tb_0ndw143 last\">\n                    <!-- module social share -->\n<div  class=\"module module-social-share tb_vlyl194  tb_ss_size_normal tb_ss_shape_rounded\" data-lazy=\"1\" data-title=\"\" data-url=\"\">\n        <div class=\"module-social-share-wrapper\">\n                                            <div class=\"ss_anchor_wrap tf_inline_b\">\n                        <a href=\"#\" data-type=\"facebook\">\n                            <em class=\"tb_social_share_icon\"><svg  aria-label=\"Facebook\" class=\"tf_fa tf-ti-facebook\" role=\"img\"><use href=\"#tf-ti-facebook\"><\/use><\/svg><\/em>\n                                                    <\/a>\n                    <\/div>\n                                    <div class=\"ss_anchor_wrap tf_inline_b\">\n                        <a href=\"#\" data-type=\"twitter\">\n                            <em class=\"tb_social_share_icon\"><svg  aria-label=\"Twitter\" class=\"tf_fa tf-fab-x-twitter\" role=\"img\"><use href=\"#tf-fab-x-twitter\"><\/use><\/svg><\/em>\n                                                    <\/a>\n                    <\/div>\n                                    <div class=\"ss_anchor_wrap tf_inline_b\">\n                        <a href=\"#\" data-type=\"email\">\n                            <em class=\"tb_social_share_icon\"><svg  aria-label=\"Email\" class=\"tf_fa tf-ti-email\" role=\"img\"><use href=\"#tf-ti-email\"><\/use><\/svg><\/em>\n                                                    <\/a>\n                    <\/div>\n                            <\/div>\n<\/div>\n<!-- \/module social share -->\n        <\/div>\n                    <\/div>\n                <\/div>\n                        <\/div>\n        <\/div>\n        <\/div>\n<!--\/themify_builder_content-->","protected":false},"excerpt":{"rendered":"<p>Hace unos a\u00f1os particip\u00e9 en un plan de actuaci\u00f3n sobre mejora de la competencia en comunicaci\u00f3n ling\u00fc\u00edstica gracias al CEP de Motril. Esta formaci\u00f3n, dirigida a todos los centros de Secundaria de nuestra zona, ten\u00eda la intenci\u00f3n de dise\u00f1ar planes estrat\u00e9gicos en los centros que recogieran medidas especialmente encaminadas al trabajo para la mejora de [&hellip;]<\/p>\n","protected":false},"author":4178,"featured_media":0,"parent":286,"menu_order":3,"comment_status":"open","ping_status":"closed","template":"","meta":{"footnotes":""},"aioseo_notices":[],"_links":{"self":[{"href":"https:\/\/blogsaverroes.juntadeandalucia.es\/ellocodelamochila\/wp-json\/wp\/v2\/pages\/294"}],"collection":[{"href":"https:\/\/blogsaverroes.juntadeandalucia.es\/ellocodelamochila\/wp-json\/wp\/v2\/pages"}],"about":[{"href":"https:\/\/blogsaverroes.juntadeandalucia.es\/ellocodelamochila\/wp-json\/wp\/v2\/types\/page"}],"author":[{"embeddable":true,"href":"https:\/\/blogsaverroes.juntadeandalucia.es\/ellocodelamochila\/wp-json\/wp\/v2\/users\/4178"}],"replies":[{"embeddable":true,"href":"https:\/\/blogsaverroes.juntadeandalucia.es\/ellocodelamochila\/wp-json\/wp\/v2\/comments?post=294"}],"version-history":[{"count":15,"href":"https:\/\/blogsaverroes.juntadeandalucia.es\/ellocodelamochila\/wp-json\/wp\/v2\/pages\/294\/revisions"}],"predecessor-version":[{"id":2360,"href":"https:\/\/blogsaverroes.juntadeandalucia.es\/ellocodelamochila\/wp-json\/wp\/v2\/pages\/294\/revisions\/2360"}],"up":[{"embeddable":true,"href":"https:\/\/blogsaverroes.juntadeandalucia.es\/ellocodelamochila\/wp-json\/wp\/v2\/pages\/286"}],"wp:attachment":[{"href":"https:\/\/blogsaverroes.juntadeandalucia.es\/ellocodelamochila\/wp-json\/wp\/v2\/media?parent=294"}],"curies":[{"name":"wp","href":"https:\/\/api.w.org\/{rel}","templated":true}]}}