{"id":326,"date":"2020-06-21T15:40:53","date_gmt":"2020-06-21T13:40:53","guid":{"rendered":"https:\/\/blogsaverroes.juntadeandalucia.es\/miauladegrillos\/?page_id=2"},"modified":"2026-01-05T15:37:11","modified_gmt":"2026-01-05T14:37:11","slug":"pagina-ejemplo-2","status":"publish","type":"page","link":"https:\/\/blogsaverroes.juntadeandalucia.es\/ellocodelamochila\/pagina-ejemplo-2\/","title":{"rendered":"SOBRE M\u00cd"},"content":{"rendered":"<p style=\"text-align: justify\"><span style=\"font-family: 'courier new', courier, monospace;font-size: 18pt\"><img loading=\"lazy\" decoding=\"async\" class=\" wp-image-2049 alignleft\" src=\"https:\/\/blogsaverroes.juntadeandalucia.es\/ellocodelamochila\/files\/2023\/07\/Fondos-pantalla-presentaciones-copia-300x169.png\" alt=\"\" width=\"458\" height=\"258\" srcset=\"https:\/\/blogsaverroes.juntadeandalucia.es\/ellocodelamochila\/files\/2023\/07\/Fondos-pantalla-presentaciones-copia-300x169.png 300w, https:\/\/blogsaverroes.juntadeandalucia.es\/ellocodelamochila\/files\/2023\/07\/Fondos-pantalla-presentaciones-copia-1024x576.png 1024w, https:\/\/blogsaverroes.juntadeandalucia.es\/ellocodelamochila\/files\/2023\/07\/Fondos-pantalla-presentaciones-copia-768x432.png 768w, https:\/\/blogsaverroes.juntadeandalucia.es\/ellocodelamochila\/files\/2023\/07\/Fondos-pantalla-presentaciones-copia-1536x864.png 1536w, https:\/\/blogsaverroes.juntadeandalucia.es\/ellocodelamochila\/files\/2023\/07\/Fondos-pantalla-presentaciones-copia.png 1920w\" sizes=\"(max-width: 458px) 100vw, 458px\" \/><\/span><\/p>\n<p style=\"font-weight: 400;text-align: justify\"><span style=\"font-family: terminal, monaco, monospace;font-size: 14pt\">Soy\u00a0Juan Manuel L\u00f3pez Esparrell, profesor de\u00a0<em>Lengua Castellana y Literatura<\/em>\u00a0de Secundaria. Actualmente trabajo en el\u00a0<em>IES Francisco Giner de los R\u00edos<\/em>\u00a0de Motril (Granada), donde soy jefe del Departamento de formaci\u00f3n, evaluaci\u00f3n e innovaci\u00f3n educativa desde hace ya algunos a\u00f1os.<\/span><\/p>\n<p style=\"font-weight: 400;text-align: justify\"><span style=\"font-family: terminal, monaco, monospace;font-size: 14pt\">He colaborado con muchos <strong>centros del profesorado \u00a0de Andaluc\u00eda<\/strong> (CEP de Motril, CEP de Antequera, CEP de V\u00e9lez-M\u00e1laga, CEP de \u00dabeda, CEP de C\u00f3rdoba, CEP de Priego-Montilla, CEP de Castilleja, CEP de Cuevas de Olula, CEP de Ronda, CEP de Granada&#8230;) en diversos proyectos de formaci\u00f3n (inteligencia artificial, LOMLOE, evaluaci\u00f3n formativa, cuaderno de S\u00e9neca, metodolog\u00edas activas, competencia en comunicaci\u00f3n ling\u00fc\u00edstica [la oralidad, trabajo de la comprensi\u00f3n lectora en el aula, la expresi\u00f3n escrita, etc.]&#8230;<\/span><\/p>\n<p style=\"font-weight: 400;text-align: justify\"><span style=\"font-family: terminal, monaco, monospace;font-size: 14pt\">Mi <strong>curr\u00edculo<\/strong> como ponente en formaciones es realmente extenso. Actualmente cuento con m\u00e1s de seiscientas horas como ponente y trescientas como tutor. <\/span><span style=\"font-family: terminal, monaco, monospace;font-size: 14pt\">Algunas en las que he participado en los \u00faltimos a\u00f1os son:<\/span><\/p>\n<ul style=\"list-style-type: square\">\n<li style=\"font-weight: 400;text-align: justify\"><span style=\"font-family: terminal, monaco, monospace;font-size: 14pt\">Iniciaci\u00f3n al uso de la inteligencia artificial generativa centrada en la educaci\u00f3n,<\/span><\/li>\n<li style=\"text-align: justify\"><span style=\"font-family: terminal, monaco, monospace;font-size: 14pt\">Uso inclusivo de la inteligencia artificial para la comprensi\u00f3n lectora y el razonamiento matem\u00e1tico,<\/span><\/li>\n<li style=\"text-align: justify\"><span style=\"font-family: terminal, monaco, monospace;font-size: 14pt\">Inteligencia artificial y DUA para el desarrollo de las competencias en el aula,<\/span><\/li>\n<li style=\"text-align: justify\"><span style=\"font-family: terminal, monaco, monospace;font-size: 14pt\">Evaluaci\u00f3n formativa con el cuaderno de S\u00e9neca,<\/span><\/li>\n<li style=\"font-weight: 400;text-align: justify\"><span style=\"font-family: terminal, monaco, monospace;font-size: 14pt\">Dise\u00f1o de situaciones de aprendizaje y aplicaci\u00f3n al aula,<\/span><\/li>\n<li style=\"font-weight: 400;text-align: justify\"><span style=\"font-family: terminal, monaco, monospace;font-size: 14pt\">Elaboraci\u00f3n de programaciones did\u00e1cticas LOMLOE,<\/span><\/li>\n<li style=\"font-weight: 400;text-align: justify\"><span style=\"font-family: terminal, monaco, monospace;font-size: 14pt\">D\u00e9jame que te cuente: el desarrollo de la expresi\u00f3n oral en el aula,<\/span><\/li>\n<li style=\"font-weight: 400;text-align: justify\"><span style=\"font-family: terminal, monaco, monospace;font-size: 14pt\">Mejora de la competencia ling\u00fc\u00edstica: la expresi\u00f3n escrita,<\/span><\/li>\n<li style=\"font-weight: 400;text-align: justify\"><span style=\"font-family: terminal, monaco, monospace;font-size: 14pt\"><span style=\"font-family: terminal, monaco, monospace;font-size: 14pt\">Estrategias de comprensi\u00f3n lectora en Secundaria,<\/span><\/span><\/li>\n<li style=\"font-weight: 400;text-align: justify\"><span style=\"font-family: terminal, monaco, monospace;font-size: 14pt\">Mejora de la competencia en comunicaci\u00f3n ling\u00fc\u00edstica en Secundaria,<\/span><\/li>\n<li style=\"font-weight: 400;text-align: justify\"><span style=\"font-family: terminal, monaco, monospace;font-size: 14pt\">Etc.<\/span><\/li>\n<\/ul>\n<div id='gallery-1' class='gallery galleryid-326 gallery-columns-4 gallery-size-thumbnail'><figure class='gallery-item'>\n\t\t\t<div class='gallery-icon landscape'>\n\t\t\t\t<a href='https:\/\/blogsaverroes.juntadeandalucia.es\/ellocodelamochila\/?attachment_id=2051'><img loading=\"lazy\" decoding=\"async\" width=\"150\" height=\"150\" src=\"https:\/\/blogsaverroes.juntadeandalucia.es\/ellocodelamochila\/files\/2023\/07\/IMG_1289_Fotor-150x150.jpeg\" class=\"attachment-thumbnail size-thumbnail\" alt=\"\" aria-describedby=\"gallery-1-2051\" \/><\/a>\n\t\t\t<\/div>\n\t\t\t\t<figcaption class='wp-caption-text gallery-caption' id='gallery-1-2051'>\n\t\t\t\tCon el CEP de Motril.\n\t\t\t\t<\/figcaption><\/figure><figure class='gallery-item'>\n\t\t\t<div class='gallery-icon landscape'>\n\t\t\t\t<a href='https:\/\/blogsaverroes.juntadeandalucia.es\/ellocodelamochila\/?attachment_id=2050'><img loading=\"lazy\" decoding=\"async\" width=\"150\" height=\"150\" src=\"https:\/\/blogsaverroes.juntadeandalucia.es\/ellocodelamochila\/files\/2023\/07\/IMG_0492_Original-150x150.jpg\" class=\"attachment-thumbnail size-thumbnail\" alt=\"\" aria-describedby=\"gallery-1-2050\" \/><\/a>\n\t\t\t<\/div>\n\t\t\t\t<figcaption class='wp-caption-text gallery-caption' id='gallery-1-2050'>\n\t\t\t\tCon el CEP de Antequera.\n\t\t\t\t<\/figcaption><\/figure><figure class='gallery-item'>\n\t\t\t<div class='gallery-icon landscape'>\n\t\t\t\t<a href='https:\/\/blogsaverroes.juntadeandalucia.es\/ellocodelamochila\/?attachment_id=2053'><img loading=\"lazy\" decoding=\"async\" width=\"150\" height=\"150\" src=\"https:\/\/blogsaverroes.juntadeandalucia.es\/ellocodelamochila\/files\/2023\/07\/Mare-Nostrum-150x150.jpg\" class=\"attachment-thumbnail size-thumbnail\" alt=\"\" aria-describedby=\"gallery-1-2053\" \/><\/a>\n\t\t\t<\/div>\n\t\t\t\t<figcaption class='wp-caption-text gallery-caption' id='gallery-1-2053'>\n\t\t\t\tCon el CEP de V\u00e9lez-M\u00e1laga.\n\t\t\t\t<\/figcaption><\/figure><figure class='gallery-item'>\n\t\t\t<div class='gallery-icon landscape'>\n\t\t\t\t<a href='https:\/\/blogsaverroes.juntadeandalucia.es\/ellocodelamochila\/?attachment_id=2052'><img loading=\"lazy\" decoding=\"async\" width=\"150\" height=\"150\" src=\"https:\/\/blogsaverroes.juntadeandalucia.es\/ellocodelamochila\/files\/2023\/07\/\u00dabeda-150x150.jpg\" class=\"attachment-thumbnail size-thumbnail\" alt=\"\" aria-describedby=\"gallery-1-2052\" \/><\/a>\n\t\t\t<\/div>\n\t\t\t\t<figcaption class='wp-caption-text gallery-caption' id='gallery-1-2052'>\n\t\t\t\tCon el CEP de \u00dabeda.\n\t\t\t\t<\/figcaption><\/figure>\n\t\t<\/div>\n\n<p style=\"font-weight: 400;text-align: justify\"><span style=\"font-family: terminal, monaco, monospace;font-size: 14pt\">Me apasiona mi trabajo. Siempre estoy investigando o intentando hacer cosas nuevas. Tambi\u00e9n me gustan las TIC, el aprendizaje activo, el trabajo por proyectos, la animaci\u00f3n a la lectura, etc. \u00a0<\/span><\/p>\n<p style=\"font-weight: 400;text-align: justify\"><span style=\"font-family: terminal, monaco, monospace;font-size: 14pt\">Puedes leer algunas de <strong>mis publicaciones<\/strong> aqu\u00ed:<\/span><\/p>\n<div style=\"justify-content: center;margin: 20px 0px;padding-left: 40px\"><iframe loading=\"lazy\" src=\"https:\/\/juanmale14.github.io\/repositorio-publicaciones-propias.\/\" width=\"650px\" height=\"600px\"><span style=\"width: 0px;overflow: hidden;line-height: 0\" data-mce-type=\"bookmark\" class=\"mce_SELRES_start\">\ufeff<\/span><br \/>\n<\/iframe><\/div>\n<p style=\"font-weight: 400;text-align: justify\"><span style=\"font-family: terminal, monaco, monospace;font-size: 14pt\">Tambi\u00e9n tuve la oportunidad de participar en el programa de Radio Andaluc\u00eda Informaci\u00f3n \u00abAndaluc\u00eda educativa\u00bb, presentado por Charo P\u00e9rez. Puedes escucharlo aqu\u00ed:<\/span><\/p>\n<p><a href=\"https:\/\/www.canalsur.es\/multimedia.html?id=1865146\" target=\"_blank\" rel=\"noopener noreferrer\"><img loading=\"lazy\" decoding=\"async\" class=\"aligncenter\" src=\"https:\/\/blogsaverroes.juntadeandalucia.es\/ellocodelamochila\/files\/2022\/10\/Captura-de-Pantalla-2022-10-25-a-las-10.34.25-1024x775.png\" alt=\"\" width=\"623\" height=\"472\" \/><\/a><\/p>\n<p style=\"text-align: justify\"><span style=\"font-family: terminal, monaco, monospace;font-size: 14pt\">Y tambi\u00e9n he colaborado en varias ocasiones en el <em>podcast<\/em> \u00abInteligencia artificial y educaci\u00f3n\u00bb. Puedes escucharlo aqu\u00ed:<\/span><\/p>\n<!--themify_builder_content-->\n<div id=\"themify_builder_content-326\" data-postid=\"326\" class=\"themify_builder_content themify_builder_content-326 themify_builder tf_clear\">\n                    <div  data-lazy=\"1\" class=\"module_row themify_builder_row tb_xyrn737 tb_first tf_w\">\n                        <div class=\"row_inner col_align_top tb_col_count_1 tf_box tf_rel\">\n                        <div  data-lazy=\"1\" class=\"module_column tb-column col-full tb_mhmc738 first\">\n                    <!-- module accordion -->\n<div  class=\"module module-accordion tb_asz9699 \" data-behavior=\"toggle\" data-lazy=\"1\">\n    \n    <ul class=\"ui module-accordion   tb_default_color\">\n            <li>\n            <div class=\"accordion-title tf_rel\">\n                <a href=\"#acc-asz9699-0\" class=\"tb_title_accordion\" aria-controls=\"acc-asz9699-0-content\" aria-expanded=\"false\">\n                                                            Episodio 71: Juglar\u00cdA.                <\/a>\n            <\/div><!-- .accordion-title -->\n            <div id=\"acc-asz9699-0-content\" data-id=\"acc-asz9699-0\" aria-hidden=\"true\" class=\"accordion-content tf_hide tf_clearfix\">\n                        <div  data-lazy=\"1\" class=\"module_subrow themify_builder_sub_row tf_w col_align_top tb_col_count_1 tb_c3ha761\">\n                <div  data-lazy=\"1\" class=\"module_column sub_column tb_4fek761 first\">\n                    <!-- module text -->\n<div  class=\"module module-text tb_26dp761   \" data-lazy=\"1\">\n        <div  class=\"tb_text_wrap\">\n        <p><iframe loading=\"lazy\" src=\"https:\/\/www.ivoox.com\/player_ej_129923093_6_1.html?c1=49748b\" width=\"100%\" height=\"200\" frameborder=\"0\" scrolling=\"no\"><\/iframe><\/p>    <\/div>\n<\/div>\n<!-- \/module text -->        <\/div>\n                    <\/div>\n                    <\/div><!-- .accordion-content -->\n        <\/li>\n            <li>\n            <div class=\"accordion-title tf_rel\">\n                <a href=\"#acc-asz9699-1\" class=\"tb_title_accordion\" aria-controls=\"acc-asz9699-1-content\" aria-expanded=\"false\">\n                                                            Episodio 72: Juglar\u00cdAS.                <\/a>\n            <\/div><!-- .accordion-title -->\n            <div id=\"acc-asz9699-1-content\" data-id=\"acc-asz9699-1\" aria-hidden=\"true\" class=\"accordion-content tf_hide tf_clearfix\">\n                        <div  data-lazy=\"1\" class=\"module_subrow themify_builder_sub_row tf_w col_align_top tb_col_count_1 tb_i6wx113\">\n                <div  data-lazy=\"1\" class=\"module_column sub_column tb_f71a113 first\">\n                    <!-- module text -->\n<div  class=\"module module-text tb_yo6s113   \" data-lazy=\"1\">\n        <div  class=\"tb_text_wrap\">\n        <p><iframe loading=\"lazy\" src=\"https:\/\/www.ivoox.com\/player_ej_130293780_6_1.html?c1=49748b\" width=\"100%\" height=\"200\" frameborder=\"0\" scrolling=\"no\"><\/iframe><\/p>    <\/div>\n<\/div>\n<!-- \/module text -->        <\/div>\n                    <\/div>\n                    <\/div><!-- .accordion-content -->\n        <\/li>\n            <li>\n            <div class=\"accordion-title tf_rel\">\n                <a href=\"#acc-asz9699-2\" class=\"tb_title_accordion\" aria-controls=\"acc-asz9699-2-content\" aria-expanded=\"false\">\n                                                            Episodio 96: Debate sobre IA y educaci\u00f3n (primera parte).                <\/a>\n            <\/div><!-- .accordion-title -->\n            <div id=\"acc-asz9699-2-content\" data-id=\"acc-asz9699-2\" aria-hidden=\"true\" class=\"accordion-content tf_hide tf_clearfix\">\n                        <div  data-lazy=\"1\" class=\"module_subrow themify_builder_sub_row tf_w col_align_top tb_col_count_1 tb_aqwk438\">\n                <div  data-lazy=\"1\" class=\"module_column sub_column tb_fuvo438 first\">\n                    <!-- module text -->\n<div  class=\"module module-text tb_d0z8438   \" data-lazy=\"1\">\n        <div  class=\"tb_text_wrap\">\n        <p><iframe loading=\"lazy\" src=\"https:\/\/www.ivoox.com\/player_ej_136637852_6_1.html?c1=49748b\" width=\"100%\" height=\"200\" frameborder=\"0\" scrolling=\"no\"><\/iframe><\/p>    <\/div>\n<\/div>\n<!-- \/module text -->        <\/div>\n                    <\/div>\n                    <\/div><!-- .accordion-content -->\n        <\/li>\n            <li>\n            <div class=\"accordion-title tf_rel\">\n                <a href=\"#acc-asz9699-3\" class=\"tb_title_accordion\" aria-controls=\"acc-asz9699-3-content\" aria-expanded=\"false\">\n                                                            Episodio 97: Debate sobre IA y educaci\u00f3n (segunda parte).                <\/a>\n            <\/div><!-- .accordion-title -->\n            <div id=\"acc-asz9699-3-content\" data-id=\"acc-asz9699-3\" aria-hidden=\"true\" class=\"accordion-content tf_hide tf_clearfix\">\n                        <div  data-lazy=\"1\" class=\"module_subrow themify_builder_sub_row tf_w col_align_top tb_col_count_1 tb_wd5s931\">\n                <div  data-lazy=\"1\" class=\"module_column sub_column tb_cma4931 first\">\n                    <!-- module text -->\n<div  class=\"module module-text tb_u2e0931   \" data-lazy=\"1\">\n        <div  class=\"tb_text_wrap\">\n        <p><iframe loading=\"lazy\" src=\"https:\/\/www.ivoox.com\/player_ej_136637969_6_1.html?c1=49748b\" width=\"100%\" height=\"200\" frameborder=\"0\" scrolling=\"no\"><\/iframe><\/p>    <\/div>\n<\/div>\n<!-- \/module text -->        <\/div>\n                    <\/div>\n                    <\/div><!-- .accordion-content -->\n        <\/li>\n            <li>\n            <div class=\"accordion-title tf_rel\">\n                <a href=\"#acc-asz9699-4\" class=\"tb_title_accordion\" aria-controls=\"acc-asz9699-4-content\" aria-expanded=\"false\">\n                                                            Episodio 98: Debate sobre IA y educaci\u00f3n (tercera parte).                <\/a>\n            <\/div><!-- .accordion-title -->\n            <div id=\"acc-asz9699-4-content\" data-id=\"acc-asz9699-4\" aria-hidden=\"true\" class=\"accordion-content tf_hide tf_clearfix\">\n                        <div  data-lazy=\"1\" class=\"module_subrow themify_builder_sub_row tf_w col_align_top tb_col_count_1 tb_698n943\">\n                <div  data-lazy=\"1\" class=\"module_column sub_column tb_j2t1943 first\">\n                    <!-- module text -->\n<div  class=\"module module-text tb_p8kv943   \" data-lazy=\"1\">\n        <div  class=\"tb_text_wrap\">\n        <p><iframe loading=\"lazy\" src=\"https:\/\/www.ivoox.com\/player_ej_136638073_6_1.html?c1=49748b\" width=\"100%\" height=\"200\" frameborder=\"0\" scrolling=\"no\"><\/iframe><\/p>    <\/div>\n<\/div>\n<!-- \/module text -->        <\/div>\n                    <\/div>\n                    <\/div><!-- .accordion-content -->\n        <\/li>\n        <\/ul>\n\n<\/div><!-- \/module accordion -->        <\/div>\n                        <\/div>\n        <\/div>\n        <\/div>\n<!--\/themify_builder_content-->\n<p>&nbsp;<\/p>\n<p>&nbsp;<\/p>\n<p>&nbsp;<\/p>\n<p style=\"text-align: justify\"><span style=\"font-family: terminal, monaco, monospace;font-size: 14pt\">Si quieres contactar conmigo, puedes hacerlo a trav\u00e9s del formulario de abajo o en Twitter\u00a0<a href=\"https:\/\/twitter.com\/LopezEsparrell?lang=es\">@LopezEsparrell<\/a><\/span><\/p>\n<p style=\"text-align: center\"><iframe loading=\"lazy\" src=\"https:\/\/docs.google.com\/forms\/d\/e\/1FAIpQLSdg8xnpF5l3Wnm-y-HW-IZGzotsfjkBuQm7FNO8hIrdFOggEg\/viewform?embedded=true\" width=\"450\" height=\"300\" frameborder=\"0\" marginwidth=\"0\" marginheight=\"0\"><span style=\"width: 0px;overflow: hidden;line-height: 0\" data-mce-type=\"bookmark\" class=\"mce_SELRES_start\">\ufeff<\/span><span style=\"width: 0px;overflow: hidden;line-height: 0\" data-mce-type=\"bookmark\" class=\"mce_SELRES_start\">\ufeff<\/span><span style=\"width: 0px;overflow: hidden;line-height: 0\" data-mce-type=\"bookmark\" class=\"mce_SELRES_start\">\ufeff<\/span>Cargando\u2026<\/iframe><\/p>\n<p>&nbsp;<\/p>","protected":false},"excerpt":{"rendered":"<p>Soy\u00a0Juan Manuel L\u00f3pez Esparrell, profesor de\u00a0Lengua Castellana y Literatura\u00a0de Secundaria. Actualmente trabajo en el\u00a0IES Francisco Giner de los R\u00edos\u00a0de Motril (Granada), donde soy jefe del Departamento de formaci\u00f3n, evaluaci\u00f3n e innovaci\u00f3n educativa desde hace ya algunos a\u00f1os. He colaborado con muchos centros del profesorado \u00a0de Andaluc\u00eda (CEP de Motril, CEP de Antequera, CEP de V\u00e9lez-M\u00e1laga, [&hellip;]<\/p>\n","protected":false},"author":4178,"featured_media":0,"parent":0,"menu_order":1,"comment_status":"closed","ping_status":"closed","template":"","meta":{"footnotes":""},"aioseo_notices":[],"_links":{"self":[{"href":"https:\/\/blogsaverroes.juntadeandalucia.es\/ellocodelamochila\/wp-json\/wp\/v2\/pages\/326"}],"collection":[{"href":"https:\/\/blogsaverroes.juntadeandalucia.es\/ellocodelamochila\/wp-json\/wp\/v2\/pages"}],"about":[{"href":"https:\/\/blogsaverroes.juntadeandalucia.es\/ellocodelamochila\/wp-json\/wp\/v2\/types\/page"}],"author":[{"embeddable":true,"href":"https:\/\/blogsaverroes.juntadeandalucia.es\/ellocodelamochila\/wp-json\/wp\/v2\/users\/4178"}],"replies":[{"embeddable":true,"href":"https:\/\/blogsaverroes.juntadeandalucia.es\/ellocodelamochila\/wp-json\/wp\/v2\/comments?post=326"}],"version-history":[{"count":95,"href":"https:\/\/blogsaverroes.juntadeandalucia.es\/ellocodelamochila\/wp-json\/wp\/v2\/pages\/326\/revisions"}],"predecessor-version":[{"id":1246,"href":"https:\/\/blogsaverroes.juntadeandalucia.es\/ellocodelamochila\/wp-json\/wp\/v2\/pages\/326\/revisions\/1246"}],"wp:attachment":[{"href":"https:\/\/blogsaverroes.juntadeandalucia.es\/ellocodelamochila\/wp-json\/wp\/v2\/media?parent=326"}],"curies":[{"name":"wp","href":"https:\/\/api.w.org\/{rel}","templated":true}]}}