{"id":3427,"date":"2025-08-16T17:35:07","date_gmt":"2025-08-16T15:35:07","guid":{"rendered":"https:\/\/blogsaverroes.juntadeandalucia.es\/ellocodelamochila\/?page_id=3427"},"modified":"2025-08-16T17:35:07","modified_gmt":"2025-08-16T15:35:07","slug":"videos-tutoriales-seneca-en-60-segundos","status":"publish","type":"page","link":"https:\/\/blogsaverroes.juntadeandalucia.es\/ellocodelamochila\/seneca\/videos-tutoriales-seneca-en-60-segundos\/","title":{"rendered":"V\u00cdDEOS TUTORIALES: S\u00c9NECA EN 60 SEGUNDOS."},"content":{"rendered":"<!--themify_builder_content-->\n<div id=\"themify_builder_content-3427\" data-postid=\"3427\" class=\"themify_builder_content themify_builder_content-3427 themify_builder tf_clear\">\n                    <div  data-lazy=\"1\" class=\"module_row themify_builder_row tb_g13k186 tb_first tf_w\">\n                        <div class=\"row_inner col_align_top tb_col_count_1 tf_box tf_rel\">\n                        <div  data-lazy=\"1\" class=\"module_column tb-column col-full tb_sccw110 first\">\n                    <!-- module box -->\n<div  class=\"module module-box tb_vm1r987 \" data-lazy=\"1\">\n    <div class=\"module-box-content ui  tb_default_color\">\n                <div class=\"tb_text_wrap\"><p style=\"text-align: justify\"><span style=\"font-family: terminal, monaco, monospace;font-size: 14pt\"><img loading=\"lazy\" decoding=\"async\" class=\"size-medium wp-image-3692 alignright\" src=\"https:\/\/blogsaverroes.juntadeandalucia.es\/ellocodelamochila\/files\/2025\/08\/SenecaTOR-300x169.png\" alt=\"\" width=\"300\" height=\"169\" srcset=\"https:\/\/blogsaverroes.juntadeandalucia.es\/ellocodelamochila\/files\/2025\/08\/SenecaTOR-300x169.png 300w, https:\/\/blogsaverroes.juntadeandalucia.es\/ellocodelamochila\/files\/2025\/08\/SenecaTOR-1024x576.png 1024w, https:\/\/blogsaverroes.juntadeandalucia.es\/ellocodelamochila\/files\/2025\/08\/SenecaTOR-768x432.png 768w, https:\/\/blogsaverroes.juntadeandalucia.es\/ellocodelamochila\/files\/2025\/08\/SenecaTOR-1536x864.png 1536w, https:\/\/blogsaverroes.juntadeandalucia.es\/ellocodelamochila\/files\/2025\/08\/SenecaTOR.png 1920w\" sizes=\"(max-width: 300px) 100vw, 300px\" \/>Si est\u00e1s aprendiendo a evaluar con el cuaderno de S\u00e9neca, estos v\u00eddeos pueden serte de gran utilidad. \u00a1No dudes en echarles un vistazo si lo necesitas!<\/span><\/p><\/div>\n    <\/div>\n<\/div>\n<!-- \/module box -->\n        <\/div>\n                        <\/div>\n        <\/div>\n                        <div  data-lazy=\"1\" class=\"module_row themify_builder_row tb_8axd304 tf_w\">\n                        <div class=\"row_inner col_align_top tb_col_count_1 tf_box tf_rel\">\n                        <div  data-lazy=\"1\" class=\"module_column tb-column col-full tb_nz3b304 first\">\n                    <!-- module accordion -->\n<div  class=\"module module-accordion tb_c3yg118 \" data-behavior=\"toggle\" data-lazy=\"1\">\n    <h3 class=\"module-title\">S\u00c9NECA.<\/h3>\n    <ul class=\"ui module-accordion   tb_default_color\">\n            <li>\n            <div class=\"accordion-title tf_rel\">\n                <a href=\"#acc-c3yg118-0\" class=\"tb_title_accordion\" aria-controls=\"acc-c3yg118-0-content\" aria-expanded=\"false\">\n                                                            Creaci\u00f3n de accesos directos.                <\/a>\n            <\/div><!-- .accordion-title -->\n            <div id=\"acc-c3yg118-0-content\" data-id=\"acc-c3yg118-0\" aria-hidden=\"true\" class=\"accordion-content tf_hide tf_clearfix\">\n                        <div  data-lazy=\"1\" class=\"module_subrow themify_builder_sub_row tf_w col_align_top tb_col_count_1 tb_m1r9149\">\n                <div  data-lazy=\"1\" class=\"module_column sub_column tb_7pvw149 first\">\n                    <!-- module text -->\n<div  class=\"module module-text tb_d8a4149   \" data-lazy=\"1\">\n        <div  class=\"tb_text_wrap\">\n        <p><iframe loading=\"lazy\" src=\"https:\/\/www.youtube.com\/embed\/CFIgZnbdAO0?si=WC7_y_hoVsOFMCZl\" width=\"560\" height=\"315\" frameborder=\"0\"><\/iframe><\/p>    <\/div>\n<\/div>\n<!-- \/module text -->        <\/div>\n                    <\/div>\n                    <\/div><!-- .accordion-content -->\n        <\/li>\n            <li>\n            <div class=\"accordion-title tf_rel\">\n                <a href=\"#acc-c3yg118-1\" class=\"tb_title_accordion\" aria-controls=\"acc-c3yg118-1-content\" aria-expanded=\"false\">\n                                                            Configuraci\u00f3n de las evaluaciones.                <\/a>\n            <\/div><!-- .accordion-title -->\n            <div id=\"acc-c3yg118-1-content\" data-id=\"acc-c3yg118-1\" aria-hidden=\"true\" class=\"accordion-content tf_hide tf_clearfix\">\n                        <div  data-lazy=\"1\" class=\"module_subrow themify_builder_sub_row tf_w col_align_top tb_col_count_1 tb_ubje457\">\n                <div  data-lazy=\"1\" class=\"module_column sub_column tb_a5va457 first\">\n                    <!-- module text -->\n<div  class=\"module module-text tb_tp7b457   \" data-lazy=\"1\">\n        <div  class=\"tb_text_wrap\">\n        <p><iframe loading=\"lazy\" src=\"https:\/\/www.youtube.com\/embed\/r5nEgwr3MX0?si=lfgDsfLRDfYbfpKd\" width=\"560\" height=\"315\" frameborder=\"0\"><\/iframe><\/p>    <\/div>\n<\/div>\n<!-- \/module text -->        <\/div>\n                    <\/div>\n                    <\/div><!-- .accordion-content -->\n        <\/li>\n            <li>\n            <div class=\"accordion-title tf_rel\">\n                <a href=\"#acc-c3yg118-2\" class=\"tb_title_accordion\" aria-controls=\"acc-c3yg118-2-content\" aria-expanded=\"false\">\n                                                            Habilitaci\u00f3n de permisos para la programaci\u00f3n.                <\/a>\n            <\/div><!-- .accordion-title -->\n            <div id=\"acc-c3yg118-2-content\" data-id=\"acc-c3yg118-2\" aria-hidden=\"true\" class=\"accordion-content tf_hide tf_clearfix\">\n                        <div  data-lazy=\"1\" class=\"module_subrow themify_builder_sub_row tf_w col_align_top tb_col_count_1 tb_9ewv679\">\n                <div  data-lazy=\"1\" class=\"module_column sub_column tb_xn6g679 first\">\n                    <!-- module text -->\n<div  class=\"module module-text tb_vf1k679   \" data-lazy=\"1\">\n        <div  class=\"tb_text_wrap\">\n        <p><iframe loading=\"lazy\" src=\"https:\/\/www.youtube.com\/embed\/rurFS9vY6Og?si=pilPnKOiYWPf8Z8D\" width=\"560\" height=\"315\" frameborder=\"0\"><\/iframe><\/p>    <\/div>\n<\/div>\n<!-- \/module text -->        <\/div>\n                    <\/div>\n                    <\/div><!-- .accordion-content -->\n        <\/li>\n            <li>\n            <div class=\"accordion-title tf_rel\">\n                <a href=\"#acc-c3yg118-3\" class=\"tb_title_accordion\" aria-controls=\"acc-c3yg118-3-content\" aria-expanded=\"false\">\n                                                            Copiar la programaci\u00f3n del curso anterior.                <\/a>\n            <\/div><!-- .accordion-title -->\n            <div id=\"acc-c3yg118-3-content\" data-id=\"acc-c3yg118-3\" aria-hidden=\"true\" class=\"accordion-content tf_hide tf_clearfix\">\n                        <div  data-lazy=\"1\" class=\"module_subrow themify_builder_sub_row tf_w col_align_top tb_col_count_1 tb_r825174\">\n                <div  data-lazy=\"1\" class=\"module_column sub_column tb_68n4174 first\">\n                    <!-- module text -->\n<div  class=\"module module-text tb_as3d174   \" data-lazy=\"1\">\n        <div  class=\"tb_text_wrap\">\n        <p><iframe loading=\"lazy\" width=\"560\" height=\"315\" src=\"https:\/\/www.youtube.com\/embed\/2GXmssfrOXU?si=IeUf6SOeg_OiD3fj\" frameborder=\"0\"><\/iframe><\/p>\n    <\/div>\n<\/div>\n<!-- \/module text -->        <\/div>\n                    <\/div>\n                    <\/div><!-- .accordion-content -->\n        <\/li>\n        <\/ul>\n\n<\/div><!-- \/module accordion --><!-- module accordion -->\n<div  class=\"module module-accordion tb_2o05119 \" data-behavior=\"toggle\" data-lazy=\"1\">\n    <h3 class=\"module-title\">CUADERNO DE S\u00c9NECA.<\/h3>\n    <ul class=\"ui module-accordion   tb_default_color\">\n            <li>\n            <div class=\"accordion-title tf_rel\">\n                <a href=\"#acc-2o05119-0\" class=\"tb_title_accordion\" aria-controls=\"acc-2o05119-0-content\" aria-expanded=\"false\">\n                                                            Creaci\u00f3n de actividades evaluables.                <\/a>\n            <\/div><!-- .accordion-title -->\n            <div id=\"acc-2o05119-0-content\" data-id=\"acc-2o05119-0\" aria-hidden=\"true\" class=\"accordion-content tf_hide tf_clearfix\">\n                        <div  data-lazy=\"1\" class=\"module_subrow themify_builder_sub_row tf_w col_align_top tb_col_count_1 tb_fma4577\">\n                <div  data-lazy=\"1\" class=\"module_column sub_column tb_9l4b577 first\">\n                    <!-- module text -->\n<div  class=\"module module-text tb_ow5u578   \" data-lazy=\"1\">\n        <div  class=\"tb_text_wrap\">\n        <p><iframe loading=\"lazy\" width=\"560\" height=\"315\" src=\"https:\/\/www.youtube.com\/embed\/t_Egs5vJths?si=82maH1sLG4oIjoOg\" frameborder=\"0\"><\/iframe><\/p>\n    <\/div>\n<\/div>\n<!-- \/module text -->        <\/div>\n                    <\/div>\n                    <\/div><!-- .accordion-content -->\n        <\/li>\n            <li>\n            <div class=\"accordion-title tf_rel\">\n                <a href=\"#acc-2o05119-1\" class=\"tb_title_accordion\" aria-controls=\"acc-2o05119-1-content\" aria-expanded=\"false\">\n                                                            Creaci\u00f3n de actividades para NEAE.                <\/a>\n            <\/div><!-- .accordion-title -->\n            <div id=\"acc-2o05119-1-content\" data-id=\"acc-2o05119-1\" aria-hidden=\"true\" class=\"accordion-content tf_hide tf_clearfix\">\n                        <div  data-lazy=\"1\" class=\"module_subrow themify_builder_sub_row tf_w col_align_top tb_col_count_1 tb_pxr0118\">\n                <div  data-lazy=\"1\" class=\"module_column sub_column tb_1czk118 first\">\n                    <!-- module text -->\n<div  class=\"module module-text tb_jppa119   \" data-lazy=\"1\">\n        <div  class=\"tb_text_wrap\">\n        <p><iframe loading=\"lazy\" src=\"https:\/\/www.youtube.com\/embed\/4oyqVYZO4dY?si=UBzFo73-TycV1p6j\" width=\"560\" height=\"315\" frameborder=\"0\"><\/iframe><\/p>    <\/div>\n<\/div>\n<!-- \/module text -->        <\/div>\n                    <\/div>\n                    <\/div><!-- .accordion-content -->\n        <\/li>\n            <li>\n            <div class=\"accordion-title tf_rel\">\n                <a href=\"#acc-2o05119-2\" class=\"tb_title_accordion\" aria-controls=\"acc-2o05119-2-content\" aria-expanded=\"false\">\n                                                            Grabaci\u00f3n de recuperaciones.                <\/a>\n            <\/div><!-- .accordion-title -->\n            <div id=\"acc-2o05119-2-content\" data-id=\"acc-2o05119-2\" aria-hidden=\"true\" class=\"accordion-content tf_hide tf_clearfix\">\n                        <div  data-lazy=\"1\" class=\"module_subrow themify_builder_sub_row tf_w col_align_top tb_col_count_1 tb_gpd9962\">\n                <div  data-lazy=\"1\" class=\"module_column sub_column tb_bq0i962 first\">\n                    <!-- module text -->\n<div  class=\"module module-text tb_js3d962   \" data-lazy=\"1\">\n        <div  class=\"tb_text_wrap\">\n        <p><iframe loading=\"lazy\" src=\"https:\/\/www.youtube.com\/embed\/5rwg-ho4XGk?si=12EATiZgPOhHIvp9\" width=\"560\" height=\"315\" frameborder=\"0\"><\/iframe><\/p>    <\/div>\n<\/div>\n<!-- \/module text -->        <\/div>\n                    <\/div>\n                    <\/div><!-- .accordion-content -->\n        <\/li>\n            <li>\n            <div class=\"accordion-title tf_rel\">\n                <a href=\"#acc-2o05119-3\" class=\"tb_title_accordion\" aria-controls=\"acc-2o05119-3-content\" aria-expanded=\"false\">\n                                                            C\u00f3mo calcula S\u00e9neca las notas.                <\/a>\n            <\/div><!-- .accordion-title -->\n            <div id=\"acc-2o05119-3-content\" data-id=\"acc-2o05119-3\" aria-hidden=\"true\" class=\"accordion-content tf_hide tf_clearfix\">\n                        <div  data-lazy=\"1\" class=\"module_subrow themify_builder_sub_row tf_w col_align_top tb_col_count_1 tb_r3j2582\">\n                <div  data-lazy=\"1\" class=\"module_column sub_column tb_341c582 first\">\n                    <!-- module text -->\n<div  class=\"module module-text tb_8jyd582   \" data-lazy=\"1\">\n        <div  class=\"tb_text_wrap\">\n        <p><iframe loading=\"lazy\" src=\"https:\/\/www.youtube.com\/embed\/nMbJZAIS3Co?si=nhSyWqJLRRrXMlif\" width=\"560\" height=\"315\" frameborder=\"0\"><\/iframe><\/p>    <\/div>\n<\/div>\n<!-- \/module text -->        <\/div>\n                    <\/div>\n                    <\/div><!-- .accordion-content -->\n        <\/li>\n            <li>\n            <div class=\"accordion-title tf_rel\">\n                <a href=\"#acc-2o05119-4\" class=\"tb_title_accordion\" aria-controls=\"acc-2o05119-4-content\" aria-expanded=\"false\">\n                                                            Pantallas visi\u00f3n global por criterios y por competencias.                <\/a>\n            <\/div><!-- .accordion-title -->\n            <div id=\"acc-2o05119-4-content\" data-id=\"acc-2o05119-4\" aria-hidden=\"true\" class=\"accordion-content tf_hide tf_clearfix\">\n                        <div  data-lazy=\"1\" class=\"module_subrow themify_builder_sub_row tf_w col_align_top tb_col_count_1 tb_qj88861\">\n                <div  data-lazy=\"1\" class=\"module_column sub_column tb_xrjf861 first\">\n                    <!-- module text -->\n<div  class=\"module module-text tb_gnuz862   \" data-lazy=\"1\">\n        <div  class=\"tb_text_wrap\">\n        <p><iframe loading=\"lazy\" src=\"https:\/\/www.youtube.com\/embed\/i-Fqn8qlV0E?si=Ufp46D4F4ECZoqOY\" width=\"560\" height=\"315\" frameborder=\"0\"><\/iframe><\/p>    <\/div>\n<\/div>\n<!-- \/module text -->        <\/div>\n                    <\/div>\n                    <\/div><!-- .accordion-content -->\n        <\/li>\n            <li>\n            <div class=\"accordion-title tf_rel\">\n                <a href=\"#acc-2o05119-5\" class=\"tb_title_accordion\" aria-controls=\"acc-2o05119-5-content\" aria-expanded=\"false\">\n                                                            Trasladar las notas del cuaderno a la evaluaci\u00f3n.                <\/a>\n            <\/div><!-- .accordion-title -->\n            <div id=\"acc-2o05119-5-content\" data-id=\"acc-2o05119-5\" aria-hidden=\"true\" class=\"accordion-content tf_hide tf_clearfix\">\n                        <div  data-lazy=\"1\" class=\"module_subrow themify_builder_sub_row tf_w col_align_top tb_col_count_1 tb_qn54907\">\n                <div  data-lazy=\"1\" class=\"module_column sub_column tb_1n6a907 first\">\n                    <!-- module text -->\n<div  class=\"module module-text tb_zki1907   \" data-lazy=\"1\">\n        <div  class=\"tb_text_wrap\">\n        <p><iframe loading=\"lazy\" width=\"560\" height=\"315\" src=\"https:\/\/www.youtube.com\/embed\/PkJmTEEcpmE?si=lLYsw48OuUuzXONX\" frameborder=\"0\"><\/iframe><\/p>\n    <\/div>\n<\/div>\n<!-- \/module text -->        <\/div>\n                    <\/div>\n                    <\/div><!-- .accordion-content -->\n        <\/li>\n            <li>\n            <div class=\"accordion-title tf_rel\">\n                <a href=\"#acc-2o05119-6\" class=\"tb_title_accordion\" aria-controls=\"acc-2o05119-6-content\" aria-expanded=\"false\">\n                                                            Publicaci\u00f3n de actividades en IPASEN.                <\/a>\n            <\/div><!-- .accordion-title -->\n            <div id=\"acc-2o05119-6-content\" data-id=\"acc-2o05119-6\" aria-hidden=\"true\" class=\"accordion-content tf_hide tf_clearfix\">\n                        <div  data-lazy=\"1\" class=\"module_subrow themify_builder_sub_row tf_w col_align_top tb_col_count_1 tb_k48y666\">\n                <div  data-lazy=\"1\" class=\"module_column sub_column tb_h6u0666 first\">\n                    <!-- module text -->\n<div  class=\"module module-text tb_02hd666   \" data-lazy=\"1\">\n        <div  class=\"tb_text_wrap\">\n        <p><iframe loading=\"lazy\" width=\"560\" height=\"315\" src=\"https:\/\/www.youtube.com\/embed\/Flc6b9DwQwU?si=1b01Wc-ywaNghDC2\" frameborder=\"0\"><\/iframe><\/p>\n    <\/div>\n<\/div>\n<!-- \/module text -->        <\/div>\n                    <\/div>\n                    <\/div><!-- .accordion-content -->\n        <\/li>\n            <li>\n            <div class=\"accordion-title tf_rel\">\n                <a href=\"#acc-2o05119-7\" class=\"tb_title_accordion\" aria-controls=\"acc-2o05119-7-content\" aria-expanded=\"false\">\n                                                            La generaci\u00f3n de informes de evaluaci\u00f3n.                <\/a>\n            <\/div><!-- .accordion-title -->\n            <div id=\"acc-2o05119-7-content\" data-id=\"acc-2o05119-7\" aria-hidden=\"true\" class=\"accordion-content tf_hide tf_clearfix\">\n                        <div  data-lazy=\"1\" class=\"module_subrow themify_builder_sub_row tf_w col_align_top tb_col_count_1 tb_8woq392\">\n                <div  data-lazy=\"1\" class=\"module_column sub_column tb_aeyx392 first\">\n                    <!-- module text -->\n<div  class=\"module module-text tb_4e2u392   \" data-lazy=\"1\">\n        <div  class=\"tb_text_wrap\">\n        <p><iframe loading=\"lazy\" width=\"560\" height=\"315\" src=\"https:\/\/www.youtube.com\/embed\/D6c1Lbc13Wg?si=42g4Lx2QuCvydab4\" frameborder=\"0\"><\/iframe><\/p>\n    <\/div>\n<\/div>\n<!-- \/module text -->        <\/div>\n                    <\/div>\n                    <\/div><!-- .accordion-content -->\n        <\/li>\n            <li>\n            <div class=\"accordion-title tf_rel\">\n                <a href=\"#acc-2o05119-8\" class=\"tb_title_accordion\" aria-controls=\"acc-2o05119-8-content\" aria-expanded=\"false\">\n                                                            Actividades diarias vs. no diarias.                <\/a>\n            <\/div><!-- .accordion-title -->\n            <div id=\"acc-2o05119-8-content\" data-id=\"acc-2o05119-8\" aria-hidden=\"true\" class=\"accordion-content tf_hide tf_clearfix\">\n                        <div  data-lazy=\"1\" class=\"module_subrow themify_builder_sub_row tf_w col_align_top tb_col_count_1 tb_sniz716\">\n                <div  data-lazy=\"1\" class=\"module_column sub_column tb_zugl717 first\">\n                    <!-- module text -->\n<div  class=\"module module-text tb_foc6717   \" data-lazy=\"1\">\n        <div  class=\"tb_text_wrap\">\n        <p><iframe loading=\"lazy\" src=\"https:\/\/www.youtube.com\/embed\/NCqcWvB-Zhg?si=ZMFlFRqxWmvT0Y2w\" width=\"560\" height=\"315\" frameborder=\"0\"><\/iframe><\/p>    <\/div>\n<\/div>\n<!-- \/module text -->        <\/div>\n                    <\/div>\n                    <\/div><!-- .accordion-content -->\n        <\/li>\n            <li>\n            <div class=\"accordion-title tf_rel\">\n                <a href=\"#acc-2o05119-9\" class=\"tb_title_accordion\" aria-controls=\"acc-2o05119-9-content\" aria-expanded=\"false\">\n                                                            Los m\u00e9todos de calificaci\u00f3n.                <\/a>\n            <\/div><!-- .accordion-title -->\n            <div id=\"acc-2o05119-9-content\" data-id=\"acc-2o05119-9\" aria-hidden=\"true\" class=\"accordion-content tf_hide tf_clearfix\">\n                        <div  data-lazy=\"1\" class=\"module_subrow themify_builder_sub_row tf_w col_align_top tb_col_count_1 tb_a0na765\">\n                <div  data-lazy=\"1\" class=\"module_column sub_column tb_dpgs765 first\">\n                    <!-- module text -->\n<div  class=\"module module-text tb_ehb0765   \" data-lazy=\"1\">\n        <div  class=\"tb_text_wrap\">\n        <p><iframe loading=\"lazy\" width=\"560\" height=\"315\" src=\"https:\/\/www.youtube.com\/embed\/LImFarNCmtA?si=_vPgBgTlI7sVizpD\" frameborder=\"0\"><\/iframe><\/p>\n    <\/div>\n<\/div>\n<!-- \/module text -->        <\/div>\n                    <\/div>\n                    <\/div><!-- .accordion-content -->\n        <\/li>\n            <li>\n            <div class=\"accordion-title tf_rel\">\n                <a href=\"#acc-2o05119-10\" class=\"tb_title_accordion\" aria-controls=\"acc-2o05119-10-content\" aria-expanded=\"false\">\n                                                            La trazabilidad.                <\/a>\n            <\/div><!-- .accordion-title -->\n            <div id=\"acc-2o05119-10-content\" data-id=\"acc-2o05119-10\" aria-hidden=\"true\" class=\"accordion-content tf_hide tf_clearfix\">\n                        <div  data-lazy=\"1\" class=\"module_subrow themify_builder_sub_row tf_w col_align_top tb_col_count_1 tb_o3a1269\">\n                <div  data-lazy=\"1\" class=\"module_column sub_column tb_ecka270 first\">\n                    <!-- module text -->\n<div  class=\"module module-text tb_ha06270   \" data-lazy=\"1\">\n        <div  class=\"tb_text_wrap\">\n        <p><iframe loading=\"lazy\" width=\"560\" height=\"315\" src=\"https:\/\/www.youtube.com\/embed\/27K9yLRXleM?si=WWInp4hJsDvz6fGc\" frameborder=\"0\"><\/iframe><\/p>\n    <\/div>\n<\/div>\n<!-- \/module text -->        <\/div>\n                    <\/div>\n                    <\/div><!-- .accordion-content -->\n        <\/li>\n            <li>\n            <div class=\"accordion-title tf_rel\">\n                <a href=\"#acc-2o05119-11\" class=\"tb_title_accordion\" aria-controls=\"acc-2o05119-11-content\" aria-expanded=\"false\">\n                                                            Los par\u00e1metros.                <\/a>\n            <\/div><!-- .accordion-title -->\n            <div id=\"acc-2o05119-11-content\" data-id=\"acc-2o05119-11\" aria-hidden=\"true\" class=\"accordion-content tf_hide tf_clearfix\">\n                        <div  data-lazy=\"1\" class=\"module_subrow themify_builder_sub_row tf_w col_align_top tb_col_count_1 tb_6le7189\">\n                <div  data-lazy=\"1\" class=\"module_column sub_column tb_u053189 first\">\n                    <!-- module text -->\n<div  class=\"module module-text tb_p6dj189   \" data-lazy=\"1\">\n        <div  class=\"tb_text_wrap\">\n        <p><iframe loading=\"lazy\" src=\"https:\/\/www.youtube.com\/embed\/fmxCBrrMc0A?si=MMKLPvZP8j11GUEZ\" width=\"560\" height=\"315\" frameborder=\"0\"><\/iframe><\/p>    <\/div>\n<\/div>\n<!-- \/module text -->        <\/div>\n                    <\/div>\n                    <\/div><!-- .accordion-content -->\n        <\/li>\n        <\/ul>\n\n<\/div><!-- \/module accordion -->        <\/div>\n                        <\/div>\n        <\/div>\n        <\/div>\n<!--\/themify_builder_content-->&nbsp;<\/p>\n<p>&nbsp;<\/p>","protected":false},"excerpt":{"rendered":"<p>Si est\u00e1s aprendiendo a evaluar con el cuaderno de S\u00e9neca, estos v\u00eddeos pueden serte de gran utilidad. \u00a1No dudes en echarles un vistazo si lo necesitas! S\u00c9NECA. Creaci\u00f3n de accesos directos. Configuraci\u00f3n de las evaluaciones. Habilitaci\u00f3n de permisos para la programaci\u00f3n. Copiar la programaci\u00f3n del curso anterior. CUADERNO DE S\u00c9NECA. Creaci\u00f3n de actividades evaluables. Creaci\u00f3n [&hellip;]<\/p>\n","protected":false},"author":4178,"featured_media":0,"parent":2217,"menu_order":2,"comment_status":"open","ping_status":"closed","template":"","meta":{"footnotes":""},"aioseo_notices":[],"_links":{"self":[{"href":"https:\/\/blogsaverroes.juntadeandalucia.es\/ellocodelamochila\/wp-json\/wp\/v2\/pages\/3427"}],"collection":[{"href":"https:\/\/blogsaverroes.juntadeandalucia.es\/ellocodelamochila\/wp-json\/wp\/v2\/pages"}],"about":[{"href":"https:\/\/blogsaverroes.juntadeandalucia.es\/ellocodelamochila\/wp-json\/wp\/v2\/types\/page"}],"author":[{"embeddable":true,"href":"https:\/\/blogsaverroes.juntadeandalucia.es\/ellocodelamochila\/wp-json\/wp\/v2\/users\/4178"}],"replies":[{"embeddable":true,"href":"https:\/\/blogsaverroes.juntadeandalucia.es\/ellocodelamochila\/wp-json\/wp\/v2\/comments?post=3427"}],"version-history":[{"count":16,"href":"https:\/\/blogsaverroes.juntadeandalucia.es\/ellocodelamochila\/wp-json\/wp\/v2\/pages\/3427\/revisions"}],"predecessor-version":[{"id":3696,"href":"https:\/\/blogsaverroes.juntadeandalucia.es\/ellocodelamochila\/wp-json\/wp\/v2\/pages\/3427\/revisions\/3696"}],"up":[{"embeddable":true,"href":"https:\/\/blogsaverroes.juntadeandalucia.es\/ellocodelamochila\/wp-json\/wp\/v2\/pages\/2217"}],"wp:attachment":[{"href":"https:\/\/blogsaverroes.juntadeandalucia.es\/ellocodelamochila\/wp-json\/wp\/v2\/media?parent=3427"}],"curies":[{"name":"wp","href":"https:\/\/api.w.org\/{rel}","templated":true}]}}