{"id":3598,"date":"2025-08-06T10:42:27","date_gmt":"2025-08-06T08:42:27","guid":{"rendered":"https:\/\/blogsaverroes.juntadeandalucia.es\/ellocodelamochila\/?page_id=3598"},"modified":"2026-01-03T17:29:56","modified_gmt":"2026-01-03T16:29:56","slug":"uso-educativo-de-la-ia","status":"publish","type":"page","link":"https:\/\/blogsaverroes.juntadeandalucia.es\/ellocodelamochila\/ia-educativa\/uso-educativo-de-la-ia\/","title":{"rendered":"USO EDUCATIVO DE LA IA"},"content":{"rendered":"<!--themify_builder_content-->\n<div id=\"themify_builder_content-3598\" data-postid=\"3598\" class=\"themify_builder_content themify_builder_content-3598 themify_builder tf_clear\">\n                    <div  data-lazy=\"1\" class=\"module_row themify_builder_row tb_1mil127 tb_first tf_w\">\n                        <div class=\"row_inner col_align_top tb_col_count_1 tf_box tf_rel\">\n                        <div  data-lazy=\"1\" class=\"module_column tb-column col-full tb_9uke128 first\">\n                            <div  data-lazy=\"1\" class=\"module_subrow themify_builder_sub_row tf_w col_align_top tb_col_count_2 tb_7l3k66\">\n                <div  data-lazy=\"1\" class=\"module_column sub_column col4-2 tb_s2c666 first\">\n                    <!-- module image -->\n<div  class=\"module module-image tb_tqp7972 image-top rounded drop-shadow bordered  tf_mw\" data-lazy=\"1\">\n        <div class=\"image-wrap tf_rel tf_mw\">\n            <img loading=\"lazy\" decoding=\"async\" width=\"1312\" height=\"736\" src=\"https:\/\/blogsaverroes.juntadeandalucia.es\/ellocodelamochila\/files\/2025\/08\/SRNixrneTVC8x3qT1fl8sQ-copia.webp\" class=\"wp-post-image wp-image-3599\" title=\"SRNixrneTVC8x3qT1fl8sQ copia\" alt=\"SRNixrneTVC8x3qT1fl8sQ copia\" srcset=\"https:\/\/blogsaverroes.juntadeandalucia.es\/ellocodelamochila\/files\/2025\/08\/SRNixrneTVC8x3qT1fl8sQ-copia.webp 1312w, https:\/\/blogsaverroes.juntadeandalucia.es\/ellocodelamochila\/files\/2025\/08\/SRNixrneTVC8x3qT1fl8sQ-copia-300x168.webp 300w, https:\/\/blogsaverroes.juntadeandalucia.es\/ellocodelamochila\/files\/2025\/08\/SRNixrneTVC8x3qT1fl8sQ-copia-1024x574.webp 1024w, https:\/\/blogsaverroes.juntadeandalucia.es\/ellocodelamochila\/files\/2025\/08\/SRNixrneTVC8x3qT1fl8sQ-copia-768x431.webp 768w\" sizes=\"(max-width: 1312px) 100vw, 1312px\" \/>    \n        <\/div>\n    <!-- \/image-wrap -->\n    \n        <\/div>\n<!-- \/module image -->        <\/div>\n                    <div  data-lazy=\"1\" class=\"module_column sub_column col4-2 tb_ewsv66 last\">\n                    <!-- module menu -->\n<div  class=\"module module-menu tb_jz3v783  mobile-menu-slide\" data-menu-style=\"mobile-menu-slide\" data-menu-breakpoint=\"0\" data-element-id=\"tb_jz3v783\" data-lazy=\"1\">\n        \n    <div class=\"module-menu-container\"><ul id=\"menu-menu-pestana-uso-educativo-ia\" class=\"ui tf_clearfix nav tf_rel tf_scrollbar vertical tb_default_color\"><li id=\"menu-item-3604\" class=\"menu-item-page-3563 menu-item menu-item-type-post_type menu-item-object-page menu-item-3604\"><a href=\"https:\/\/blogsaverroes.juntadeandalucia.es\/ellocodelamochila\/ia-educativa\/uso-educativo-de-la-ia\/herramientas-digitales-creadas-con-ia-para-el-dia-a-dia-de-un-centro\/\">HERRAMIENTAS DIGITALES CREADAS CON IA PARA EL D\u00cdA A D\u00cdA DE UN CENTRO<\/a><\/li>\n<li id=\"menu-item-3605\" class=\"menu-item-page-3439 menu-item menu-item-type-post_type menu-item-object-page menu-item-3605\"><a href=\"https:\/\/blogsaverroes.juntadeandalucia.es\/ellocodelamochila\/ia-educativa\/uso-educativo-de-la-ia\/creacion-de-actividades-interactivas-con-inteligencia-artificial\/\">CREACI\u00d3N DE ACTIVIDADES INTERACTIVAS CON INTELIGENCIA ARTIFICIAL<\/a><\/li>\n<li id=\"menu-item-3606\" class=\"menu-item-page-3394 menu-item menu-item-type-post_type menu-item-object-page menu-item-3606\"><a href=\"https:\/\/blogsaverroes.juntadeandalucia.es\/ellocodelamochila\/ia-educativa\/uso-educativo-de-la-ia\/ideas-para-el-uso-de-la-ia-en-el-aula\/\">IDEAS PARA EL USO DE LA IA EN EL AULA<\/a><\/li>\n<li id=\"menu-item-3828\" class=\"menu-item-page-3815 menu-item menu-item-type-post_type menu-item-object-page menu-item-3828\"><a href=\"https:\/\/blogsaverroes.juntadeandalucia.es\/ellocodelamochila\/ia-educativa\/uso-educativo-de-la-ia\/ejemplos-uso-de-notebooklm\/\">EJEMPLOS USO DE NOTEBOOKLM<\/a><\/li>\n<li id=\"menu-item-3607\" class=\"menu-item-page-3400 menu-item menu-item-type-post_type menu-item-object-page menu-item-3607\"><a href=\"https:\/\/blogsaverroes.juntadeandalucia.es\/ellocodelamochila\/ia-educativa\/uso-educativo-de-la-ia\/repositorio-de-prompts-educativos\/\">REPOSITORIO DE PROMPTS EDUCATIVOS<\/a><\/li>\n<\/ul><\/div>        <style>\n            .mobile-menu-module[data-module=\"tb_jz3v783\"]{\n                right:-300px            }\n        <\/style>\n    <\/div>\n<!-- \/module menu -->\n        <\/div>\n                    <\/div>\n                <\/div>\n                        <\/div>\n        <\/div>\n        <\/div>\n<!--\/themify_builder_content-->&nbsp;<\/p>\n<p>&nbsp;<\/p>","protected":false},"excerpt":{"rendered":"<p>HERRAMIENTAS DIGITALES CREADAS CON IA PARA EL D\u00cdA A D\u00cdA DE UN CENTRO CREACI\u00d3N DE ACTIVIDADES INTERACTIVAS CON INTELIGENCIA ARTIFICIAL IDEAS PARA EL USO DE LA IA EN EL AULA REPOSITORIO DE PROMPTS EDUCATIVOS &nbsp; &nbsp;<\/p>\n","protected":false},"author":4178,"featured_media":0,"parent":2700,"menu_order":3,"comment_status":"open","ping_status":"closed","template":"","meta":{"footnotes":""},"aioseo_notices":[],"_links":{"self":[{"href":"https:\/\/blogsaverroes.juntadeandalucia.es\/ellocodelamochila\/wp-json\/wp\/v2\/pages\/3598"}],"collection":[{"href":"https:\/\/blogsaverroes.juntadeandalucia.es\/ellocodelamochila\/wp-json\/wp\/v2\/pages"}],"about":[{"href":"https:\/\/blogsaverroes.juntadeandalucia.es\/ellocodelamochila\/wp-json\/wp\/v2\/types\/page"}],"author":[{"embeddable":true,"href":"https:\/\/blogsaverroes.juntadeandalucia.es\/ellocodelamochila\/wp-json\/wp\/v2\/users\/4178"}],"replies":[{"embeddable":true,"href":"https:\/\/blogsaverroes.juntadeandalucia.es\/ellocodelamochila\/wp-json\/wp\/v2\/comments?post=3598"}],"version-history":[{"count":7,"href":"https:\/\/blogsaverroes.juntadeandalucia.es\/ellocodelamochila\/wp-json\/wp\/v2\/pages\/3598\/revisions"}],"predecessor-version":[{"id":3611,"href":"https:\/\/blogsaverroes.juntadeandalucia.es\/ellocodelamochila\/wp-json\/wp\/v2\/pages\/3598\/revisions\/3611"}],"up":[{"embeddable":true,"href":"https:\/\/blogsaverroes.juntadeandalucia.es\/ellocodelamochila\/wp-json\/wp\/v2\/pages\/2700"}],"wp:attachment":[{"href":"https:\/\/blogsaverroes.juntadeandalucia.es\/ellocodelamochila\/wp-json\/wp\/v2\/media?parent=3598"}],"curies":[{"name":"wp","href":"https:\/\/api.w.org\/{rel}","templated":true}]}}