{"id":3815,"date":"2025-11-11T16:39:03","date_gmt":"2025-11-11T15:39:03","guid":{"rendered":"https:\/\/blogsaverroes.juntadeandalucia.es\/ellocodelamochila\/?page_id=3815"},"modified":"2026-02-05T13:08:04","modified_gmt":"2026-02-05T12:08:04","slug":"ejemplos-uso-de-notebooklm","status":"publish","type":"page","link":"https:\/\/blogsaverroes.juntadeandalucia.es\/ellocodelamochila\/ia-educativa\/uso-educativo-de-la-ia\/ejemplos-uso-de-notebooklm\/","title":{"rendered":"EJEMPLOS USO DE NOTEBOOKLM"},"content":{"rendered":"<p style=\"font-weight: 400;text-align: justify\"><span style=\"font-family: terminal, monaco, monospace;font-size: 14pt\"><strong><b>Qu\u00e9 es NotebookLM, una inteligencia artificial especial.<img loading=\"lazy\" decoding=\"async\" class=\" wp-image-3820 alignright\" src=\"https:\/\/blogsaverroes.juntadeandalucia.es\/ellocodelamochila\/files\/2025\/11\/Portadilla-300x300.jpg\" alt=\"\" width=\"520\" height=\"520\" srcset=\"https:\/\/blogsaverroes.juntadeandalucia.es\/ellocodelamochila\/files\/2025\/11\/Portadilla-300x300.jpg 300w, https:\/\/blogsaverroes.juntadeandalucia.es\/ellocodelamochila\/files\/2025\/11\/Portadilla-1024x1024.jpg 1024w, https:\/\/blogsaverroes.juntadeandalucia.es\/ellocodelamochila\/files\/2025\/11\/Portadilla-150x150.jpg 150w, https:\/\/blogsaverroes.juntadeandalucia.es\/ellocodelamochila\/files\/2025\/11\/Portadilla-768x768.jpg 768w, https:\/\/blogsaverroes.juntadeandalucia.es\/ellocodelamochila\/files\/2025\/11\/Portadilla.jpg 1080w\" sizes=\"(max-width: 520px) 100vw, 520px\" \/><\/b><\/strong><\/span><\/p>\n<p style=\"font-weight: 400;text-align: justify\"><span style=\"font-family: terminal, monaco, monospace;font-size: 14pt\">Si le pedimos a <em>Gemini<\/em>&nbsp;que nos explique qu\u00e9 es exactamente <em><a href=\"https:\/\/www.google.com\/url?sa=t&amp;source=web&amp;rct=j&amp;opi=89978449&amp;url=https:\/\/notebooklm.google.com\/&amp;ved=2ahUKEwjXj4TCteqQAxXLQvEDHUXMF4oQFnoECBoQAQ&amp;usg=AOvVaw0XSvvcfCpIED6UVHC8Q2ih\" target=\"_blank\" rel=\"noopener\">NotebookLM<\/a><\/em> y para qu\u00e9 sirve, nos dice lo siguiente:<\/span><\/p>\n<blockquote>\n<p style=\"font-weight: 400;text-align: justify\"><span style=\"font-family: terminal, monaco, monospace;font-size: 12pt\"><em><i>NotebookLM<\/i><\/em><em><i>&nbsp;es una <\/i><\/em><em><i>herramienta de investigaci\u00f3n y estudio con inteligencia artificial (IA)<\/i><\/em><em><i>, desarrollada por Google Labs.<\/i><\/em><\/span><\/p>\n<p style=\"font-weight: 400;text-align: justify\"><span style=\"font-family: terminal, monaco, monospace;font-size: 12pt\"><em><i>Su caracter\u00edstica principal y diferenciadora es que se convierte en un <\/i><\/em><em><i>experto en tus propios documentos<\/i><\/em><em><i>.<\/i><\/em><\/span><\/p>\n<p><span style=\"font-size: 12pt\"><em><span style=\"font-family: terminal, monaco, monospace\">Puntos clave de NotebookLM:<\/span><\/em><\/span><\/p>\n<p style=\"font-weight: 400;text-align: justify\"><span style=\"font-family: terminal, monaco, monospace;font-size: 12pt\"><em><i>&#8211;<\/i><\/em><em><i>Asistente Personal de IA:<\/i><\/em><em><i>&nbsp;Utiliza modelos de IA, como <\/i><\/em><em><i>Google Gemini<\/i><\/em><em><i>, para interactuar con el contenido que t\u00fa le proporcionas.<\/i><\/em><\/span><\/p>\n<p style=\"font-weight: 400;text-align: justify\"><span style=\"font-family: terminal, monaco, monospace;font-size: 12pt\"><em><i>&#8211;<\/i><\/em><em><i>Fuentes de Informaci\u00f3n:<\/i><\/em><em><i>&nbsp;T\u00fa subes tus propios documentos (PDFs, textos, Google Docs, presentaciones, enlaces a p\u00e1ginas web, e incluso v\u00eddeos de YouTube) y la IA los analiza.<\/i><\/em><\/span><\/p>\n<p style=\"font-weight: 400;text-align: justify\"><span style=\"font-family: terminal, monaco, monospace;font-size: 12pt\"><em><i>&#8211;<\/i><\/em><em><i>Funcionalidades:<\/i><\/em><em><i>&nbsp;A partir de tus documentos cargados, puede:<\/i><\/em><\/span><\/p>\n<p style=\"font-weight: 400;text-align: justify\"><span style=\"font-family: terminal, monaco, monospace;font-size: 12pt\"><em><i>&#8211;<\/i><\/em><em><i>Responder preguntas<\/i><\/em><em><i>&nbsp;espec\u00edficas sobre el contenido.<\/i><\/em><\/span><\/p>\n<p style=\"font-weight: 400;text-align: justify\"><span style=\"font-family: terminal, monaco, monospace;font-size: 12pt\"><em><i>&#8211;<\/i><\/em><em><i>Generar <\/i><\/em><em><i>res\u00famenes<\/i><\/em><em><i>&nbsp;y extraer hallazgos clave.<\/i><\/em><\/span><\/p>\n<p style=\"font-weight: 400;text-align: justify\"><span style=\"font-family: terminal, monaco, monospace;font-size: 12pt\"><em><i>&#8211;<\/i><\/em><em><i>Crear <\/i><\/em><em><i>gu\u00edas de estudio<\/i><\/em><em><i>, <\/i><\/em><em><i>tarjetas did\u00e1cticas<\/i><\/em><em><i>&nbsp;y hasta <\/i><\/em><em><i>ex\u00e1menes<\/i><\/em><em><i>.<\/i><\/em><\/span><\/p>\n<p style=\"font-weight: 400;text-align: justify\"><span style=\"font-family: terminal, monaco, monospace;font-size: 12pt\"><em><i>&#8211;<\/i><\/em><em><i>Sugerir ideas y esquemas para trabajos escritos.<\/i><\/em><\/span><\/p>\n<p style=\"font-weight: 400;text-align: justify\"><span style=\"font-family: terminal, monaco, monospace;font-size: 12pt\"><em><i>&#8211;<\/i><\/em><em><i>Generar <\/i><\/em><em><i>res\u00famenes de audio<\/i><\/em><em><i>&nbsp;(similares a un podcast) para que puedas escuchar la informaci\u00f3n mientras haces otras tareas.<\/i><\/em><\/span><\/p>\n<p style=\"font-weight: 400;text-align: justify\"><span style=\"font-family: terminal, monaco, monospace;font-size: 12pt\"><em><i>&#8211;<\/i><\/em><em><i>Citar las fuentes exactas<\/i><\/em><em><i>&nbsp;de donde obtiene la informaci\u00f3n, permitiendo la verificaci\u00f3n.<\/i><\/em><\/span><\/p>\n<p style=\"font-weight: 400;text-align: justify\"><span style=\"font-family: terminal, monaco, monospace;font-size: 12pt\"><em><i>&#8211;<\/i><\/em><em><i>Enfoque Espec\u00edfico:<\/i><\/em><em><i>&nbsp;A diferencia de las IA conversacionales generales, NotebookLM se <\/i><\/em><em><i>limita a la informaci\u00f3n de tus archivos<\/i><\/em><em><i>, evitando divagaciones y asegurando que las respuestas sean muy relevantes para tu material.<\/i><\/em><\/span><\/p>\n<p style=\"font-weight: 400;text-align: justify\"><span style=\"font-family: terminal, monaco, monospace;font-size: 12pt\"><em><i>En resumen, es una herramienta potente para <\/i><\/em><em><i>estudiantes, investigadores y profesionales<\/i><\/em><em><i>&nbsp;que necesitan digerir y analizar grandes cantidades de informaci\u00f3n compleja de manera m\u00e1s eficiente y productiva.<\/i><\/em><\/span><\/p>\n<p style=\"font-weight: 400;text-align: right\"><span style=\"font-family: terminal, monaco, monospace;font-size: 10pt\"><em><i>Fuente: Gemini.<\/i><\/em><\/span><\/p>\n<p>&nbsp;<\/p><\/blockquote>\n<p style=\"font-weight: 400;text-align: justify\"><span style=\"font-family: terminal, monaco, monospace;font-size: 14pt\">Se trata, por tanto, de una inteligencia artificial un tanto peculiar, pues podemos definir nosotros mismos las fuentes concretas de las que queremos que obtenga la informaci\u00f3n que le solicitemos, evitando as\u00ed que la coja de fuentes que no sean de confianza.<\/span><\/p>\n<p style=\"font-weight: 400;text-align: justify\"><span style=\"font-family: terminal, monaco, monospace;font-size: 14pt\">Este hecho, lejos de suponer una limitaci\u00f3n, dota <em>NotebookLM<\/em> de una caracter\u00edstica singular: su fidelidad a fuentes conocidas y fiables -las que nosotros mismos hemos decidido-. As\u00ed, podemos usar esta inteligencia artificial para tareas concretas que nos exijan ce\u00f1irnos a una documentaci\u00f3n determinada (trabajo con normativa, con documentaci\u00f3n espec\u00edfica, etc.)&nbsp;<\/span><\/p>\n<p style=\"font-weight: 400;text-align: justify\"><span style=\"font-family: terminal, monaco, monospace;font-size: 14pt\">Si la informaci\u00f3n que le solicitemos&nbsp;se encuentra en estas fuentes, <em>NotebookLM<\/em> la localizar\u00e1 y trabajar\u00e1 con ella. En cambio, si no est\u00e1, nos lo dir\u00e1 y no alucinar\u00e1.&nbsp;Por tanto, se trata de una IA \u201chonrada\u201d.<\/span><\/p>\n<p style=\"font-weight: 400;text-align: justify\">&nbsp;<\/p>\n<p style=\"font-weight: 400;text-align: justify\"><span style=\"font-family: terminal, monaco, monospace;font-size: 14pt\"><strong><b>Ejemplos de uso<\/b><\/strong><strong><b>.<\/b><\/strong><\/span><\/p>\n<p style=\"font-weight: 400;text-align: justify\"><span style=\"font-family: terminal, monaco, monospace;font-size: 14pt\"><strong><b>Cuaderno de normativa educativa.<\/b><\/strong><\/span><\/p>\n<p style=\"font-weight: 400;text-align: justify\"><span style=\"font-family: terminal, monaco, monospace;font-size: 14pt\">Trabajar con normativa implica rigurosidad, literalidad y transparencia. Por tanto, <em>NotebookLM<\/em> puede ser una herramienta ideal para ello: si le proporcionamos la legislaci\u00f3n educativa vigente, esta IA trabajar\u00e1 y se ce\u00f1ir\u00e1 a ella.<\/span><\/p>\n<p style=\"font-weight: 400;text-align: justify\"><span style=\"font-family: terminal, monaco, monospace;font-size: 14pt\">Lo puedes comprobar en este cuaderno:<\/span><\/p>\n<p style=\"font-weight: 400;text-align: justify\"><a href=\"https:\/\/notebooklm.google.com\/notebook\/2c13d642-5f9a-41ff-b5ba-ca1a88598c09\" target=\"_blank\" rel=\"noopener\"><img loading=\"lazy\" decoding=\"async\" class=\"aligncenter wp-image-3817\" src=\"https:\/\/blogsaverroes.juntadeandalucia.es\/ellocodelamochila\/files\/2025\/11\/Captura-de-Pantalla-2025-11-11-a-las-16.23.15-300x149.png\" alt=\"\" width=\"433\" height=\"215\" srcset=\"https:\/\/blogsaverroes.juntadeandalucia.es\/ellocodelamochila\/files\/2025\/11\/Captura-de-Pantalla-2025-11-11-a-las-16.23.15-300x149.png 300w, https:\/\/blogsaverroes.juntadeandalucia.es\/ellocodelamochila\/files\/2025\/11\/Captura-de-Pantalla-2025-11-11-a-las-16.23.15-1024x507.png 1024w, https:\/\/blogsaverroes.juntadeandalucia.es\/ellocodelamochila\/files\/2025\/11\/Captura-de-Pantalla-2025-11-11-a-las-16.23.15-768x380.png 768w, https:\/\/blogsaverroes.juntadeandalucia.es\/ellocodelamochila\/files\/2025\/11\/Captura-de-Pantalla-2025-11-11-a-las-16.23.15-1536x760.png 1536w, https:\/\/blogsaverroes.juntadeandalucia.es\/ellocodelamochila\/files\/2025\/11\/Captura-de-Pantalla-2025-11-11-a-las-16.23.15.png 1701w\" sizes=\"(max-width: 433px) 100vw, 433px\" \/><\/a><\/p>\n<p style=\"font-weight: 400;text-align: justify\"><span style=\"font-family: terminal, monaco, monospace;font-size: 14pt\"><strong><b>Cuaderno de estudio.<\/b><\/strong><\/span><\/p>\n<p style=\"font-weight: 400;text-align: justify\"><span style=\"font-family: terminal, monaco, monospace;font-size: 14pt\">Para estudiar un tema concreto, un corpus de documentos (libros, art\u00edculos, etc.), <em>NotebookLM<\/em> ofrece grandes posibilidades: consultas, cuestionarios, res\u00famenes, etc.<\/span><\/p>\n<p style=\"font-weight: 400;text-align: justify\">&nbsp;<\/p>\n<p style=\"font-weight: 400;text-align: justify\"><span style=\"font-family: terminal, monaco, monospace;font-size: 14pt\"><strong><b>Cuaderno para crear <\/b><\/strong><strong><b>\u201c<\/b><\/strong><strong><b>el cerebro<\/b><\/strong><strong><b>\u201d<\/b><\/strong><strong><b>&nbsp;de una Gema<\/b><\/strong><strong><b>\/A<\/b><\/strong><strong><b>gente.<\/b><\/strong><\/span><\/p>\n<p style=\"font-weight: 400;text-align: justify\"><span style=\"font-family: terminal, monaco, monospace;font-size: 14pt\">Un paso previo a la creaci\u00f3n de una Gema (de <em>Google Gemini<\/em>) o un Agente&nbsp;(de <em>Microsoft Copilot<\/em>) consiste en la elaboraci\u00f3n de unas instrucciones detalladas que permitan que haga su trabajo de forma eficiente. Y estas instrucciones deben estar bien fundamentadas. <em>NotebookLM<\/em> nos puede facilitar mucho esta labor&nbsp;de documentaci\u00f3n.<\/span><\/p>\n<p style=\"font-weight: 400;text-align: justify\"><span style=\"font-family: terminal, monaco, monospace;font-size: 14pt\">Por ejemplo, si yo quiero crear una Gema o Agente que mejore la eficacia de mis prompts, primero tendr\u00e9 que redactar unas instrucciones en las que le explique c\u00f3mo hacerlo. Para ello, podemos crear un cuaderno de <em>NotebookLM<\/em>, seleccionar fuentes de calidad y luego pedirle que nos explique con detalle c\u00f3mo hacer prompts eficaces, los distintos m\u00e9todos existentes y que nos d\u00e9 consejos \u00fatiles. Con esto, estaremos creando \u201cel cerebro\u201d de mi Gema o Agente, esto es, las instrucciones de su configuraci\u00f3n.<\/span><\/p>\n<p style=\"font-weight: 400;text-align: justify\">&nbsp;<\/p>\n<p style=\"font-weight: 400;text-align: justify\"><span style=\"font-family: terminal, monaco, monospace;font-size: 14pt\"><strong><b>Otras posibilidades.<\/b><\/strong><\/span><\/p>\n<p style=\"font-weight: 400;text-align: justify\"><span style=\"font-family: terminal, monaco, monospace;font-size: 14pt\">Actualmente <em>NotebookLM<\/em> tambi\u00e9n permite crear res\u00famenes de audio y v\u00eddeo, mapas mentales, informes, tarjetas did\u00e1cticas y cuestionarios.<\/span><\/p>\n<p style=\"font-weight: 400;text-align: justify\">&nbsp;<\/p>\n","protected":false},"excerpt":{"rendered":"<p>Qu\u00e9 es NotebookLM, una inteligencia artificial especial. Si le pedimos a Gemini&nbsp;que nos explique qu\u00e9 es exactamente NotebookLM y para qu\u00e9 sirve, nos dice lo siguiente: NotebookLM&nbsp;es una herramienta de investigaci\u00f3n y estudio con inteligencia artificial (IA), desarrollada por Google Labs. Su caracter\u00edstica principal y diferenciadora es que se convierte en un experto en tus [&hellip;]<\/p>\n","protected":false},"author":4178,"featured_media":0,"parent":3598,"menu_order":7,"comment_status":"open","ping_status":"closed","template":"","meta":{"footnotes":""},"aioseo_notices":[],"_links":{"self":[{"href":"https:\/\/blogsaverroes.juntadeandalucia.es\/ellocodelamochila\/wp-json\/wp\/v2\/pages\/3815"}],"collection":[{"href":"https:\/\/blogsaverroes.juntadeandalucia.es\/ellocodelamochila\/wp-json\/wp\/v2\/pages"}],"about":[{"href":"https:\/\/blogsaverroes.juntadeandalucia.es\/ellocodelamochila\/wp-json\/wp\/v2\/types\/page"}],"author":[{"embeddable":true,"href":"https:\/\/blogsaverroes.juntadeandalucia.es\/ellocodelamochila\/wp-json\/wp\/v2\/users\/4178"}],"replies":[{"embeddable":true,"href":"https:\/\/blogsaverroes.juntadeandalucia.es\/ellocodelamochila\/wp-json\/wp\/v2\/comments?post=3815"}],"version-history":[{"count":9,"href":"https:\/\/blogsaverroes.juntadeandalucia.es\/ellocodelamochila\/wp-json\/wp\/v2\/pages\/3815\/revisions"}],"predecessor-version":[{"id":3827,"href":"https:\/\/blogsaverroes.juntadeandalucia.es\/ellocodelamochila\/wp-json\/wp\/v2\/pages\/3815\/revisions\/3827"}],"up":[{"embeddable":true,"href":"https:\/\/blogsaverroes.juntadeandalucia.es\/ellocodelamochila\/wp-json\/wp\/v2\/pages\/3598"}],"wp:attachment":[{"href":"https:\/\/blogsaverroes.juntadeandalucia.es\/ellocodelamochila\/wp-json\/wp\/v2\/media?parent=3815"}],"curies":[{"name":"wp","href":"https:\/\/api.w.org\/{rel}","templated":true}]}}