{"id":4026,"date":"2026-01-04T11:49:03","date_gmt":"2026-01-04T10:49:03","guid":{"rendered":"https:\/\/blogsaverroes.juntadeandalucia.es\/ellocodelamochila\/?page_id=4026"},"modified":"2026-01-04T11:49:03","modified_gmt":"2026-01-04T10:49:03","slug":"integracion-del-uso-de-la-ia-en-el-dia-a-dia-de-una-asesoria-de-formacion","status":"publish","type":"page","link":"https:\/\/blogsaverroes.juntadeandalucia.es\/ellocodelamochila\/ia-educativa\/integracion-del-uso-de-la-ia-en-el-dia-a-dia-de-una-asesoria-de-formacion\/","title":{"rendered":"INTEGRACI\u00d3N DEL USO DE LA IA EN EL D\u00cdA A D\u00cdA DE UNA ASESOR\u00cdA DE FORMACI\u00d3N."},"content":{"rendered":"<p style=\"text-align: justify\"><span style=\"font-family: terminal, monaco, monospace;font-size: 14pt\"><strong>INTRODUCCI\u00d3N.<img loading=\"lazy\" decoding=\"async\" class=\" wp-image-4031 alignright\" src=\"https:\/\/blogsaverroes.juntadeandalucia.es\/ellocodelamochila\/files\/2026\/01\/Formacion-asesorias-CEP-300x169.jpg\" alt=\"\" width=\"628\" height=\"354\" srcset=\"https:\/\/blogsaverroes.juntadeandalucia.es\/ellocodelamochila\/files\/2026\/01\/Formacion-asesorias-CEP-300x169.jpg 300w, https:\/\/blogsaverroes.juntadeandalucia.es\/ellocodelamochila\/files\/2026\/01\/Formacion-asesorias-CEP-1024x576.jpg 1024w, https:\/\/blogsaverroes.juntadeandalucia.es\/ellocodelamochila\/files\/2026\/01\/Formacion-asesorias-CEP-768x432.jpg 768w, https:\/\/blogsaverroes.juntadeandalucia.es\/ellocodelamochila\/files\/2026\/01\/Formacion-asesorias-CEP-1536x864.jpg 1536w, https:\/\/blogsaverroes.juntadeandalucia.es\/ellocodelamochila\/files\/2026\/01\/Formacion-asesorias-CEP.jpg 1920w\" sizes=\"(max-width: 628px) 100vw, 628px\" \/><\/strong><\/span><br \/>\n<span style=\"font-family: terminal, monaco, monospace;font-size: 14pt\">La inteligencia artificial est\u00e1 impregnando el \u00e1mbito educativo en m\u00faltiples dimensiones y, como era de esperar, tambi\u00e9n est\u00e1 transformando el terreno de la formaci\u00f3n del profesorado.<\/span><\/p>\n<p style=\"text-align: justify\"><span style=\"font-family: terminal, monaco, monospace;font-size: 14pt\">El papel de un asesor o asesora de un CEP es fundamental: act\u00faan como el puente que permite al profesorado de su zona acceder a la formaci\u00f3n necesaria para transformar su pr\u00e1ctica en el aula. En este contexto, la IA no solo puede potenciar sus capacidades, sino tambi\u00e9n agilizar sus quehaceres diarios. En este art\u00edculo, compartiremos algunas ideas \u00fatiles sobre c\u00f3mo integrar la IA en el d\u00eda a d\u00eda de una asesor\u00eda para optimizar sus tareas cotidianas.<\/span><\/p>\n<p style=\"text-align: justify\"><span style=\"font-family: terminal, monaco, monospace;font-size: 14pt\"><strong>NO TODO ES IA: EL VALOR DE LO HUMANO.<img loading=\"lazy\" decoding=\"async\" class=\"wp-image-4029 alignleft\" src=\"https:\/\/blogsaverroes.juntadeandalucia.es\/ellocodelamochila\/files\/2026\/01\/Captura-de-Pantalla-2026-01-04-a-las-11.07.14-300x168.png\" alt=\"\" width=\"427\" height=\"239\" srcset=\"https:\/\/blogsaverroes.juntadeandalucia.es\/ellocodelamochila\/files\/2026\/01\/Captura-de-Pantalla-2026-01-04-a-las-11.07.14-300x168.png 300w, https:\/\/blogsaverroes.juntadeandalucia.es\/ellocodelamochila\/files\/2026\/01\/Captura-de-Pantalla-2026-01-04-a-las-11.07.14-1024x572.png 1024w, https:\/\/blogsaverroes.juntadeandalucia.es\/ellocodelamochila\/files\/2026\/01\/Captura-de-Pantalla-2026-01-04-a-las-11.07.14-768x429.png 768w, https:\/\/blogsaverroes.juntadeandalucia.es\/ellocodelamochila\/files\/2026\/01\/Captura-de-Pantalla-2026-01-04-a-las-11.07.14-1536x858.png 1536w, https:\/\/blogsaverroes.juntadeandalucia.es\/ellocodelamochila\/files\/2026\/01\/Captura-de-Pantalla-2026-01-04-a-las-11.07.14.png 1541w\" sizes=\"(max-width: 427px) 100vw, 427px\" \/><\/strong><\/span><br \/>\n<span style=\"font-family: terminal, monaco, monospace;font-size: 14pt\">El debate sobre si la IA sustituir\u00e1 el trabajo humano es una etapa superada. No se trata de reemplazo, sino de complementariedad. La IA busca enriquecer y agilizar procesos, pero existen matices y decisiones donde el criterio de un profesional es, a d\u00eda de hoy, insustituible.<\/span><\/p>\n<p>&nbsp;<\/p>\n<p>&nbsp;<\/p>\n<p style=\"text-align: justify\"><span style=\"font-family: terminal, monaco, monospace;font-size: 14pt\"><strong>HERRAMIENTAS DE IA: PRIORIZAR EL ENTORNO CORPORATIVO.<\/strong><\/span><\/p>\n<p style=\"text-align: justify\"><span style=\"font-family: terminal, monaco, monospace;font-size: 14pt\">No cualquier herramienta de IA es apta para una asesor\u00eda de formaci\u00f3n. Por seguridad y coherencia institucional, debemos apostar siempre por el uso de herramientas corporativas. Las razones son claras:<\/span><\/p>\n<p style=\"text-align: justify;padding-left: 40px\"><span style=\"font-family: terminal, monaco, monospace;font-size: 14pt\">-marco institucional:\u00a0son los recursos que la Junta de Andaluc\u00eda pone a disposici\u00f3n para el desempe\u00f1o profesional;<\/span><br \/>\n<span style=\"font-family: terminal, monaco, monospace;font-size: 14pt\">-seguridad:\u00a0existen acuerdos de colaboraci\u00f3n que garantizan un entorno de uso seguro y el cumplimiento del c\u00f3digo de conducta del empleado p\u00fablico;<\/span><br \/>\n<span style=\"font-family: terminal, monaco, monospace;font-size: 14pt\">-privacidad de datos:\u00a0en estas versiones los datos no se utilizan para entrenar modelos p\u00fablicos de IA.<\/span><\/p>\n<p style=\"text-align: justify\"><span style=\"font-family: terminal, monaco, monospace;font-size: 14pt\">Actualmente, las opciones recomendadas son aquellas vinculadas a nuestras cuentas corporativas:\u00a0<em>Gemini<\/em> (a trav\u00e9s de la cuenta\u00a0<em>@g.educaand.es<\/em>) y\u00a0<em>Copilot<\/em>\u00a0(mediante la cuenta\u00a0<em>@m.educaand.es<\/em>).<\/span><\/p>\n<p style=\"text-align: justify\"><span style=\"font-family: terminal, monaco, monospace;font-size: 14pt\"><strong>EJEMPLOS PR\u00c1CTICOS DE INTEGRACI\u00d3N DE IA EN EL TRABAJO DE UNA ASESOR\u00cdA.<\/strong><\/span><\/p>\n<p style=\"text-align: justify\"><span style=\"font-family: terminal, monaco, monospace;font-size: 14pt\"><strong>1. IA para la gesti\u00f3n burocr\u00e1tica.<\/strong><\/span><br \/>\n<span style=\"font-family: terminal, monaco, monospace;font-size: 14pt\">La burocracia ocupa una parte considerable del tiempo en una asesor\u00eda y es precisamente en tareas sistem\u00e1ticas donde la IA destaca. Para estos procesos \u2014caracterizados por su formalismo y repetitividad\u2014, la creaci\u00f3n de\u00a0Gemas o Agentes\u00a0resulta la soluci\u00f3n m\u00e1s eficaz.<\/span><\/p>\n<p style=\"text-align: justify\"><span style=\"font-family: terminal, monaco, monospace;font-size: 14pt\">Una Gema o Agente es una versi\u00f3n personalizada de la IA que funciona bajo un conjunto de instrucciones espec\u00edficas para ejecutar tareas concretas. Por ejemplo, es posible configurarlos para:<\/span><\/p>\n<p style=\"text-align: justify;padding-left: 40px\"><span style=\"font-family: terminal, monaco, monospace;font-size: 14pt\">-Redactar actas de reuniones a partir de notas r\u00e1pidas.<\/span><br \/>\n<span style=\"font-family: terminal, monaco, monospace;font-size: 14pt\">-Elaborar fichas descriptivas de actividades formativas.<\/span><br \/>\n<span style=\"font-family: terminal, monaco, monospace;font-size: 14pt\">-Generar boletines informativos peri\u00f3dicos.<\/span><\/p>\n<p style=\"text-align: justify\"><span style=\"font-family: terminal, monaco, monospace;font-size: 14pt\">Asimismo, la IA puede agilizar la\u00a0organizaci\u00f3n log\u00edstica, como el dise\u00f1o de horarios de permanencia y visitas a centros, o la gesti\u00f3n inteligente de espacios y materiales comunes mediante aplicaciones interactivas.<\/span><\/p>\n<p style=\"text-align: justify\"><span style=\"font-family: terminal, monaco, monospace;font-size: 14pt\"><strong>2. Comunicaci\u00f3n y presencia en redes sociales.<\/strong><\/span><br \/>\n<span style=\"font-family: terminal, monaco, monospace;font-size: 14pt\">Mantener una comunicaci\u00f3n fluida con los centros de referencia y una presencia activa en redes sociales es vital para detectar y atender las necesidades formativas del entorno.<\/span><br \/>\n<span style=\"font-family: terminal, monaco, monospace;font-size: 14pt\">La IA facilita esta labor de diversas formas:<\/span><\/p>\n<p style=\"text-align: justify;padding-left: 40px\"><span style=\"font-family: terminal, monaco, monospace;font-size: 14pt\">-gesti\u00f3n de visitas a centros:\u00a0creaci\u00f3n de agendas de visita para registrar y sintetizar temas tratados;<\/span><br \/>\n<span style=\"font-family: terminal, monaco, monospace;font-size: 14pt\">-difusi\u00f3n:\u00a0dise\u00f1o de mensajes para canales de comunicaci\u00f3n (<em>WhatsApp<\/em>, <em>Telegram<\/em>) y boletines de resumen de oferta formativa.<\/span><br \/>\n<span style=\"font-family: terminal, monaco, monospace;font-size: 14pt\">-impacto digital:\u00a0creaci\u00f3n de hilos en redes sociales, guiones para v\u00eddeos, carruseles para Instagram o dise\u00f1o de carteler\u00eda visualmente atractiva.<\/span><\/p>\n<p style=\"text-align: justify\"><span style=\"font-family: terminal, monaco, monospace;font-size: 14pt\"><strong>3. Tratamiento de documentaci\u00f3n y rigor cient\u00edfico.<\/strong><\/span><br \/>\n<span style=\"font-family: terminal, monaco, monospace;font-size: 14pt\">El trabajo de asesor\u00eda exige rigor y fuentes fiables. Herramientas como\u00a0<em>NotebookLM<\/em>\u00a0permiten trabajar con documentaci\u00f3n espec\u00edfica (normativa, marcos de referencia, etc.), facilitando la extracci\u00f3n de informaci\u00f3n precisa y evitando las \u00abalucinaciones\u00bb o imprecisiones comunes en modelos generales.<\/span><\/p>\n<p style=\"text-align: justify\"><span style=\"font-family: terminal, monaco, monospace;font-size: 14pt\"><strong>CONCLUSI\u00d3N.<\/strong><\/span><br \/>\n<span style=\"font-family: terminal, monaco, monospace;font-size: 14pt\">La integraci\u00f3n de la IA en la asesor\u00eda de formaci\u00f3n representa un salto cualitativo en la eficiencia y la productividad. En estas l\u00edneas, solo hemos esbozado algunas de las m\u00faltiples posibilidades que ofrece esta tecnolog\u00eda.<\/span><\/p>\n<p style=\"text-align: justify\"><span style=\"font-family: terminal, monaco, monospace;font-size: 14pt\">\u00bfUtilizas la IA para alguna otra tarea en tu CEP?\u00a0Te invito a compartir tus experiencias en los comentarios para seguir construyendo comunidad.<\/span><\/p>\n","protected":false},"excerpt":{"rendered":"<p>INTRODUCCI\u00d3N. La inteligencia artificial est\u00e1 impregnando el \u00e1mbito educativo en m\u00faltiples dimensiones y, como era de esperar, tambi\u00e9n est\u00e1 transformando el terreno de la formaci\u00f3n del profesorado. El papel de un asesor o asesora de un CEP es fundamental: act\u00faan como el puente que permite al profesorado de su zona acceder a la formaci\u00f3n necesaria [&hellip;]<\/p>\n","protected":false},"author":4178,"featured_media":0,"parent":2700,"menu_order":4,"comment_status":"open","ping_status":"open","template":"","meta":{"footnotes":""},"aioseo_notices":[],"_links":{"self":[{"href":"https:\/\/blogsaverroes.juntadeandalucia.es\/ellocodelamochila\/wp-json\/wp\/v2\/pages\/4026"}],"collection":[{"href":"https:\/\/blogsaverroes.juntadeandalucia.es\/ellocodelamochila\/wp-json\/wp\/v2\/pages"}],"about":[{"href":"https:\/\/blogsaverroes.juntadeandalucia.es\/ellocodelamochila\/wp-json\/wp\/v2\/types\/page"}],"author":[{"embeddable":true,"href":"https:\/\/blogsaverroes.juntadeandalucia.es\/ellocodelamochila\/wp-json\/wp\/v2\/users\/4178"}],"replies":[{"embeddable":true,"href":"https:\/\/blogsaverroes.juntadeandalucia.es\/ellocodelamochila\/wp-json\/wp\/v2\/comments?post=4026"}],"version-history":[{"count":6,"href":"https:\/\/blogsaverroes.juntadeandalucia.es\/ellocodelamochila\/wp-json\/wp\/v2\/pages\/4026\/revisions"}],"predecessor-version":[{"id":4034,"href":"https:\/\/blogsaverroes.juntadeandalucia.es\/ellocodelamochila\/wp-json\/wp\/v2\/pages\/4026\/revisions\/4034"}],"up":[{"embeddable":true,"href":"https:\/\/blogsaverroes.juntadeandalucia.es\/ellocodelamochila\/wp-json\/wp\/v2\/pages\/2700"}],"wp:attachment":[{"href":"https:\/\/blogsaverroes.juntadeandalucia.es\/ellocodelamochila\/wp-json\/wp\/v2\/media?parent=4026"}],"curies":[{"name":"wp","href":"https:\/\/api.w.org\/{rel}","templated":true}]}}