{"id":4099,"date":"2026-02-05T13:06:48","date_gmt":"2026-02-05T12:06:48","guid":{"rendered":"https:\/\/blogsaverroes.juntadeandalucia.es\/ellocodelamochila\/?page_id=4099"},"modified":"2026-02-22T11:14:45","modified_gmt":"2026-02-22T10:14:45","slug":"la-ia-para-la-creacion-de-equipos-base","status":"publish","type":"page","link":"https:\/\/blogsaverroes.juntadeandalucia.es\/ellocodelamochila\/ia-educativa\/uso-educativo-de-la-ia\/la-ia-para-la-creacion-de-equipos-base\/","title":{"rendered":"LA IA PARA LA CREACI\u00d3N DE EQUIPOS BASE"},"content":{"rendered":"<p class=\"s3\" style=\"text-align: center\"><strong><span style=\"font-family: terminal, monaco, monospace;font-size: 14pt\"><span class=\"s2\"><img loading=\"lazy\" decoding=\"async\" class=\"alignright wp-image-4107 size-large\" src=\"https:\/\/blogsaverroes.juntadeandalucia.es\/ellocodelamochila\/files\/2026\/02\/Infografia-equipos-base-1024x576.jpg\" alt=\"\" width=\"1024\" height=\"576\" srcset=\"https:\/\/blogsaverroes.juntadeandalucia.es\/ellocodelamochila\/files\/2026\/02\/Infografia-equipos-base-1024x576.jpg 1024w, https:\/\/blogsaverroes.juntadeandalucia.es\/ellocodelamochila\/files\/2026\/02\/Infografia-equipos-base-300x169.jpg 300w, https:\/\/blogsaverroes.juntadeandalucia.es\/ellocodelamochila\/files\/2026\/02\/Infografia-equipos-base-768x432.jpg 768w, https:\/\/blogsaverroes.juntadeandalucia.es\/ellocodelamochila\/files\/2026\/02\/Infografia-equipos-base-1536x864.jpg 1536w, https:\/\/blogsaverroes.juntadeandalucia.es\/ellocodelamochila\/files\/2026\/02\/Infografia-equipos-base.jpg 1920w\" sizes=\"(max-width: 1024px) 100vw, 1024px\" \/><\/span><\/span><\/strong><\/p>\n<p class=\"s5\" style=\"text-align: justify\"><span style=\"font-family: terminal, monaco, monospace;font-size: 14pt\"><span class=\"s6\">La <strong>creaci\u00f3n de grupos cooperativos<\/strong> no debe ser un proceso azaroso, sino una decisi\u00f3n pedag\u00f3gica estrat\u00e9gica. Para <\/span><span class=\"s6\">mejorar <\/span><span class=\"s6\">la eficiencia y la funcionalidad de los\u00a0equipos base<\/span><span class=\"s6\"> -algo sumamente relevante para la creaci\u00f3n de un clima de trabajo \u00f3ptimo en el aula-<\/span><span class=\"s6\">, <\/span><span class=\"s6\">propongo a continuaci\u00f3n una forma de tomar decisiones teniendo en consideraci\u00f3n tanto datos relacionados con la personalidad de nuestro alumnado como datos acad\u00e9micos, teniendo siempre en cuenta la primac\u00eda del docente, es decir, el objetivo no es suplantar sus decisiones, sino m\u00e1s bien agilizarlas, orientarlas y fundamentarlas en datos.<\/span><\/span><\/p>\n<p class=\"s5\" style=\"text-align: justify\"><span style=\"font-family: terminal, monaco, monospace;font-size: 14pt\"><span class=\"s6\">Los <strong>agrupamientos<\/strong> en el aula pueden variar seg\u00fan la necesidad de cada momento. Dentro del marco del aprendizaje cooperativo se suelen distinguir varios <strong>tipos<\/strong>:<\/span><\/span><\/p>\n<p><img loading=\"lazy\" decoding=\"async\" class=\"aligncenter wp-image-4136\" src=\"https:\/\/blogsaverroes.juntadeandalucia.es\/ellocodelamochila\/files\/2026\/02\/01-Tipos-agrupamientos-cooperativo-300x163.png\" alt=\"\" width=\"800\" height=\"433\" srcset=\"https:\/\/blogsaverroes.juntadeandalucia.es\/ellocodelamochila\/files\/2026\/02\/01-Tipos-agrupamientos-cooperativo-300x163.png 300w, https:\/\/blogsaverroes.juntadeandalucia.es\/ellocodelamochila\/files\/2026\/02\/01-Tipos-agrupamientos-cooperativo-1024x555.png 1024w, https:\/\/blogsaverroes.juntadeandalucia.es\/ellocodelamochila\/files\/2026\/02\/01-Tipos-agrupamientos-cooperativo-768x416.png 768w, https:\/\/blogsaverroes.juntadeandalucia.es\/ellocodelamochila\/files\/2026\/02\/01-Tipos-agrupamientos-cooperativo-1536x832.png 1536w, https:\/\/blogsaverroes.juntadeandalucia.es\/ellocodelamochila\/files\/2026\/02\/01-Tipos-agrupamientos-cooperativo-2048x1109.png 2048w\" sizes=\"(max-width: 800px) 100vw, 800px\" \/><\/p>\n<p class=\"s5\" style=\"text-align: justify\"><span style=\"font-family: terminal, monaco, monospace;font-size: 14pt\"><span class=\"s6\">Antes de <\/span><span class=\"s6\">explicar <\/span><span class=\"s6\">el proceso, es <\/span><span class=\"s6\">necesario <\/span><span class=\"s6\">establecer <\/span><span class=\"s6\">una serie de <\/span><strong><span class=\"s6\">principios <\/span><\/strong><span class=\"s6\"><strong>b\u00e1sicos<\/strong> que lo fundamentan<\/span><span class=\"s6\">:<\/span><\/span><\/p>\n<p class=\"s7\" style=\"text-align: justify;padding-left: 40px\"><span style=\"font-family: terminal, monaco, monospace;font-size: 14pt\"><span class=\"s6\">-a<\/span><span class=\"s6\">gilidad y <\/span><span class=\"s6\">e<\/span><span class=\"s6\">ficiencia:\u00a0<\/span><span class=\"s6\">las herramientas digitales nos permitir\u00e1n recoger datos y tomar decisiones de una forma r\u00e1pida y sencilla;<\/span><\/span><\/p>\n<p class=\"s7\" style=\"text-align: justify;padding-left: 40px\"><span style=\"font-family: terminal, monaco, monospace;font-size: 14pt\"><span class=\"s6\">-p<\/span><span class=\"s6\">rotecci\u00f3n de <\/span><span class=\"s6\">d<\/span><span class=\"s6\">atos:\u00a0<\/span><span class=\"s6\">es muy importante el c<\/span><span class=\"s6\">umplimiento estricto de la normativa de privacidad<\/span><span class=\"s6\">, m\u00e1s a\u00fan cuando estamos trabajando con datos especialmente sensibles;<\/span><\/span><\/p>\n<p class=\"s7\" style=\"text-align: justify;padding-left: 40px\"><span style=\"font-family: terminal, monaco, monospace;font-size: 14pt\"><span class=\"s6\">-primac\u00eda <\/span><span class=\"s6\">del <\/span><span class=\"s6\">d<\/span><span class=\"s6\">ocente:\u00a0<\/span><span class=\"s6\">l<\/span><span class=\"s6\">a tecnolog\u00eda asiste, pero el criterio pedag\u00f3gico del <\/span><span class=\"s6\">docente<\/span><span class=\"s6\"> tiene la \u00faltima palabra<\/span><span class=\"s6\">;<\/span><\/span><\/p>\n<p class=\"s7\" style=\"text-align: justify;padding-left: 40px\"><span style=\"font-family: terminal, monaco, monospace;font-size: 14pt\"><span class=\"s6\">-r<\/span><span class=\"s6\">evisabilidad:\u00a0<\/span><span class=\"s6\">l<\/span><span class=\"s6\">os equipos son estructuras din\u00e1micas sujetas a reevaluaci\u00f3n continua.<\/span><span class=\"s6\">Ning\u00fan equipo base debe ser definitivo.<\/span><\/span><\/p>\n<p class=\"s5\" style=\"text-align: justify\"><strong><span style=\"font-family: terminal, monaco, monospace;font-size: 14pt\"><span class=\"s2\">&#8211;<\/span><span class=\"s2\">Fase I: <\/span><span class=\"s2\">la r<\/span><span class=\"s2\">ecogida de <\/span><span class=\"s2\">i<\/span><span class=\"s2\">nformaci\u00f3n<\/span><span class=\"s2\">.<\/span><\/span><\/strong><\/p>\n<p class=\"s5\" style=\"text-align: justify\"><span style=\"font-family: terminal, monaco, monospace;font-size: 14pt\"><span class=\"s6\">El dise\u00f1o de equipos base equilibrados requiere una visi\u00f3n global de nuestro <\/span><span class=\"s6\">alumnado<\/span><span class=\"s6\">. Para ello, es necesario recoger datos de dos dimensiones:<\/span><\/span><\/p>\n<p class=\"s7\" style=\"text-align: justify;padding-left: 40px\"><span style=\"font-family: terminal, monaco, monospace;font-size: 14pt\"><span class=\"s6\">-d<\/span><span class=\"s6\">imensi\u00f3n <\/span><span class=\"s6\">s<\/span><span class=\"s6\">ocio<\/span><span class=\"s6\">&#8211;<\/span><span class=\"s6\">personal:\u00a0<\/span><span class=\"s6\">s<\/span><span class=\"s6\">e centra en la percepci\u00f3n intersubjetiva y la autopercepci\u00f3n de nuestro alumnado. A trav\u00e9s de una herramienta digital sencilla y \u00e1gil recogeremos esta informaci\u00f3n en nuestra aula, <\/span><span class=\"s6\">capturando una <\/span><span class=\"s6\">realidad que no siempre es detectable a simple vista.<\/span><span class=\"s6\"> Se trata, en definitiva, de observar las relaciones personales que mantienen entre s\u00ed nuestro alumnado, creando con ello un mapa de relaciones de nuestro alumnado;<\/span><\/span><\/p>\n<p class=\"s7\" style=\"text-align: justify;padding-left: 40px\"><span style=\"font-family: terminal, monaco, monospace;font-size: 14pt\"><span class=\"s6\">-d<\/span><span class=\"s6\">imensi\u00f3n <\/span><span class=\"s6\">a<\/span><span class=\"s6\">cad\u00e9mica:\u00a0<\/span><span class=\"s6\">s<\/span><span class=\"s6\">e nutre de fuentes objetivas y cualitativas, integrando tanto la\u00a0observaci\u00f3n directa del docente\u00a0como los registros hist\u00f3ricos alojados en <\/span><span class=\"s6\">la <\/span><span class=\"s6\">plataforma\u00a0S\u00e9neca.<\/span><\/span><\/p>\n<table style=\"border-collapse: collapse;width: 100%;height: 631px\">\n<tbody>\n<tr style=\"height: 608px\">\n<td style=\"width: 100%;height: 608px\"><iframe loading=\"lazy\" src=\"https:\/\/juanmale14.github.io\/repositorio-sociograma-1\/\" width=\"100%\" height=\"600px\"><br \/>\n<\/iframe><\/td>\n<\/tr>\n<tr style=\"height: 23px\">\n<td style=\"width: 100%;height: 23px;text-align: right\"><span style=\"font-size: 8pt\"><em>Herramienta digital para la recogida de datos.<\/em><\/span><\/td>\n<\/tr>\n<\/tbody>\n<\/table>\n<p>&nbsp;<\/p>\n<p class=\"s5\" style=\"text-align: justify\"><strong><span style=\"font-family: terminal, monaco, monospace;font-size: 14pt\"><span class=\"s2\">&#8211;<\/span><span class=\"s2\">Fase II: <\/span><span class=\"s2\">El a<\/span><span class=\"s2\">n\u00e1lisis de <\/span><span class=\"s2\">los d<\/span><span class=\"s2\">atos<\/span><span class=\"s2\">.<\/span><\/span><\/strong><\/p>\n<p class=\"s5\" style=\"text-align: justify\"><span style=\"font-family: terminal, monaco, monospace;font-size: 14pt\"><span class=\"s6\">Una vez recopilada la informaci\u00f3n, procedemos a su procesamiento mediante la\u00a0herramienta de creaci\u00f3n de sociogramas. Este an\u00e1lisis nos permite transitar del dato bruto<\/span><span class=\"s6\">, muy dif\u00edcil de interpretar,<\/span><span class=\"s6\"> a la representaci\u00f3n visual del ecosistema de relaciones (positivas y negativas) del aula. El sociograma se convierte en una radiograf\u00eda esencial para identificar l\u00edderes positivos, alumnos en riesgo de exclusi\u00f3n y redes de afinidad, elementos clave para la cohesi\u00f3n de nuestros equipos base.<\/span><\/span><\/p>\n<table style=\"border-collapse: collapse;width: 100%\">\n<tbody>\n<tr>\n<td style=\"width: 100%\">\n<p style=\"text-align: center\"><iframe loading=\"lazy\" src=\"https:\/\/juanmale14.github.io\/repositorio-sociograma-2\/\" width=\"100%\" height=\"600px\"><br \/>\n<\/iframe><\/p>\n<\/td>\n<\/tr>\n<tr>\n<td style=\"width: 100%;text-align: right\"><span style=\"font-family: terminal, monaco, monospace;font-size: 8pt\"><em>Herramienta digital para realizar el an\u00e1lisis sociom\u00e9trico de los datos.<\/em><\/span><\/td>\n<\/tr>\n<\/tbody>\n<\/table>\n<p class=\"s5\" style=\"text-align: justify\"><strong><span style=\"font-family: terminal, monaco, monospace;font-size: 14pt\"><span class=\"s2\">&#8211;<\/span><span class=\"s2\">Fase III: <\/span><span class=\"s2\">La t<\/span><span class=\"s2\">oma de <\/span><span class=\"s2\">d<\/span><span class=\"s2\">ecisiones<\/span><span class=\"s2\">.<\/span><\/span><\/strong><\/p>\n<p class=\"s5\" style=\"text-align: justify\"><span style=\"font-family: terminal, monaco, monospace;font-size: 14pt\"><span class=\"s6\">La fase final consiste en la s\u00edntesis del an\u00e1lisis social y acad\u00e9mico para la formaci\u00f3n de los equipos base. Utilizando la herramienta de generaci\u00f3n de equipos, el docente puede configurar grupos heterog\u00e9neos u homog\u00e9neos (seg\u00fan su necesidad) basados en los datos que ha recopilado<\/span><span class=\"s6\">. Para ello, teniendo en cuenta los datos acad\u00e9micos de S\u00e9neca, pensar\u00e1 en tres perfiles de alumnado:<\/span><\/span><\/p>\n<p class=\"s7\" style=\"text-align: justify;padding-left: 40px\"><span style=\"font-family: terminal, monaco, monospace;font-size: 14pt\"><span class=\"s6\">-a<\/span><span class=\"s6\">lumnado con capacidad de <\/span><span class=\"s6\">ayuda<\/span><span class=\"s6\">:\u00a0<\/span><span class=\"s6\">a<\/span><span class=\"s6\">quellos con alta competencia <\/span><span class=\"s6\">curricular y con capacidad <\/span><span class=\"s6\">para el apoyo <\/span><span class=\"s6\">a compa\u00f1eras\/os;<\/span><\/span><\/p>\n<p class=\"s7\" style=\"text-align: justify;padding-left: 40px\"><span style=\"font-family: terminal, monaco, monospace;font-size: 14pt\"><span class=\"s6\">-a<\/span><span class=\"s6\">lumnado con necesidades de apoyo:\u00a0<\/span><span class=\"s6\">e<\/span><span class=\"s6\">studiantes que requieren <\/span><span class=\"s6\">ayuda;<\/span><\/span><\/p>\n<p class=\"s7\" style=\"text-align: justify;padding-left: 40px\"><span style=\"font-family: terminal, monaco, monospace;font-size: 14pt\"><span class=\"s6\">-a<\/span><span class=\"s6\">lumnado aut\u00f3nomo:\u00a0<\/span><span class=\"s6\">p<\/span><span class=\"s6\">erfiles que <\/span><span class=\"s6\">no requieren de una ayuda especial, pero que tampoco ofrecen ayuda a los dem\u00e1s.<\/span><\/span><\/p>\n<table style=\"border-collapse: collapse;width: 100%;height: 48px\">\n<tbody>\n<tr style=\"height: 24px\">\n<td style=\"width: 100%;height: 24px\"><iframe loading=\"lazy\" src=\"https:\/\/juanmale14.github.io\/repositorio-sociograma-3\/\" width=\"100%\" height=\"600px\"><br \/>\n<\/iframe><\/td>\n<\/tr>\n<tr style=\"height: 24px\">\n<td style=\"width: 100%;height: 24px;text-align: right\"><span style=\"font-size: 8pt\"><em><span style=\"font-family: terminal, monaco, monospace\">Herramienta digital para la creaci\u00f3n de grupos.<\/span><\/em><\/span><\/td>\n<\/tr>\n<\/tbody>\n<\/table>\n<p class=\"s5\" style=\"text-align: justify\"><span style=\"font-family: terminal, monaco, monospace;font-size: 14pt\"><span class=\"s6\">Siguiendo e<\/span><span class=\"s6\">ste modelo<\/span><span class=\"s6\">, lograremos que nuestros equipos base sean equilibrados, lo que beneficiar\u00e1 en la creaci\u00f3n de un clima de trabajo adecuado en nuestra aula. No obstante, siempre ser\u00e1 necesaria la observaci\u00f3n sistem\u00e1tica del docente, evaluando continuamente la din\u00e1mica de trabajo e introduciendo las mejoras que se precisen en cada momento.<\/span><\/span><\/p>\n","protected":false},"excerpt":{"rendered":"<p>La creaci\u00f3n de grupos cooperativos no debe ser un proceso azaroso, sino una decisi\u00f3n pedag\u00f3gica estrat\u00e9gica. Para mejorar la eficiencia y la funcionalidad de los\u00a0equipos base -algo sumamente relevante para la creaci\u00f3n de un clima de trabajo \u00f3ptimo en el aula-, propongo a continuaci\u00f3n una forma de tomar decisiones teniendo en consideraci\u00f3n tanto datos relacionados [&hellip;]<\/p>\n","protected":false},"author":4178,"featured_media":0,"parent":3598,"menu_order":4,"comment_status":"open","ping_status":"closed","template":"","meta":{"footnotes":""},"aioseo_notices":[],"_links":{"self":[{"href":"https:\/\/blogsaverroes.juntadeandalucia.es\/ellocodelamochila\/wp-json\/wp\/v2\/pages\/4099"}],"collection":[{"href":"https:\/\/blogsaverroes.juntadeandalucia.es\/ellocodelamochila\/wp-json\/wp\/v2\/pages"}],"about":[{"href":"https:\/\/blogsaverroes.juntadeandalucia.es\/ellocodelamochila\/wp-json\/wp\/v2\/types\/page"}],"author":[{"embeddable":true,"href":"https:\/\/blogsaverroes.juntadeandalucia.es\/ellocodelamochila\/wp-json\/wp\/v2\/users\/4178"}],"replies":[{"embeddable":true,"href":"https:\/\/blogsaverroes.juntadeandalucia.es\/ellocodelamochila\/wp-json\/wp\/v2\/comments?post=4099"}],"version-history":[{"count":21,"href":"https:\/\/blogsaverroes.juntadeandalucia.es\/ellocodelamochila\/wp-json\/wp\/v2\/pages\/4099\/revisions"}],"predecessor-version":[{"id":4134,"href":"https:\/\/blogsaverroes.juntadeandalucia.es\/ellocodelamochila\/wp-json\/wp\/v2\/pages\/4099\/revisions\/4134"}],"up":[{"embeddable":true,"href":"https:\/\/blogsaverroes.juntadeandalucia.es\/ellocodelamochila\/wp-json\/wp\/v2\/pages\/3598"}],"wp:attachment":[{"href":"https:\/\/blogsaverroes.juntadeandalucia.es\/ellocodelamochila\/wp-json\/wp\/v2\/media?parent=4099"}],"curies":[{"name":"wp","href":"https:\/\/api.w.org\/{rel}","templated":true}]}}