{"id":493,"date":"2020-11-12T13:54:22","date_gmt":"2020-11-12T12:54:22","guid":{"rendered":"https:\/\/blogsaverroes.juntadeandalucia.es\/ellocodelamochila\/?page_id=493"},"modified":"2022-08-05T09:55:11","modified_gmt":"2022-08-05T07:55:11","slug":"herramientas-digitales","status":"publish","type":"page","link":"https:\/\/blogsaverroes.juntadeandalucia.es\/ellocodelamochila\/tic\/herramientas-digitales\/","title":{"rendered":"HERRAMIENTAS DIGITALES"},"content":{"rendered":"<!--themify_builder_content-->\n<div id=\"themify_builder_content-493\" data-postid=\"493\" class=\"themify_builder_content themify_builder_content-493 themify_builder tf_clear\">\n                    <div  data-lazy=\"1\" class=\"module_row themify_builder_row tb_5rou680 tb_first tf_w\">\n                        <div class=\"row_inner col_align_top tb_col_count_2 tf_box tf_rel\">\n                        <div  data-lazy=\"1\" class=\"module_column tb-column col2-1 tb_l6lz680 first\">\n                    <!-- module image -->\n<div  class=\"module module-image tb_2db0286 image-left rounded  tf_mw\" data-lazy=\"1\">\n        <div class=\"image-wrap tf_rel tf_mw\">\n            <img loading=\"lazy\" decoding=\"async\" width=\"850\" height=\"1760\" src=\"https:\/\/blogsaverroes.juntadeandalucia.es\/ellocodelamochila\/files\/2020\/11\/1.png\" class=\"wp-post-image wp-image-495\" title=\"1\" alt=\"1\" srcset=\"https:\/\/blogsaverroes.juntadeandalucia.es\/ellocodelamochila\/files\/2020\/11\/1.png 850w, https:\/\/blogsaverroes.juntadeandalucia.es\/ellocodelamochila\/files\/2020\/11\/1-145x300.png 145w, https:\/\/blogsaverroes.juntadeandalucia.es\/ellocodelamochila\/files\/2020\/11\/1-495x1024.png 495w, https:\/\/blogsaverroes.juntadeandalucia.es\/ellocodelamochila\/files\/2020\/11\/1-768x1590.png 768w, https:\/\/blogsaverroes.juntadeandalucia.es\/ellocodelamochila\/files\/2020\/11\/1-742x1536.png 742w, https:\/\/blogsaverroes.juntadeandalucia.es\/ellocodelamochila\/files\/2020\/11\/1-12x24.png 12w, https:\/\/blogsaverroes.juntadeandalucia.es\/ellocodelamochila\/files\/2020\/11\/1-17x36.png 17w, https:\/\/blogsaverroes.juntadeandalucia.es\/ellocodelamochila\/files\/2020\/11\/1-23x48.png 23w\" sizes=\"(max-width: 850px) 100vw, 850px\" \/>    \n        <\/div>\n    <!-- \/image-wrap -->\n    \n        <\/div>\n<!-- \/module image -->        <\/div>\n                    <div  data-lazy=\"1\" class=\"module_column tb-column col2-1 tb_803g681 last\">\n                    <!-- module menu -->\n<div  class=\"module module-menu tb_av8c885  mobile-menu-slide\" data-menu-style=\"mobile-menu-slide\" data-menu-breakpoint=\"\" data-menu-direction=\"right\" data-element-id=\"tb_av8c885\" data-lazy=\"1\">\n        \n    <div class=\"module-menu-container\"><ul id=\"menu-menu-curso-herramientas-digitales\" class=\"ui tf_clearfix nav tf_rel tf_scrollbar vertical light-blue rounded gradient glossy embossed shadow\"><li id=\"menu-item-820\" class=\"menu-item-page-498 menu-item menu-item-type-post_type menu-item-object-page menu-item-820\"><a href=\"https:\/\/blogsaverroes.juntadeandalucia.es\/ellocodelamochila\/tic\/herramientas-digitales\/genially\/\"><em> <svg  class=\"tf_fa tf-ti-arrow-circle-right\" aria-hidden=\"true\"><use href=\"#tf-ti-arrow-circle-right\"><\/use><\/svg><\/em> GENIALLY<\/a><\/li>\n<li id=\"menu-item-821\" class=\"menu-item-page-502 menu-item menu-item-type-post_type menu-item-object-page menu-item-821\"><a href=\"https:\/\/blogsaverroes.juntadeandalucia.es\/ellocodelamochila\/tic\/herramientas-digitales\/creacion-y-edicion-de-video\/\"><em> <svg  class=\"tf_fa tf-ti-arrow-circle-right\" aria-hidden=\"true\"><use href=\"#tf-ti-arrow-circle-right\"><\/use><\/svg><\/em> CREACI\u00d3N Y EDICI\u00d3N DE V\u00cdDEO<\/a><\/li>\n<li id=\"menu-item-822\" class=\"menu-item-page-506 menu-item menu-item-type-post_type menu-item-object-page menu-item-822\"><a href=\"https:\/\/blogsaverroes.juntadeandalucia.es\/ellocodelamochila\/tic\/herramientas-digitales\/herramientas-digitales\/\"><em> <svg  class=\"tf_fa tf-ti-arrow-circle-right\" aria-hidden=\"true\"><use href=\"#tf-ti-arrow-circle-right\"><\/use><\/svg><\/em> HERRAMIENTAS DIGITALES<\/a><\/li>\n<\/ul><\/div>        <style>\n            .mobile-menu-module[data-module=\"tb_av8c885\"]{\n                right:-300px            }\n        <\/style>\n    <\/div>\n<!-- \/module menu -->\n        <\/div>\n                        <\/div>\n        <\/div>\n        <\/div>\n<!--\/themify_builder_content-->\n<p>&nbsp;<\/p>","protected":false},"excerpt":{"rendered":"<p>GENIALLY. CREACI\u00d3N Y EDICI\u00d3N DE V\u00cdDEO. HERRAMIENTAS DIGITALES. LOMLOE TIC METODOLOG\u00cdAS &nbsp;<\/p>\n","protected":false},"author":4178,"featured_media":0,"parent":1253,"menu_order":1,"comment_status":"closed","ping_status":"closed","template":"","meta":{"footnotes":""},"aioseo_notices":[],"_links":{"self":[{"href":"https:\/\/blogsaverroes.juntadeandalucia.es\/ellocodelamochila\/wp-json\/wp\/v2\/pages\/493"}],"collection":[{"href":"https:\/\/blogsaverroes.juntadeandalucia.es\/ellocodelamochila\/wp-json\/wp\/v2\/pages"}],"about":[{"href":"https:\/\/blogsaverroes.juntadeandalucia.es\/ellocodelamochila\/wp-json\/wp\/v2\/types\/page"}],"author":[{"embeddable":true,"href":"https:\/\/blogsaverroes.juntadeandalucia.es\/ellocodelamochila\/wp-json\/wp\/v2\/users\/4178"}],"replies":[{"embeddable":true,"href":"https:\/\/blogsaverroes.juntadeandalucia.es\/ellocodelamochila\/wp-json\/wp\/v2\/comments?post=493"}],"version-history":[{"count":13,"href":"https:\/\/blogsaverroes.juntadeandalucia.es\/ellocodelamochila\/wp-json\/wp\/v2\/pages\/493\/revisions"}],"predecessor-version":[{"id":2365,"href":"https:\/\/blogsaverroes.juntadeandalucia.es\/ellocodelamochila\/wp-json\/wp\/v2\/pages\/493\/revisions\/2365"}],"up":[{"embeddable":true,"href":"https:\/\/blogsaverroes.juntadeandalucia.es\/ellocodelamochila\/wp-json\/wp\/v2\/pages\/1253"}],"wp:attachment":[{"href":"https:\/\/blogsaverroes.juntadeandalucia.es\/ellocodelamochila\/wp-json\/wp\/v2\/media?parent=493"}],"curies":[{"name":"wp","href":"https:\/\/api.w.org\/{rel}","templated":true}]}}