{"id":108,"date":"2020-05-04T19:56:13","date_gmt":"2020-05-04T17:56:13","guid":{"rendered":"https:\/\/blogsaverroes.juntadeandalucia.es\/elmaestrojavi\/?page_id=108"},"modified":"2020-05-04T19:56:13","modified_gmt":"2020-05-04T17:56:13","slug":"el-libro-perdido","status":"publish","type":"page","link":"https:\/\/blogsaverroes.juntadeandalucia.es\/elmaestrojavi\/el-libro-perdido\/","title":{"rendered":"EL LIBRO PERDIDO"},"content":{"rendered":"<p style=\"text-align: center\"><span style=\"font-size: 24pt\"><strong>Bienvenidos al Breakout \u00abEl libro perdido\u00bb<\/strong><\/span><\/p>\n<p>Una historia creada para celebrar el 50\u00ba Aniversario del CEIP Rodr\u00edguez Mar\u00edn de Osuna (Sevilla). Os dejo la Web creada con el v\u00eddeo de inicio, im\u00e1genes de la realizaci\u00f3n y lo mejor de todo&#8230; las pruebas y materiales para que pod\u00e1is modificarlas. Espero que os guste y os sirva para inspirar nuevas historias<\/p>\n<p style=\"text-align: center\"><iframe loading=\"lazy\" src=\"https:\/\/www.youtube.com\/embed\/XJbYkCSOHBs\" width=\"560\" height=\"315\" frameborder=\"0\"><\/iframe>&nbsp;<\/p>\n<p>&nbsp;<\/p>\n<p style=\"text-align: center\"><a href=\"https:\/\/javitictactep.wixsite.com\/ellibroperdido\" target=\"_blank\" rel=\"noopener noreferrer\"><span style=\"font-size: 24pt\"><strong>PINCHA PARA IR A LA WEB<\/strong><\/span><\/a><\/p>\n<p style=\"text-align: center\"><a href=\"https:\/\/javitictactep.wixsite.com\/ellibroperdido\" target=\"_blank\" rel=\"noopener noreferrer\"><img loading=\"lazy\" decoding=\"async\" class=\"alignnone  wp-image-109\" src=\"https:\/\/blogsaverroes.juntadeandalucia.es\/elmaestrojavi\/files\/2020\/05\/Captura-de-pantalla-2020-05-04-a-las-19.53.41-300x77.png\" alt=\"\" width=\"720\" height=\"185\" srcset=\"https:\/\/blogsaverroes.juntadeandalucia.es\/elmaestrojavi\/files\/2020\/05\/Captura-de-pantalla-2020-05-04-a-las-19.53.41-300x77.png 300w, https:\/\/blogsaverroes.juntadeandalucia.es\/elmaestrojavi\/files\/2020\/05\/Captura-de-pantalla-2020-05-04-a-las-19.53.41-768x196.png 768w, https:\/\/blogsaverroes.juntadeandalucia.es\/elmaestrojavi\/files\/2020\/05\/Captura-de-pantalla-2020-05-04-a-las-19.53.41-1024x261.png 1024w, https:\/\/blogsaverroes.juntadeandalucia.es\/elmaestrojavi\/files\/2020\/05\/Captura-de-pantalla-2020-05-04-a-las-19.53.41-24x6.png 24w, https:\/\/blogsaverroes.juntadeandalucia.es\/elmaestrojavi\/files\/2020\/05\/Captura-de-pantalla-2020-05-04-a-las-19.53.41-36x9.png 36w, https:\/\/blogsaverroes.juntadeandalucia.es\/elmaestrojavi\/files\/2020\/05\/Captura-de-pantalla-2020-05-04-a-las-19.53.41-48x12.png 48w\" sizes=\"(max-width: 720px) 100vw, 720px\" \/><\/a><\/p>\n","protected":false},"excerpt":{"rendered":"<p>Bienvenidos al Breakout \u00abEl libro perdido\u00bb Una historia creada para celebrar el 50\u00ba Aniversario del CEIP Rodr\u00edguez Mar\u00edn de Osuna (Sevilla). Os dejo la Web creada con el v\u00eddeo de inicio, im\u00e1genes de la&#46;&#46;&#46;<\/p>\n","protected":false},"author":9815,"featured_media":0,"parent":0,"menu_order":0,"comment_status":"closed","ping_status":"closed","template":"","meta":{"ngg_post_thumbnail":0,"footnotes":""},"aioseo_notices":[],"_links":{"self":[{"href":"https:\/\/blogsaverroes.juntadeandalucia.es\/elmaestrojavi\/wp-json\/wp\/v2\/pages\/108"}],"collection":[{"href":"https:\/\/blogsaverroes.juntadeandalucia.es\/elmaestrojavi\/wp-json\/wp\/v2\/pages"}],"about":[{"href":"https:\/\/blogsaverroes.juntadeandalucia.es\/elmaestrojavi\/wp-json\/wp\/v2\/types\/page"}],"author":[{"embeddable":true,"href":"https:\/\/blogsaverroes.juntadeandalucia.es\/elmaestrojavi\/wp-json\/wp\/v2\/users\/9815"}],"replies":[{"embeddable":true,"href":"https:\/\/blogsaverroes.juntadeandalucia.es\/elmaestrojavi\/wp-json\/wp\/v2\/comments?post=108"}],"version-history":[{"count":1,"href":"https:\/\/blogsaverroes.juntadeandalucia.es\/elmaestrojavi\/wp-json\/wp\/v2\/pages\/108\/revisions"}],"predecessor-version":[{"id":110,"href":"https:\/\/blogsaverroes.juntadeandalucia.es\/elmaestrojavi\/wp-json\/wp\/v2\/pages\/108\/revisions\/110"}],"wp:attachment":[{"href":"https:\/\/blogsaverroes.juntadeandalucia.es\/elmaestrojavi\/wp-json\/wp\/v2\/media?parent=108"}],"curies":[{"name":"wp","href":"https:\/\/api.w.org\/{rel}","templated":true}]}}