{"id":66,"date":"2020-05-03T11:49:46","date_gmt":"2020-05-03T09:49:46","guid":{"rendered":"https:\/\/blogsaverroes.juntadeandalucia.es\/elmaestrojavi\/?page_id=66"},"modified":"2020-05-03T11:49:46","modified_gmt":"2020-05-03T09:49:46","slug":"gamificacion","status":"publish","type":"page","link":"https:\/\/blogsaverroes.juntadeandalucia.es\/elmaestrojavi\/gamificacion\/","title":{"rendered":"GAMIFICACI\u00d3N"},"content":{"rendered":"<p style=\"text-align: center\">Aqu\u00ed a\u00f1adir\u00e9 los Proyectos Gamificados que he realizado para mi alumnado<\/p>\n","protected":false},"excerpt":{"rendered":"<p>Aqu\u00ed a\u00f1adir\u00e9 los Proyectos Gamificados que he realizado para mi alumnado<\/p>\n","protected":false},"author":9815,"featured_media":0,"parent":0,"menu_order":0,"comment_status":"closed","ping_status":"closed","template":"","meta":{"ngg_post_thumbnail":0,"footnotes":""},"aioseo_notices":[],"_links":{"self":[{"href":"https:\/\/blogsaverroes.juntadeandalucia.es\/elmaestrojavi\/wp-json\/wp\/v2\/pages\/66"}],"collection":[{"href":"https:\/\/blogsaverroes.juntadeandalucia.es\/elmaestrojavi\/wp-json\/wp\/v2\/pages"}],"about":[{"href":"https:\/\/blogsaverroes.juntadeandalucia.es\/elmaestrojavi\/wp-json\/wp\/v2\/types\/page"}],"author":[{"embeddable":true,"href":"https:\/\/blogsaverroes.juntadeandalucia.es\/elmaestrojavi\/wp-json\/wp\/v2\/users\/9815"}],"replies":[{"embeddable":true,"href":"https:\/\/blogsaverroes.juntadeandalucia.es\/elmaestrojavi\/wp-json\/wp\/v2\/comments?post=66"}],"version-history":[{"count":1,"href":"https:\/\/blogsaverroes.juntadeandalucia.es\/elmaestrojavi\/wp-json\/wp\/v2\/pages\/66\/revisions"}],"predecessor-version":[{"id":67,"href":"https:\/\/blogsaverroes.juntadeandalucia.es\/elmaestrojavi\/wp-json\/wp\/v2\/pages\/66\/revisions\/67"}],"wp:attachment":[{"href":"https:\/\/blogsaverroes.juntadeandalucia.es\/elmaestrojavi\/wp-json\/wp\/v2\/media?parent=66"}],"curies":[{"name":"wp","href":"https:\/\/api.w.org\/{rel}","templated":true}]}}