{"id":69,"date":"2020-05-03T11:50:49","date_gmt":"2020-05-03T09:50:49","guid":{"rendered":"https:\/\/blogsaverroes.juntadeandalucia.es\/elmaestrojavi\/?page_id=69"},"modified":"2020-05-15T01:16:39","modified_gmt":"2020-05-14T23:16:39","slug":"biblioteca","status":"publish","type":"page","link":"https:\/\/blogsaverroes.juntadeandalucia.es\/elmaestrojavi\/biblioteca\/","title":{"rendered":"BIBLIOTECA"},"content":{"rendered":"<p style=\"text-align: center\"><span style=\"font-size: 18pt\"><strong>Aqu\u00ed a\u00f1adir\u00e9 todos los Proyectos que he realizado para la Biblioteca<\/strong><\/span><\/p>\n<p>&nbsp;<\/p>\n<p style=\"text-align: center\"><span style=\"font-size: 14pt\">Os presento La Biblioteca del Saber en casa. Pincha en la imagen para ir a la Biblioteca, tendr\u00e1s multitud de enlaces a materiales, tutoriales, libros, actividades para poder hacer en casa durante este tiempo de confinamiento. <\/span><\/p>\n<p style=\"text-align: center\"><span style=\"font-size: 14pt\">Tenemos muchas ganas de veros a todos pero mientras&#8230; aqu\u00ed ten\u00e9is:<\/span><\/p>\n<p>&nbsp;<\/p>\n<p>&nbsp;<\/p>\n<p><a href=\"https:\/\/view.genial.ly\/5de40e1ad25f9b0f338bb940\/presentation-biblioteca-del-saber\" target=\"_blank\" rel=\"noopener noreferrer\"><img loading=\"lazy\" decoding=\"async\" class=\" wp-image-112 aligncenter\" src=\"https:\/\/blogsaverroes.juntadeandalucia.es\/elmaestrojavi\/files\/2020\/05\/Captura-de-pantalla-2020-05-04-a-las-19.59.26-300x168.png\" alt=\"\" width=\"870\" height=\"487\" srcset=\"https:\/\/blogsaverroes.juntadeandalucia.es\/elmaestrojavi\/files\/2020\/05\/Captura-de-pantalla-2020-05-04-a-las-19.59.26-300x168.png 300w, https:\/\/blogsaverroes.juntadeandalucia.es\/elmaestrojavi\/files\/2020\/05\/Captura-de-pantalla-2020-05-04-a-las-19.59.26-24x13.png 24w, https:\/\/blogsaverroes.juntadeandalucia.es\/elmaestrojavi\/files\/2020\/05\/Captura-de-pantalla-2020-05-04-a-las-19.59.26-36x20.png 36w, https:\/\/blogsaverroes.juntadeandalucia.es\/elmaestrojavi\/files\/2020\/05\/Captura-de-pantalla-2020-05-04-a-las-19.59.26-48x27.png 48w, https:\/\/blogsaverroes.juntadeandalucia.es\/elmaestrojavi\/files\/2020\/05\/Captura-de-pantalla-2020-05-04-a-las-19.59.26.png 608w\" sizes=\"(max-width: 870px) 100vw, 870px\" \/><\/a><\/p>\n<p>&nbsp;<\/p>\n<p>&nbsp;<\/p>\n<p style=\"text-align: center\"><span style=\"font-size: 14pt\">El 23 de abril es el D\u00eda del Libro y para ello vamos a realizar un maravilloso \u00abLibro contra el Coronavirus\u00bb. La mejor forma de luchar contra este virus es qued\u00e1ndose en casa y a partir de nuestras vivencias crearemos un libro que quedar\u00e1 para el recuerdo. Sigue las instrucciones de la siguiente presentaci\u00f3n pinchando en la imagen. Espero que os guste.<\/span><\/p>\n<p>&nbsp;<\/p>\n<p style=\"text-align: center\"><a href=\"https:\/\/view.genial.ly\/5e9593ee36fb330dff377fd3\/presentation-libro-contra-el-coronavirus\" target=\"_blank\" rel=\"noopener noreferrer\"><img loading=\"lazy\" decoding=\"async\" class=\"alignnone wp-image-113\" src=\"https:\/\/blogsaverroes.juntadeandalucia.es\/elmaestrojavi\/files\/2020\/05\/Captura-de-pantalla-2020-05-04-a-las-20.02.58-300x169.png\" alt=\"\" width=\"691\" height=\"389\" srcset=\"https:\/\/blogsaverroes.juntadeandalucia.es\/elmaestrojavi\/files\/2020\/05\/Captura-de-pantalla-2020-05-04-a-las-20.02.58-300x169.png 300w, https:\/\/blogsaverroes.juntadeandalucia.es\/elmaestrojavi\/files\/2020\/05\/Captura-de-pantalla-2020-05-04-a-las-20.02.58-24x14.png 24w, https:\/\/blogsaverroes.juntadeandalucia.es\/elmaestrojavi\/files\/2020\/05\/Captura-de-pantalla-2020-05-04-a-las-20.02.58-36x20.png 36w, https:\/\/blogsaverroes.juntadeandalucia.es\/elmaestrojavi\/files\/2020\/05\/Captura-de-pantalla-2020-05-04-a-las-20.02.58-48x27.png 48w, https:\/\/blogsaverroes.juntadeandalucia.es\/elmaestrojavi\/files\/2020\/05\/Captura-de-pantalla-2020-05-04-a-las-20.02.58.png 604w\" sizes=\"(max-width: 691px) 100vw, 691px\" \/><\/a><\/p>\n<p style=\"text-align: center\">Aqu\u00ed pod\u00e9is ver el resultado de la actividad realizada por el CEIP Antonio Machado de La Luisiana (Sevilla)<\/p>\n<p style=\"text-align: center\"><a href=\"https:\/\/labibliodelsaber.blogspot.com\/2020\/04\/dia-del-libro.html\" target=\"_blank\" rel=\"noopener noreferrer\">LA BIBLIOTECA DEL SABER<\/a><\/p>\n<p style=\"text-align: center\"><a href=\"https:\/\/labibliodelsaber.blogspot.com\/2020\/04\/dia-del-libro.html\" target=\"_blank\" rel=\"noopener noreferrer\">LIBRO CONTRA EL CORONAVIRUS<\/a><\/p>\n<p style=\"text-align: center\"><img loading=\"lazy\" decoding=\"async\" class=\"aligncenter wp-image-205\" src=\"https:\/\/blogsaverroes.juntadeandalucia.es\/elmaestrojavi\/files\/2020\/05\/Captura-de-pantalla-2020-05-15-a-las-1.11.42-218x300.png\" alt=\"\" width=\"329\" height=\"453\" srcset=\"https:\/\/blogsaverroes.juntadeandalucia.es\/elmaestrojavi\/files\/2020\/05\/Captura-de-pantalla-2020-05-15-a-las-1.11.42-218x300.png 218w, https:\/\/blogsaverroes.juntadeandalucia.es\/elmaestrojavi\/files\/2020\/05\/Captura-de-pantalla-2020-05-15-a-las-1.11.42-768x1058.png 768w, https:\/\/blogsaverroes.juntadeandalucia.es\/elmaestrojavi\/files\/2020\/05\/Captura-de-pantalla-2020-05-15-a-las-1.11.42-743x1024.png 743w, https:\/\/blogsaverroes.juntadeandalucia.es\/elmaestrojavi\/files\/2020\/05\/Captura-de-pantalla-2020-05-15-a-las-1.11.42-17x24.png 17w, https:\/\/blogsaverroes.juntadeandalucia.es\/elmaestrojavi\/files\/2020\/05\/Captura-de-pantalla-2020-05-15-a-las-1.11.42-26x36.png 26w, https:\/\/blogsaverroes.juntadeandalucia.es\/elmaestrojavi\/files\/2020\/05\/Captura-de-pantalla-2020-05-15-a-las-1.11.42-35x48.png 35w, https:\/\/blogsaverroes.juntadeandalucia.es\/elmaestrojavi\/files\/2020\/05\/Captura-de-pantalla-2020-05-15-a-las-1.11.42.png 1222w\" sizes=\"(max-width: 329px) 100vw, 329px\" \/><\/p>\n<p>&nbsp;<\/p>\n<p>&nbsp;<\/p>\n<p>&nbsp;<\/p>\n<p>&nbsp;<\/p>\n","protected":false},"excerpt":{"rendered":"<p>Aqu\u00ed a\u00f1adir\u00e9 todos los Proyectos que he realizado para la Biblioteca &nbsp; Os presento La Biblioteca del Saber en casa. Pincha en la imagen para ir a la Biblioteca, tendr\u00e1s multitud de enlaces a&#46;&#46;&#46;<\/p>\n","protected":false},"author":9815,"featured_media":0,"parent":0,"menu_order":0,"comment_status":"closed","ping_status":"closed","template":"","meta":{"ngg_post_thumbnail":0,"footnotes":""},"aioseo_notices":[],"_links":{"self":[{"href":"https:\/\/blogsaverroes.juntadeandalucia.es\/elmaestrojavi\/wp-json\/wp\/v2\/pages\/69"}],"collection":[{"href":"https:\/\/blogsaverroes.juntadeandalucia.es\/elmaestrojavi\/wp-json\/wp\/v2\/pages"}],"about":[{"href":"https:\/\/blogsaverroes.juntadeandalucia.es\/elmaestrojavi\/wp-json\/wp\/v2\/types\/page"}],"author":[{"embeddable":true,"href":"https:\/\/blogsaverroes.juntadeandalucia.es\/elmaestrojavi\/wp-json\/wp\/v2\/users\/9815"}],"replies":[{"embeddable":true,"href":"https:\/\/blogsaverroes.juntadeandalucia.es\/elmaestrojavi\/wp-json\/wp\/v2\/comments?post=69"}],"version-history":[{"count":6,"href":"https:\/\/blogsaverroes.juntadeandalucia.es\/elmaestrojavi\/wp-json\/wp\/v2\/pages\/69\/revisions"}],"predecessor-version":[{"id":208,"href":"https:\/\/blogsaverroes.juntadeandalucia.es\/elmaestrojavi\/wp-json\/wp\/v2\/pages\/69\/revisions\/208"}],"wp:attachment":[{"href":"https:\/\/blogsaverroes.juntadeandalucia.es\/elmaestrojavi\/wp-json\/wp\/v2\/media?parent=69"}],"curies":[{"name":"wp","href":"https:\/\/api.w.org\/{rel}","templated":true}]}}