{"id":1348,"date":"2022-07-26T17:30:47","date_gmt":"2022-07-26T16:30:47","guid":{"rendered":"https:\/\/blogsaverroes.juntadeandalucia.es\/elojodeeuler\/?page_id=1348"},"modified":"2025-08-22T10:40:15","modified_gmt":"2025-08-22T08:40:15","slug":"competencias-clave","status":"publish","type":"page","link":"https:\/\/blogsaverroes.juntadeandalucia.es\/elojodeeuler\/competencias-clave\/","title":{"rendered":"COMPETENCIAS CLAVE"},"content":{"rendered":"<p style=\"text-align: justify\">Cada cuaderno contiene las actividades (clasificadas por bloques) que aparecen en este blog en forma de entradas. Se ha procurado en la medida de lo posible, que el orden de aparici\u00f3n de las actividades en cada cuaderno sea de menor a mayor dificultad. En las \u00faltimas p\u00e1ginas se han a\u00f1adido las soluciones a todas las actividades. Para descargar cada cuaderno en formato PDF, haga clic sobre la cerradura correspondiente.<\/p>\n<p><a href=\"https:\/\/blogsaverroes.juntadeandalucia.es\/elojodeeuler\/files\/2022\/08\/C1-CC-N\u00daMEROS.pdf\" target=\"_blank\" rel=\"noopener\"><img loading=\"lazy\" decoding=\"async\" class=\"alignnone wp-image-4411\" src=\"https:\/\/blogsaverroes.juntadeandalucia.es\/elojodeeuler\/files\/2025\/08\/1-Cuaderno-CC-Numeros.png\" alt=\"\" width=\"170\" height=\"170\" srcset=\"https:\/\/blogsaverroes.juntadeandalucia.es\/elojodeeuler\/files\/2025\/08\/1-Cuaderno-CC-Numeros.png 400w, https:\/\/blogsaverroes.juntadeandalucia.es\/elojodeeuler\/files\/2025\/08\/1-Cuaderno-CC-Numeros-300x300.png 300w, https:\/\/blogsaverroes.juntadeandalucia.es\/elojodeeuler\/files\/2025\/08\/1-Cuaderno-CC-Numeros-150x150.png 150w, https:\/\/blogsaverroes.juntadeandalucia.es\/elojodeeuler\/files\/2025\/08\/1-Cuaderno-CC-Numeros-80x80.png 80w, https:\/\/blogsaverroes.juntadeandalucia.es\/elojodeeuler\/files\/2025\/08\/1-Cuaderno-CC-Numeros-320x320.png 320w\" sizes=\"(max-width: 170px) 100vw, 170px\" \/><\/a>&nbsp; <a href=\"https:\/\/blogsaverroes.juntadeandalucia.es\/elojodeeuler\/files\/2022\/08\/C2-CC-\u00c1LGEBRA.pdf\" target=\"_blank\" rel=\"noopener\"><img loading=\"lazy\" decoding=\"async\" class=\"alignnone wp-image-4412\" src=\"https:\/\/blogsaverroes.juntadeandalucia.es\/elojodeeuler\/files\/2025\/08\/2-Cuaderno-CC-Algebra.png\" alt=\"\" width=\"170\" height=\"170\" srcset=\"https:\/\/blogsaverroes.juntadeandalucia.es\/elojodeeuler\/files\/2025\/08\/2-Cuaderno-CC-Algebra.png 400w, https:\/\/blogsaverroes.juntadeandalucia.es\/elojodeeuler\/files\/2025\/08\/2-Cuaderno-CC-Algebra-300x300.png 300w, https:\/\/blogsaverroes.juntadeandalucia.es\/elojodeeuler\/files\/2025\/08\/2-Cuaderno-CC-Algebra-150x150.png 150w, https:\/\/blogsaverroes.juntadeandalucia.es\/elojodeeuler\/files\/2025\/08\/2-Cuaderno-CC-Algebra-80x80.png 80w, https:\/\/blogsaverroes.juntadeandalucia.es\/elojodeeuler\/files\/2025\/08\/2-Cuaderno-CC-Algebra-320x320.png 320w\" sizes=\"(max-width: 170px) 100vw, 170px\" \/><\/a>&nbsp; <a href=\"https:\/\/blogsaverroes.juntadeandalucia.es\/elojodeeuler\/files\/2022\/08\/C3-CC-GEOMETR\u00cdA.pdf\" target=\"_blank\" rel=\"noopener\"><img loading=\"lazy\" decoding=\"async\" class=\"alignnone wp-image-4413\" src=\"https:\/\/blogsaverroes.juntadeandalucia.es\/elojodeeuler\/files\/2025\/08\/3-Cuaderno-CC-Geometria.png\" alt=\"\" width=\"170\" height=\"170\" srcset=\"https:\/\/blogsaverroes.juntadeandalucia.es\/elojodeeuler\/files\/2025\/08\/3-Cuaderno-CC-Geometria.png 400w, https:\/\/blogsaverroes.juntadeandalucia.es\/elojodeeuler\/files\/2025\/08\/3-Cuaderno-CC-Geometria-300x300.png 300w, https:\/\/blogsaverroes.juntadeandalucia.es\/elojodeeuler\/files\/2025\/08\/3-Cuaderno-CC-Geometria-150x150.png 150w, https:\/\/blogsaverroes.juntadeandalucia.es\/elojodeeuler\/files\/2025\/08\/3-Cuaderno-CC-Geometria-80x80.png 80w, https:\/\/blogsaverroes.juntadeandalucia.es\/elojodeeuler\/files\/2025\/08\/3-Cuaderno-CC-Geometria-320x320.png 320w\" sizes=\"(max-width: 170px) 100vw, 170px\" \/><\/a><\/p>\n<p><a href=\"https:\/\/blogsaverroes.juntadeandalucia.es\/elojodeeuler\/files\/2022\/08\/C4-CC-FUNCIONES.pdf\" target=\"_blank\" rel=\"noopener\"><img loading=\"lazy\" decoding=\"async\" class=\"alignnone wp-image-4414\" src=\"https:\/\/blogsaverroes.juntadeandalucia.es\/elojodeeuler\/files\/2025\/08\/4-Cuaderno-CC-Funciones.png\" alt=\"\" width=\"170\" height=\"170\" srcset=\"https:\/\/blogsaverroes.juntadeandalucia.es\/elojodeeuler\/files\/2025\/08\/4-Cuaderno-CC-Funciones.png 400w, https:\/\/blogsaverroes.juntadeandalucia.es\/elojodeeuler\/files\/2025\/08\/4-Cuaderno-CC-Funciones-300x300.png 300w, https:\/\/blogsaverroes.juntadeandalucia.es\/elojodeeuler\/files\/2025\/08\/4-Cuaderno-CC-Funciones-150x150.png 150w, https:\/\/blogsaverroes.juntadeandalucia.es\/elojodeeuler\/files\/2025\/08\/4-Cuaderno-CC-Funciones-80x80.png 80w, https:\/\/blogsaverroes.juntadeandalucia.es\/elojodeeuler\/files\/2025\/08\/4-Cuaderno-CC-Funciones-320x320.png 320w\" sizes=\"(max-width: 170px) 100vw, 170px\" \/><\/a>&nbsp; <a href=\"https:\/\/blogsaverroes.juntadeandalucia.es\/elojodeeuler\/files\/2022\/08\/C5-CC-ESTAD\u00cdSTICA.pdf\" target=\"_blank\" rel=\"noopener\"><img loading=\"lazy\" decoding=\"async\" class=\"alignnone wp-image-4415\" src=\"https:\/\/blogsaverroes.juntadeandalucia.es\/elojodeeuler\/files\/2025\/08\/5-Cuaderno-CC-Estadistica.png\" alt=\"\" width=\"170\" height=\"170\" srcset=\"https:\/\/blogsaverroes.juntadeandalucia.es\/elojodeeuler\/files\/2025\/08\/5-Cuaderno-CC-Estadistica.png 400w, https:\/\/blogsaverroes.juntadeandalucia.es\/elojodeeuler\/files\/2025\/08\/5-Cuaderno-CC-Estadistica-300x300.png 300w, https:\/\/blogsaverroes.juntadeandalucia.es\/elojodeeuler\/files\/2025\/08\/5-Cuaderno-CC-Estadistica-150x150.png 150w, https:\/\/blogsaverroes.juntadeandalucia.es\/elojodeeuler\/files\/2025\/08\/5-Cuaderno-CC-Estadistica-80x80.png 80w, https:\/\/blogsaverroes.juntadeandalucia.es\/elojodeeuler\/files\/2025\/08\/5-Cuaderno-CC-Estadistica-320x320.png 320w\" sizes=\"(max-width: 170px) 100vw, 170px\" \/><\/a> <a href=\"https:\/\/blogsaverroes.juntadeandalucia.es\/elojodeeuler\/files\/2022\/08\/C6-CC-PROBABILIDAD.pdf\" target=\"_blank\" rel=\"noopener\"><img loading=\"lazy\" decoding=\"async\" class=\"alignnone wp-image-4416\" src=\"https:\/\/blogsaverroes.juntadeandalucia.es\/elojodeeuler\/files\/2025\/08\/6-Cuaderno-CC-Probabilidad.png\" alt=\"\" width=\"170\" height=\"170\" srcset=\"https:\/\/blogsaverroes.juntadeandalucia.es\/elojodeeuler\/files\/2025\/08\/6-Cuaderno-CC-Probabilidad.png 400w, https:\/\/blogsaverroes.juntadeandalucia.es\/elojodeeuler\/files\/2025\/08\/6-Cuaderno-CC-Probabilidad-300x300.png 300w, https:\/\/blogsaverroes.juntadeandalucia.es\/elojodeeuler\/files\/2025\/08\/6-Cuaderno-CC-Probabilidad-150x150.png 150w, https:\/\/blogsaverroes.juntadeandalucia.es\/elojodeeuler\/files\/2025\/08\/6-Cuaderno-CC-Probabilidad-80x80.png 80w, https:\/\/blogsaverroes.juntadeandalucia.es\/elojodeeuler\/files\/2025\/08\/6-Cuaderno-CC-Probabilidad-320x320.png 320w\" sizes=\"(max-width: 170px) 100vw, 170px\" \/><\/a><\/p>\n<p><a href=\"https:\/\/blogsaverroes.juntadeandalucia.es\/elojodeeuler\/files\/2024\/11\/C7-LECTURAS.pdf\" target=\"_blank\" rel=\"noopener\"><img loading=\"lazy\" decoding=\"async\" class=\"alignnone wp-image-4423\" src=\"https:\/\/blogsaverroes.juntadeandalucia.es\/elojodeeuler\/files\/2025\/08\/7-Cuaderno-CC-Lectura.png\" alt=\"\" width=\"170\" height=\"170\" srcset=\"https:\/\/blogsaverroes.juntadeandalucia.es\/elojodeeuler\/files\/2025\/08\/7-Cuaderno-CC-Lectura.png 400w, https:\/\/blogsaverroes.juntadeandalucia.es\/elojodeeuler\/files\/2025\/08\/7-Cuaderno-CC-Lectura-300x300.png 300w, https:\/\/blogsaverroes.juntadeandalucia.es\/elojodeeuler\/files\/2025\/08\/7-Cuaderno-CC-Lectura-150x150.png 150w, https:\/\/blogsaverroes.juntadeandalucia.es\/elojodeeuler\/files\/2025\/08\/7-Cuaderno-CC-Lectura-80x80.png 80w, https:\/\/blogsaverroes.juntadeandalucia.es\/elojodeeuler\/files\/2025\/08\/7-Cuaderno-CC-Lectura-320x320.png 320w\" sizes=\"(max-width: 170px) 100vw, 170px\" \/><\/a>&nbsp; <a href=\"https:\/\/blogsaverroes.juntadeandalucia.es\/elojodeeuler\/files\/2024\/11\/C8-131-PROBLEMAS-ALGEBRAICOS.pdf\" target=\"_blank\" rel=\"noopener\"><img loading=\"lazy\" decoding=\"async\" class=\"alignnone wp-image-4418\" src=\"https:\/\/blogsaverroes.juntadeandalucia.es\/elojodeeuler\/files\/2025\/08\/8-Cuaderno-131-PBS-ALG.png\" alt=\"\" width=\"170\" height=\"170\" srcset=\"https:\/\/blogsaverroes.juntadeandalucia.es\/elojodeeuler\/files\/2025\/08\/8-Cuaderno-131-PBS-ALG.png 400w, https:\/\/blogsaverroes.juntadeandalucia.es\/elojodeeuler\/files\/2025\/08\/8-Cuaderno-131-PBS-ALG-300x300.png 300w, https:\/\/blogsaverroes.juntadeandalucia.es\/elojodeeuler\/files\/2025\/08\/8-Cuaderno-131-PBS-ALG-150x150.png 150w, https:\/\/blogsaverroes.juntadeandalucia.es\/elojodeeuler\/files\/2025\/08\/8-Cuaderno-131-PBS-ALG-80x80.png 80w, https:\/\/blogsaverroes.juntadeandalucia.es\/elojodeeuler\/files\/2025\/08\/8-Cuaderno-131-PBS-ALG-320x320.png 320w\" sizes=\"(max-width: 170px) 100vw, 170px\" \/><\/a><\/p>\n","protected":false},"excerpt":{"rendered":"<p>Cada cuaderno contiene las actividades (clasificadas por bloques) que aparecen en este blog en forma de entradas. Se ha procurado&#46;&#46;&#46;<\/p>\n","protected":false},"author":12306,"featured_media":0,"parent":0,"menu_order":0,"comment_status":"closed","ping_status":"closed","template":"","meta":{"_exactmetrics_skip_tracking":false,"_exactmetrics_sitenote_active":false,"_exactmetrics_sitenote_note":"","_exactmetrics_sitenote_category":0,"ngg_post_thumbnail":0,"footnotes":""},"aioseo_notices":[],"_links":{"self":[{"href":"https:\/\/blogsaverroes.juntadeandalucia.es\/elojodeeuler\/wp-json\/wp\/v2\/pages\/1348"}],"collection":[{"href":"https:\/\/blogsaverroes.juntadeandalucia.es\/elojodeeuler\/wp-json\/wp\/v2\/pages"}],"about":[{"href":"https:\/\/blogsaverroes.juntadeandalucia.es\/elojodeeuler\/wp-json\/wp\/v2\/types\/page"}],"author":[{"embeddable":true,"href":"https:\/\/blogsaverroes.juntadeandalucia.es\/elojodeeuler\/wp-json\/wp\/v2\/users\/12306"}],"replies":[{"embeddable":true,"href":"https:\/\/blogsaverroes.juntadeandalucia.es\/elojodeeuler\/wp-json\/wp\/v2\/comments?post=1348"}],"version-history":[{"count":41,"href":"https:\/\/blogsaverroes.juntadeandalucia.es\/elojodeeuler\/wp-json\/wp\/v2\/pages\/1348\/revisions"}],"predecessor-version":[{"id":4424,"href":"https:\/\/blogsaverroes.juntadeandalucia.es\/elojodeeuler\/wp-json\/wp\/v2\/pages\/1348\/revisions\/4424"}],"wp:attachment":[{"href":"https:\/\/blogsaverroes.juntadeandalucia.es\/elojodeeuler\/wp-json\/wp\/v2\/media?parent=1348"}],"curies":[{"name":"wp","href":"https:\/\/api.w.org\/{rel}","templated":true}]}}