{"id":1576,"date":"2022-08-09T09:23:34","date_gmt":"2022-08-09T08:23:34","guid":{"rendered":"https:\/\/blogsaverroes.juntadeandalucia.es\/elojodeeuler\/?page_id=1576"},"modified":"2024-07-11T18:59:21","modified_gmt":"2024-07-11T17:59:21","slug":"refuerzo","status":"publish","type":"page","link":"https:\/\/blogsaverroes.juntadeandalucia.es\/elojodeeuler\/refuerzo\/","title":{"rendered":"REFUERZO"},"content":{"rendered":"<p style=\"text-align: justify\">En esta secci\u00f3n se ofrece una lista de ejercicios de Refuerzo de Matem\u00e1ticas, organizados por contenidos y niveles, para ser utilizados en un Programa de Refuerzo del Aprendizaje (PRA), denominado as\u00ed seg\u00fan la normativa pedag\u00f3gica actual.<\/p>\n<p style=\"text-align: justify\">Se trata de evitar que el desfase curricular respecto al resto del grupo se haga cada vez mayor. Por lo tanto, elegir los ejercicios y el momento adecuado durante el curso para el alumnado con dificultades para comprender y retener las rutinas necesarias en la mayor\u00eda de las situaciones o problemas que van surgiendo posteriormente a lo largo de la ense\u00f1anza secundaria.<\/p>\n<p style=\"text-align: justify\">En una buena parte de los ejercicios se adjuntan las soluciones. La idea es que el alumnado pueda comprobar si ha cometido alg\u00fan error durante el proceso, lo revise y detecte por s\u00ed mismo el posible error, evitando la continua intervenci\u00f3n del docente durante la realizaci\u00f3n de las tareas.<\/p>\n<p>Para descargar el documento, haga clic sobre el enlace correspondiente:<\/p>\n<p><a href=\"https:\/\/blogsaverroes.juntadeandalucia.es\/elojodeeuler\/files\/2022\/08\/01-Problemas-Aritm\u00e9tica-B\u00e1sica-Nivel-1.pdf\">01 Problemas Aritm\u00e9tica B\u00e1sica Nivel 1<\/a><\/p>\n<p><a href=\"https:\/\/blogsaverroes.juntadeandalucia.es\/elojodeeuler\/files\/2022\/08\/01-Problemas-Aritm\u00e9tica-B\u00e1sica-Nivel-2.pdf\">01 Problemas Aritm\u00e9tica B\u00e1sica Nivel 2<\/a><\/p>\n<p><a href=\"https:\/\/blogsaverroes.juntadeandalucia.es\/elojodeeuler\/files\/2022\/08\/01-Problemas-Aritm\u00e9tica-B\u00e1sica-Nivel-3.pdf\">01 Problemas Aritm\u00e9tica B\u00e1sica Nivel 3<\/a><\/p>\n<p><a href=\"https:\/\/blogsaverroes.juntadeandalucia.es\/elojodeeuler\/files\/2022\/08\/01-Problemas-Aritm\u00e9tica-B\u00e1sica-Nivel-4.pdf\">01 Problemas Aritm\u00e9tica B\u00e1sica Nivel 4<\/a><\/p>\n<p><a href=\"https:\/\/blogsaverroes.juntadeandalucia.es\/elojodeeuler\/files\/2022\/08\/02-Operaciones-con-N\u00fameros-Enteros-Nivel-1.pdf\">02 Operaciones con N\u00fameros Enteros Nivel 1<\/a><\/p>\n<p><a href=\"https:\/\/blogsaverroes.juntadeandalucia.es\/elojodeeuler\/files\/2022\/08\/02-Operaciones-con-N\u00fameros-Enteros-Nivel-2.pdf\">02 Operaciones con N\u00fameros Enteros Nivel 2<\/a><\/p>\n<p><a href=\"https:\/\/blogsaverroes.juntadeandalucia.es\/elojodeeuler\/files\/2022\/08\/03-Operaciones-con-Fracciones.pdf\">03 Operaciones con Fracciones<\/a><\/p>\n<p><a href=\"https:\/\/blogsaverroes.juntadeandalucia.es\/elojodeeuler\/files\/2022\/08\/04-Problemas-con-Fracciones.pdf\">04 Problemas con Fracciones<\/a><\/p>\n<p><a href=\"https:\/\/blogsaverroes.juntadeandalucia.es\/elojodeeuler\/files\/2022\/08\/05-N\u00fameros-Racionales.pdf\">05 N\u00fameros Racionales<\/a><\/p>\n<p><a href=\"https:\/\/blogsaverroes.juntadeandalucia.es\/elojodeeuler\/files\/2022\/08\/06-Operaciones-con-Potencias-y-Ra\u00edces-Nivel-1.pdf\">06 Operaciones con Potencias y Ra\u00edces Nivel 1<\/a><\/p>\n<p><a href=\"https:\/\/blogsaverroes.juntadeandalucia.es\/elojodeeuler\/files\/2022\/08\/06-Operaciones-con-Potencias-y-Ra\u00edces-Nivel-2.pdf\">06 Operaciones con Potencias y Ra\u00edces Nivel 2<\/a><\/p>\n<p><a href=\"https:\/\/blogsaverroes.juntadeandalucia.es\/elojodeeuler\/files\/2022\/08\/07-Notaci\u00f3n-Cient\u00edfica.pdf\">07 Notaci\u00f3n Cient\u00edfica<\/a><\/p>\n<p><a href=\"https:\/\/blogsaverroes.juntadeandalucia.es\/elojodeeuler\/files\/2022\/08\/08-Unidades-de-Tiempo.pdf\">08 Unidades de Tiempo<\/a><\/p>\n<p><a href=\"https:\/\/blogsaverroes.juntadeandalucia.es\/elojodeeuler\/files\/2022\/08\/09-Unidades-de-Longitud.pdf\">09 Unidades de Longitud<\/a><\/p>\n<p><a href=\"https:\/\/blogsaverroes.juntadeandalucia.es\/elojodeeuler\/files\/2022\/08\/09-Unidades-de-Superficie.pdf\">09 Unidades de Superficie<\/a><\/p>\n<p><a href=\"https:\/\/blogsaverroes.juntadeandalucia.es\/elojodeeuler\/files\/2022\/08\/09-Unidades-de-Volumen.pdf\">09 Unidades de Volumen<\/a><\/p>\n<p><a href=\"https:\/\/blogsaverroes.juntadeandalucia.es\/elojodeeuler\/files\/2022\/08\/10-Proporcionalidad-Directa-o-Inversa.pdf\">10 Proporcionalidad Directa o Inversa<\/a><\/p>\n<p><a href=\"https:\/\/blogsaverroes.juntadeandalucia.es\/elojodeeuler\/files\/2022\/08\/11-Porcentajes-Nivel-1.pdf\">11 Porcentajes Nivel 1<\/a><\/p>\n<p><a href=\"https:\/\/blogsaverroes.juntadeandalucia.es\/elojodeeuler\/files\/2022\/08\/11-Porcentajes-Nivel-2.pdf\">11 Porcentajes Nivel 2<\/a><\/p>\n<p><a href=\"https:\/\/blogsaverroes.juntadeandalucia.es\/elojodeeuler\/files\/2022\/08\/11-Porcentajes-Nivel-3.pdf\">11 Porcentajes Nivel 3<\/a><\/p>\n<p><a href=\"https:\/\/blogsaverroes.juntadeandalucia.es\/elojodeeuler\/files\/2022\/08\/12-Operaciones-con-Radicales.pdf\">12 Operaciones con Radicales<\/a><\/p>\n<p><a href=\"https:\/\/blogsaverroes.juntadeandalucia.es\/elojodeeuler\/files\/2022\/08\/13-Valor-num\u00e9rico-de-una-expresi\u00f3n-algebraica.pdf\">13 Valor num\u00e9rico de una expresi\u00f3n algebraica<\/a><\/p>\n<p><a href=\"https:\/\/blogsaverroes.juntadeandalucia.es\/elojodeeuler\/files\/2022\/08\/14-Operaciones-con-Monomios-Nivel-1.pdf\">14 Operaciones con Monomios Nivel 1<\/a><\/p>\n<p><a href=\"https:\/\/blogsaverroes.juntadeandalucia.es\/elojodeeuler\/files\/2022\/08\/14-Operaciones-con-Monomios-Nivel-2.pdf\">14 Operaciones con Monomios Nivel 2<\/a><\/p>\n<p><a href=\"https:\/\/blogsaverroes.juntadeandalucia.es\/elojodeeuler\/files\/2022\/08\/15-Operaciones-con-Polinomios.pdf\">15 Operaciones con Polinomios<\/a><\/p>\n<p><a href=\"https:\/\/blogsaverroes.juntadeandalucia.es\/elojodeeuler\/files\/2022\/08\/16-Identidades-Notables.pdf\">16 Identidades Notables<\/a><\/p>\n<p><a href=\"https:\/\/blogsaverroes.juntadeandalucia.es\/elojodeeuler\/files\/2022\/08\/17-Ecuaciones-Primer-Grado-Nivel-1.pdf\">17 Ecuaciones Primer Grado Nivel 1<\/a><\/p>\n<p><a href=\"https:\/\/blogsaverroes.juntadeandalucia.es\/elojodeeuler\/files\/2022\/08\/17-Ecuaciones-Primer-Grado-Nivel-2.pdf\">17 Ecuaciones Primer Grado Nivel 2<\/a><\/p>\n<p><a href=\"https:\/\/blogsaverroes.juntadeandalucia.es\/elojodeeuler\/files\/2022\/08\/18-Problemas-Ecuaciones-Primer-Grado.pdf\">18 Problemas Ecuaciones Primer Grado<\/a><\/p>\n<p><a href=\"https:\/\/blogsaverroes.juntadeandalucia.es\/elojodeeuler\/files\/2022\/08\/19-Ecuaciones-Segundo-Grado-Nivel-1.pdf\">19 Ecuaciones Segundo Grado Nivel 1<\/a><\/p>\n<p><a href=\"https:\/\/blogsaverroes.juntadeandalucia.es\/elojodeeuler\/files\/2022\/08\/19-Ecuaciones-Segundo-Grado-Nivel-2.pdf\">19 Ecuaciones Segundo Grado Nivel 2<\/a><\/p>\n<p><a href=\"https:\/\/blogsaverroes.juntadeandalucia.es\/elojodeeuler\/files\/2022\/08\/20-Problemas-Ecuaciones-Segundo-Grado.pdf\">20 Problemas Ecuaciones Segundo Grado<\/a><\/p>\n<p><a href=\"https:\/\/blogsaverroes.juntadeandalucia.es\/elojodeeuler\/files\/2022\/08\/21-Sistemas-Ecuaciones-Lineales-Nivel-1.pdf\">21 Sistemas Ecuaciones Lineales Nivel 1<\/a><\/p>\n<p><a href=\"https:\/\/blogsaverroes.juntadeandalucia.es\/elojodeeuler\/files\/2022\/08\/21-Sistemas-Ecuaciones-Lineales-Nivel-2.pdf\">21 Sistemas Ecuaciones Lineales Nivel 2<\/a><\/p>\n<p><a href=\"https:\/\/blogsaverroes.juntadeandalucia.es\/elojodeeuler\/files\/2022\/08\/22-Problemas-Sistemas-Ecuaciones-Lineales.pdf\">22 Problemas Sistemas Ecuaciones Lineales<\/a><\/p>\n<p><a href=\"https:\/\/blogsaverroes.juntadeandalucia.es\/elojodeeuler\/files\/2022\/08\/23-Teorema-de-Pit\u00e1goras.pdf\">23 Teorema de Pit\u00e1goras<\/a><\/p>\n<p><a href=\"https:\/\/blogsaverroes.juntadeandalucia.es\/elojodeeuler\/files\/2022\/08\/24-\u00c1reas-y-Per\u00edmetros-Nivel-1.pdf\">24 \u00c1reas y Per\u00edmetros Nivel 1<\/a><\/p>\n<p><a href=\"https:\/\/blogsaverroes.juntadeandalucia.es\/elojodeeuler\/files\/2022\/08\/24-\u00c1reas-y-Per\u00edmetros-Nivel-2.pdf\">24 \u00c1reas y Per\u00edmetros Nivel 2<\/a><\/p>\n","protected":false},"excerpt":{"rendered":"<p>En esta secci\u00f3n se ofrece una lista de ejercicios de Refuerzo de Matem\u00e1ticas, organizados por contenidos y niveles, para ser&#46;&#46;&#46;<\/p>\n","protected":false},"author":12306,"featured_media":0,"parent":0,"menu_order":0,"comment_status":"closed","ping_status":"closed","template":"","meta":{"_exactmetrics_skip_tracking":false,"_exactmetrics_sitenote_active":false,"_exactmetrics_sitenote_note":"","_exactmetrics_sitenote_category":0,"ngg_post_thumbnail":0,"footnotes":""},"aioseo_notices":[],"_links":{"self":[{"href":"https:\/\/blogsaverroes.juntadeandalucia.es\/elojodeeuler\/wp-json\/wp\/v2\/pages\/1576"}],"collection":[{"href":"https:\/\/blogsaverroes.juntadeandalucia.es\/elojodeeuler\/wp-json\/wp\/v2\/pages"}],"about":[{"href":"https:\/\/blogsaverroes.juntadeandalucia.es\/elojodeeuler\/wp-json\/wp\/v2\/types\/page"}],"author":[{"embeddable":true,"href":"https:\/\/blogsaverroes.juntadeandalucia.es\/elojodeeuler\/wp-json\/wp\/v2\/users\/12306"}],"replies":[{"embeddable":true,"href":"https:\/\/blogsaverroes.juntadeandalucia.es\/elojodeeuler\/wp-json\/wp\/v2\/comments?post=1576"}],"version-history":[{"count":9,"href":"https:\/\/blogsaverroes.juntadeandalucia.es\/elojodeeuler\/wp-json\/wp\/v2\/pages\/1576\/revisions"}],"predecessor-version":[{"id":3177,"href":"https:\/\/blogsaverroes.juntadeandalucia.es\/elojodeeuler\/wp-json\/wp\/v2\/pages\/1576\/revisions\/3177"}],"wp:attachment":[{"href":"https:\/\/blogsaverroes.juntadeandalucia.es\/elojodeeuler\/wp-json\/wp\/v2\/media?parent=1576"}],"curies":[{"name":"wp","href":"https:\/\/api.w.org\/{rel}","templated":true}]}}