{"id":2281,"date":"2023-01-09T20:49:10","date_gmt":"2023-01-09T19:49:10","guid":{"rendered":"https:\/\/blogsaverroes.juntadeandalucia.es\/elojodeeuler\/?page_id=2281"},"modified":"2024-07-30T20:51:46","modified_gmt":"2024-07-30T19:51:46","slug":"ggb-derivadas-e-integrales","status":"publish","type":"page","link":"https:\/\/blogsaverroes.juntadeandalucia.es\/elojodeeuler\/ggb-derivadas-e-integrales\/","title":{"rendered":"GGB DERIVADAS E INTEGRALES"},"content":{"rendered":"<p>Para abrir el recurso con Geogebra, haga clic sobre el enlace correspondiente:<\/p>\n<p><a href=\"https:\/\/www.geogebra.org\/m\/pgdtnwpu\">01 TVM de una funci\u00f3n en un intervalo<\/a><\/p>\n<p><a href=\"https:\/\/www.geogebra.org\/m\/twbqvqgn\">02 Derivada de una funci\u00f3n en un punto<\/a><\/p>\n<p><a href=\"https:\/\/www.geogebra.org\/m\/ceetmrww\">03 Monoton\u00eda y signo de la derivada<\/a><\/p>\n<p><a href=\"https:\/\/www.geogebra.org\/m\/qmm3nwd3\">04 Funci\u00f3n derivada de una funci\u00f3n af\u00edn o lineal<\/a><\/p>\n<p><a href=\"https:\/\/www.geogebra.org\/m\/hydawhph\">05 Funci\u00f3n derivada de una funci\u00f3n polin\u00f3mica de grado dos<\/a><\/p>\n<p><a href=\"https:\/\/www.geogebra.org\/m\/y3udvwsp\">06 Funci\u00f3n derivada de una funci\u00f3n polin\u00f3mica de grado tres<\/a><\/p>\n<p><a href=\"https:\/\/www.geogebra.org\/m\/srf7kkc4\">07 Funci\u00f3n derivada de una funci\u00f3n exponencial<\/a><\/p>\n<p><a href=\"https:\/\/www.geogebra.org\/m\/kep6k4je\">08 Funci\u00f3n derivada de una funci\u00f3n logar\u00edtmica<\/a><\/p>\n<p><a href=\"https:\/\/www.geogebra.org\/m\/dwhwskuv\">09 Teorema de Bolzano<\/a><\/p>\n<p><a href=\"https:\/\/www.geogebra.org\/m\/epqmmxmr\">10 Teorema de Rolle<\/a><\/p>\n<p><a href=\"https:\/\/www.geogebra.org\/m\/du4khpyd\">11 Teorema del Valor Medio<\/a><\/p>\n<p><a href=\"https:\/\/www.geogebra.org\/m\/zsvrah9z\">12 Integral definida<\/a><\/p>\n<p><a href=\"https:\/\/www.geogebra.org\/m\/gsgyhyen\">13 \u00c1rea encerrada bajo una curva<\/a><\/p>\n","protected":false},"excerpt":{"rendered":"<p>Para abrir el recurso con Geogebra, haga clic sobre el enlace correspondiente: 01 TVM de una funci\u00f3n en un intervalo&#46;&#46;&#46;<\/p>\n","protected":false},"author":12306,"featured_media":0,"parent":0,"menu_order":0,"comment_status":"closed","ping_status":"closed","template":"","meta":{"_exactmetrics_skip_tracking":false,"_exactmetrics_sitenote_active":false,"_exactmetrics_sitenote_note":"","_exactmetrics_sitenote_category":0,"ngg_post_thumbnail":0,"footnotes":""},"aioseo_notices":[],"_links":{"self":[{"href":"https:\/\/blogsaverroes.juntadeandalucia.es\/elojodeeuler\/wp-json\/wp\/v2\/pages\/2281"}],"collection":[{"href":"https:\/\/blogsaverroes.juntadeandalucia.es\/elojodeeuler\/wp-json\/wp\/v2\/pages"}],"about":[{"href":"https:\/\/blogsaverroes.juntadeandalucia.es\/elojodeeuler\/wp-json\/wp\/v2\/types\/page"}],"author":[{"embeddable":true,"href":"https:\/\/blogsaverroes.juntadeandalucia.es\/elojodeeuler\/wp-json\/wp\/v2\/users\/12306"}],"replies":[{"embeddable":true,"href":"https:\/\/blogsaverroes.juntadeandalucia.es\/elojodeeuler\/wp-json\/wp\/v2\/comments?post=2281"}],"version-history":[{"count":19,"href":"https:\/\/blogsaverroes.juntadeandalucia.es\/elojodeeuler\/wp-json\/wp\/v2\/pages\/2281\/revisions"}],"predecessor-version":[{"id":3195,"href":"https:\/\/blogsaverroes.juntadeandalucia.es\/elojodeeuler\/wp-json\/wp\/v2\/pages\/2281\/revisions\/3195"}],"wp:attachment":[{"href":"https:\/\/blogsaverroes.juntadeandalucia.es\/elojodeeuler\/wp-json\/wp\/v2\/media?parent=2281"}],"curies":[{"name":"wp","href":"https:\/\/api.w.org\/{rel}","templated":true}]}}