{"id":2311,"date":"2023-01-29T20:57:23","date_gmt":"2023-01-29T19:57:23","guid":{"rendered":"https:\/\/blogsaverroes.juntadeandalucia.es\/elojodeeuler\/?page_id=2311"},"modified":"2024-07-11T19:13:40","modified_gmt":"2024-07-11T18:13:40","slug":"ggb-geometria-del-plano","status":"publish","type":"page","link":"https:\/\/blogsaverroes.juntadeandalucia.es\/elojodeeuler\/ggb-geometria-del-plano\/","title":{"rendered":"GGB GEOMETR\u00cdA DEL PLANO"},"content":{"rendered":"<p>Para abrir el recurso con Geogebra, haga clic sobre el enlace correspondiente:<\/p>\n<p><a href=\"https:\/\/www.geogebra.org\/m\/u2qfkfny\">01 Medida y clasificaci\u00f3n de \u00e1ngulos<\/a><\/p>\n<p><a href=\"https:\/\/www.geogebra.org\/m\/gsuxhjsa\">02 \u00c1ngulos complementarios<\/a><\/p>\n<p><a href=\"https:\/\/www.geogebra.org\/m\/raxew39w\">03 \u00c1ngulos suplementarios<\/a><\/p>\n<p><a href=\"https:\/\/www.geogebra.org\/m\/nquz9zny\">04 Suma de los \u00e1ngulos de un tri\u00e1ngulo<\/a><\/p>\n<p><a href=\"https:\/\/www.geogebra.org\/m\/ffaxa9z3\">05 Alturas. Ortocentro<\/a><\/p>\n<p><a href=\"https:\/\/www.geogebra.org\/m\/f4zd9jwk\">06 Medianas. Baricentro<\/a><\/p>\n<p><a href=\"https:\/\/www.geogebra.org\/m\/yj8mv43b\">07 Mediatrices. Circuncentro<\/a><\/p>\n<p><a href=\"https:\/\/www.geogebra.org\/m\/hwnk6jh8\">08 Bisectrices. Incentro<\/a><\/p>\n<p><a href=\"https:\/\/www.geogebra.org\/m\/rnznjtkc\">09 Recta de Euler<\/a><\/p>\n<p><a href=\"https:\/\/www.geogebra.org\/m\/aynmbcp7\">10 \u00c1ngulos inscrito y central<\/a><\/p>\n<p><a href=\"https:\/\/www.geogebra.org\/m\/yvxmhstd\">11 \u00c1ngulo inscrito recto<\/a><\/p>\n<p><a href=\"https:\/\/www.geogebra.org\/m\/wxxut9zq\">12 \u00c1rea de un rect\u00e1ngulo<\/a><\/p>\n<p><a href=\"https:\/\/www.geogebra.org\/m\/z8nkcpvr\">13 \u00c1rea de un romboide<\/a><\/p>\n<p><a href=\"https:\/\/www.geogebra.org\/m\/j6nv9nxc\">14 \u00c1rea de un tri\u00e1ngulo<\/a><\/p>\n<p><a href=\"https:\/\/www.geogebra.org\/m\/akbqejsd\">15 \u00c1rea de un rombo<\/a><\/p>\n<p><a href=\"https:\/\/www.geogebra.org\/m\/wgtmgdav\">16 \u00c1rea de un trapecio<\/a><\/p>\n<p><a href=\"https:\/\/www.geogebra.org\/m\/ksq2pcrx\">17 \u00c1rea y per\u00edmetro de un pol\u00edgono regular 1<\/a><\/p>\n<p><a href=\"https:\/\/www.geogebra.org\/m\/sb4tjvvj\">18 \u00c1rea y per\u00edmetro de un pol\u00edgono regular 2<\/a><\/p>\n<p><a href=\"https:\/\/www.geogebra.org\/m\/jj7gejfh\">19 Longitud de un arco de circunferencia<\/a><\/p>\n<p><a href=\"https:\/\/www.geogebra.org\/m\/eyun7u8w\">20 Longitud de una circunferencia<\/a><\/p>\n<p><a href=\"https:\/\/www.geogebra.org\/m\/vawumtca\">21 \u00c1rea de un c\u00edrculo<\/a><\/p>\n<p><a href=\"https:\/\/www.geogebra.org\/m\/p5xtnbyh\">22 \u00c1rea por descomposici\u00f3n en figuras simples<\/a><\/p>\n<p><a href=\"https:\/\/www.geogebra.org\/m\/fpyskrvb\">23 Teorema de Pit\u00e1goras<\/a><\/p>\n<p><a href=\"https:\/\/www.geogebra.org\/m\/hjyrxwas\">24 Teorema de Pit\u00e1goras. Demostraci\u00f3n<\/a><\/p>\n<p><a href=\"https:\/\/www.geogebra.org\/m\/faqau7h5\">25 Clasificaci\u00f3n de tri\u00e1ngulos<\/a><\/p>\n<p><a href=\"https:\/\/www.geogebra.org\/m\/tshy8m6t\">26 Per\u00edmetros y \u00e1reas de tri\u00e1ngulos semejantes<\/a><\/p>\n<p><a href=\"https:\/\/www.geogebra.org\/m\/k4tze6q7\">27 Per\u00edmetros y \u00e1reas de rect\u00e1ngulos semejantes<\/a><\/p>\n<p><a href=\"https:\/\/www.geogebra.org\/m\/jvtnrjzp\">28 Teorema de Tales<\/a><\/p>\n","protected":false},"excerpt":{"rendered":"<p>Para abrir el recurso con Geogebra, haga clic sobre el enlace correspondiente: 01 Medida y clasificaci\u00f3n de \u00e1ngulos 02 \u00c1ngulos&#46;&#46;&#46;<\/p>\n","protected":false},"author":12306,"featured_media":0,"parent":0,"menu_order":0,"comment_status":"closed","ping_status":"closed","template":"","meta":{"_exactmetrics_skip_tracking":false,"_exactmetrics_sitenote_active":false,"_exactmetrics_sitenote_note":"","_exactmetrics_sitenote_category":0,"ngg_post_thumbnail":0,"footnotes":""},"aioseo_notices":[],"_links":{"self":[{"href":"https:\/\/blogsaverroes.juntadeandalucia.es\/elojodeeuler\/wp-json\/wp\/v2\/pages\/2311"}],"collection":[{"href":"https:\/\/blogsaverroes.juntadeandalucia.es\/elojodeeuler\/wp-json\/wp\/v2\/pages"}],"about":[{"href":"https:\/\/blogsaverroes.juntadeandalucia.es\/elojodeeuler\/wp-json\/wp\/v2\/types\/page"}],"author":[{"embeddable":true,"href":"https:\/\/blogsaverroes.juntadeandalucia.es\/elojodeeuler\/wp-json\/wp\/v2\/users\/12306"}],"replies":[{"embeddable":true,"href":"https:\/\/blogsaverroes.juntadeandalucia.es\/elojodeeuler\/wp-json\/wp\/v2\/comments?post=2311"}],"version-history":[{"count":32,"href":"https:\/\/blogsaverroes.juntadeandalucia.es\/elojodeeuler\/wp-json\/wp\/v2\/pages\/2311\/revisions"}],"predecessor-version":[{"id":2346,"href":"https:\/\/blogsaverroes.juntadeandalucia.es\/elojodeeuler\/wp-json\/wp\/v2\/pages\/2311\/revisions\/2346"}],"wp:attachment":[{"href":"https:\/\/blogsaverroes.juntadeandalucia.es\/elojodeeuler\/wp-json\/wp\/v2\/media?parent=2311"}],"curies":[{"name":"wp","href":"https:\/\/api.w.org\/{rel}","templated":true}]}}