{"id":2740,"date":"2024-01-06T18:18:47","date_gmt":"2024-01-06T17:18:47","guid":{"rendered":"https:\/\/blogsaverroes.juntadeandalucia.es\/elojodeeuler\/?page_id=2740"},"modified":"2026-01-11T10:12:50","modified_gmt":"2026-01-11T09:12:50","slug":"canguro-matematico","status":"publish","type":"page","link":"https:\/\/blogsaverroes.juntadeandalucia.es\/elojodeeuler\/canguro-matematico\/","title":{"rendered":"CANGURO MATEM\u00c1TICO"},"content":{"rendered":"<p style=\"text-align: justify\">Qu\u00e9 es Canguro Matem\u00e1tico ?&nbsp;&nbsp;&nbsp; Web oficial&nbsp;&nbsp; <a href=\"https:\/\/canguromat.es\/\">https:\/\/canguromat.es\/<\/a><\/p>\n<p style=\"text-align: justify\"><img loading=\"lazy\" decoding=\"async\" class=\"size-full wp-image-4243 alignright\" src=\"https:\/\/blogsaverroes.juntadeandalucia.es\/elojodeeuler\/files\/2025\/08\/12-Canguro-B.png\" alt=\"\" width=\"210\" height=\"210\" srcset=\"https:\/\/blogsaverroes.juntadeandalucia.es\/elojodeeuler\/files\/2025\/08\/12-Canguro-B.png 210w, https:\/\/blogsaverroes.juntadeandalucia.es\/elojodeeuler\/files\/2025\/08\/12-Canguro-B-150x150.png 150w, https:\/\/blogsaverroes.juntadeandalucia.es\/elojodeeuler\/files\/2025\/08\/12-Canguro-B-80x80.png 80w\" sizes=\"(max-width: 210px) 100vw, 210px\" \/>Dada la creciente importancia de la formaci\u00f3n matem\u00e1tica en la sociedad actual, a un grupo de matem\u00e1ticos australianos se les ocurri\u00f3 la idea de organizar una competici\u00f3n que fomentara la resoluci\u00f3n de problemas matem\u00e1ticos. Bajo el formato de concurso de opci\u00f3n m\u00faltiple, el primero tuvo lugar en 1978. Desde entonces, el n\u00famero de escuelas australianas involucradas en la llamada <em>Competici\u00f3n Australiana de Matem\u00e1ticas<\/em> no ha parado de crecer. Poco despu\u00e9s, los profesores franceses Andr\u00e9 Deledicq y Jean Pierre Boudine visitaron a sus colegas australianos y tomaron nota de su competici\u00f3n. En 1990, decidieron iniciar un desaf\u00edo en Francia bajo el nombre de <em>Kangourou des Math\u00e9matiques<\/em> en homenaje a sus colegas australianos. El primer desaf\u00edo <em>Kangaroo<\/em> tuvo lugar el 15 de mayo de 1991. Dado el \u00e9xito, la idea se difundi\u00f3 r\u00e1pidamente por Europa y en mayo de 1993, tres equipos de profesores de Ruman\u00eda, Polonia y Bulgaria participaron en Kangaroo junto con Francia. Posteriormente, <em>Kangourou des Math\u00e9matiques<\/em> invit\u00f3 a organizadores de concursos matem\u00e1ticos de varios pa\u00edses europeos. El creciente n\u00famero de participantes en el desaf\u00edo del canguro en Francia atrajo la atenci\u00f3n de equipos de profesores de siete pa\u00edses: Bielorrusia, Hungr\u00eda, Pa\u00edses Bajos, Polonia, Ruman\u00eda, Rusia y Espa\u00f1a, que finalmente decidieron organizar el concurso en 1994. Nac\u00eda un <strong>concurso internacional<\/strong> que fomentaba la difusi\u00f3n de la cultura matem\u00e1tica b\u00e1sica.<\/p>\n<p style=\"text-align: justify\">Desde entonces y hasta hoy, la organizaci\u00f3n de Canguro Matem\u00e1tico ha quedado a cargo de la <strong>Federaci\u00f3n Espa\u00f1ola de Sociedades de Profesores de Matem\u00e1ticas (FESPM)<\/strong> dentro de la convocatoria que a nivel internacional realiza la <strong>Asociaci\u00f3n Kangourou Sans Fronti\u00e8res (AKSF)<\/strong>, cuyas bases son las siguientes:<\/p>\n<p style=\"text-align: justify\"><strong>Objetivos<\/strong><\/p>\n<p style=\"text-align: justify\">1. Es un concurso dirigido a todo el alumnado, no solo para los que obtienen las mejores calificaciones en Matem\u00e1ticas.<\/p>\n<p style=\"text-align: justify\">2. Pretende que la jornada dedicada a las pruebas sea una jornada entretenida y l\u00fadica, en la que cada participante afronte el reto personal para resolver distintas cuestiones matem\u00e1ticas de dificultad creciente, en la que resolver problemas matem\u00e1ticos resulte divertido.<\/p>\n<p style=\"text-align: justify\">3. Fomentar la mayor participaci\u00f3n sin discriminaci\u00f3n por sexo, alentando sobre todo a las chicas para afrontar las propuestas que plantea esta prueba.<\/p>\n<p style=\"text-align: justify\">4. Potenciar el gusto por las matem\u00e1ticas como paso previo al fomento del estudio de esta disciplina y que el alumnado pierda el miedo a todo lo relacionado con ella.<\/p>\n<p style=\"text-align: justify\"><strong>Inscripci\u00f3n<\/strong><\/p>\n<p style=\"text-align: justify\">Puede participar el alumnado de 5\u00ba\/6\u00ba de Educaci\u00f3n Primaria, de Educaci\u00f3n Secundaria&nbsp; y de Bachillerato, as\u00ed como el alumnado de Ciclos de Grado Medio o Grado Superior, de cualquier centro p\u00fablico, privado o concertado. Cada centro tiene que cumplimentar un formulario de inscripci\u00f3n antes de la fecha l\u00edmite establecida en la convocatoria anual. En la edici\u00f3n de 2026, la cuota de inscripci\u00f3n por cada participante es de 5 \u20ac. La inscripci\u00f3n del alumnado la realiza un\/a docente responsable de cada centro a trav\u00e9s de un formulario. La dificultad de las preguntas en la prueba est\u00e1 en funci\u00f3n del nivel correspondiente: 5\u00ba y 6\u00ba Primaria, desde <em>1\u00ba a 4\u00baESO, <\/em><em>1\u00ba y 2\u00ba de&nbsp; Bachillerato <\/em><em>y<\/em> sus correspondientes cursos en los <em>Grados Medio<\/em> y <em>Superior<\/em>.<\/p>\n<p style=\"text-align: justify\"><strong>Prueba<br \/>\n<\/strong><\/p>\n<p style=\"text-align: justify\">Las pruebas para cada uno de los niveles tienen lugar en fecha y hora que oportunamente se anuncian con antelaci\u00f3n. En 2026 la fecha ser\u00e1 el 24 de marzo. Se realizan en cada centro participante dentro del horario lectivo. La prueba para cada nivel consiste en la realizaci\u00f3n de un test de 30 preguntas de respuesta m\u00faltiple con una duraci\u00f3n de 75 minutos.<\/p>\n<p style=\"text-align: justify\"><strong>Premios<\/strong><\/p>\n<p style=\"text-align: justify\">El alumnado participante recibe un regalo adem\u00e1s del correspondiente diploma que acredita su participaci\u00f3n. Los mejores clasificados en cada uno de los niveles establecidos reciben premios especiales y regalos concedidos por la FESPM y por las entidades que colaboran en esta edici\u00f3n. Todos los premios se env\u00edan a los centros educativos.<\/p>\n","protected":false},"excerpt":{"rendered":"<p>Qu\u00e9 es Canguro Matem\u00e1tico ?&nbsp;&nbsp;&nbsp; Web oficial&nbsp;&nbsp; https:\/\/canguromat.es\/ Dada la creciente importancia de la formaci\u00f3n matem\u00e1tica en la sociedad actual,&#46;&#46;&#46;<\/p>\n","protected":false},"author":12306,"featured_media":0,"parent":0,"menu_order":0,"comment_status":"closed","ping_status":"closed","template":"","meta":{"_exactmetrics_skip_tracking":false,"_exactmetrics_sitenote_active":false,"_exactmetrics_sitenote_note":"","_exactmetrics_sitenote_category":0,"ngg_post_thumbnail":0,"footnotes":""},"aioseo_notices":[],"_links":{"self":[{"href":"https:\/\/blogsaverroes.juntadeandalucia.es\/elojodeeuler\/wp-json\/wp\/v2\/pages\/2740"}],"collection":[{"href":"https:\/\/blogsaverroes.juntadeandalucia.es\/elojodeeuler\/wp-json\/wp\/v2\/pages"}],"about":[{"href":"https:\/\/blogsaverroes.juntadeandalucia.es\/elojodeeuler\/wp-json\/wp\/v2\/types\/page"}],"author":[{"embeddable":true,"href":"https:\/\/blogsaverroes.juntadeandalucia.es\/elojodeeuler\/wp-json\/wp\/v2\/users\/12306"}],"replies":[{"embeddable":true,"href":"https:\/\/blogsaverroes.juntadeandalucia.es\/elojodeeuler\/wp-json\/wp\/v2\/comments?post=2740"}],"version-history":[{"count":27,"href":"https:\/\/blogsaverroes.juntadeandalucia.es\/elojodeeuler\/wp-json\/wp\/v2\/pages\/2740\/revisions"}],"predecessor-version":[{"id":4948,"href":"https:\/\/blogsaverroes.juntadeandalucia.es\/elojodeeuler\/wp-json\/wp\/v2\/pages\/2740\/revisions\/4948"}],"wp:attachment":[{"href":"https:\/\/blogsaverroes.juntadeandalucia.es\/elojodeeuler\/wp-json\/wp\/v2\/media?parent=2740"}],"curies":[{"name":"wp","href":"https:\/\/api.w.org\/{rel}","templated":true}]}}