{"id":2758,"date":"2024-01-06T19:48:14","date_gmt":"2024-01-06T18:48:14","guid":{"rendered":"https:\/\/blogsaverroes.juntadeandalucia.es\/elojodeeuler\/?page_id=2758"},"modified":"2024-07-11T19:11:57","modified_gmt":"2024-07-11T18:11:57","slug":"geogebra","status":"publish","type":"page","link":"https:\/\/blogsaverroes.juntadeandalucia.es\/elojodeeuler\/geogebra\/","title":{"rendered":"GEOGEBRA"},"content":{"rendered":"<p>Web oficial de Geogebra&nbsp;&nbsp;&nbsp;&nbsp; <a href=\"https:\/\/www.geogebra.org\/\">https:\/\/www.geogebra.org\/<\/a><\/p>\n<p style=\"text-align: justify\">GeoGebra es un software matem\u00e1tico din\u00e1mico para todos los niveles educativos que re\u00fane geometr\u00eda, \u00e1lgebra, hojas de c\u00e1lculo, gr\u00e1ficas, estad\u00edsticas y c\u00e1lculo en un solo motor. Ofrece una plataforma en l\u00ednea con m\u00e1s de 1 mill\u00f3n de recursos gratuitos para el aula creados por nuestra comunidad multiling\u00fce. Estos recursos se pueden compartir f\u00e1cilmente a trav\u00e9s de nuestra plataforma de colaboraci\u00f3n GeoGebra Classroom donde se puede monitorear el progreso de los estudiantes en tiempo real.<\/p>\n<p style=\"text-align: justify\">GeoGebra es una comunidad de millones de usuarios ubicados en casi todos los pa\u00edses. Se ha convertido en el proveedor l\u00edder de software de matem\u00e1ticas din\u00e1micas, apoyando la educaci\u00f3n en Ciencia, Tecnolog\u00eda, Ingenier\u00eda y Matem\u00e1ticas (STEM) y las innovaciones en la ense\u00f1anza y el aprendizaje en todo el mundo. El motor matem\u00e1tico de GeoGebra impulsa cientos de sitios web educativos en todo el mundo de diferentes maneras, desde demostraciones simples hasta sistemas completos de evaluaci\u00f3n en l\u00ednea.<\/p>\n<p style=\"text-align: justify\">En 2021, GeoGebra ha pasado a formar parte de la familia BYJU con cientos de millones de estudiantes en sus plataformas de aprendizaje. Las aplicaciones de GeoGebra, los recursos para el aula, GeoGebra Classroom y otras funciones seguir\u00e1n estando disponibles para el p\u00fablico de forma gratuita. GeoGebra contin\u00faa operando como una unidad independiente dentro del grupo BYJU bajo el liderazgo de los fundadores y desarrolladores originales de GeoGebra.<\/p>\n<ul class=\"list-style-default browser-default\">\n<li style=\"text-align: justify\">Conectamos geometr\u00eda, \u00e1lgebra y hoja de c\u00e1lculo de forma completamente din\u00e1mica.<\/li>\n<li style=\"text-align: justify\">Interfaz muy f\u00e1cil de usar, a pesar de contar con poderosas herramientas.<\/li>\n<li style=\"text-align: justify\">Herramienta de autor\u00eda para crear materiales de aprendizaje interactivos como p\u00e1ginas web.<\/li>\n<li style=\"text-align: justify\">Disponible en varios idiomas, para nuestros millones de usuarios en todo el mundo.<\/li>\n<li style=\"text-align: justify\">Software de c\u00f3digo abierto disponible gratuitamente para usos no comerciales.<\/li>\n<\/ul>\n","protected":false},"excerpt":{"rendered":"<p>Web oficial de Geogebra&nbsp;&nbsp;&nbsp;&nbsp; https:\/\/www.geogebra.org\/ GeoGebra es un software matem\u00e1tico din\u00e1mico para todos los niveles educativos que re\u00fane geometr\u00eda, \u00e1lgebra,&#46;&#46;&#46;<\/p>\n","protected":false},"author":12306,"featured_media":0,"parent":0,"menu_order":0,"comment_status":"closed","ping_status":"closed","template":"","meta":{"_exactmetrics_skip_tracking":false,"_exactmetrics_sitenote_active":false,"_exactmetrics_sitenote_note":"","_exactmetrics_sitenote_category":0,"ngg_post_thumbnail":0,"footnotes":""},"aioseo_notices":[],"_links":{"self":[{"href":"https:\/\/blogsaverroes.juntadeandalucia.es\/elojodeeuler\/wp-json\/wp\/v2\/pages\/2758"}],"collection":[{"href":"https:\/\/blogsaverroes.juntadeandalucia.es\/elojodeeuler\/wp-json\/wp\/v2\/pages"}],"about":[{"href":"https:\/\/blogsaverroes.juntadeandalucia.es\/elojodeeuler\/wp-json\/wp\/v2\/types\/page"}],"author":[{"embeddable":true,"href":"https:\/\/blogsaverroes.juntadeandalucia.es\/elojodeeuler\/wp-json\/wp\/v2\/users\/12306"}],"replies":[{"embeddable":true,"href":"https:\/\/blogsaverroes.juntadeandalucia.es\/elojodeeuler\/wp-json\/wp\/v2\/comments?post=2758"}],"version-history":[{"count":2,"href":"https:\/\/blogsaverroes.juntadeandalucia.es\/elojodeeuler\/wp-json\/wp\/v2\/pages\/2758\/revisions"}],"predecessor-version":[{"id":2760,"href":"https:\/\/blogsaverroes.juntadeandalucia.es\/elojodeeuler\/wp-json\/wp\/v2\/pages\/2758\/revisions\/2760"}],"wp:attachment":[{"href":"https:\/\/blogsaverroes.juntadeandalucia.es\/elojodeeuler\/wp-json\/wp\/v2\/media?parent=2758"}],"curies":[{"name":"wp","href":"https:\/\/api.w.org\/{rel}","templated":true}]}}