{"id":3216,"date":"2024-08-06T17:41:30","date_gmt":"2024-08-06T16:41:30","guid":{"rendered":"https:\/\/blogsaverroes.juntadeandalucia.es\/elojodeeuler\/?page_id=3216"},"modified":"2024-08-06T17:44:08","modified_gmt":"2024-08-06T16:44:08","slug":"ggb-numeros","status":"publish","type":"page","link":"https:\/\/blogsaverroes.juntadeandalucia.es\/elojodeeuler\/ggb-numeros\/","title":{"rendered":"GGB N\u00daMEROS"},"content":{"rendered":"<p>Para abrir el recurso con Geogebra, haga clic sobre el enlace correspondiente:<\/p>\n<p><a href=\"https:\/\/www.geogebra.org\/m\/xvzxccs6\" target=\"_blank\" rel=\"noopener\">01 N\u00fameros poligonales<\/a><\/p>\n<p><a href=\"https:\/\/www.geogebra.org\/m\/hjck6eek\" target=\"_blank\" rel=\"noopener\">02 Ra\u00edz cuadrada. \u00c1rea de un cuadrado<\/a><\/p>\n<p><a href=\"https:\/\/www.geogebra.org\/m\/yswnkdg2\" target=\"_blank\" rel=\"noopener\">03 Divisores de un n\u00famero natural<\/a><\/p>\n<p><a href=\"https:\/\/www.geogebra.org\/m\/kvanzmey\" target=\"_blank\" rel=\"noopener\">04 Suma de dos n\u00fameros enteros<\/a><\/p>\n","protected":false},"excerpt":{"rendered":"<p>Para abrir el recurso con Geogebra, haga clic sobre el enlace correspondiente: 01 N\u00fameros poligonales 02 Ra\u00edz cuadrada. \u00c1rea de&#46;&#46;&#46;<\/p>\n","protected":false},"author":12306,"featured_media":0,"parent":0,"menu_order":0,"comment_status":"closed","ping_status":"closed","template":"","meta":{"_exactmetrics_skip_tracking":false,"_exactmetrics_sitenote_active":false,"_exactmetrics_sitenote_note":"","_exactmetrics_sitenote_category":0,"ngg_post_thumbnail":0,"footnotes":""},"aioseo_notices":[],"_links":{"self":[{"href":"https:\/\/blogsaverroes.juntadeandalucia.es\/elojodeeuler\/wp-json\/wp\/v2\/pages\/3216"}],"collection":[{"href":"https:\/\/blogsaverroes.juntadeandalucia.es\/elojodeeuler\/wp-json\/wp\/v2\/pages"}],"about":[{"href":"https:\/\/blogsaverroes.juntadeandalucia.es\/elojodeeuler\/wp-json\/wp\/v2\/types\/page"}],"author":[{"embeddable":true,"href":"https:\/\/blogsaverroes.juntadeandalucia.es\/elojodeeuler\/wp-json\/wp\/v2\/users\/12306"}],"replies":[{"embeddable":true,"href":"https:\/\/blogsaverroes.juntadeandalucia.es\/elojodeeuler\/wp-json\/wp\/v2\/comments?post=3216"}],"version-history":[{"count":3,"href":"https:\/\/blogsaverroes.juntadeandalucia.es\/elojodeeuler\/wp-json\/wp\/v2\/pages\/3216\/revisions"}],"predecessor-version":[{"id":3219,"href":"https:\/\/blogsaverroes.juntadeandalucia.es\/elojodeeuler\/wp-json\/wp\/v2\/pages\/3216\/revisions\/3219"}],"wp:attachment":[{"href":"https:\/\/blogsaverroes.juntadeandalucia.es\/elojodeeuler\/wp-json\/wp\/v2\/media?parent=3216"}],"curies":[{"name":"wp","href":"https:\/\/api.w.org\/{rel}","templated":true}]}}