{"id":3370,"date":"2024-08-30T18:47:09","date_gmt":"2024-08-30T17:47:09","guid":{"rendered":"https:\/\/blogsaverroes.juntadeandalucia.es\/elojodeeuler\/?page_id=3370"},"modified":"2025-08-21T12:27:47","modified_gmt":"2025-08-21T10:27:47","slug":"steam","status":"publish","type":"page","link":"https:\/\/blogsaverroes.juntadeandalucia.es\/elojodeeuler\/steam\/","title":{"rendered":"STEAM"},"content":{"rendered":"<h3>Qu\u00e9 es el enfoque o educaci\u00f3n STEAM<\/h3>\n<p style=\"text-align: justify\">La educaci\u00f3n STEAM es un enfoque pedag\u00f3gico que integra las materias de ciencias, tecnolog\u00eda, ingenier\u00eda, arte y matem\u00e1ticas. En contraste con la forma tradicional de ense\u00f1ar estas disciplinas por separado, desde STEAM se persigue la interconexi\u00f3n de los contenidos y la aplicaci\u00f3n pr\u00e1ctica de los conocimientos en situaciones del mundo real. Aparte del estudio b\u00e1sico de conceptos y procedimientos, STEAM pretende desarrollar competencias clave como el pensamiento cr\u00edtico, la resoluci\u00f3n de problemas, la colaboraci\u00f3n, la comunicaci\u00f3n, la curiosidad o la creatividad, as\u00ed como adquirir una comprensi\u00f3n m\u00e1s profunda y en contexto de las ideas esenciales.<\/p>\n<h3>El acr\u00f3nimo STEAM deriva de las iniciales de las disciplinas que abarca<\/h3>\n<p style=\"text-align: justify\"><strong>1. Science (Ciencia).<\/strong> Explorar y comprender el mundo natural a trav\u00e9s de la observaci\u00f3n, la experimentaci\u00f3n y el an\u00e1lisis.<\/p>\n<p style=\"text-align: justify\"><strong>2. Technology (Tecnolog\u00eda). <\/strong>Utilizar herramientas y recursos tecnol\u00f3gicos para resolver problemas de la vida cotidiana.<\/p>\n<p style=\"text-align: justify\"><strong>3. Engineering (Ingenier\u00eda).<\/strong> Dise\u00f1ar y construir soluciones creativas para desaf\u00edos t\u00e9cnicos y problemas pr\u00e1cticos.<\/p>\n<p style=\"text-align: justify\"><strong>4. Art (Arte). <\/strong>Aplicar la creatividad y la est\u00e9tica en la resoluci\u00f3n de problemas y en la expresi\u00f3n personal.<\/p>\n<p style=\"text-align: justify\"><strong>5. Mathematics (Matem\u00e1ticas).<\/strong> Utilizar habilidades num\u00e9ricas y de razonamiento l\u00f3gico para analizar y resolver problemas.<\/p>\n<h3>Ventajas del enfoque STEAM<\/h3>\n<p style=\"text-align: justify\">A) FOMENTA EL PENSAMIENTO CR\u00cdTICO Y LA RESOLUCI\u00d3N DE PROBLEMAS. Analizar y resolver problemas complejos. Aprender a plantear preguntas, a investigar y a buscar soluciones de forma aut\u00f3noma. Desarrollar habilidades para enfrentar desaf\u00edos en diversas \u00e1reas de la vida.<\/p>\n<p style=\"text-align: justify\">B) ESTIMULA LA CREATIVIDAD Y LA INNOVACI\u00d3N. Integrar el arte para fomentar la creatividad y la innovaci\u00f3n. Explorar diferentes formas de expresi\u00f3n art\u00edstica y de aplicar la creatividad en la resoluci\u00f3n de problemas. Promover el pensamiento divergente y la generaci\u00f3n de ideas originales.<\/p>\n<p style=\"text-align: justify\">C) PREPARA PARA EL MUNDO LABORAL DEL SIGLO XXI. Enfrentar los desaf\u00edos del mundo laboral de este siglo. Desarrollar las habilidades y competencias necesarias para adaptarse a un entorno en constante cambio. En un mundo cada vez m\u00e1s impulsado por la tecnolog\u00eda y la innovaci\u00f3n, en las ofertas de empleo se necesitan profesionales con habilidades STEAM.&nbsp;<\/p>\n<p style=\"text-align: justify\">D) FOMENTA LA COLABORACI\u00d3N Y EL TRABAJO EN EQUIPO. Comunicarse, compartir ideas y resolver problemas de manera conjunta para conseguir un objetivo com\u00fan. Colaborar y trabajar de forma cooperativa en entornos profesionales y acad\u00e9micos.<\/p>\n<p style=\"text-align: justify\">E) PROMUEVE LA IGUALDAD DE G\u00c9NERO Y LA DIVERSIDAD. Abordar la brecha de g\u00e9nero y la falta de diversidad en las disciplinas cient\u00edficas. Crear un ambiente inclusivo para personas de distinta cuna y con distintas habilidades. Superar los estereotipos de g\u00e9nero y fomentar la participaci\u00f3n equitativa en las \u00e1reas de ciencia, tecnolog\u00eda, ingenier\u00eda y matem\u00e1ticas.<\/p>\n<h3 class=\"wp-block-heading\">Nadie dijo que fuera f\u00e1cil<\/h3>\n<p style=\"text-align: justify\">Algunas sugerencias para implementar la metodolog\u00eda STEAM:<\/p>\n<p class=\"wp-block-heading\" style=\"text-align: justify\">1. <strong>Proyectos y desaf\u00edos interdisciplinarios<\/strong>. A trav\u00e9s de ellos, hay que trabajar en equipo para abordar problemas complejos que requieran el uso de conocimientos y habilidades de m\u00faltiples disciplinas.<\/p>\n<p class=\"wp-block-heading\" style=\"text-align: justify\">2. <strong>Enfoque basado en problemas<\/strong>. Hay que enfrentarse a problemas reales o ficticios que requieran la aplicaci\u00f3n de conocimientos y habilidades de m\u00faltiples disciplinas para encontrar soluciones.<\/p>\n<p class=\"wp-block-heading\" style=\"text-align: justify\">3. <strong>Colaboraci\u00f3n con personal experto y profesionales de diversas disciplinas<\/strong>. Se obtiene una visi\u00f3n m\u00e1s amplia de lo aprendido invitando a especialistas a dar charlas o talleres, o estableciendo asociaciones con empresas y organizaciones locales.<\/p>\n<p class=\"wp-block-heading\" style=\"text-align: justify\">4. <strong>Integraci\u00f3n de la tecnolog\u00eda y las herramientas digitales<\/strong>. El uso de dispositivos, software y aplicaciones relacionados con las disciplinas STEAM permite explorar conceptos de manera interactiva y desarrollar habilidades digitales esenciales en el siglo XXI. Adem\u00e1s, se pueden utilizar herramientas como la programaci\u00f3n y la impresi\u00f3n 3D para crear prototipos y soluciones innovadoras.<\/p>\n<h3 class=\"wp-block-heading\">Recursos \u00fatiles<\/h3>\n<p style=\"text-align: justify\">Algunos enlaces a portales con recursos para aplicar el enfoque STEAM:<\/p>\n<p style=\"text-align: justify\"><a href=\"https:\/\/crea-portaldemedios.siemens-stiftung.org\/\" target=\"_blank\" rel=\"noopener\">Centro de Recursos Educativos Abiertos CREA <\/a>&nbsp;Cientos&nbsp; de materiales gratuitos y de libre acceso para la ense\u00f1anza de las materias STEAM y otras relacionadas.<\/p>\n<p style=\"text-align: justify\"><a href=\"https:\/\/www.cientificascasio.com\/recursos\" target=\"_blank\" rel=\"noopener\">CASIO Recursos STEAM<\/a> &nbsp; Recursos y materiales did\u00e1cticos con referencia al papel de las mujeres en las disciplinas STEAM<\/p>\n<p style=\"text-align: justify\"><a href=\"https:\/\/www.nasa.gov\/aeroes\/recursos-stem\/\" target=\"_blank\" rel=\"noopener\">NASA Recursos STEAM<\/a>&nbsp; Recursos educativos basados en la ciencia y la exploraci\u00f3n espacial. Para mayor cantidad de contenidos, visitar el programa <a href=\"https:\/\/www.nasa.gov\/stem\">NASA STEAM Engagement<\/a> (en ingl\u00e9s).<\/p>\n<p style=\"text-align: justify\"><a href=\"https:\/\/www.khanacademy.org\/\" target=\"_blank\" rel=\"noopener\">Khan Academy<\/a> &nbsp; Lecciones y ejercicios interactivos en matem\u00e1ticas, ciencias y programaci\u00f3n.<\/p>\n<p style=\"text-align: justify\"><a href=\"https:\/\/code.org\/\" target=\"_blank\" rel=\"noopener\">Code.org<\/a> &nbsp; Recursos gratuitos para desarrollar habilidades de pensamiento computacional.<\/p>\n<p style=\"text-align: justify\"><a href=\"https:\/\/scratch.mit.edu\/\" target=\"_blank\" rel=\"noopener\">Scratch<\/a> &nbsp; Plataforma en l\u00ednea para iniciarse en programaci\u00f3n y crear proyectos interactivos.<\/p>\n<p style=\"text-align: justify\"><a href=\"https:\/\/www.tinkercad.com\/\" target=\"_blank\" rel=\"noopener\">Tinkercad<\/a>&nbsp; Plataforma online gratuita para dise\u00f1o 3D, electr\u00f3nica y codificaci\u00f3n, ideal para proyectos de ingenier\u00eda y tecnolog\u00eda.<\/p>\n","protected":false},"excerpt":{"rendered":"<p>Qu\u00e9 es el enfoque o educaci\u00f3n STEAM La educaci\u00f3n STEAM es un enfoque pedag\u00f3gico que integra las materias de ciencias,&#46;&#46;&#46;<\/p>\n","protected":false},"author":12306,"featured_media":0,"parent":0,"menu_order":0,"comment_status":"closed","ping_status":"closed","template":"","meta":{"_exactmetrics_skip_tracking":false,"_exactmetrics_sitenote_active":false,"_exactmetrics_sitenote_note":"","_exactmetrics_sitenote_category":0,"ngg_post_thumbnail":0,"footnotes":""},"aioseo_notices":[],"_links":{"self":[{"href":"https:\/\/blogsaverroes.juntadeandalucia.es\/elojodeeuler\/wp-json\/wp\/v2\/pages\/3370"}],"collection":[{"href":"https:\/\/blogsaverroes.juntadeandalucia.es\/elojodeeuler\/wp-json\/wp\/v2\/pages"}],"about":[{"href":"https:\/\/blogsaverroes.juntadeandalucia.es\/elojodeeuler\/wp-json\/wp\/v2\/types\/page"}],"author":[{"embeddable":true,"href":"https:\/\/blogsaverroes.juntadeandalucia.es\/elojodeeuler\/wp-json\/wp\/v2\/users\/12306"}],"replies":[{"embeddable":true,"href":"https:\/\/blogsaverroes.juntadeandalucia.es\/elojodeeuler\/wp-json\/wp\/v2\/comments?post=3370"}],"version-history":[{"count":11,"href":"https:\/\/blogsaverroes.juntadeandalucia.es\/elojodeeuler\/wp-json\/wp\/v2\/pages\/3370\/revisions"}],"predecessor-version":[{"id":4254,"href":"https:\/\/blogsaverroes.juntadeandalucia.es\/elojodeeuler\/wp-json\/wp\/v2\/pages\/3370\/revisions\/4254"}],"wp:attachment":[{"href":"https:\/\/blogsaverroes.juntadeandalucia.es\/elojodeeuler\/wp-json\/wp\/v2\/media?parent=3370"}],"curies":[{"name":"wp","href":"https:\/\/api.w.org\/{rel}","templated":true}]}}