{"id":362,"date":"2022-01-07T21:19:30","date_gmt":"2022-01-07T20:19:30","guid":{"rendered":"https:\/\/blogsaverroes.juntadeandalucia.es\/elojodeeuler\/?page_id=362"},"modified":"2025-08-21T12:20:24","modified_gmt":"2025-08-21T10:20:24","slug":"canales-de-video","status":"publish","type":"page","link":"https:\/\/blogsaverroes.juntadeandalucia.es\/elojodeeuler\/canales-de-video\/","title":{"rendered":"CANALES DE V\u00cdDEO"},"content":{"rendered":"<p style=\"text-align: justify\"><a href=\"https:\/\/www.youtube.com\/channel\/UC8990vw6B0q0DJTXtAPATgw\"><img loading=\"lazy\" decoding=\"async\" class=\"alignright wp-image-199\" src=\"https:\/\/blogsaverroes.juntadeandalucia.es\/elojodeeuler\/files\/2022\/01\/Logotipo-Canal-576x576-1-150x150.png\" alt=\"\" width=\"150\" height=\"150\" srcset=\"https:\/\/blogsaverroes.juntadeandalucia.es\/elojodeeuler\/files\/2022\/01\/Logotipo-Canal-576x576-1-150x150.png 150w, https:\/\/blogsaverroes.juntadeandalucia.es\/elojodeeuler\/files\/2022\/01\/Logotipo-Canal-576x576-1-300x300.png 300w, https:\/\/blogsaverroes.juntadeandalucia.es\/elojodeeuler\/files\/2022\/01\/Logotipo-Canal-576x576-1-332x332.png 332w, https:\/\/blogsaverroes.juntadeandalucia.es\/elojodeeuler\/files\/2022\/01\/Logotipo-Canal-576x576-1-432x432.png 432w, https:\/\/blogsaverroes.juntadeandalucia.es\/elojodeeuler\/files\/2022\/01\/Logotipo-Canal-576x576-1-268x268.png 268w, https:\/\/blogsaverroes.juntadeandalucia.es\/elojodeeuler\/files\/2022\/01\/Logotipo-Canal-576x576-1.png 576w\" sizes=\"(max-width: 150px) 100vw, 150px\" \/><\/a>MATEM\u00c1TICAS LA BAH\u00cdA es un canal creado con la intenci\u00f3n de fomentar el conocimiento de las Matem\u00e1ticas en sus distintas facetas, ya sea a trav\u00e9s de v\u00eddeos de elaboraci\u00f3n propia o de autor\u00eda ajena, l\u00f3gicamente citando en estos casos a la fuente original. Es un canal de acceso gratuito y sin cortes de publicidad.<\/p>\n<p style=\"text-align: justify\">Si desea acceder al listado de v\u00eddeos subidos al canal hasta la fecha de hoy, haga clic sobre el siguiente enlace:<\/p>\n<p><a href=\"https:\/\/www.youtube.com\/channel\/UC8990vw6B0q0DJTXtAPATgw\">https:\/\/www.youtube.com\/channel\/UC8990vw6B0q0DJTXtAPATgw<\/a><\/p>\n<p style=\"text-align: justify\">Por otra parte, si desea acceder a alguno de los v\u00eddeos del canal directamente desde esta p\u00e1gina, b\u00fasquelo en el siguiente listado y haga clic sobre el enlace correspondiente:<\/p>\n<p><strong>N\u00daMEROS RACIONALES<\/strong><\/p>\n<p><a href=\"https:\/\/youtu.be\/I52HCIgj5eE\" target=\"_blank\" rel=\"noopener noreferrer\">01. De fracci\u00f3n a n\u00famero decimal.<\/a><\/p>\n<p><a href=\"https:\/\/youtu.be\/qhpmU2ifs2Q\" target=\"_blank\" rel=\"noopener noreferrer\">02. Orden entre n\u00fameros decimales.<\/a><\/p>\n<p><a href=\"https:\/\/youtu.be\/Wn-V_13SoIM\" target=\"_blank\" rel=\"noopener noreferrer\">03. Fracci\u00f3n generatriz de un decimal peri\u00f3dico puro.<\/a><\/p>\n<p><a href=\"https:\/\/youtu.be\/ZvVwp0R8vYc\" target=\"_blank\" rel=\"noopener noreferrer\">04. Fracci\u00f3n generatriz de un decimal peri\u00f3dico mixto.<\/a><\/p>\n<p><a href=\"https:\/\/youtu.be\/3hO-Ty1jbJM\" target=\"_blank\" rel=\"noopener noreferrer\">05. Sumas y restas de n\u00fameros decimales peri\u00f3dicos.<\/a><\/p>\n<p><strong>PROBLEMAS CON FRACCIONES<\/strong><\/p>\n<p><a href=\"https:\/\/youtu.be\/0hOtubjZ6ZI\" target=\"_blank\" rel=\"noopener noreferrer\">01. Problemas con fracciones I.<\/a><\/p>\n<p><a href=\"https:\/\/youtu.be\/aZiqJi0N6Lo\" target=\"_blank\" rel=\"noopener noreferrer\">02. Problemas con fracciones II.<\/a><\/p>\n<p><a href=\"https:\/\/youtu.be\/_NNyFK0r0fs\" target=\"_blank\" rel=\"noopener noreferrer\">03. Problemas con fracciones III.<\/a><\/p>\n<p><a href=\"https:\/\/youtu.be\/pUn4nHWw2BA\" target=\"_blank\" rel=\"noopener noreferrer\">04. Problemas con fracciones IV.<\/a><\/p>\n<p><strong>POTENCIAS<\/strong><\/p>\n<p><a href=\"https:\/\/youtu.be\/RkQhU1qSAdQ\" target=\"_blank\" rel=\"noopener noreferrer\">01. Potencias de base entera.<\/a><\/p>\n<p><a href=\"https:\/\/youtu.be\/qwMnLqIURTo\" target=\"_blank\" rel=\"noopener noreferrer\">02. Potencias de exponente entero I.<\/a><\/p>\n<p><a href=\"https:\/\/youtu.be\/vz9RFXKJAig\" target=\"_blank\" rel=\"noopener noreferrer\">03. Potencias de exponente entero II.<\/a><\/p>\n<p><a href=\"https:\/\/youtu.be\/OzfUEDNMY_0\" target=\"_blank\" rel=\"noopener noreferrer\">04. Potencias de exponente entero III.<\/a><\/p>\n<p><a href=\"https:\/\/youtu.be\/HV_dLzEjDkE\" target=\"_blank\" rel=\"noopener noreferrer\">05. Operaciones con fracciones de exponente entero.<\/a><\/p>\n<p><strong>N\u00daMEROS REALES<\/strong><\/p>\n<p><a href=\"https:\/\/youtu.be\/QktQvmfirW0\" target=\"_blank\" rel=\"noopener noreferrer\">01. N\u00fameros reales I.<\/a><\/p>\n<p><a href=\"https:\/\/youtu.be\/pP83DBPldn8\" target=\"_blank\" rel=\"noopener noreferrer\">02. N\u00fameros reales II.<\/a><\/p>\n<p><a href=\"https:\/\/youtu.be\/ovxPV13i4aQ\" target=\"_blank\" rel=\"noopener noreferrer\">03. Signos de desigualdad.<\/a><\/p>\n<p><a href=\"https:\/\/youtu.be\/PidH0RHgZeE\" target=\"_blank\" rel=\"noopener noreferrer\">04. Intervalos de n\u00fameros reales I.<\/a><\/p>\n<p><a href=\"https:\/\/youtu.be\/Hyk_UPjvTMI\" target=\"_blank\" rel=\"noopener noreferrer\">05. Intervalos de n\u00fameros reales II.<\/a><\/p>\n<p><a href=\"https:\/\/youtu.be\/CESjtOKIXq0\" target=\"_blank\" rel=\"noopener noreferrer\">06. Intervalos de n\u00fameros reales III.<\/a><\/p>\n<p><strong>\u00c1LGEBRA<\/strong><\/p>\n<p><a href=\"https:\/\/youtu.be\/x49MF4novwU\" target=\"_blank\" rel=\"noopener noreferrer\">01. Expresiones algebraicas.<\/a><\/p>\n<p><a href=\"https:\/\/youtu.be\/iDAwdfFWHc8\" target=\"_blank\" rel=\"noopener noreferrer\">02. Valor num\u00e9rico de una expresi\u00f3n algebraica.<\/a><\/p>\n<p><a href=\"https:\/\/youtu.be\/6SyA-hdQBjE\" target=\"_blank\" rel=\"noopener noreferrer\">03. Monomios.<\/a><\/p>\n<p><a href=\"https:\/\/youtu.be\/9KRskRqjbq4\" target=\"_blank\" rel=\"noopener noreferrer\">04. Operaciones con monomios.<\/a><\/p>\n<p><a href=\"https:\/\/youtu.be\/yJWNAd-506o\" target=\"_blank\" rel=\"noopener noreferrer\">05. Ecuaci\u00f3n de primer grado. Concepto<\/a><\/p>\n<p><a href=\"https:\/\/youtu.be\/Bx4HDG5FVxQ\" target=\"_blank\" rel=\"noopener noreferrer\">06. Ecuaci\u00f3n de primer grado. Resoluci\u00f3n I.<\/a><\/p>\n<p><a href=\"https:\/\/youtu.be\/oW-C1xKx49Q\" target=\"_blank\" rel=\"noopener noreferrer\">07. Ecuaci\u00f3n de primer grado. Resoluci\u00f3n II.<\/a><\/p>\n<p><a href=\"https:\/\/youtu.be\/mHxS68GK1Dw\" target=\"_blank\" rel=\"noopener noreferrer\">08. Ecuaci\u00f3n de primer grado. Resoluci\u00f3n III.<\/a><\/p>\n<p><a href=\"https:\/\/youtu.be\/CVSRm0WTrQc\" target=\"_blank\" rel=\"noopener noreferrer\">09. Polinomios.<\/a><\/p>\n<p><a href=\"https:\/\/youtu.be\/lP0DSSRSvp8\" target=\"_blank\" rel=\"noopener noreferrer\">10. Operaciones con polinomios.<\/a><\/p>\n<p><a href=\"https:\/\/youtu.be\/zjrealq06gk\" target=\"_blank\" rel=\"noopener noreferrer\">11. Identidades notables.<\/a><\/p>\n<p><strong>C\u00c1LCULO INTEGRAL<\/strong><\/p>\n<p><a href=\"https:\/\/youtu.be\/Q4mkbUKGSio\" target=\"_blank\" rel=\"noopener noreferrer\">01. C\u00e1lculo de primitivas I.<\/a><\/p>\n<p><a href=\"https:\/\/youtu.be\/F9UvSzn8K5A\" target=\"_blank\" rel=\"noopener noreferrer\">02. C\u00e1lculo de primitivas II.<\/a><\/p>\n<p><a href=\"https:\/\/youtu.be\/IU0tH4xfhvw\" target=\"_blank\" rel=\"noopener noreferrer\">03. C\u00e1lculo de primitivas III.<\/a><\/p>\n<p><a href=\"https:\/\/youtu.be\/XqxQBnCGR_I\" target=\"_blank\" rel=\"noopener noreferrer\">04. C\u00e1lculo de primitivas IV.<\/a><\/p>\n<p><a href=\"https:\/\/youtu.be\/wKHM-xnO7pU\" target=\"_blank\" rel=\"noopener noreferrer\">05. Concepto de integral definida.<\/a><\/p>\n","protected":false},"excerpt":{"rendered":"<p>MATEM\u00c1TICAS LA BAH\u00cdA es un canal creado con la intenci\u00f3n de fomentar el conocimiento de las Matem\u00e1ticas en sus distintas&#46;&#46;&#46;<\/p>\n","protected":false},"author":12306,"featured_media":0,"parent":0,"menu_order":0,"comment_status":"closed","ping_status":"closed","template":"","meta":{"_exactmetrics_skip_tracking":false,"_exactmetrics_sitenote_active":false,"_exactmetrics_sitenote_note":"","_exactmetrics_sitenote_category":0,"ngg_post_thumbnail":0,"footnotes":""},"aioseo_notices":[],"_links":{"self":[{"href":"https:\/\/blogsaverroes.juntadeandalucia.es\/elojodeeuler\/wp-json\/wp\/v2\/pages\/362"}],"collection":[{"href":"https:\/\/blogsaverroes.juntadeandalucia.es\/elojodeeuler\/wp-json\/wp\/v2\/pages"}],"about":[{"href":"https:\/\/blogsaverroes.juntadeandalucia.es\/elojodeeuler\/wp-json\/wp\/v2\/types\/page"}],"author":[{"embeddable":true,"href":"https:\/\/blogsaverroes.juntadeandalucia.es\/elojodeeuler\/wp-json\/wp\/v2\/users\/12306"}],"replies":[{"embeddable":true,"href":"https:\/\/blogsaverroes.juntadeandalucia.es\/elojodeeuler\/wp-json\/wp\/v2\/comments?post=362"}],"version-history":[{"count":37,"href":"https:\/\/blogsaverroes.juntadeandalucia.es\/elojodeeuler\/wp-json\/wp\/v2\/pages\/362\/revisions"}],"predecessor-version":[{"id":4249,"href":"https:\/\/blogsaverroes.juntadeandalucia.es\/elojodeeuler\/wp-json\/wp\/v2\/pages\/362\/revisions\/4249"}],"wp:attachment":[{"href":"https:\/\/blogsaverroes.juntadeandalucia.es\/elojodeeuler\/wp-json\/wp\/v2\/media?parent=362"}],"curies":[{"name":"wp","href":"https:\/\/api.w.org\/{rel}","templated":true}]}}