{"id":4832,"date":"2025-10-13T19:31:56","date_gmt":"2025-10-13T17:31:56","guid":{"rendered":"https:\/\/blogsaverroes.juntadeandalucia.es\/elojodeeuler\/?page_id=4832"},"modified":"2025-10-13T20:05:43","modified_gmt":"2025-10-13T18:05:43","slug":"dia-escolar-de-las-matematicas","status":"publish","type":"page","link":"https:\/\/blogsaverroes.juntadeandalucia.es\/elojodeeuler\/dia-escolar-de-las-matematicas\/","title":{"rendered":"D\u00cdA ESCOLAR DE LAS MATEM\u00c1TICAS"},"content":{"rendered":"<p align=\"justify\">En el marco del a\u00f1o 2000, A\u00f1o Mundial de las Matem\u00e1ticas, naci\u00f3 la idea de dedicar un d\u00eda al a\u00f1o para celebrar las Matem\u00e1ticas en los centros educativos. En la reuni\u00f3n de la Comisi\u00f3n Ejecutiva de la Federaci\u00f3n Espa\u00f1ola de Sociedades de Profesores de Matem\u00e1ticas (FESPM) de 11 de marzo, a iniciativa de Luis Balbuena (Sociedad Canaria de Matem\u00e1ticas Isaac Newton), la FESPM decidi\u00f3 proponer la fecha del 12 de mayo como D\u00eda Escolar de las Matem\u00e1ticas, coincidiendo con el centenario del nacimiento del matem\u00e1tico Pedro Puig Adam, internacionalmente reconocido por sus aportaciones a la ense\u00f1anza de las Matem\u00e1ticas. El objetivo final es compartir dicho d\u00eda con toda la comunidad educativa y con la sociedad en general. Desde 2001 hasta hoy, cada 12 de mayo la FESPM ha publicado un cuaderno conmemorativo. Para descargarlos, hay que hacer clic en los siguientes enlaces. Faltan los correspondientes a los a\u00f1os 2013 y 2014.<\/p>\n<p align=\"justify\"><a href=\"https:\/\/blogsaverroes.juntadeandalucia.es\/elojodeeuler\/files\/2025\/10\/2001-Construye-un-reloj-de-sol-en-tu-Centro.pdf\" target=\"_blank\" rel=\"noopener\">2001 Construye un reloj de sol en tu Centro<\/a><\/p>\n<p><a href=\"https:\/\/blogsaverroes.juntadeandalucia.es\/elojodeeuler\/files\/2025\/10\/2002-Las-matematicas-de-Alicia-y-Gulliver.pdf\" target=\"_blank\" rel=\"noopener\">2002 Las matem\u00e1ticas de Alicia y Gulliver<\/a><\/p>\n<p><a href=\"https:\/\/blogsaverroes.juntadeandalucia.es\/elojodeeuler\/files\/2025\/10\/2003-La-rosa-de-los-vientos-el-rumbo-y-la-navegacion.pdf\" target=\"_blank\" rel=\"noopener\">2003 La rosa de los vientos el rumbo y la navegaci\u00f3n<\/a><\/p>\n<p><a href=\"https:\/\/blogsaverroes.juntadeandalucia.es\/elojodeeuler\/files\/2025\/10\/2004-Frutas-y-Matematicas.pdf\" target=\"_blank\" rel=\"noopener\">2004 Frutas y Matem\u00e1ticas<\/a><\/p>\n<p><a href=\"https:\/\/blogsaverroes.juntadeandalucia.es\/elojodeeuler\/files\/2025\/10\/2005-El-Quijote-y-las-Matematicas.pdf\" target=\"_blank\" rel=\"noopener\">2005 El Quijote y las Matem\u00e1ticas<\/a><\/p>\n<p><a href=\"https:\/\/blogsaverroes.juntadeandalucia.es\/elojodeeuler\/files\/2025\/10\/2006-Mirar-el-arte-con-ojos-matematicos.pdf\" target=\"_blank\" rel=\"noopener\">2006 Mirar el arte con ojos matem\u00e1ticos<\/a><\/p>\n<p><a href=\"https:\/\/blogsaverroes.juntadeandalucia.es\/elojodeeuler\/files\/2025\/10\/2007-Matematicas-y-educacion-para-la-paz.pdf\" target=\"_blank\" rel=\"noopener\">2007 Matem\u00e1ticas y educaci\u00f3n para la paz<\/a><\/p>\n<p><a href=\"https:\/\/blogsaverroes.juntadeandalucia.es\/elojodeeuler\/files\/2025\/10\/2008-Musica-y-Matematicas.pdf\" target=\"_blank\" rel=\"noopener\">2008 M\u00fasica y Matem\u00e1ticas<\/a><\/p>\n<p><a href=\"https:\/\/blogsaverroes.juntadeandalucia.es\/elojodeeuler\/files\/2025\/10\/2009-La-Ciudad-y-las-Matematicas-I.pdf\" target=\"_blank\" rel=\"noopener\">2009 La Ciudad y las Matem\u00e1ticas I<\/a><\/p>\n<p><a href=\"https:\/\/blogsaverroes.juntadeandalucia.es\/elojodeeuler\/files\/2025\/10\/2009-La-Ciudad-y-las-Matematicas-II.pdf\" target=\"_blank\" rel=\"noopener\">2009 La Ciudad y las Matem\u00e1ticas II<\/a><\/p>\n<p><a href=\"https:\/\/blogsaverroes.juntadeandalucia.es\/elojodeeuler\/files\/2025\/10\/2010-Prensa-y-Matematicas.pdf\" target=\"_blank\" rel=\"noopener\">2010 Prensa y Matem\u00e1ticas<\/a><\/p>\n<p><a href=\"https:\/\/blogsaverroes.juntadeandalucia.es\/elojodeeuler\/files\/2025\/10\/2011-Las-Matematicas-de-la-Quimica.pdf\" target=\"_blank\" rel=\"noopener\">2011 Las Matem\u00e1ticas de la Qu\u00edmica<\/a><\/p>\n<p><a href=\"https:\/\/blogsaverroes.juntadeandalucia.es\/elojodeeuler\/files\/2025\/10\/2012-Matematicas-y-Economia.pdf\" target=\"_blank\" rel=\"noopener\">2012 Matem\u00e1ticas y Econom\u00eda<\/a><\/p>\n<p><a href=\"https:\/\/blogsaverroes.juntadeandalucia.es\/elojodeeuler\/files\/2025\/10\/2015-Matematicas-jugando.pdf\" target=\"_blank\" rel=\"noopener\">2015 Matem\u00e1ticas jugando<\/a><\/p>\n<p><a href=\"https:\/\/blogsaverroes.juntadeandalucia.es\/elojodeeuler\/files\/2025\/10\/2016-Matematicas-en-el-Deporte.pdf\" target=\"_blank\" rel=\"noopener\">2016 Matem\u00e1ticas en el Deporte<\/a><\/p>\n<p><a href=\"https:\/\/blogsaverroes.juntadeandalucia.es\/elojodeeuler\/files\/2025\/10\/2017-Matematicas-para-el-turismo-y-por-doquier.pdf\" target=\"_blank\" rel=\"noopener\">2017 Matem\u00e1ticas para el turismo y por doquier<\/a><\/p>\n<p><a href=\"https:\/\/blogsaverroes.juntadeandalucia.es\/elojodeeuler\/files\/2025\/10\/2018-Matematicas-y-el-poder-de-los-votos.pdf\" target=\"_blank\" rel=\"noopener\">2018 Matem\u00e1ticas y el poder de los votos<\/a><\/p>\n<p><a href=\"https:\/\/blogsaverroes.juntadeandalucia.es\/elojodeeuler\/files\/2025\/10\/2019-Los-mapas-retratos-de-un-planeta.pdf\" target=\"_blank\" rel=\"noopener\">2019 Los mapas retratos de un planeta&nbsp;<\/a><\/p>\n<p><a href=\"https:\/\/blogsaverroes.juntadeandalucia.es\/elojodeeuler\/files\/2025\/10\/2020-Con-mi-movil-aprendo-Matematicas.pdf\" target=\"_blank\" rel=\"noopener\">2020 Con mi m\u00f3vil aprendo Matem\u00e1ticas<\/a><\/p>\n<p><a href=\"https:\/\/blogsaverroes.juntadeandalucia.es\/elojodeeuler\/files\/2025\/10\/2021-Sanidad-vegetal.pdf\" target=\"_blank\" rel=\"noopener\">2021 Sanidad vegetal<\/a><\/p>\n<p><a href=\"https:\/\/blogsaverroes.juntadeandalucia.es\/elojodeeuler\/files\/2025\/10\/2022-En-los-caminos-de-Santiago.pdf\" target=\"_blank\" rel=\"noopener\">2022 En los caminos de Santiago<\/a><\/p>\n<p><a href=\"https:\/\/blogsaverroes.juntadeandalucia.es\/elojodeeuler\/files\/2025\/10\/2023-Las-matematicas-de-los-volcanes-comprimido.pdf\" target=\"_blank\" rel=\"noopener\">2023 Las matem\u00e1ticas de los volcanes<\/a><\/p>\n<p><a href=\"https:\/\/blogsaverroes.juntadeandalucia.es\/elojodeeuler\/files\/2025\/10\/2024-Matematicas-y-Agricultura.pdf\" target=\"_blank\" rel=\"noopener\">2024 Matem\u00e1ticas y Agricultura<\/a><\/p>\n<p><a href=\"https:\/\/blogsaverroes.juntadeandalucia.es\/elojodeeuler\/files\/2025\/10\/2025-Matemagia.pdf\" target=\"_blank\" rel=\"noopener\">2025 Matemagia<\/a><\/p>\n<p><a href=\"https:\/\/blogsaverroes.juntadeandalucia.es\/elojodeeuler\/files\/2025\/10\/2026-Pensamiento-Computacional-e-Inteligencia-Artificial.pdf\" target=\"_blank\" rel=\"noopener\">2026 Pensamiento Computacional e Inteligencia Artificial<\/a><\/p>\n","protected":false},"excerpt":{"rendered":"<p>En el marco del a\u00f1o 2000, A\u00f1o Mundial de las Matem\u00e1ticas, naci\u00f3 la idea de dedicar un d\u00eda al a\u00f1o&#46;&#46;&#46;<\/p>\n","protected":false},"author":12306,"featured_media":0,"parent":0,"menu_order":0,"comment_status":"closed","ping_status":"closed","template":"","meta":{"_exactmetrics_skip_tracking":false,"_exactmetrics_sitenote_active":false,"_exactmetrics_sitenote_note":"","_exactmetrics_sitenote_category":0,"ngg_post_thumbnail":0,"footnotes":""},"aioseo_notices":[],"_links":{"self":[{"href":"https:\/\/blogsaverroes.juntadeandalucia.es\/elojodeeuler\/wp-json\/wp\/v2\/pages\/4832"}],"collection":[{"href":"https:\/\/blogsaverroes.juntadeandalucia.es\/elojodeeuler\/wp-json\/wp\/v2\/pages"}],"about":[{"href":"https:\/\/blogsaverroes.juntadeandalucia.es\/elojodeeuler\/wp-json\/wp\/v2\/types\/page"}],"author":[{"embeddable":true,"href":"https:\/\/blogsaverroes.juntadeandalucia.es\/elojodeeuler\/wp-json\/wp\/v2\/users\/12306"}],"replies":[{"embeddable":true,"href":"https:\/\/blogsaverroes.juntadeandalucia.es\/elojodeeuler\/wp-json\/wp\/v2\/comments?post=4832"}],"version-history":[{"count":4,"href":"https:\/\/blogsaverroes.juntadeandalucia.es\/elojodeeuler\/wp-json\/wp\/v2\/pages\/4832\/revisions"}],"predecessor-version":[{"id":4862,"href":"https:\/\/blogsaverroes.juntadeandalucia.es\/elojodeeuler\/wp-json\/wp\/v2\/pages\/4832\/revisions\/4862"}],"wp:attachment":[{"href":"https:\/\/blogsaverroes.juntadeandalucia.es\/elojodeeuler\/wp-json\/wp\/v2\/media?parent=4832"}],"curies":[{"name":"wp","href":"https:\/\/api.w.org\/{rel}","templated":true}]}}