{"id":2,"date":"2020-12-03T17:15:39","date_gmt":"2020-12-03T17:15:39","guid":{"rendered":"https:\/\/blogsaverroes.juntadeandalucia.es\/elprofefernando\/?page_id=2"},"modified":"2022-02-15T01:34:00","modified_gmt":"2022-02-15T01:34:00","slug":"pagina-ejemplo","status":"publish","type":"page","link":"https:\/\/blogsaverroes.juntadeandalucia.es\/elprofefernando\/","title":{"rendered":"Inicio"},"content":{"rendered":"<h3>En este sitio vas a encontrar todo lo relacionado con el trabajo que se hace en mi clase. Es un fiel espejo de ella, as\u00ed es que no esperes m\u00e1s; entra y con\u00f3cela.<\/h3>\n","protected":false},"excerpt":{"rendered":"<p>En este sitio vas a encontrar todo lo relacionado con el trabajo que se hace en mi clase. Es un fiel espejo de ella, as\u00ed es que no esperes m\u00e1s; entra y con\u00f3cela.<\/p>\n","protected":false},"author":11708,"featured_media":0,"parent":0,"menu_order":0,"comment_status":"closed","ping_status":"closed","template":"","meta":{"ngg_post_thumbnail":0,"footnotes":""},"aioseo_notices":[],"_links":{"self":[{"href":"https:\/\/blogsaverroes.juntadeandalucia.es\/elprofefernando\/wp-json\/wp\/v2\/pages\/2"}],"collection":[{"href":"https:\/\/blogsaverroes.juntadeandalucia.es\/elprofefernando\/wp-json\/wp\/v2\/pages"}],"about":[{"href":"https:\/\/blogsaverroes.juntadeandalucia.es\/elprofefernando\/wp-json\/wp\/v2\/types\/page"}],"author":[{"embeddable":true,"href":"https:\/\/blogsaverroes.juntadeandalucia.es\/elprofefernando\/wp-json\/wp\/v2\/users\/11708"}],"replies":[{"embeddable":true,"href":"https:\/\/blogsaverroes.juntadeandalucia.es\/elprofefernando\/wp-json\/wp\/v2\/comments?post=2"}],"version-history":[{"count":3,"href":"https:\/\/blogsaverroes.juntadeandalucia.es\/elprofefernando\/wp-json\/wp\/v2\/pages\/2\/revisions"}],"predecessor-version":[{"id":28,"href":"https:\/\/blogsaverroes.juntadeandalucia.es\/elprofefernando\/wp-json\/wp\/v2\/pages\/2\/revisions\/28"}],"wp:attachment":[{"href":"https:\/\/blogsaverroes.juntadeandalucia.es\/elprofefernando\/wp-json\/wp\/v2\/media?parent=2"}],"curies":[{"name":"wp","href":"https:\/\/api.w.org\/{rel}","templated":true}]}}