{"id":2,"date":"2020-09-15T18:23:42","date_gmt":"2020-09-15T18:23:42","guid":{"rendered":"https:\/\/blogsaverroes.juntadeandalucia.es\/elrincontecnologicodejm\/?page_id=2"},"modified":"2020-12-20T10:24:35","modified_gmt":"2020-12-20T10:24:35","slug":"pagina-ejemplo","status":"publish","type":"page","link":"https:\/\/blogsaverroes.juntadeandalucia.es\/elrincontecnologicodejm\/pagina-ejemplo\/","title":{"rendered":"Contacto"},"content":{"rendered":"\r\n<p>Buenas a todos y todas soy Jos\u00e9 Manuel Linares Ruiz, profesor de Tecnolog\u00eda actualmente ocupo un puesto de atenci\u00f3n educativa domiciliaria. Puedes contactar conmigo a trav\u00e9s de este blog y por estos medios:<\/p>\r\n<ul>\r\n<li>Correo: jmlr0006@gmail.com<\/li>\r\n<li>Twitter: @jmlinare<\/li>\r\n<\/ul>\r\n<p>Se aceptan mejoras y sugerencias.<\/p>\r\n","protected":false},"excerpt":{"rendered":"<p>Buenas a todos y todas soy Jos\u00e9 Manuel Linares Ruiz, profesor de Tecnolog\u00eda actualmente ocupo un puesto de atenci\u00f3n educativa domiciliaria. Puedes contactar conmigo a trav\u00e9s de este blog y por estos medios: Correo:&#46;&#46;&#46;<\/p>\n","protected":false},"author":4998,"featured_media":0,"parent":0,"menu_order":0,"comment_status":"closed","ping_status":"open","template":"","meta":{"ngg_post_thumbnail":0,"footnotes":""},"aioseo_notices":[],"_links":{"self":[{"href":"https:\/\/blogsaverroes.juntadeandalucia.es\/elrincontecnologicodejm\/wp-json\/wp\/v2\/pages\/2"}],"collection":[{"href":"https:\/\/blogsaverroes.juntadeandalucia.es\/elrincontecnologicodejm\/wp-json\/wp\/v2\/pages"}],"about":[{"href":"https:\/\/blogsaverroes.juntadeandalucia.es\/elrincontecnologicodejm\/wp-json\/wp\/v2\/types\/page"}],"author":[{"embeddable":true,"href":"https:\/\/blogsaverroes.juntadeandalucia.es\/elrincontecnologicodejm\/wp-json\/wp\/v2\/users\/4998"}],"replies":[{"embeddable":true,"href":"https:\/\/blogsaverroes.juntadeandalucia.es\/elrincontecnologicodejm\/wp-json\/wp\/v2\/comments?post=2"}],"version-history":[{"count":2,"href":"https:\/\/blogsaverroes.juntadeandalucia.es\/elrincontecnologicodejm\/wp-json\/wp\/v2\/pages\/2\/revisions"}],"predecessor-version":[{"id":21,"href":"https:\/\/blogsaverroes.juntadeandalucia.es\/elrincontecnologicodejm\/wp-json\/wp\/v2\/pages\/2\/revisions\/21"}],"wp:attachment":[{"href":"https:\/\/blogsaverroes.juntadeandalucia.es\/elrincontecnologicodejm\/wp-json\/wp\/v2\/media?parent=2"}],"curies":[{"name":"wp","href":"https:\/\/api.w.org\/{rel}","templated":true}]}}