{"id":16,"date":"2017-09-29T17:16:23","date_gmt":"2017-09-29T17:16:23","guid":{"rendered":"https:\/\/blogsaverroes.juntadeandalucia.es\/emprendetuvida\/?page_id=16"},"modified":"2017-10-02T08:10:20","modified_gmt":"2017-10-02T08:10:20","slug":"nuestro-proyecto-educativo","status":"publish","type":"page","link":"https:\/\/blogsaverroes.juntadeandalucia.es\/emprendetuvida\/nuestro-proyecto-educativo\/","title":{"rendered":"NUESTRO PROYECTO EDUCATIVO"},"content":{"rendered":"<p style=\"text-align: center\">&nbsp;<span style=\"color: #008000\">\u201c<em>La relaci\u00f3n, los fines y los medios no son instrumentales, ense\u00f1ar y aprender tiene que ver con el alma<\/em>.\u201d Stenhouse (1970)<\/span><\/p>\n<p style=\"text-align: justify\">El presente proyecto nace para dar respuesta a las nuevas necesidades sociales que requieren de la existencia de una ciudadan\u00eda creativa, innovadora responsable y emprendedora. Es por ello que nos planteamos como objetivo principal el desarrollo de competencias personales y profesionales, y en concreto, el fomento de la <strong><span style=\"color: #800080\">creatividad<\/span><\/strong>, <strong><span style=\"color: #99cc00\">resiliencia<\/span><\/strong>, el <strong><span style=\"color: #0000ff\">esp\u00edritu cr\u00edtico<\/span><\/strong>, la asunci\u00f3n de cr\u00edticas, el <span style=\"color: #ff00ff\"><strong>trabajo en equipo<\/strong><\/span>, la <strong><span style=\"color: #ff6600\">educaci\u00f3n en valores<\/span><\/strong> y el reconocimiento de la <span style=\"color: #800000\"><strong>diversidad<\/strong><\/span> como un valor.<\/p>\n<p style=\"text-align: justify\">Para ello hemos dise\u00f1ado un sistema se clases basado en el uso de metodolog\u00edas activas de <span style=\"color: #ff0000\"><strong>aprendizaje<\/strong><\/span>. El trabajo <span style=\"color: #339966\"><strong>por proyectos<\/strong><\/span>, el aprendizaje <strong><span style=\"color: #3366ff\">por problemas<\/span><\/strong> o retos, el aprendizaje a trav\u00e9s del<span style=\"color: #ff00ff\"><strong> juego<\/strong><\/span> y el uso de las <span style=\"color: #808080\"><strong>TICs<\/strong><\/span> en el aula son las herramientas que combinamos para el desarrollo de las competencias de nuestro alumnado.<\/p>\n<p style=\"text-align: justify\">Hemos programado actividades basadas en el <span style=\"color: #339966\"><strong>trabajo cooperativo<\/strong><\/span> y dirigidas a trabajar las <strong><span style=\"color: #801313\">habilidades sociales<\/span><\/strong> y personales.<\/p>\n<p style=\"text-align: justify\">Le hemos ofrecido un papel primordial a la mejora de la<span style=\"color: #3366ff\"> <strong>competencia ling\u00fc\u00edstica<\/strong><\/span>. Para ello trabajaremos diferentes formas de exposici\u00f3n creativa, redactaremos relatos reflexivos sobre nuestro propio aprendizaje y expondremos, a trav\u00e9s de distintos medios digitales, nuestro trabajo.<\/p>\n<p style=\"text-align: justify\">Este <span style=\"font-size: 14pt;color: #339966\"><strong>EduBlog<\/strong><\/span> se presenta como una herramienta de trabajo cooperativo. En \u00e9l vamos a contar nuestras vivencias de aula y a reflexionar sobre nuestro aprendizaje. Tambi\u00e9n queremos <span style=\"color: #ff0000\"><strong>compartir<\/strong><\/span> con tod@s las din\u00e1micas e instrumentos educativos que usamos d\u00eda a d\u00eda y reflexionar sobre nuestra experiencia.<\/p>\n","protected":false},"excerpt":{"rendered":"<p>&nbsp;\u201cLa relaci\u00f3n, los fines y los medios no son instrumentales, ense\u00f1ar y aprender tiene que ver con el alma.\u201d Stenhouse (1970) El presente proyecto nace para dar respuesta a las nuevas necesidades sociales que requieren de la existencia de una ciudadan\u00eda creativa, innovadora responsable y emprendedora. Es por ello que nos planteamos como objetivo principal &hellip; <a href=\"https:\/\/blogsaverroes.juntadeandalucia.es\/emprendetuvida\/nuestro-proyecto-educativo\/\" class=\"more-link\">Seguir leyendo <span class=\"screen-reader-text\">NUESTRO PROYECTO EDUCATIVO<\/span> <span class=\"meta-nav\">&rarr;<\/span><\/a><\/p>\n","protected":false},"author":1631,"featured_media":18,"parent":0,"menu_order":0,"comment_status":"closed","ping_status":"closed","template":"","meta":{"ngg_post_thumbnail":0,"footnotes":""},"aioseo_notices":[],"_links":{"self":[{"href":"https:\/\/blogsaverroes.juntadeandalucia.es\/emprendetuvida\/wp-json\/wp\/v2\/pages\/16"}],"collection":[{"href":"https:\/\/blogsaverroes.juntadeandalucia.es\/emprendetuvida\/wp-json\/wp\/v2\/pages"}],"about":[{"href":"https:\/\/blogsaverroes.juntadeandalucia.es\/emprendetuvida\/wp-json\/wp\/v2\/types\/page"}],"author":[{"embeddable":true,"href":"https:\/\/blogsaverroes.juntadeandalucia.es\/emprendetuvida\/wp-json\/wp\/v2\/users\/1631"}],"replies":[{"embeddable":true,"href":"https:\/\/blogsaverroes.juntadeandalucia.es\/emprendetuvida\/wp-json\/wp\/v2\/comments?post=16"}],"version-history":[{"count":4,"href":"https:\/\/blogsaverroes.juntadeandalucia.es\/emprendetuvida\/wp-json\/wp\/v2\/pages\/16\/revisions"}],"predecessor-version":[{"id":47,"href":"https:\/\/blogsaverroes.juntadeandalucia.es\/emprendetuvida\/wp-json\/wp\/v2\/pages\/16\/revisions\/47"}],"wp:featuredmedia":[{"embeddable":true,"href":"https:\/\/blogsaverroes.juntadeandalucia.es\/emprendetuvida\/wp-json\/wp\/v2\/media\/18"}],"wp:attachment":[{"href":"https:\/\/blogsaverroes.juntadeandalucia.es\/emprendetuvida\/wp-json\/wp\/v2\/media?parent=16"}],"curies":[{"name":"wp","href":"https:\/\/api.w.org\/{rel}","templated":true}]}}