{"id":2,"date":"2017-09-29T16:15:51","date_gmt":"2017-09-29T16:15:51","guid":{"rendered":"https:\/\/blogsaverroes.juntadeandalucia.es\/emprendetuvida\/?page_id=2"},"modified":"2017-09-29T17:54:37","modified_gmt":"2017-09-29T17:54:37","slug":"pagina-ejemplo","status":"publish","type":"page","link":"https:\/\/blogsaverroes.juntadeandalucia.es\/emprendetuvida\/pagina-ejemplo\/","title":{"rendered":"USO DEL EDU-BLOG"},"content":{"rendered":"<p style=\"text-align: justify\">El presente Blog pretende ser una herramienta de aprendizaje cooperativo, es por ello que lo vamos a construir entre tod@s.<\/p>\n<p style=\"text-align: justify\">En \u00e9l vamos a describir las experiencias vividas en clase y reflexionar sobre qu\u00e9 hemos aprendido, c\u00f3mo lo hemos aprendido, c\u00f3mo nos hemos sentido y en qu\u00e9 modo podemos hacer uso de las nuevos aprendizajes en nuestra vida real.<\/p>\n<p style=\"text-align: justify\">Pretende, por tanto, ser un instrumeto para la relfexi\u00f3n, pero a su vez un lugar donde compartir ideas, pensamientos y herramientas educativas.<\/p>\n<p style=\"text-align: justify\">Hemos querido unificar aqu\u00ed los distintos Edu Blog que hemos creado cada curso escolar. Os dejamos el enlace al EduBlog del curso pasado por si os sirve de inspiraci\u00f3n:<\/p>\n<p style=\"text-align: justify\">https:\/\/blogsaverroes.juntadeandalucia.es\/miniempresajesusmarin\/<\/p>\n<p style=\"text-align: justify\">&nbsp;<\/p>\n","protected":false},"excerpt":{"rendered":"<p>El presente Blog pretende ser una herramienta de aprendizaje cooperativo, es por ello que lo vamos a construir entre tod@s. En \u00e9l vamos a describir las experiencias vividas en clase y reflexionar sobre qu\u00e9 hemos aprendido, c\u00f3mo lo hemos aprendido, c\u00f3mo nos hemos sentido y en qu\u00e9 modo podemos hacer uso de las nuevos aprendizajes &hellip; <a href=\"https:\/\/blogsaverroes.juntadeandalucia.es\/emprendetuvida\/pagina-ejemplo\/\" class=\"more-link\">Seguir leyendo <span class=\"screen-reader-text\">USO DEL EDU-BLOG<\/span> <span class=\"meta-nav\">&rarr;<\/span><\/a><\/p>\n","protected":false},"author":1631,"featured_media":39,"parent":0,"menu_order":0,"comment_status":"closed","ping_status":"open","template":"","meta":{"ngg_post_thumbnail":0,"footnotes":""},"aioseo_notices":[],"_links":{"self":[{"href":"https:\/\/blogsaverroes.juntadeandalucia.es\/emprendetuvida\/wp-json\/wp\/v2\/pages\/2"}],"collection":[{"href":"https:\/\/blogsaverroes.juntadeandalucia.es\/emprendetuvida\/wp-json\/wp\/v2\/pages"}],"about":[{"href":"https:\/\/blogsaverroes.juntadeandalucia.es\/emprendetuvida\/wp-json\/wp\/v2\/types\/page"}],"author":[{"embeddable":true,"href":"https:\/\/blogsaverroes.juntadeandalucia.es\/emprendetuvida\/wp-json\/wp\/v2\/users\/1631"}],"replies":[{"embeddable":true,"href":"https:\/\/blogsaverroes.juntadeandalucia.es\/emprendetuvida\/wp-json\/wp\/v2\/comments?post=2"}],"version-history":[{"count":2,"href":"https:\/\/blogsaverroes.juntadeandalucia.es\/emprendetuvida\/wp-json\/wp\/v2\/pages\/2\/revisions"}],"predecessor-version":[{"id":38,"href":"https:\/\/blogsaverroes.juntadeandalucia.es\/emprendetuvida\/wp-json\/wp\/v2\/pages\/2\/revisions\/38"}],"wp:featuredmedia":[{"embeddable":true,"href":"https:\/\/blogsaverroes.juntadeandalucia.es\/emprendetuvida\/wp-json\/wp\/v2\/media\/39"}],"wp:attachment":[{"href":"https:\/\/blogsaverroes.juntadeandalucia.es\/emprendetuvida\/wp-json\/wp\/v2\/media?parent=2"}],"curies":[{"name":"wp","href":"https:\/\/api.w.org\/{rel}","templated":true}]}}